{"id":20106,"date":"2024-10-29T13:38:33","date_gmt":"2024-10-29T12:38:33","guid":{"rendered":"https:\/\/tiyana.net\/product\/fluid-identiteta-na-dodir-digitalna-stampa-na-umetnickom-papiru\/"},"modified":"2024-12-01T00:03:10","modified_gmt":"2024-11-30T23:03:10","slug":"fluid-identiteta-na-dodir-digitalna-stampa-na-umetnickom-papiru","status":"publish","type":"product","link":"https:\/\/tiyana.net\/sr\/proizvod\/fluid-identiteta-na-dodir-digitalna-stampa-na-umetnickom-papiru\/","title":{"rendered":"Fluid identiteta &#8211; Na dodir &#8211; digitalna \u0161tampa na umetni\u010dkom papiru"},"content":{"rendered":"<p>Dostupna 3 originalna potpisana printa. Ni jedan vi\u0161e od tri printa nec\u0301e biti dostupna niti prodata. Printovi dolaze u drvenim ramovima od natur lajsni, kao \u0161to je prikazano na slici, sa mat PVC folijom umesto stakla, pa su stoga sigurniji za transport.<\/p>\n<p>Izlagano na Jesenjoj izlo\u017ebi &#8211; pogledajte <a href=\"https:\/\/tiyana.net\/sr\/jesenja-izlozba\/\">ovaj link<\/a>.<\/p>\n","protected":false},"excerpt":{"rendered":"<p>Ova serija istra\u017euje fludnost i promenljivost identiteta, stalni razvoj li\u010dnosti kroz osloba\u0111anje od slike o sebi. Iako distrorzija lica i tela mo\u017ee da se \u010dini nekome neprivla\u010dnom ili ru\u017enom, ona je korak ka osloba\u0111anju od kona\u010dnosti. Prikazujem osobu \u201efluidno\u201c, nestalno, kao iskrivljenu formu koju oblikuje talasanje refleksija u vodi. Identitet je promenljiv i svaka kona\u010dnost li\u010dnosti je njena ultimativna smrt. Fotografija bi trebalo da prikazuje stvari neposredno kakve jesu. Ba\u0161 sa tom osobinom fotografije sam se poigrala \u2013 poku\u0161ala sam da apstrakujem prikaz nas samih. Mo\u017eda, ako se udaljimo od pravilnih formi i o\u010dekivane figuracije, mo\u017eda prona\u0111emo novi identitet, do\u0111emo do noveistine i realnosti.<\/p>\n<p>Tehnika: <strong>digitalna fotografija<\/strong>, \u0161tampa na umetni\u010dkom papiru,<span style=\"text-decoration: underline;\"> bez editovanja u programima za obradu<\/span>.<\/p>\n","protected":false},"author":91,"featured_media":20066,"comment_status":"open","ping_status":"closed","template":"","meta":{"_acf_changed":false,"advgb_blocks_editor_width":"","advgb_blocks_columns_visual_guide":""},"product_brand":[],"product_cat":[53],"product_tag":[],"class_list":{"0":"post-20106","1":"product","2":"type-product","3":"status-publish","4":"has-post-thumbnail","6":"product_cat-digitalna-stampa","8":"first","9":"instock","10":"sold-individually","11":"taxable","12":"shipping-taxable","13":"purchasable","14":"product-type-simple"},"acf":[],"yoast_head":"<!-- This site is optimized with the Yoast SEO plugin v26.9 - https:\/\/yoast.com\/product\/yoast-seo-wordpress\/ -->\n<title>Fluid identiteta - Na dodir - digitalna \u0161tampa na umetni\u010dkom papiru - Profesionalni fotograf Beograd, Srbija<\/title>\n<meta name=\"description\" content=\"Ditalni print na umetni\u010dkom papiru - Fotografija \u0161tampana na umetni\u010dkom papiru od pamuka. Apstraktna figuracija, digitalna fotografija uramljena u drveni okvir spreman da se oka\u010di na zid.\" \/>\n<meta name=\"robots\" content=\"index, follow, max-snippet:-1, max-image-preview:large, max-video-preview:-1\" \/>\n<link rel=\"canonical\" href=\"https:\/\/tiyana.net\/sr\/proizvod\/fluid-identiteta-na-dodir-digitalna-stampa-na-umetnickom-papiru\/\" \/>\n<meta property=\"og:locale\" content=\"sr_RS\" \/>\n<meta property=\"og:type\" content=\"article\" \/>\n<meta property=\"og:title\" content=\"Fluid identiteta - Na dodir - digitalna \u0161tampa na umetni\u010dkom papiru - Profesionalni fotograf Beograd, Srbija\" \/>\n<meta property=\"og:description\" content=\"Ditalni print na umetni\u010dkom papiru - Fotografija \u0161tampana na umetni\u010dkom papiru od pamuka. Apstraktna figuracija, digitalna fotografija uramljena u drveni okvir spreman da se oka\u010di na zid.\" \/>\n<meta property=\"og:url\" content=\"https:\/\/tiyana.net\/sr\/proizvod\/fluid-identiteta-na-dodir-digitalna-stampa-na-umetnickom-papiru\/\" \/>\n<meta property=\"og:site_name\" content=\"Profesionalni fotograf Beograd, Srbija\" \/>\n<meta property=\"article:modified_time\" content=\"2024-11-30T23:03:10+00:00\" \/>\n<meta property=\"og:image\" content=\"https:\/\/tiyana.net\/wp-content\/uploads\/2024\/10\/Fluid-Touch-Screen-printed-and-framed-in-a-room.jpg\" \/>\n\t<meta property=\"og:image:width\" content=\"1200\" \/>\n\t<meta property=\"og:image:height\" content=\"1200\" \/>\n\t<meta property=\"og:image:type\" content=\"image\/jpeg\" \/>\n<meta name=\"twitter:card\" content=\"summary_large_image\" \/>\n<meta name=\"twitter:label1\" content=\"\u041f\u0440\u043e\u0446\u0435\u045a\u0435\u043d\u043e \u0432\u0440\u0435\u043c\u0435 \u0447\u0438\u0442\u0430\u045a\u0430\" \/>\n\t<meta name=\"twitter:data1\" content=\"1 \u043c\u0438\u043d\u0443\u0442\" \/>\n<script type=\"application\/ld+json\" class=\"yoast-schema-graph\">{\"@context\":\"https:\/\/schema.org\",\"@graph\":[{\"@type\":\"WebPage\",\"@id\":\"https:\/\/tiyana.net\/sr\/proizvod\/fluid-identiteta-na-dodir-digitalna-stampa-na-umetnickom-papiru\/\",\"url\":\"https:\/\/tiyana.net\/sr\/proizvod\/fluid-identiteta-na-dodir-digitalna-stampa-na-umetnickom-papiru\/\",\"name\":\"Fluid identiteta - Na dodir - digitalna \u0161tampa na umetni\u010dkom papiru - Profesionalni fotograf Beograd, Srbija\",\"isPartOf\":{\"@id\":\"https:\/\/tiyana.net\/sr\/#website\"},\"primaryImageOfPage\":{\"@id\":\"https:\/\/tiyana.net\/sr\/proizvod\/fluid-identiteta-na-dodir-digitalna-stampa-na-umetnickom-papiru\/#primaryimage\"},\"image\":{\"@id\":\"https:\/\/tiyana.net\/sr\/proizvod\/fluid-identiteta-na-dodir-digitalna-stampa-na-umetnickom-papiru\/#primaryimage\"},\"thumbnailUrl\":\"https:\/\/tiyana.net\/wp-content\/uploads\/2024\/10\/Fluid-Touch-Screen-printed-and-framed-in-a-room.jpg\",\"datePublished\":\"2024-10-29T12:38:33+00:00\",\"dateModified\":\"2024-11-30T23:03:10+00:00\",\"description\":\"Ditalni print na umetni\u010dkom papiru - Fotografija \u0161tampana na umetni\u010dkom papiru od pamuka. Apstraktna figuracija, digitalna fotografija uramljena u drveni okvir spreman da se oka\u010di na zid.\",\"breadcrumb\":{\"@id\":\"https:\/\/tiyana.net\/sr\/proizvod\/fluid-identiteta-na-dodir-digitalna-stampa-na-umetnickom-papiru\/#breadcrumb\"},\"inLanguage\":\"sr-RS\",\"potentialAction\":[{\"@type\":\"ReadAction\",\"target\":[\"https:\/\/tiyana.net\/sr\/proizvod\/fluid-identiteta-na-dodir-digitalna-stampa-na-umetnickom-papiru\/\"]}]},{\"@type\":\"ImageObject\",\"inLanguage\":\"sr-RS\",\"@id\":\"https:\/\/tiyana.net\/sr\/proizvod\/fluid-identiteta-na-dodir-digitalna-stampa-na-umetnickom-papiru\/#primaryimage\",\"url\":\"https:\/\/tiyana.net\/wp-content\/uploads\/2024\/10\/Fluid-Touch-Screen-printed-and-framed-in-a-room.jpg\",\"contentUrl\":\"https:\/\/tiyana.net\/wp-content\/uploads\/2024\/10\/Fluid-Touch-Screen-printed-and-framed-in-a-room.jpg\",\"width\":1200,\"height\":1200,\"caption\":\"Uramljena fotografija oka\u010dena na zid u prostoriji koja prikazuje apstraktnu \u017eensku figuru izuobli\u010denu talasima vode\"},{\"@type\":\"BreadcrumbList\",\"@id\":\"https:\/\/tiyana.net\/sr\/proizvod\/fluid-identiteta-na-dodir-digitalna-stampa-na-umetnickom-papiru\/#breadcrumb\",\"itemListElement\":[{\"@type\":\"ListItem\",\"position\":1,\"name\":\"Home\",\"item\":\"https:\/\/tiyana.net\/sr\/\"},{\"@type\":\"ListItem\",\"position\":2,\"name\":\"Na zidu\",\"item\":\"https:\/\/tiyana.net\/sr\/na-zidu\/\"},{\"@type\":\"ListItem\",\"position\":3,\"name\":\"Fluid identiteta &#8211; Na dodir &#8211; digitalna \u0161tampa na umetni\u010dkom papiru\"}]},{\"@type\":\"WebSite\",\"@id\":\"https:\/\/tiyana.net\/sr\/#website\",\"url\":\"https:\/\/tiyana.net\/sr\/\",\"name\":\"Profesionalni fotograf Beograd, Srbija\",\"description\":\"Profesionalni fotograf specijalizovan za portrete, modnu, reklamnu i produkt fotografiju, foto studio u Beogradu\",\"publisher\":{\"@id\":\"https:\/\/tiyana.net\/sr\/#organization\"},\"potentialAction\":[{\"@type\":\"SearchAction\",\"target\":{\"@type\":\"EntryPoint\",\"urlTemplate\":\"https:\/\/tiyana.net\/sr\/?s={search_term_string}\"},\"query-input\":{\"@type\":\"PropertyValueSpecification\",\"valueRequired\":true,\"valueName\":\"search_term_string\"}}],\"inLanguage\":\"sr-RS\"},{\"@type\":\"Organization\",\"@id\":\"https:\/\/tiyana.net\/sr\/#organization\",\"name\":\"Profesionalni fotograf Beograd, Srbija\",\"url\":\"https:\/\/tiyana.net\/sr\/\",\"logo\":{\"@type\":\"ImageObject\",\"inLanguage\":\"sr-RS\",\"@id\":\"https:\/\/tiyana.net\/sr\/#\/schema\/logo\/image\/\",\"url\":\"https:\/\/tiyana.net\/wp-content\/uploads\/2022\/07\/catenamedialogo.jpg\",\"contentUrl\":\"https:\/\/tiyana.net\/wp-content\/uploads\/2022\/07\/catenamedialogo.jpg\",\"width\":525,\"height\":525,\"caption\":\"Profesionalni fotograf Beograd, Srbija\"},\"image\":{\"@id\":\"https:\/\/tiyana.net\/sr\/#\/schema\/logo\/image\/\"}}]}<\/script>\n<!-- \/ Yoast SEO plugin. -->","yoast_head_json":{"title":"Fluid identiteta - Na dodir - digitalna \u0161tampa na umetni\u010dkom papiru - Profesionalni fotograf Beograd, Srbija","description":"Ditalni print na umetni\u010dkom papiru - Fotografija \u0161tampana na umetni\u010dkom papiru od pamuka. Apstraktna figuracija, digitalna fotografija uramljena u drveni okvir spreman da se oka\u010di na zid.","robots":{"index":"index","follow":"follow","max-snippet":"max-snippet:-1","max-image-preview":"max-image-preview:large","max-video-preview":"max-video-preview:-1"},"canonical":"https:\/\/tiyana.net\/sr\/proizvod\/fluid-identiteta-na-dodir-digitalna-stampa-na-umetnickom-papiru\/","og_locale":"sr_RS","og_type":"article","og_title":"Fluid identiteta - Na dodir - digitalna \u0161tampa na umetni\u010dkom papiru - Profesionalni fotograf Beograd, Srbija","og_description":"Ditalni print na umetni\u010dkom papiru - Fotografija \u0161tampana na umetni\u010dkom papiru od pamuka. Apstraktna figuracija, digitalna fotografija uramljena u drveni okvir spreman da se oka\u010di na zid.","og_url":"https:\/\/tiyana.net\/sr\/proizvod\/fluid-identiteta-na-dodir-digitalna-stampa-na-umetnickom-papiru\/","og_site_name":"Profesionalni fotograf Beograd, Srbija","article_modified_time":"2024-11-30T23:03:10+00:00","og_image":[{"width":1200,"height":1200,"url":"https:\/\/tiyana.net\/wp-content\/uploads\/2024\/10\/Fluid-Touch-Screen-printed-and-framed-in-a-room.jpg","type":"image\/jpeg"}],"twitter_card":"summary_large_image","twitter_misc":{"\u041f\u0440\u043e\u0446\u0435\u045a\u0435\u043d\u043e \u0432\u0440\u0435\u043c\u0435 \u0447\u0438\u0442\u0430\u045a\u0430":"1 \u043c\u0438\u043d\u0443\u0442"},"schema":{"@context":"https:\/\/schema.org","@graph":[{"@type":"WebPage","@id":"https:\/\/tiyana.net\/sr\/proizvod\/fluid-identiteta-na-dodir-digitalna-stampa-na-umetnickom-papiru\/","url":"https:\/\/tiyana.net\/sr\/proizvod\/fluid-identiteta-na-dodir-digitalna-stampa-na-umetnickom-papiru\/","name":"Fluid identiteta - Na dodir - digitalna \u0161tampa na umetni\u010dkom papiru - Profesionalni fotograf Beograd, Srbija","isPartOf":{"@id":"https:\/\/tiyana.net\/sr\/#website"},"primaryImageOfPage":{"@id":"https:\/\/tiyana.net\/sr\/proizvod\/fluid-identiteta-na-dodir-digitalna-stampa-na-umetnickom-papiru\/#primaryimage"},"image":{"@id":"https:\/\/tiyana.net\/sr\/proizvod\/fluid-identiteta-na-dodir-digitalna-stampa-na-umetnickom-papiru\/#primaryimage"},"thumbnailUrl":"https:\/\/tiyana.net\/wp-content\/uploads\/2024\/10\/Fluid-Touch-Screen-printed-and-framed-in-a-room.jpg","datePublished":"2024-10-29T12:38:33+00:00","dateModified":"2024-11-30T23:03:10+00:00","description":"Ditalni print na umetni\u010dkom papiru - Fotografija \u0161tampana na umetni\u010dkom papiru od pamuka. Apstraktna figuracija, digitalna fotografija uramljena u drveni okvir spreman da se oka\u010di na zid.","breadcrumb":{"@id":"https:\/\/tiyana.net\/sr\/proizvod\/fluid-identiteta-na-dodir-digitalna-stampa-na-umetnickom-papiru\/#breadcrumb"},"inLanguage":"sr-RS","potentialAction":[{"@type":"ReadAction","target":["https:\/\/tiyana.net\/sr\/proizvod\/fluid-identiteta-na-dodir-digitalna-stampa-na-umetnickom-papiru\/"]}]},{"@type":"ImageObject","inLanguage":"sr-RS","@id":"https:\/\/tiyana.net\/sr\/proizvod\/fluid-identiteta-na-dodir-digitalna-stampa-na-umetnickom-papiru\/#primaryimage","url":"https:\/\/tiyana.net\/wp-content\/uploads\/2024\/10\/Fluid-Touch-Screen-printed-and-framed-in-a-room.jpg","contentUrl":"https:\/\/tiyana.net\/wp-content\/uploads\/2024\/10\/Fluid-Touch-Screen-printed-and-framed-in-a-room.jpg","width":1200,"height":1200,"caption":"Uramljena fotografija oka\u010dena na zid u prostoriji koja prikazuje apstraktnu \u017eensku figuru izuobli\u010denu talasima vode"},{"@type":"BreadcrumbList","@id":"https:\/\/tiyana.net\/sr\/proizvod\/fluid-identiteta-na-dodir-digitalna-stampa-na-umetnickom-papiru\/#breadcrumb","itemListElement":[{"@type":"ListItem","position":1,"name":"Home","item":"https:\/\/tiyana.net\/sr\/"},{"@type":"ListItem","position":2,"name":"Na zidu","item":"https:\/\/tiyana.net\/sr\/na-zidu\/"},{"@type":"ListItem","position":3,"name":"Fluid identiteta &#8211; Na dodir &#8211; digitalna \u0161tampa na umetni\u010dkom papiru"}]},{"@type":"WebSite","@id":"https:\/\/tiyana.net\/sr\/#website","url":"https:\/\/tiyana.net\/sr\/","name":"Profesionalni fotograf Beograd, Srbija","description":"Profesionalni fotograf specijalizovan za portrete, modnu, reklamnu i produkt fotografiju, foto studio u Beogradu","publisher":{"@id":"https:\/\/tiyana.net\/sr\/#organization"},"potentialAction":[{"@type":"SearchAction","target":{"@type":"EntryPoint","urlTemplate":"https:\/\/tiyana.net\/sr\/?s={search_term_string}"},"query-input":{"@type":"PropertyValueSpecification","valueRequired":true,"valueName":"search_term_string"}}],"inLanguage":"sr-RS"},{"@type":"Organization","@id":"https:\/\/tiyana.net\/sr\/#organization","name":"Profesionalni fotograf Beograd, Srbija","url":"https:\/\/tiyana.net\/sr\/","logo":{"@type":"ImageObject","inLanguage":"sr-RS","@id":"https:\/\/tiyana.net\/sr\/#\/schema\/logo\/image\/","url":"https:\/\/tiyana.net\/wp-content\/uploads\/2022\/07\/catenamedialogo.jpg","contentUrl":"https:\/\/tiyana.net\/wp-content\/uploads\/2022\/07\/catenamedialogo.jpg","width":525,"height":525,"caption":"Profesionalni fotograf Beograd, Srbija"},"image":{"@id":"https:\/\/tiyana.net\/sr\/#\/schema\/logo\/image\/"}}]}},"featured_img":"https:\/\/tiyana.net\/wp-content\/uploads\/2024\/10\/Fluid-Touch-Screen-printed-and-framed-in-a-room.jpg","coauthors":[],"author_meta":{"author_link":"https:\/\/tiyana.net\/sr\/author\/tiksi\/","display_name":"Tiyana"},"relative_dates":{"created":"Posted 1 \u0433\u043e\u0434\u0438\u043d\u0430 ago","modified":"Updated 1 \u0433\u043e\u0434\u0438\u043d\u0430 ago"},"absolute_dates":{"created":"Posted on 29\/10\/2024","modified":"Updated on 01\/12\/2024"},"absolute_dates_time":{"created":"Posted on 29\/10\/2024 13:38","modified":"Updated on 01\/12\/2024 00:03"},"featured_img_caption":"","tax_additional":{"product_brand":{"linked":[],"unlinked":[],"slug":"product_brand","name":"\u0411\u0440\u0435\u043d\u0434\u043e\u0432\u0438"},"product_type":{"linked":["<a href=\"https:\/\/tiyana.net\/sr\/?taxonomy=product_type&#038;term=simple\" class=\"advgb-post-tax-term\">simple<\/a>"],"unlinked":["<span class=\"advgb-post-tax-term\">simple<\/span>"],"slug":"product_type","name":"\u0412\u0440\u0441\u0442\u0430 \u043f\u0440\u043e\u0438\u0437\u0432\u043e\u0434\u0430"},"product_visibility":{"linked":[],"unlinked":[],"slug":"product_visibility","name":"\u0412\u0438\u0434\u0459\u0438\u0432\u043e\u0441\u0442 \u043f\u0440\u043e\u0438\u0437\u0432\u043e\u0434\u0430"},"product_cat":{"linked":["<a href=\"https:\/\/tiyana.net\/sr\/product-category\/digitalna-stampa\/\" class=\"advgb-post-tax-term\">Digitalna \u0161tampa na umetni\u010dkom papiru<\/a>"],"unlinked":["<span class=\"advgb-post-tax-term\">Digitalna \u0161tampa na umetni\u010dkom papiru<\/span>"],"slug":"product_cat","name":"\u041a\u0430\u0442\u0435\u0433\u043e\u0440\u0438\u0458\u0435 \u043f\u0440\u043e\u0438\u0437\u0432\u043e\u0434\u0430"},"product_tag":{"linked":[],"unlinked":[],"slug":"product_tag","name":"\u041e\u0437\u043d\u0430\u043a\u0435 \u043f\u0440\u043e\u0438\u0437\u0432\u043e\u0434\u0430"},"product_shipping_class":{"linked":[],"unlinked":[],"slug":"product_shipping_class","name":"\u041a\u043b\u0430\u0441\u0435 \u0438\u0441\u043f\u043e\u0440\u0443\u043a\u0435 \u043f\u0440\u043e\u0438\u0437\u0432\u043e\u0434\u0430"},"pos_product_visibility":{"linked":[],"unlinked":[],"slug":"pos_product_visibility","name":"POS Product visibility"},"translation_priority":{"linked":["<a href=\"https:\/\/tiyana.net\/sr\/?taxonomy=translation_priority&#038;term=optional-sr\" class=\"advgb-post-tax-term\">Optional<\/a>"],"unlinked":["<span class=\"advgb-post-tax-term\">Optional<\/span>"],"slug":"translation_priority","name":"Translation Priorities"}},"series_order":"","_links":{"self":[{"href":"https:\/\/tiyana.net\/sr\/wp-json\/wp\/v2\/product\/20106","targetHints":{"allow":["GET"]}}],"collection":[{"href":"https:\/\/tiyana.net\/sr\/wp-json\/wp\/v2\/product"}],"about":[{"href":"https:\/\/tiyana.net\/sr\/wp-json\/wp\/v2\/types\/product"}],"replies":[{"embeddable":true,"href":"https:\/\/tiyana.net\/sr\/wp-json\/wp\/v2\/comments?post=20106"}],"wp:featuredmedia":[{"embeddable":true,"href":"https:\/\/tiyana.net\/sr\/wp-json\/wp\/v2\/media\/20066"}],"wp:attachment":[{"href":"https:\/\/tiyana.net\/sr\/wp-json\/wp\/v2\/media?parent=20106"}],"wp:term":[{"taxonomy":"product_brand","embeddable":true,"href":"https:\/\/tiyana.net\/sr\/wp-json\/wp\/v2\/product_brand?post=20106"},{"taxonomy":"product_cat","embeddable":true,"href":"https:\/\/tiyana.net\/sr\/wp-json\/wp\/v2\/product_cat?post=20106"},{"taxonomy":"product_tag","embeddable":true,"href":"https:\/\/tiyana.net\/sr\/wp-json\/wp\/v2\/product_tag?post=20106"}],"curies":[{"name":"wp","href":"https:\/\/api.w.org\/{rel}","templated":true}]}}