{"id":19155,"date":"2023-11-09T15:29:37","date_gmt":"2023-11-17T11:36:52","guid":{"rendered":"https:\/\/tiyana.net\/product\/hajde\/"},"modified":"2024-12-01T00:03:11","modified_gmt":"2024-11-30T23:03:11","slug":"hajde","status":"publish","type":"product","link":"https:\/\/tiyana.net\/sr\/proizvod\/hajde\/","title":{"rendered":"Hajde &#8211; Crno beli pozitiv na te\u010dnoj emulziji"},"content":{"rendered":"<h6><strong>*Napomena o kupovini:<\/strong><\/h6>\n<p>Nakon onlajn kupovine, kupac i umetnik sklapaju kupoprodajni ugovor u 4 primerka, od kojih dva zadr\u017eava umetnik, a dva primerka se dostavljaju kupcu. Ova kupovina podle\u017ee oporezivanju na teret umetnika i pravnu za\u0161titu obe strane.<\/p>\n<h6><strong>*Napomena o me\u0111unarodnoj isporuci:<\/strong><\/h6>\n<p>Primalac je uvoznik i mora da po\u0161tuje sve zakone i propise zemlje odredi\u0161ta. Narud\u017ebine koje se isporu\u010duju van Srbije mogu biti predmet uvoznih taksi, carina i naknada koje naplac\u0301uje zemlja odredi\u0161ta. Primalac me\u0111unarodne po\u0161iljke mo\u017ee da podle\u017ee takvim uvoznim porezima, carinama i taksama, koje se naplac\u0301uju kada po\u0161iljka stigne u zemlju primaoca. Mi nemamo kontrolu nad ovim procesom ni naplatama, niti mo\u017eemo da predvidimo kakve bi one mogle biti. Kada su potrebne procedure carinjenja, to mo\u017ee prouzrokovati ka\u0161njenja iznad na\u0161ih prvobitnih procena isporuke.<\/p>\n","protected":false},"excerpt":{"rendered":"<p>Ovo je tre\u0107a od 19 fotografija prikazanih na izlo\u017ebi Ritam u Umetni\u010dkoj galeriji Ustanove kulture Parobrod u Beogradu. Serija koja je bila izlo\u017eena tokom avgusta i septembra 2022. godine je jedinstvena po na\u010dinu na koji se fotografska te\u010dna emulzija nanosi \u010detkicom. Spontani potezi \u010detkicom \u010dine svaku fotografiju jedinstvenom.<\/p>\n<ul>\n<li>Dimenzije: 53x63cm + drveni okvir dubine 4cm<\/li>\n<li>Crno- beli pozitiv na te\u010dnoj emulziji na Hahnem\u00fchle pamu\u010dnom grafi\u010dkom papiru, jedinstveni otisak 1\/1, izra\u0111en u foto laboratoriji<\/li>\n<li>Fotografisano Rolleiflex kamerom na Kodak filmu 120mm, negativ 6k6cm<\/li>\n<li>Fotohemija FOMA<\/li>\n<li>Original kreiran: 2022, jedinstveni pozivitiv, 1\/1, nema kopija<\/li>\n<\/ul>\n<p>Spremno za slanje. Uokviren drvenim lajsnama prekrivenim mat pleksiglasom \/ nije lako lomljivo<\/p>\n","protected":false},"author":2,"featured_media":16580,"comment_status":"open","ping_status":"closed","template":"","meta":{"_acf_changed":false,"advgb_blocks_editor_width":"","advgb_blocks_columns_visual_guide":""},"product_brand":[],"product_cat":[123],"product_tag":[],"class_list":{"0":"post-19155","1":"product","2":"type-product","3":"status-publish","4":"has-post-thumbnail","6":"product_cat-analogna-fotografija-pozitiv","8":"first","9":"instock","10":"sold-individually","11":"purchasable","12":"product-type-simple"},"acf":[],"yoast_head":"<!-- This site is optimized with the Yoast SEO plugin v27.5 - https:\/\/yoast.com\/product\/yoast-seo-wordpress\/ -->\n<title>Hajde - Crno beli pozitiv na te\u010dnoj emulziji - Profesionalni fotograf Beograd, Srbija<\/title>\n<meta name=\"description\" content=\"Crno- beli pozitiv na te\u010dnoj emulziji na Hahnem\u00fchle pamu\u010dnom grafi\u010dkom papiru, jedinstveni otisak 1\/1, izra\u0111en u foto laboratoriji\" \/>\n<meta name=\"robots\" content=\"index, follow, max-snippet:-1, max-image-preview:large, max-video-preview:-1\" \/>\n<link rel=\"canonical\" href=\"https:\/\/tiyana.net\/sr\/proizvod\/hajde\/\" \/>\n<meta property=\"og:locale\" content=\"sr_RS\" \/>\n<meta property=\"og:type\" content=\"article\" \/>\n<meta property=\"og:title\" content=\"Hajde - Crno beli pozitiv na te\u010dnoj emulziji - Profesionalni fotograf Beograd, Srbija\" \/>\n<meta property=\"og:description\" content=\"Crno- beli pozitiv na te\u010dnoj emulziji na Hahnem\u00fchle pamu\u010dnom grafi\u010dkom papiru, jedinstveni otisak 1\/1, izra\u0111en u foto laboratoriji\" \/>\n<meta property=\"og:url\" content=\"https:\/\/tiyana.net\/sr\/proizvod\/hajde\/\" \/>\n<meta property=\"og:site_name\" content=\"Profesionalni fotograf Beograd, Srbija\" \/>\n<meta property=\"article:modified_time\" content=\"2024-11-30T23:03:11+00:00\" \/>\n<meta property=\"og:image\" content=\"https:\/\/tiyana.net\/wp-content\/uploads\/2022\/09\/ritam-hajde.jpg\" \/>\n\t<meta property=\"og:image:width\" content=\"1500\" \/>\n\t<meta property=\"og:image:height\" content=\"1500\" \/>\n\t<meta property=\"og:image:type\" content=\"image\/jpeg\" \/>\n<meta name=\"twitter:card\" content=\"summary_large_image\" \/>\n<meta name=\"twitter:label1\" content=\"\u041f\u0440\u043e\u0446\u0435\u045a\u0435\u043d\u043e \u0432\u0440\u0435\u043c\u0435 \u0447\u0438\u0442\u0430\u045a\u0430\" \/>\n\t<meta name=\"twitter:data1\" content=\"1 \u043c\u0438\u043d\u0443\u0442\" \/>\n<script type=\"application\/ld+json\" class=\"yoast-schema-graph\">{\"@context\":\"https:\\\/\\\/schema.org\",\"@graph\":[{\"@type\":\"WebPage\",\"@id\":\"https:\\\/\\\/tiyana.net\\\/sr\\\/proizvod\\\/hajde\\\/\",\"url\":\"https:\\\/\\\/tiyana.net\\\/sr\\\/proizvod\\\/hajde\\\/\",\"name\":\"Hajde - Crno beli pozitiv na te\u010dnoj emulziji - Profesionalni fotograf Beograd, Srbija\",\"isPartOf\":{\"@id\":\"https:\\\/\\\/tiyana.net\\\/sr\\\/#website\"},\"primaryImageOfPage\":{\"@id\":\"https:\\\/\\\/tiyana.net\\\/sr\\\/proizvod\\\/hajde\\\/#primaryimage\"},\"image\":{\"@id\":\"https:\\\/\\\/tiyana.net\\\/sr\\\/proizvod\\\/hajde\\\/#primaryimage\"},\"thumbnailUrl\":\"https:\\\/\\\/tiyana.net\\\/wp-content\\\/uploads\\\/2022\\\/09\\\/ritam-hajde.jpg\",\"datePublished\":\"2023-11-17T11:36:52+00:00\",\"dateModified\":\"2024-11-30T23:03:11+00:00\",\"description\":\"Crno- beli pozitiv na te\u010dnoj emulziji na Hahnem\u00fchle pamu\u010dnom grafi\u010dkom papiru, jedinstveni otisak 1\\\/1, izra\u0111en u foto laboratoriji\",\"breadcrumb\":{\"@id\":\"https:\\\/\\\/tiyana.net\\\/sr\\\/proizvod\\\/hajde\\\/#breadcrumb\"},\"inLanguage\":\"sr-RS\",\"potentialAction\":[{\"@type\":\"ReadAction\",\"target\":[\"https:\\\/\\\/tiyana.net\\\/sr\\\/proizvod\\\/hajde\\\/\"]}]},{\"@type\":\"ImageObject\",\"inLanguage\":\"sr-RS\",\"@id\":\"https:\\\/\\\/tiyana.net\\\/sr\\\/proizvod\\\/hajde\\\/#primaryimage\",\"url\":\"https:\\\/\\\/tiyana.net\\\/wp-content\\\/uploads\\\/2022\\\/09\\\/ritam-hajde.jpg\",\"contentUrl\":\"https:\\\/\\\/tiyana.net\\\/wp-content\\\/uploads\\\/2022\\\/09\\\/ritam-hajde.jpg\",\"width\":1500,\"height\":1500,\"caption\":\"Wooden picture frame mockup psd with zen sand photo on the wall interior concept\"},{\"@type\":\"BreadcrumbList\",\"@id\":\"https:\\\/\\\/tiyana.net\\\/sr\\\/proizvod\\\/hajde\\\/#breadcrumb\",\"itemListElement\":[{\"@type\":\"ListItem\",\"position\":1,\"name\":\"Home\",\"item\":\"https:\\\/\\\/tiyana.net\\\/sr\\\/\"},{\"@type\":\"ListItem\",\"position\":2,\"name\":\"Na zidu\",\"item\":\"https:\\\/\\\/tiyana.net\\\/sr\\\/na-zidu\\\/\"},{\"@type\":\"ListItem\",\"position\":3,\"name\":\"Hajde &#8211; Crno beli pozitiv na te\u010dnoj emulziji\"}]},{\"@type\":\"WebSite\",\"@id\":\"https:\\\/\\\/tiyana.net\\\/sr\\\/#website\",\"url\":\"https:\\\/\\\/tiyana.net\\\/sr\\\/\",\"name\":\"Profesionalni fotograf Beograd, Srbija\",\"description\":\"Profesionalni fotograf specijalizovan za portrete, modnu, reklamnu i produkt fotografiju, foto studio u Beogradu\",\"publisher\":{\"@id\":\"https:\\\/\\\/tiyana.net\\\/sr\\\/#organization\"},\"potentialAction\":[{\"@type\":\"SearchAction\",\"target\":{\"@type\":\"EntryPoint\",\"urlTemplate\":\"https:\\\/\\\/tiyana.net\\\/sr\\\/?s={search_term_string}\"},\"query-input\":{\"@type\":\"PropertyValueSpecification\",\"valueRequired\":true,\"valueName\":\"search_term_string\"}}],\"inLanguage\":\"sr-RS\"},{\"@type\":\"Organization\",\"@id\":\"https:\\\/\\\/tiyana.net\\\/sr\\\/#organization\",\"name\":\"Profesionalni fotograf Beograd, Srbija\",\"url\":\"https:\\\/\\\/tiyana.net\\\/sr\\\/\",\"logo\":{\"@type\":\"ImageObject\",\"inLanguage\":\"sr-RS\",\"@id\":\"https:\\\/\\\/tiyana.net\\\/sr\\\/#\\\/schema\\\/logo\\\/image\\\/\",\"url\":\"https:\\\/\\\/tiyana.net\\\/wp-content\\\/uploads\\\/2022\\\/07\\\/catenamedialogo.jpg\",\"contentUrl\":\"https:\\\/\\\/tiyana.net\\\/wp-content\\\/uploads\\\/2022\\\/07\\\/catenamedialogo.jpg\",\"width\":525,\"height\":525,\"caption\":\"Profesionalni fotograf Beograd, Srbija\"},\"image\":{\"@id\":\"https:\\\/\\\/tiyana.net\\\/sr\\\/#\\\/schema\\\/logo\\\/image\\\/\"}}]}<\/script>\n<!-- \/ Yoast SEO plugin. -->","yoast_head_json":{"title":"Hajde - Crno beli pozitiv na te\u010dnoj emulziji - Profesionalni fotograf Beograd, Srbija","description":"Crno- beli pozitiv na te\u010dnoj emulziji na Hahnem\u00fchle pamu\u010dnom grafi\u010dkom papiru, jedinstveni otisak 1\/1, izra\u0111en u foto laboratoriji","robots":{"index":"index","follow":"follow","max-snippet":"max-snippet:-1","max-image-preview":"max-image-preview:large","max-video-preview":"max-video-preview:-1"},"canonical":"https:\/\/tiyana.net\/sr\/proizvod\/hajde\/","og_locale":"sr_RS","og_type":"article","og_title":"Hajde - Crno beli pozitiv na te\u010dnoj emulziji - Profesionalni fotograf Beograd, Srbija","og_description":"Crno- beli pozitiv na te\u010dnoj emulziji na Hahnem\u00fchle pamu\u010dnom grafi\u010dkom papiru, jedinstveni otisak 1\/1, izra\u0111en u foto laboratoriji","og_url":"https:\/\/tiyana.net\/sr\/proizvod\/hajde\/","og_site_name":"Profesionalni fotograf Beograd, Srbija","article_modified_time":"2024-11-30T23:03:11+00:00","og_image":[{"width":1500,"height":1500,"url":"https:\/\/tiyana.net\/wp-content\/uploads\/2022\/09\/ritam-hajde.jpg","type":"image\/jpeg"}],"twitter_card":"summary_large_image","twitter_misc":{"\u041f\u0440\u043e\u0446\u0435\u045a\u0435\u043d\u043e \u0432\u0440\u0435\u043c\u0435 \u0447\u0438\u0442\u0430\u045a\u0430":"1 \u043c\u0438\u043d\u0443\u0442"},"schema":{"@context":"https:\/\/schema.org","@graph":[{"@type":"WebPage","@id":"https:\/\/tiyana.net\/sr\/proizvod\/hajde\/","url":"https:\/\/tiyana.net\/sr\/proizvod\/hajde\/","name":"Hajde - Crno beli pozitiv na te\u010dnoj emulziji - Profesionalni fotograf Beograd, Srbija","isPartOf":{"@id":"https:\/\/tiyana.net\/sr\/#website"},"primaryImageOfPage":{"@id":"https:\/\/tiyana.net\/sr\/proizvod\/hajde\/#primaryimage"},"image":{"@id":"https:\/\/tiyana.net\/sr\/proizvod\/hajde\/#primaryimage"},"thumbnailUrl":"https:\/\/tiyana.net\/wp-content\/uploads\/2022\/09\/ritam-hajde.jpg","datePublished":"2023-11-17T11:36:52+00:00","dateModified":"2024-11-30T23:03:11+00:00","description":"Crno- beli pozitiv na te\u010dnoj emulziji na Hahnem\u00fchle pamu\u010dnom grafi\u010dkom papiru, jedinstveni otisak 1\/1, izra\u0111en u foto laboratoriji","breadcrumb":{"@id":"https:\/\/tiyana.net\/sr\/proizvod\/hajde\/#breadcrumb"},"inLanguage":"sr-RS","potentialAction":[{"@type":"ReadAction","target":["https:\/\/tiyana.net\/sr\/proizvod\/hajde\/"]}]},{"@type":"ImageObject","inLanguage":"sr-RS","@id":"https:\/\/tiyana.net\/sr\/proizvod\/hajde\/#primaryimage","url":"https:\/\/tiyana.net\/wp-content\/uploads\/2022\/09\/ritam-hajde.jpg","contentUrl":"https:\/\/tiyana.net\/wp-content\/uploads\/2022\/09\/ritam-hajde.jpg","width":1500,"height":1500,"caption":"Wooden picture frame mockup psd with zen sand photo on the wall interior concept"},{"@type":"BreadcrumbList","@id":"https:\/\/tiyana.net\/sr\/proizvod\/hajde\/#breadcrumb","itemListElement":[{"@type":"ListItem","position":1,"name":"Home","item":"https:\/\/tiyana.net\/sr\/"},{"@type":"ListItem","position":2,"name":"Na zidu","item":"https:\/\/tiyana.net\/sr\/na-zidu\/"},{"@type":"ListItem","position":3,"name":"Hajde &#8211; Crno beli pozitiv na te\u010dnoj emulziji"}]},{"@type":"WebSite","@id":"https:\/\/tiyana.net\/sr\/#website","url":"https:\/\/tiyana.net\/sr\/","name":"Profesionalni fotograf Beograd, Srbija","description":"Profesionalni fotograf specijalizovan za portrete, modnu, reklamnu i produkt fotografiju, foto studio u Beogradu","publisher":{"@id":"https:\/\/tiyana.net\/sr\/#organization"},"potentialAction":[{"@type":"SearchAction","target":{"@type":"EntryPoint","urlTemplate":"https:\/\/tiyana.net\/sr\/?s={search_term_string}"},"query-input":{"@type":"PropertyValueSpecification","valueRequired":true,"valueName":"search_term_string"}}],"inLanguage":"sr-RS"},{"@type":"Organization","@id":"https:\/\/tiyana.net\/sr\/#organization","name":"Profesionalni fotograf Beograd, Srbija","url":"https:\/\/tiyana.net\/sr\/","logo":{"@type":"ImageObject","inLanguage":"sr-RS","@id":"https:\/\/tiyana.net\/sr\/#\/schema\/logo\/image\/","url":"https:\/\/tiyana.net\/wp-content\/uploads\/2022\/07\/catenamedialogo.jpg","contentUrl":"https:\/\/tiyana.net\/wp-content\/uploads\/2022\/07\/catenamedialogo.jpg","width":525,"height":525,"caption":"Profesionalni fotograf Beograd, Srbija"},"image":{"@id":"https:\/\/tiyana.net\/sr\/#\/schema\/logo\/image\/"}}]}},"featured_img":"https:\/\/tiyana.net\/wp-content\/uploads\/2022\/09\/ritam-hajde.jpg","coauthors":[],"author_meta":{"author_link":"https:\/\/tiyana.net\/sr\/author\/tiyana\/","display_name":"Tiyana"},"relative_dates":{"created":"Posted 2 \u0433\u043e\u0434\u0438\u043d\u0435 ago","modified":"Updated 1 \u0433\u043e\u0434\u0438\u043d\u0430 ago"},"absolute_dates":{"created":"Posted on 9. novembar 2023.","modified":"Updated on 1. decembar 2024."},"absolute_dates_time":{"created":"Posted on 9. novembar 2023. 15:29 ","modified":"Updated on 1. decembar 2024. 00:03 "},"featured_img_caption":"Wooden picture frame mockup psd with zen sand photo on the wall interior concept","tax_additional":{"product_brand":{"linked":[],"unlinked":[],"slug":"product_brand","name":"\u0411\u0440\u0435\u043d\u0434\u043e\u0432\u0438"},"product_type":{"linked":["<a href=\"https:\/\/tiyana.net\/sr\/?taxonomy=product_type&#038;term=simple\" class=\"advgb-post-tax-term\">simple<\/a>"],"unlinked":["<span class=\"advgb-post-tax-term\">simple<\/span>"],"slug":"product_type","name":"\u0412\u0440\u0441\u0442\u0430 \u043f\u0440\u043e\u0438\u0437\u0432\u043e\u0434\u0430"},"product_visibility":{"linked":[],"unlinked":[],"slug":"product_visibility","name":"\u0412\u0438\u0434\u0459\u0438\u0432\u043e\u0441\u0442 \u043f\u0440\u043e\u0438\u0437\u0432\u043e\u0434\u0430"},"product_cat":{"linked":["<a href=\"https:\/\/tiyana.net\/sr\/product-category\/analogna-fotografija-pozitiv\/\" class=\"advgb-post-tax-term\">Analogna fotografija - Pozitiv<\/a>"],"unlinked":["<span class=\"advgb-post-tax-term\">Analogna fotografija - Pozitiv<\/span>"],"slug":"product_cat","name":"\u041a\u0430\u0442\u0435\u0433\u043e\u0440\u0438\u0458\u0435 \u043f\u0440\u043e\u0438\u0437\u0432\u043e\u0434\u0430"},"product_tag":{"linked":[],"unlinked":[],"slug":"product_tag","name":"\u041e\u0437\u043d\u0430\u043a\u0435 \u043f\u0440\u043e\u0438\u0437\u0432\u043e\u0434\u0430"},"product_shipping_class":{"linked":[],"unlinked":[],"slug":"product_shipping_class","name":"\u041a\u043b\u0430\u0441\u0435 \u0438\u0441\u043f\u043e\u0440\u0443\u043a\u0435 \u043f\u0440\u043e\u0438\u0437\u0432\u043e\u0434\u0430"},"pos_product_visibility":{"linked":[],"unlinked":[],"slug":"pos_product_visibility","name":"POS Product visibility"},"translation_priority":{"linked":["<a href=\"https:\/\/tiyana.net\/sr\/?taxonomy=translation_priority&#038;term=optional-sr\" class=\"advgb-post-tax-term\">Optional<\/a>"],"unlinked":["<span class=\"advgb-post-tax-term\">Optional<\/span>"],"slug":"translation_priority","name":"Translation Priorities"}},"series_order":"","_links":{"self":[{"href":"https:\/\/tiyana.net\/sr\/wp-json\/wp\/v2\/product\/19155","targetHints":{"allow":["GET"]}}],"collection":[{"href":"https:\/\/tiyana.net\/sr\/wp-json\/wp\/v2\/product"}],"about":[{"href":"https:\/\/tiyana.net\/sr\/wp-json\/wp\/v2\/types\/product"}],"replies":[{"embeddable":true,"href":"https:\/\/tiyana.net\/sr\/wp-json\/wp\/v2\/comments?post=19155"}],"wp:featuredmedia":[{"embeddable":true,"href":"https:\/\/tiyana.net\/sr\/wp-json\/wp\/v2\/media\/16580"}],"wp:attachment":[{"href":"https:\/\/tiyana.net\/sr\/wp-json\/wp\/v2\/media?parent=19155"}],"wp:term":[{"taxonomy":"product_brand","embeddable":true,"href":"https:\/\/tiyana.net\/sr\/wp-json\/wp\/v2\/product_brand?post=19155"},{"taxonomy":"product_cat","embeddable":true,"href":"https:\/\/tiyana.net\/sr\/wp-json\/wp\/v2\/product_cat?post=19155"},{"taxonomy":"product_tag","embeddable":true,"href":"https:\/\/tiyana.net\/sr\/wp-json\/wp\/v2\/product_tag?post=19155"}],"curies":[{"name":"wp","href":"https:\/\/api.w.org\/{rel}","templated":true}]}}