{"id":4761,"date":"2018-01-25T09:48:09","date_gmt":"2018-01-25T09:48:09","guid":{"rendered":"https:\/\/tiyana.net\/alternativa-atelier\/"},"modified":"2024-11-04T15:54:37","modified_gmt":"2024-11-04T14:54:37","slug":"atelje-alternativa","status":"publish","type":"page","link":"https:\/\/tiyana.net\/sr\/atelje-alternativa\/","title":{"rendered":"Atelje Alternativa"},"content":{"rendered":"\n<p class=\"has-text-align-center\">Modna kreatorka Daniela Gli\u0161i\u0107 je poznata na na\u0161oj beogradskoj modnoj sceni ve\u0107 vi\u0161e od deceniju i ona radi pod okriljem brenda Atelje Alternativa. To je njen modni brend i lokacija na kojoj mo\u017eete pogledati i kupiti njene savr\u0161ene komade ode\u0107e se nalazi u Beogradskom Dizajn Distriktu u \u010cumi\u0107evom soka\u010detu.<\/p>\n\n\n\n<p class=\"has-text-align-center\">Model: Milica Markovic, <a href=\"http:\/\/www.instagram.com\/divamodelmanagement\/\" target=\"_blank\" rel=\"noopener\">Diva Model Management<\/a><br>Make-up: <a href=\"https:\/\/www.instagram.com\/anciki_\/\" target=\"_blank\" rel=\"noopener\">Alexandra Manole<\/a><br>Ode\u0107a: <a href=\"https:\/\/sr-rs.facebook.com\/daniela.glisic\" target=\"_blank\" rel=\"noopener\">Atelje Alternativa<\/a><\/p>\n\n\n<div class=\"wp-block-image\">\n<figure class=\"aligncenter size-large\"><img loading=\"lazy\" decoding=\"async\" width=\"780\" height=\"1170\" src=\"https:\/\/tiyana.net\/wp-content\/uploads\/2018\/01\/Alternativa-Atelier-Collection-2018-14.jpg\" alt=\"Model wearing Alternativa Atelier Collection piece\" class=\"wp-image-4745\" srcset=\"https:\/\/tiyana.net\/wp-content\/uploads\/2018\/01\/Alternativa-Atelier-Collection-2018-14.jpg 780w, https:\/\/tiyana.net\/wp-content\/uploads\/2018\/01\/Alternativa-Atelier-Collection-2018-14-600x900.jpg 600w\" sizes=\"auto, (max-width: 780px) 100vw, 780px\" \/><\/figure>\n<\/div>\n\n\n<div style=\"height:20px\" aria-hidden=\"true\" class=\"wp-block-spacer\"><\/div>\n\n\n<div class=\"wp-block-image\">\n<figure class=\"aligncenter size-large\"><img loading=\"lazy\" decoding=\"async\" width=\"1024\" height=\"683\" src=\"https:\/\/tiyana.net\/wp-content\/uploads\/2018\/06\/alternativa-atelier-collection-2018-2-1024x683.jpg\" alt=\"Model Girl Wearing Fashion Clothes\" class=\"wp-image-5605\" srcset=\"https:\/\/tiyana.net\/wp-content\/uploads\/2018\/06\/alternativa-atelier-collection-2018-2-1024x683.jpg 1024w, https:\/\/tiyana.net\/wp-content\/uploads\/2018\/06\/alternativa-atelier-collection-2018-2-600x400.jpg 600w, https:\/\/tiyana.net\/wp-content\/uploads\/2018\/06\/alternativa-atelier-collection-2018-2-300x200.jpg 300w, https:\/\/tiyana.net\/wp-content\/uploads\/2018\/06\/alternativa-atelier-collection-2018-2.jpg 1170w\" sizes=\"auto, (max-width: 1024px) 100vw, 1024px\" \/><\/figure>\n<\/div>\n\n\n<div style=\"height:20px\" aria-hidden=\"true\" class=\"wp-block-spacer\"><\/div>\n\n\n<div class=\"wp-block-image\">\n<figure class=\"aligncenter size-large\"><img loading=\"lazy\" decoding=\"async\" width=\"780\" height=\"1170\" src=\"https:\/\/tiyana.net\/wp-content\/uploads\/2018\/01\/Alternativa-Atelier-Collection-2018-11.jpg\" alt=\"Model wearing Alternativa Atelier Collection piece\" class=\"wp-image-4736\" srcset=\"https:\/\/tiyana.net\/wp-content\/uploads\/2018\/01\/Alternativa-Atelier-Collection-2018-11.jpg 780w, https:\/\/tiyana.net\/wp-content\/uploads\/2018\/01\/Alternativa-Atelier-Collection-2018-11-600x900.jpg 600w\" sizes=\"auto, (max-width: 780px) 100vw, 780px\" \/><\/figure>\n<\/div>\n\n\n<div style=\"height:20px\" aria-hidden=\"true\" class=\"wp-block-spacer\"><\/div>\n\n\n<div class=\"wp-block-image\">\n<figure class=\"aligncenter size-large\"><img loading=\"lazy\" decoding=\"async\" width=\"780\" height=\"1170\" src=\"https:\/\/tiyana.net\/wp-content\/uploads\/2018\/01\/Alternativa-Atelier-Collection-2018-16.jpg\" alt=\"Model wearing Alternativa Atelier Collection piece\" class=\"wp-image-4751\" srcset=\"https:\/\/tiyana.net\/wp-content\/uploads\/2018\/01\/Alternativa-Atelier-Collection-2018-16.jpg 780w, https:\/\/tiyana.net\/wp-content\/uploads\/2018\/01\/Alternativa-Atelier-Collection-2018-16-600x900.jpg 600w\" sizes=\"auto, (max-width: 780px) 100vw, 780px\" \/><\/figure>\n<\/div>\n\n\n<div style=\"height:20px\" aria-hidden=\"true\" class=\"wp-block-spacer\"><\/div>\n\n\n<div class=\"wp-block-image\">\n<figure class=\"aligncenter size-large\"><img loading=\"lazy\" decoding=\"async\" width=\"1024\" height=\"683\" src=\"https:\/\/tiyana.net\/wp-content\/uploads\/2018\/06\/alternativa-atelier-collection-2018-1-1024x683.jpg\" alt=\"Model posing in the chair\" class=\"wp-image-5602\" srcset=\"https:\/\/tiyana.net\/wp-content\/uploads\/2018\/06\/alternativa-atelier-collection-2018-1-1024x683.jpg 1024w, https:\/\/tiyana.net\/wp-content\/uploads\/2018\/06\/alternativa-atelier-collection-2018-1-600x400.jpg 600w, https:\/\/tiyana.net\/wp-content\/uploads\/2018\/06\/alternativa-atelier-collection-2018-1-300x200.jpg 300w, https:\/\/tiyana.net\/wp-content\/uploads\/2018\/06\/alternativa-atelier-collection-2018-1.jpg 1170w\" sizes=\"auto, (max-width: 1024px) 100vw, 1024px\" \/><\/figure>\n<\/div>\n\n\n<div style=\"height:20px\" aria-hidden=\"true\" class=\"wp-block-spacer\"><\/div>\n\n\n<div class=\"wp-block-image\">\n<figure class=\"aligncenter size-large\"><img loading=\"lazy\" decoding=\"async\" width=\"683\" height=\"1024\" src=\"https:\/\/tiyana.net\/wp-content\/uploads\/2022\/04\/img-1852-copy-683x1024.jpg\" alt=\"\" class=\"wp-image-16064\" srcset=\"https:\/\/tiyana.net\/wp-content\/uploads\/2022\/04\/img-1852-copy-683x1024.jpg 683w, https:\/\/tiyana.net\/wp-content\/uploads\/2022\/04\/img-1852-copy-scaled-600x900.jpg 600w, https:\/\/tiyana.net\/wp-content\/uploads\/2022\/04\/img-1852-copy-200x300.jpg 200w, https:\/\/tiyana.net\/wp-content\/uploads\/2022\/04\/img-1852-copy-1024x1536.jpg 1024w, https:\/\/tiyana.net\/wp-content\/uploads\/2022\/04\/img-1852-copy-1366x2048.jpg 1366w, https:\/\/tiyana.net\/wp-content\/uploads\/2022\/04\/img-1852-copy-scaled.jpg 1707w\" sizes=\"auto, (max-width: 683px) 100vw, 683px\" \/><\/figure>\n<\/div>\n\n\n<div style=\"height:20px\" aria-hidden=\"true\" class=\"wp-block-spacer\"><\/div>\n\n\n<div class=\"wp-block-image\">\n<figure class=\"aligncenter size-large\"><img loading=\"lazy\" decoding=\"async\" width=\"780\" height=\"1170\" src=\"https:\/\/tiyana.net\/wp-content\/uploads\/2018\/01\/Alternativa-Atelier-Collection-2018-15.jpg\" alt=\"Model catching a pillow\" class=\"wp-image-4748\" srcset=\"https:\/\/tiyana.net\/wp-content\/uploads\/2018\/01\/Alternativa-Atelier-Collection-2018-15.jpg 780w, https:\/\/tiyana.net\/wp-content\/uploads\/2018\/01\/Alternativa-Atelier-Collection-2018-15-600x900.jpg 600w\" sizes=\"auto, (max-width: 780px) 100vw, 780px\" \/><\/figure>\n<\/div>\n\n\n<div style=\"height:20px\" aria-hidden=\"true\" class=\"wp-block-spacer\"><\/div>\n\n\n<div class=\"wp-block-image\">\n<figure class=\"aligncenter size-large\"><img loading=\"lazy\" decoding=\"async\" width=\"780\" height=\"1170\" src=\"https:\/\/tiyana.net\/wp-content\/uploads\/2018\/01\/Alternativa-Atelier-Collection-2018-12.jpg\" alt=\"Model wearing Alternativa Atelier Collection piece\" class=\"wp-image-4739\" srcset=\"https:\/\/tiyana.net\/wp-content\/uploads\/2018\/01\/Alternativa-Atelier-Collection-2018-12.jpg 780w, https:\/\/tiyana.net\/wp-content\/uploads\/2018\/01\/Alternativa-Atelier-Collection-2018-12-600x900.jpg 600w\" sizes=\"auto, (max-width: 780px) 100vw, 780px\" \/><\/figure>\n<\/div>\n\n\n<div style=\"height:20px\" aria-hidden=\"true\" class=\"wp-block-spacer\"><\/div>\n\n\n<div class=\"wp-block-image\">\n<figure class=\"aligncenter size-large\"><img loading=\"lazy\" decoding=\"async\" width=\"1024\" height=\"684\" src=\"https:\/\/tiyana.net\/wp-content\/uploads\/2018\/06\/alternativa-atelier-collection-2018-3-1-1024x684.jpg\" alt=\"Model wearing collection AW 2018\" class=\"wp-image-5608\" srcset=\"https:\/\/tiyana.net\/wp-content\/uploads\/2018\/06\/alternativa-atelier-collection-2018-3-1-1024x684.jpg 1024w, https:\/\/tiyana.net\/wp-content\/uploads\/2018\/06\/alternativa-atelier-collection-2018-3-1-600x401.jpg 600w, https:\/\/tiyana.net\/wp-content\/uploads\/2018\/06\/alternativa-atelier-collection-2018-3-1-300x200.jpg 300w, https:\/\/tiyana.net\/wp-content\/uploads\/2018\/06\/alternativa-atelier-collection-2018-3-1.jpg 1170w\" sizes=\"auto, (max-width: 1024px) 100vw, 1024px\" \/><\/figure>\n<\/div>\n\n\n<div style=\"height:20px\" aria-hidden=\"true\" class=\"wp-block-spacer\"><\/div>\n\n\n<div class=\"wp-block-image\">\n<figure class=\"aligncenter size-large\"><img loading=\"lazy\" decoding=\"async\" width=\"1755\" height=\"1170\" src=\"https:\/\/tiyana.net\/wp-content\/uploads\/2018\/01\/Alternativa-Atelier-Collection-2018-13.jpg\" alt=\"Model wearing Alternativa Atelier Collection piece\" class=\"wp-image-4742\" srcset=\"https:\/\/tiyana.net\/wp-content\/uploads\/2018\/01\/Alternativa-Atelier-Collection-2018-13.jpg 1755w, https:\/\/tiyana.net\/wp-content\/uploads\/2018\/01\/Alternativa-Atelier-Collection-2018-13-600x400.jpg 600w\" sizes=\"auto, (max-width: 1755px) 100vw, 1755px\" \/><\/figure>\n<\/div>\n\n\n<div style=\"height:20px\" aria-hidden=\"true\" class=\"wp-block-spacer\"><\/div>\n\n\n<div class=\"wp-block-image\">\n<figure class=\"aligncenter size-large\"><img loading=\"lazy\" decoding=\"async\" width=\"780\" height=\"1170\" src=\"https:\/\/tiyana.net\/wp-content\/uploads\/2018\/01\/Alternativa-Atelier-Collection-2018-10.jpg\" alt=\"Model wearing Alternativa Atelier Collection piece\" class=\"wp-image-4733\" srcset=\"https:\/\/tiyana.net\/wp-content\/uploads\/2018\/01\/Alternativa-Atelier-Collection-2018-10.jpg 780w, https:\/\/tiyana.net\/wp-content\/uploads\/2018\/01\/Alternativa-Atelier-Collection-2018-10-600x900.jpg 600w\" sizes=\"auto, (max-width: 780px) 100vw, 780px\" \/><\/figure>\n<\/div>\n\n\n<div style=\"height:20px\" aria-hidden=\"true\" class=\"wp-block-spacer\"><\/div>\n\n\n<div class=\"wp-block-image\">\n<figure class=\"aligncenter size-large\"><img loading=\"lazy\" decoding=\"async\" width=\"780\" height=\"1170\" src=\"https:\/\/tiyana.net\/wp-content\/uploads\/2018\/01\/Alternativa-Atelier-Collection-2018-4.jpg\" alt=\"Model wearing Alternativa Atelier Collection piece\" class=\"wp-image-4727\" srcset=\"https:\/\/tiyana.net\/wp-content\/uploads\/2018\/01\/Alternativa-Atelier-Collection-2018-4.jpg 780w, https:\/\/tiyana.net\/wp-content\/uploads\/2018\/01\/Alternativa-Atelier-Collection-2018-4-600x900.jpg 600w\" sizes=\"auto, (max-width: 780px) 100vw, 780px\" \/><\/figure>\n<\/div>\n\n\n<div style=\"height:20px\" aria-hidden=\"true\" class=\"wp-block-spacer\"><\/div>\n\n\n<div class=\"wp-block-image\">\n<figure class=\"aligncenter size-large\"><img loading=\"lazy\" decoding=\"async\" width=\"1755\" height=\"1170\" src=\"https:\/\/tiyana.net\/wp-content\/uploads\/2018\/01\/Alternativa-Atelier-Collection-2018-5.jpg\" alt=\"Model wearing Alternativa Atelier Collection piece\" class=\"wp-image-4730\" srcset=\"https:\/\/tiyana.net\/wp-content\/uploads\/2018\/01\/Alternativa-Atelier-Collection-2018-5.jpg 1755w, https:\/\/tiyana.net\/wp-content\/uploads\/2018\/01\/Alternativa-Atelier-Collection-2018-5-600x400.jpg 600w\" sizes=\"auto, (max-width: 1755px) 100vw, 1755px\" \/><\/figure>\n<\/div>\n\n\n<div style=\"height:20px\" aria-hidden=\"true\" class=\"wp-block-spacer\"><\/div>\n\n\n<div class=\"wp-block-image\">\n<figure class=\"aligncenter size-large\"><img loading=\"lazy\" decoding=\"async\" width=\"683\" height=\"1024\" src=\"https:\/\/tiyana.net\/wp-content\/uploads\/2022\/04\/alt-atellier-skirt-683x1024.jpg\" alt=\"\" class=\"wp-image-15844\" srcset=\"https:\/\/tiyana.net\/wp-content\/uploads\/2022\/04\/alt-atellier-skirt-683x1024.jpg 683w, https:\/\/tiyana.net\/wp-content\/uploads\/2022\/04\/alt-atellier-skirt-600x900.jpg 600w, https:\/\/tiyana.net\/wp-content\/uploads\/2022\/04\/alt-atellier-skirt-200x300.jpg 200w, https:\/\/tiyana.net\/wp-content\/uploads\/2022\/04\/alt-atellier-skirt-1024x1536.jpg 1024w, https:\/\/tiyana.net\/wp-content\/uploads\/2022\/04\/alt-atellier-skirt.jpg 1280w\" sizes=\"auto, (max-width: 683px) 100vw, 683px\" \/><\/figure>\n<\/div>","protected":false},"excerpt":{"rendered":"<p>Modna kreatorka Daniela Gli\u0161i\u0107 je poznata na na\u0161oj beogradskoj modnoj sceni ve\u0107 vi\u0161e od deceniju i ona radi pod okriljem brenda Atelje Alternativa. To je njen modni brend i lokacija na kojoj mo\u017eete pogledati i kupiti njene savr\u0161ene komade ode\u0107e se nalazi u Beogradskom Dizajn Distriktu u \u010cumi\u0107evom soka\u010detu. Model: Milica Markovic, Diva Model ManagementMake-up: [&hellip;]<\/p>\n","protected":false},"author":2,"featured_media":5608,"parent":0,"menu_order":0,"comment_status":"open","ping_status":"closed","template":"","meta":{"_acf_changed":false,"advgb_blocks_editor_width":"","advgb_blocks_columns_visual_guide":"","footnotes":""},"class_list":["post-4761","page","type-page","status-publish","has-post-thumbnail","hentry"],"acf":[],"yoast_head":"<!-- This site is optimized with the Yoast SEO plugin v27.5 - https:\/\/yoast.com\/product\/yoast-seo-wordpress\/ -->\n<title>Atelje Alternativa - Profesionalni fotograf Beograd, Srbija<\/title>\n<meta name=\"description\" content=\"Modna kreatorka Daniela Gli\u0161i\u0107 je poznata na na\u0161oj beogradskoj modnoj sceni ve\u0107 vi\u0161e od deceniju. Atelje Alternativa je njen modni brend i nalazi se u Beogradskom Dizajn Distriktu u \u010cumi\u0107evom soka\u010detu. Fotograf sam bila ja, model: Milica Markovic, Diva Model Management, make-up: Alexandra Manole.\" \/>\n<meta name=\"robots\" content=\"index, follow, max-snippet:-1, max-image-preview:large, max-video-preview:-1\" \/>\n<link rel=\"canonical\" href=\"https:\/\/tiyana.net\/sr\/atelje-alternativa\/\" \/>\n<meta property=\"og:locale\" content=\"sr_RS\" \/>\n<meta property=\"og:type\" content=\"article\" \/>\n<meta property=\"og:title\" content=\"Atelje Alternativa - Profesionalni fotograf Beograd, Srbija\" \/>\n<meta property=\"og:description\" content=\"Modna kreatorka Daniela Gli\u0161i\u0107 je poznata na na\u0161oj beogradskoj modnoj sceni ve\u0107 vi\u0161e od deceniju. Atelje Alternativa je njen modni brend i nalazi se u Beogradskom Dizajn Distriktu u \u010cumi\u0107evom soka\u010detu. Fotograf sam bila ja, model: Milica Markovic, Diva Model Management, make-up: Alexandra Manole.\" \/>\n<meta property=\"og:url\" content=\"https:\/\/tiyana.net\/sr\/atelje-alternativa\/\" \/>\n<meta property=\"og:site_name\" content=\"Profesionalni fotograf Beograd, Srbija\" \/>\n<meta property=\"article:modified_time\" content=\"2024-11-04T14:54:37+00:00\" \/>\n<meta property=\"og:image\" content=\"https:\/\/tiyana.net\/wp-content\/uploads\/2018\/06\/alternativa-atelier-collection-2018-3-1.jpg\" \/>\n\t<meta property=\"og:image:width\" content=\"1170\" \/>\n\t<meta property=\"og:image:height\" content=\"781\" \/>\n\t<meta property=\"og:image:type\" content=\"image\/jpeg\" \/>\n<meta name=\"twitter:card\" content=\"summary_large_image\" \/>\n<meta name=\"twitter:label1\" content=\"\u041f\u0440\u043e\u0446\u0435\u045a\u0435\u043d\u043e \u0432\u0440\u0435\u043c\u0435 \u0447\u0438\u0442\u0430\u045a\u0430\" \/>\n\t<meta name=\"twitter:data1\" content=\"4 \u043c\u0438\u043d\u0443\u0442\u0430\" \/>\n<script type=\"application\/ld+json\" class=\"yoast-schema-graph\">{\"@context\":\"https:\\\/\\\/schema.org\",\"@graph\":[{\"@type\":\"WebPage\",\"@id\":\"https:\\\/\\\/tiyana.net\\\/sr\\\/atelje-alternativa\\\/\",\"url\":\"https:\\\/\\\/tiyana.net\\\/sr\\\/atelje-alternativa\\\/\",\"name\":\"Atelje Alternativa - Profesionalni fotograf Beograd, Srbija\",\"isPartOf\":{\"@id\":\"https:\\\/\\\/tiyana.net\\\/sr\\\/#website\"},\"primaryImageOfPage\":{\"@id\":\"https:\\\/\\\/tiyana.net\\\/sr\\\/atelje-alternativa\\\/#primaryimage\"},\"image\":{\"@id\":\"https:\\\/\\\/tiyana.net\\\/sr\\\/atelje-alternativa\\\/#primaryimage\"},\"thumbnailUrl\":\"https:\\\/\\\/tiyana.net\\\/wp-content\\\/uploads\\\/2018\\\/06\\\/alternativa-atelier-collection-2018-3-1.jpg\",\"datePublished\":\"2018-01-25T09:48:09+00:00\",\"dateModified\":\"2024-11-04T14:54:37+00:00\",\"description\":\"Modna kreatorka Daniela Gli\u0161i\u0107 je poznata na na\u0161oj beogradskoj modnoj sceni ve\u0107 vi\u0161e od deceniju. Atelje Alternativa je njen modni brend i nalazi se u Beogradskom Dizajn Distriktu u \u010cumi\u0107evom soka\u010detu. Fotograf sam bila ja, model: Milica Markovic, Diva Model Management, make-up: Alexandra Manole.\",\"breadcrumb\":{\"@id\":\"https:\\\/\\\/tiyana.net\\\/sr\\\/atelje-alternativa\\\/#breadcrumb\"},\"inLanguage\":\"sr-RS\",\"potentialAction\":[{\"@type\":\"ReadAction\",\"target\":[\"https:\\\/\\\/tiyana.net\\\/sr\\\/atelje-alternativa\\\/\"]}]},{\"@type\":\"ImageObject\",\"inLanguage\":\"sr-RS\",\"@id\":\"https:\\\/\\\/tiyana.net\\\/sr\\\/atelje-alternativa\\\/#primaryimage\",\"url\":\"https:\\\/\\\/tiyana.net\\\/wp-content\\\/uploads\\\/2018\\\/06\\\/alternativa-atelier-collection-2018-3-1.jpg\",\"contentUrl\":\"https:\\\/\\\/tiyana.net\\\/wp-content\\\/uploads\\\/2018\\\/06\\\/alternativa-atelier-collection-2018-3-1.jpg\",\"width\":1170,\"height\":781,\"caption\":\"Model wearing collection AW 2018\"},{\"@type\":\"BreadcrumbList\",\"@id\":\"https:\\\/\\\/tiyana.net\\\/sr\\\/atelje-alternativa\\\/#breadcrumb\",\"itemListElement\":[{\"@type\":\"ListItem\",\"position\":1,\"name\":\"Home\",\"item\":\"https:\\\/\\\/tiyana.net\\\/sr\\\/\"},{\"@type\":\"ListItem\",\"position\":2,\"name\":\"Atelje Alternativa\"}]},{\"@type\":\"WebSite\",\"@id\":\"https:\\\/\\\/tiyana.net\\\/sr\\\/#website\",\"url\":\"https:\\\/\\\/tiyana.net\\\/sr\\\/\",\"name\":\"Profesionalni fotograf Beograd, Srbija\",\"description\":\"Profesionalni fotograf specijalizovan za portrete, modnu, reklamnu i produkt fotografiju, foto studio u Beogradu\",\"publisher\":{\"@id\":\"https:\\\/\\\/tiyana.net\\\/sr\\\/#organization\"},\"potentialAction\":[{\"@type\":\"SearchAction\",\"target\":{\"@type\":\"EntryPoint\",\"urlTemplate\":\"https:\\\/\\\/tiyana.net\\\/sr\\\/?s={search_term_string}\"},\"query-input\":{\"@type\":\"PropertyValueSpecification\",\"valueRequired\":true,\"valueName\":\"search_term_string\"}}],\"inLanguage\":\"sr-RS\"},{\"@type\":\"Organization\",\"@id\":\"https:\\\/\\\/tiyana.net\\\/sr\\\/#organization\",\"name\":\"Profesionalni fotograf Beograd, Srbija\",\"url\":\"https:\\\/\\\/tiyana.net\\\/sr\\\/\",\"logo\":{\"@type\":\"ImageObject\",\"inLanguage\":\"sr-RS\",\"@id\":\"https:\\\/\\\/tiyana.net\\\/sr\\\/#\\\/schema\\\/logo\\\/image\\\/\",\"url\":\"https:\\\/\\\/tiyana.net\\\/wp-content\\\/uploads\\\/2022\\\/07\\\/catenamedialogo.jpg\",\"contentUrl\":\"https:\\\/\\\/tiyana.net\\\/wp-content\\\/uploads\\\/2022\\\/07\\\/catenamedialogo.jpg\",\"width\":525,\"height\":525,\"caption\":\"Profesionalni fotograf Beograd, Srbija\"},\"image\":{\"@id\":\"https:\\\/\\\/tiyana.net\\\/sr\\\/#\\\/schema\\\/logo\\\/image\\\/\"}}]}<\/script>\n<!-- \/ Yoast SEO plugin. -->","yoast_head_json":{"title":"Atelje Alternativa - Profesionalni fotograf Beograd, Srbija","description":"Modna kreatorka Daniela Gli\u0161i\u0107 je poznata na na\u0161oj beogradskoj modnoj sceni ve\u0107 vi\u0161e od deceniju. Atelje Alternativa je njen modni brend i nalazi se u Beogradskom Dizajn Distriktu u \u010cumi\u0107evom soka\u010detu. Fotograf sam bila ja, model: Milica Markovic, Diva Model Management, make-up: Alexandra Manole.","robots":{"index":"index","follow":"follow","max-snippet":"max-snippet:-1","max-image-preview":"max-image-preview:large","max-video-preview":"max-video-preview:-1"},"canonical":"https:\/\/tiyana.net\/sr\/atelje-alternativa\/","og_locale":"sr_RS","og_type":"article","og_title":"Atelje Alternativa - Profesionalni fotograf Beograd, Srbija","og_description":"Modna kreatorka Daniela Gli\u0161i\u0107 je poznata na na\u0161oj beogradskoj modnoj sceni ve\u0107 vi\u0161e od deceniju. Atelje Alternativa je njen modni brend i nalazi se u Beogradskom Dizajn Distriktu u \u010cumi\u0107evom soka\u010detu. Fotograf sam bila ja, model: Milica Markovic, Diva Model Management, make-up: Alexandra Manole.","og_url":"https:\/\/tiyana.net\/sr\/atelje-alternativa\/","og_site_name":"Profesionalni fotograf Beograd, Srbija","article_modified_time":"2024-11-04T14:54:37+00:00","og_image":[{"width":1170,"height":781,"url":"https:\/\/tiyana.net\/wp-content\/uploads\/2018\/06\/alternativa-atelier-collection-2018-3-1.jpg","type":"image\/jpeg"}],"twitter_card":"summary_large_image","twitter_misc":{"\u041f\u0440\u043e\u0446\u0435\u045a\u0435\u043d\u043e \u0432\u0440\u0435\u043c\u0435 \u0447\u0438\u0442\u0430\u045a\u0430":"4 \u043c\u0438\u043d\u0443\u0442\u0430"},"schema":{"@context":"https:\/\/schema.org","@graph":[{"@type":"WebPage","@id":"https:\/\/tiyana.net\/sr\/atelje-alternativa\/","url":"https:\/\/tiyana.net\/sr\/atelje-alternativa\/","name":"Atelje Alternativa - Profesionalni fotograf Beograd, Srbija","isPartOf":{"@id":"https:\/\/tiyana.net\/sr\/#website"},"primaryImageOfPage":{"@id":"https:\/\/tiyana.net\/sr\/atelje-alternativa\/#primaryimage"},"image":{"@id":"https:\/\/tiyana.net\/sr\/atelje-alternativa\/#primaryimage"},"thumbnailUrl":"https:\/\/tiyana.net\/wp-content\/uploads\/2018\/06\/alternativa-atelier-collection-2018-3-1.jpg","datePublished":"2018-01-25T09:48:09+00:00","dateModified":"2024-11-04T14:54:37+00:00","description":"Modna kreatorka Daniela Gli\u0161i\u0107 je poznata na na\u0161oj beogradskoj modnoj sceni ve\u0107 vi\u0161e od deceniju. Atelje Alternativa je njen modni brend i nalazi se u Beogradskom Dizajn Distriktu u \u010cumi\u0107evom soka\u010detu. Fotograf sam bila ja, model: Milica Markovic, Diva Model Management, make-up: Alexandra Manole.","breadcrumb":{"@id":"https:\/\/tiyana.net\/sr\/atelje-alternativa\/#breadcrumb"},"inLanguage":"sr-RS","potentialAction":[{"@type":"ReadAction","target":["https:\/\/tiyana.net\/sr\/atelje-alternativa\/"]}]},{"@type":"ImageObject","inLanguage":"sr-RS","@id":"https:\/\/tiyana.net\/sr\/atelje-alternativa\/#primaryimage","url":"https:\/\/tiyana.net\/wp-content\/uploads\/2018\/06\/alternativa-atelier-collection-2018-3-1.jpg","contentUrl":"https:\/\/tiyana.net\/wp-content\/uploads\/2018\/06\/alternativa-atelier-collection-2018-3-1.jpg","width":1170,"height":781,"caption":"Model wearing collection AW 2018"},{"@type":"BreadcrumbList","@id":"https:\/\/tiyana.net\/sr\/atelje-alternativa\/#breadcrumb","itemListElement":[{"@type":"ListItem","position":1,"name":"Home","item":"https:\/\/tiyana.net\/sr\/"},{"@type":"ListItem","position":2,"name":"Atelje Alternativa"}]},{"@type":"WebSite","@id":"https:\/\/tiyana.net\/sr\/#website","url":"https:\/\/tiyana.net\/sr\/","name":"Profesionalni fotograf Beograd, Srbija","description":"Profesionalni fotograf specijalizovan za portrete, modnu, reklamnu i produkt fotografiju, foto studio u Beogradu","publisher":{"@id":"https:\/\/tiyana.net\/sr\/#organization"},"potentialAction":[{"@type":"SearchAction","target":{"@type":"EntryPoint","urlTemplate":"https:\/\/tiyana.net\/sr\/?s={search_term_string}"},"query-input":{"@type":"PropertyValueSpecification","valueRequired":true,"valueName":"search_term_string"}}],"inLanguage":"sr-RS"},{"@type":"Organization","@id":"https:\/\/tiyana.net\/sr\/#organization","name":"Profesionalni fotograf Beograd, Srbija","url":"https:\/\/tiyana.net\/sr\/","logo":{"@type":"ImageObject","inLanguage":"sr-RS","@id":"https:\/\/tiyana.net\/sr\/#\/schema\/logo\/image\/","url":"https:\/\/tiyana.net\/wp-content\/uploads\/2022\/07\/catenamedialogo.jpg","contentUrl":"https:\/\/tiyana.net\/wp-content\/uploads\/2022\/07\/catenamedialogo.jpg","width":525,"height":525,"caption":"Profesionalni fotograf Beograd, Srbija"},"image":{"@id":"https:\/\/tiyana.net\/sr\/#\/schema\/logo\/image\/"}}]}},"coauthors":[],"author_meta":{"author_link":"https:\/\/tiyana.net\/sr\/author\/tiyana\/","display_name":"Tiyana"},"relative_dates":{"created":"Posted 8 \u0433\u043e\u0434\u0438\u043d\u0430 ago","modified":"Updated 2 \u0433\u043e\u0434\u0438\u043d\u0435 ago"},"absolute_dates":{"created":"Posted on 25. januar 2018.","modified":"Updated on 4. novembar 2024."},"absolute_dates_time":{"created":"Posted on 25. januar 2018. 09:48 ","modified":"Updated on 4. novembar 2024. 15:54 "},"featured_img_caption":"","featured_img":"https:\/\/tiyana.net\/wp-content\/uploads\/2018\/06\/alternativa-atelier-collection-2018-3-1.jpg","series_order":"","_links":{"self":[{"href":"https:\/\/tiyana.net\/sr\/wp-json\/wp\/v2\/pages\/4761","targetHints":{"allow":["GET"]}}],"collection":[{"href":"https:\/\/tiyana.net\/sr\/wp-json\/wp\/v2\/pages"}],"about":[{"href":"https:\/\/tiyana.net\/sr\/wp-json\/wp\/v2\/types\/page"}],"author":[{"embeddable":true,"href":"https:\/\/tiyana.net\/sr\/wp-json\/wp\/v2\/users\/2"}],"replies":[{"embeddable":true,"href":"https:\/\/tiyana.net\/sr\/wp-json\/wp\/v2\/comments?post=4761"}],"version-history":[{"count":0,"href":"https:\/\/tiyana.net\/sr\/wp-json\/wp\/v2\/pages\/4761\/revisions"}],"wp:featuredmedia":[{"embeddable":true,"href":"https:\/\/tiyana.net\/sr\/wp-json\/wp\/v2\/media\/5608"}],"wp:attachment":[{"href":"https:\/\/tiyana.net\/sr\/wp-json\/wp\/v2\/media?parent=4761"}],"curies":[{"name":"wp","href":"https:\/\/api.w.org\/{rel}","templated":true}]}}