{"id":278,"date":"2016-12-20T06:11:07","date_gmt":"2016-12-20T06:11:07","guid":{"rendered":"https:\/\/tiyana.net\/?page_id=278\/"},"modified":"2017-03-31T12:45:28","modified_gmt":"2017-03-31T12:45:28","slug":"teorija","status":"publish","type":"page","link":"https:\/\/tiyana.net\/sr\/teorija\/","title":{"rendered":"Teorija"},"content":{"rendered":"<p><div  class=\"fw-main-row \" style=\"background-color:#302d2a;padding-left:15px;padding-right:15px;\" >\n\t<div class=\"fw-container-fluid no-padding dark-bg\">\n\t\t<div class=\"fw-row\">\n\t<div class=\"fw-col-xs-12 fw-col-sm-8\" style=\"padding-left:15px;padding-right:15px;padding-top:30px;padding-bottom:30px;\">\n\t\n<p><span style=\"font-weight: 400;\">Pripremila sam ovde predavanja koja sam svojevremeno pisala za moje \u010dasove u francuskoj gimnaziji u Beogradu \u2013\u00a0\u201cEcole Fran\u00e7aise de Belgrade\u201d.<\/span><\/p><p><span style=\"font-weight: 400;\">\u017delela sam da organizujem teoriju kompozicije i drugih fotografskih tema na jednom mestu jer, kada sam pripremala lekcije za predavanja, nisam prona\u0161la ni jedan sajt koji u potpunosti analizira teoriju kompozicije u fotografiji, a\u00a0to smatram veoma va\u017enim. Danas su dobri aparati relativno svima dostupni, a nisu ni neophodni za fotografiju dobrog kvaliteta, ali prosto, neverovatno mi je da nigde na internetu nisam nai\u0161la na sajt koji se bavi kompozicijom fotografije.<\/span><\/p><p><span style=\"font-weight: 400;\">Neki tekstovi ovde su citirani ili preformulisani sa drugih sajtova ili iz knjiga o fotografiji i reference mogu se na\u0107i na dnu svakog teksta. Sve fotografije koje koristim kao primere za predavanja\u00a0su moje imam autorska prava za njih. Ovi tekstovi su isklju\u010divo za moj rad u EFB.<\/span><\/p><p><span style=\"font-weight: 400;\">Ne zamerite ako nisu najbolje organizovani tekstovi, radim na tome i bi\u0107e ih vi\u0161e, ali treba vremena da\u00a0se prevedu sa francuskog.<\/span><\/p>\n<\/div>\n<div class=\"fw-col-xs-12 fw-col-sm-4\" style=\"\">\n\t\n<h5><a href=\"https:\/\/tiyana.net\/sr\/elementi\/\">ELEMENTI KOMPOZICIJE U SLICI<\/a><\/h5><ol><li><a href=\"https:\/\/tiyana.net\/sr\/elementi\/linija-i-pravac\/\">LINIJA I PRAVAC<\/a><\/li><li><a href=\"https:\/\/tiyana.net\/sr\/elementi\/forma\/\">FORMA (OBLIK)<\/a><\/li><li><a href=\"https:\/\/tiyana.net\/sr\/elementi\/boja\/\">BOJA<\/a><\/li><li><a href=\"https:\/\/tiyana.net\/sr\/elementi\/tonalitet\/\">TONALITET<\/a><\/li><li><a href=\"https:\/\/tiyana.net\/sr\/elementi\/odnos-velicina\/\">VELI\u010cINA<\/a><\/li><li><a href=\"https:\/\/tiyana.net\/sr\/elementi\/perspektiva\/\">PERSPEKTIVA<\/a><\/li><\/ol><h5><a href=\"https:\/\/tiyana.net\/sr\/principi-kompozicije\/\">PRINCIPI ORGANIZACIJE ELEMENATA KOMPOZICIJE<\/a><\/h5><ol><li><a href=\"https:\/\/tiyana.net\/sr\/principi-kompozicije\/centar-interesovanja\/\">CENTAR INTERESOVANjA (FOKUS)<\/a><\/li><li><a href=\"https:\/\/tiyana.net\/sr\/principi-kompozicije\/vizuelni-ritam\/\">RITAM<\/a><\/li><li><a href=\"https:\/\/tiyana.net\/sr\/principi-kompozicije\/zlatni-presek\/\">ZLATNI PRESEK, PRAVILO TRE\u0106INA<\/a><\/li><li><a href=\"https:\/\/tiyana.net\/sr\/principi-kompozicije\/tacka-gledista\/\">TA\u010cKA GLEDI\u0160TA<\/a><\/li><\/ol>\n<\/div>\n<\/div>\n\n\t<\/div>\n<\/div>\n<section  class=\"fw-main-row \" style=\"background-color:#ededed;\" >\n\t<div class=\"fw-container-fluid\">\n\t\t<div class=\"fw-row\">\n\t<div class=\"fw-col-xs-12\" style=\"padding-left:15px;padding-right:15px;padding-top:30px;padding-bottom:30px;\">\n\t<h1 class='fw-special-title base tac ' style=''>\n\t<span>ELEMENTI KOMPOZICIJE<\/span>\n\t<\/h1>\t<div class=\"icon-box-area\">\n\t\t\t\t<div class=\"icon-box-col\">\n\t\t\t<div class=\"icon icon-font icon-next-4\"><\/div>\n\t\t\t<h3>LINIJA &amp; PRAVAC<\/h3>\n\t\t\t<p>vertikalni, horizontalni ili dijagonalni putevi koji vode pogled po slici. Vrsta linije mo\u017ee imati razli\u010dit i zna\u010dajan uticaj na celokupni utisak o slici i shodno tome mo\u017ee uticati na na\u0161u emocionalnu percepciju slike.<\/p>\n\t\t<\/div>\n\t\t\t\t<div class=\"icon-box-col\">\n\t\t\t<div class=\"icon icon-font icon-bell\"><\/div>\n\t\t\t<h3>FORMA<\/h3>\n\t\t\t<p>kao geometrijski i kao organski prostor. Na slici ona postoji u dve dimenzije i predstavlja prvo sredstvo kojim gledalac identifikuje trodimezionalni objekat, mada osvetljenje mo\u017ee da uni\u0161ti odnosni podeli izgled objekta i time stvori vi\u0161e formi.<\/p>\n\t\t<\/div>\n\t\t\t\t<div class=\"icon-box-col\">\n\t\t\t<div class=\"icon icon-font icon-brightness\"><\/div>\n\t\t\t<h3>BOJA<\/h3>\n\t\t\t<p>U zavisnosti od svog mesta u krugu boja, ona mo\u017ee imati skladan i komplementaran odnos sa drugom bojom. Temperatura boja na slici se tuma\u010di suprotno od zakona fizike tako \u0161to plava predstavlja hladnu boju, a crvena toplu, iako je u realnosti sasvim druga\u010dije jer plavi objekti u prirodi emituju najtopliju svetlost.<\/p>\n\t\t<\/div>\n\t\t\t\t<div class=\"icon-box-col\">\n\t\t\t<div class=\"icon icon-font icon-wifi-1\"><\/div>\n\t\t\t<h3>TONALITET<\/h3>\n\t\t\t<p>se odnosi na raspon i distribuciju tonova i fino\u0107u gradacije me\u0111u njima. Njihova zasi\u0107enost, svetlina i nijansa odre\u0111uju sveukupni utisak slike.<\/p>\n\t\t<\/div>\n\t\t\t\t<div class=\"icon-box-col\">\n\t\t\t<div class=\"icon icon-font icon-stop\"><\/div>\n\t\t\t<h3>ODNOS VELI\u010cINA<\/h3>\n\t\t\t<p>defini\u0161e dimenzije, proporcije i odnos formi na slici. Njihova ravnote\u017ea se posti\u017ee na vi\u010de na\u010dina - postavljanjem elemenata kompozicije u odre\u0111ene polo\u017eaje, ili pomeranjem aparata.<\/p>\n\t\t<\/div>\n\t\t\t\t<div class=\"icon-box-col\">\n\t\t\t<div class=\"icon icon-font icon-full\"><\/div>\n\t\t\t<h3>PERSPEKTIVA<\/h3>\n\t\t\t<p>pokazuje dubinu prostora u slici. Bilo da je stvarna ili fiktivna, perspektiva pokazuje odnos objekata u kadru i njihov plo\u017eaj u prostoru.<\/p>\n\t\t<\/div>\n\t\t\t<\/div>\n<\/div>\n<\/div>\n\n\t<\/div>\n<\/section>\n<section  class=\"fw-main-row \" style=\"background-color:#ededed;\" >\n\t<div class=\"fw-container-fluid\">\n\t\t<div class=\"fw-row\">\n\t<div class=\"fw-col-xs-12\" style=\"padding-left:15px;padding-right:15px;padding-top:30px;padding-bottom:30px;\">\n\t<h1 class='fw-special-title base tac ' style=''>\n\t<span>PRINICIPI ORGANIZACIJE ELEMENTATA KOMPOZICIJE<\/span>\n\t<\/h1>\t\t\t<div class=\"icon-box2 fw-col-xs-12 fw-col-sm-6 fw-col-md-3 fw-col-lg-3  tac\">\n\t\t<div class=\"icon\"><i class=\"icon-font icon-cancel\"><\/i><\/div>\n\t\t<h3>FOKUS<\/h3>\n\t\t<p>ili, drugim re\u010dima - centar interesovanja, odre\u0111uje \u0161ta privla\u010di pa\u017enju gledaoca.<\/p>\n\t<\/div>\n\t\t<div class=\"icon-box2 fw-col-xs-12 fw-col-sm-6 fw-col-md-3 fw-col-lg-3  tac\">\n\t\t<div class=\"icon\"><i class=\"icon-font icon-photo-camera-1\"><\/i><\/div>\n\t\t<h3>TA\u010cKA GLEDI\u0160TA<\/h3>\n\t\t<p>je subjektivan izbor fotografa. Uop\u0161teno, ta\u010dka gledi\u0161ta predstavlja poziciju sa koje kamera posmatra objekat snimanja.<\/p>\n\t<\/div>\n\t\t<div class=\"icon-box2 fw-col-xs-12 fw-col-sm-6 fw-col-md-3 fw-col-lg-3  tac\">\n\t\t<div class=\"icon\"><i class=\"icon-font icon-musical-note\"><\/i><\/div>\n\t\t<h3>RITAM<\/h3>\n\t\t<p>ili tempo je dvodimenzionalni , geometrijski prikaz ponovljene forme. VIzuelna umetnost, kao i druge umetnosti - muzika, kombinuju ponavljanje i pauze da stvore ritmi\u010dku celinu - bilo da je ona muzi\u010dka, likovna, pa \u010dak i pisci koriste ovo sredstvo kao svojstveni stil.<\/p>\n\t<\/div>\n\t\t<div class=\"icon-box2 fw-col-xs-12 fw-col-sm-6 fw-col-md-3 fw-col-lg-3  tac\">\n\t\t<div class=\"icon\"><i class=\"icon-font icon-record-1\"><\/i><\/div>\n\t\t<h3>ZLATNI PRESEK<\/h3>\n\t\t<p>je specifi\u010dan odnos dve veli\u010dine koji opisuje slede\u0107e matemati\u010dko pravilo: odnos zbira dve veli\u010dine prema ve\u0107oj veli\u010dini je jednak odnosu ve\u0107e veli\u010dine prema manjoj.<\/p>\n\t<\/div>\n\t<\/div>\n<\/div>\n\n\t<\/div>\n<\/section>\n<\/p>\n","protected":false},"excerpt":{"rendered":"<p>Pripremila sam ovde predavanja koja sam svojevremeno pisala za moje \u010dasove u francuskoj gimnaziji u Beogradu \u2013\u00a0\u201cEcole Fran\u00e7aise de Belgrade\u201d.\u017delela sam da organizujem teoriju kompozicije i drugih fotografskih tema na jednom mestu jer, kada sam pripremala lekcije za predavanja, nisam prona\u0161la ni jedan sajt koji u potpunosti analizira teoriju kompozicije u fotografiji, a\u00a0to smatram veoma [&hellip;]<\/p>\n","protected":false},"author":2,"featured_media":0,"parent":0,"menu_order":0,"comment_status":"closed","ping_status":"closed","template":"","meta":{"_acf_changed":false,"advgb_blocks_editor_width":"","advgb_blocks_columns_visual_guide":"","footnotes":""},"class_list":["post-278","page","type-page","status-publish","hentry"],"acf":[],"yoast_head":"<!-- This site is optimized with the Yoast SEO plugin v27.5 - https:\/\/yoast.com\/product\/yoast-seo-wordpress\/ -->\n<title>Teorija - Profesionalni fotograf Beograd, Srbija<\/title>\n<meta name=\"robots\" content=\"index, follow, max-snippet:-1, max-image-preview:large, max-video-preview:-1\" \/>\n<link rel=\"canonical\" href=\"https:\/\/tiyana.net\/sr\/teorija\/\" \/>\n<meta property=\"og:locale\" content=\"sr_RS\" \/>\n<meta property=\"og:type\" content=\"article\" \/>\n<meta property=\"og:title\" content=\"Teorija - Profesionalni fotograf Beograd, Srbija\" \/>\n<meta property=\"og:description\" content=\"Pripremila sam ovde predavanja koja sam svojevremeno pisala za moje \u010dasove u francuskoj gimnaziji u Beogradu \u2013\u00a0\u201cEcole Fran\u00e7aise de Belgrade\u201d.\u017delela sam da organizujem teoriju kompozicije i drugih fotografskih tema na jednom mestu jer, kada sam pripremala lekcije za predavanja, nisam prona\u0161la ni jedan sajt koji u potpunosti analizira teoriju kompozicije u fotografiji, a\u00a0to smatram veoma [&hellip;]\" \/>\n<meta property=\"og:url\" content=\"https:\/\/tiyana.net\/sr\/teorija\/\" \/>\n<meta property=\"og:site_name\" content=\"Profesionalni fotograf Beograd, Srbija\" \/>\n<meta property=\"article:modified_time\" content=\"2017-03-31T12:45:28+00:00\" \/>\n<meta name=\"twitter:card\" content=\"summary_large_image\" \/>\n<meta name=\"twitter:label1\" content=\"\u041f\u0440\u043e\u0446\u0435\u045a\u0435\u043d\u043e \u0432\u0440\u0435\u043c\u0435 \u0447\u0438\u0442\u0430\u045a\u0430\" \/>\n\t<meta name=\"twitter:data1\" content=\"3 \u043c\u0438\u043d\u0443\u0442\u0430\" \/>\n<script type=\"application\/ld+json\" class=\"yoast-schema-graph\">{\"@context\":\"https:\\\/\\\/schema.org\",\"@graph\":[{\"@type\":\"WebPage\",\"@id\":\"https:\\\/\\\/tiyana.net\\\/sr\\\/teorija\\\/\",\"url\":\"https:\\\/\\\/tiyana.net\\\/sr\\\/teorija\\\/\",\"name\":\"Teorija - Profesionalni fotograf Beograd, Srbija\",\"isPartOf\":{\"@id\":\"https:\\\/\\\/tiyana.net\\\/sr\\\/#website\"},\"datePublished\":\"2016-12-20T06:11:07+00:00\",\"dateModified\":\"2017-03-31T12:45:28+00:00\",\"breadcrumb\":{\"@id\":\"https:\\\/\\\/tiyana.net\\\/sr\\\/teorija\\\/#breadcrumb\"},\"inLanguage\":\"sr-RS\",\"potentialAction\":[{\"@type\":\"ReadAction\",\"target\":[\"https:\\\/\\\/tiyana.net\\\/sr\\\/teorija\\\/\"]}]},{\"@type\":\"BreadcrumbList\",\"@id\":\"https:\\\/\\\/tiyana.net\\\/sr\\\/teorija\\\/#breadcrumb\",\"itemListElement\":[{\"@type\":\"ListItem\",\"position\":1,\"name\":\"Home\",\"item\":\"https:\\\/\\\/tiyana.net\\\/sr\\\/\"},{\"@type\":\"ListItem\",\"position\":2,\"name\":\"Teorija\"}]},{\"@type\":\"WebSite\",\"@id\":\"https:\\\/\\\/tiyana.net\\\/sr\\\/#website\",\"url\":\"https:\\\/\\\/tiyana.net\\\/sr\\\/\",\"name\":\"Profesionalni fotograf Beograd, Srbija\",\"description\":\"Profesionalni fotograf specijalizovan za portrete, modnu, reklamnu i produkt fotografiju, foto studio u Beogradu\",\"publisher\":{\"@id\":\"https:\\\/\\\/tiyana.net\\\/sr\\\/#organization\"},\"potentialAction\":[{\"@type\":\"SearchAction\",\"target\":{\"@type\":\"EntryPoint\",\"urlTemplate\":\"https:\\\/\\\/tiyana.net\\\/sr\\\/?s={search_term_string}\"},\"query-input\":{\"@type\":\"PropertyValueSpecification\",\"valueRequired\":true,\"valueName\":\"search_term_string\"}}],\"inLanguage\":\"sr-RS\"},{\"@type\":\"Organization\",\"@id\":\"https:\\\/\\\/tiyana.net\\\/sr\\\/#organization\",\"name\":\"Profesionalni fotograf Beograd, Srbija\",\"url\":\"https:\\\/\\\/tiyana.net\\\/sr\\\/\",\"logo\":{\"@type\":\"ImageObject\",\"inLanguage\":\"sr-RS\",\"@id\":\"https:\\\/\\\/tiyana.net\\\/sr\\\/#\\\/schema\\\/logo\\\/image\\\/\",\"url\":\"https:\\\/\\\/tiyana.net\\\/wp-content\\\/uploads\\\/2022\\\/07\\\/catenamedialogo.jpg\",\"contentUrl\":\"https:\\\/\\\/tiyana.net\\\/wp-content\\\/uploads\\\/2022\\\/07\\\/catenamedialogo.jpg\",\"width\":525,\"height\":525,\"caption\":\"Profesionalni fotograf Beograd, Srbija\"},\"image\":{\"@id\":\"https:\\\/\\\/tiyana.net\\\/sr\\\/#\\\/schema\\\/logo\\\/image\\\/\"}}]}<\/script>\n<!-- \/ Yoast SEO plugin. -->","yoast_head_json":{"title":"Teorija - Profesionalni fotograf Beograd, Srbija","robots":{"index":"index","follow":"follow","max-snippet":"max-snippet:-1","max-image-preview":"max-image-preview:large","max-video-preview":"max-video-preview:-1"},"canonical":"https:\/\/tiyana.net\/sr\/teorija\/","og_locale":"sr_RS","og_type":"article","og_title":"Teorija - Profesionalni fotograf Beograd, Srbija","og_description":"Pripremila sam ovde predavanja koja sam svojevremeno pisala za moje \u010dasove u francuskoj gimnaziji u Beogradu \u2013\u00a0\u201cEcole Fran\u00e7aise de Belgrade\u201d.\u017delela sam da organizujem teoriju kompozicije i drugih fotografskih tema na jednom mestu jer, kada sam pripremala lekcije za predavanja, nisam prona\u0161la ni jedan sajt koji u potpunosti analizira teoriju kompozicije u fotografiji, a\u00a0to smatram veoma [&hellip;]","og_url":"https:\/\/tiyana.net\/sr\/teorija\/","og_site_name":"Profesionalni fotograf Beograd, Srbija","article_modified_time":"2017-03-31T12:45:28+00:00","twitter_card":"summary_large_image","twitter_misc":{"\u041f\u0440\u043e\u0446\u0435\u045a\u0435\u043d\u043e \u0432\u0440\u0435\u043c\u0435 \u0447\u0438\u0442\u0430\u045a\u0430":"3 \u043c\u0438\u043d\u0443\u0442\u0430"},"schema":{"@context":"https:\/\/schema.org","@graph":[{"@type":"WebPage","@id":"https:\/\/tiyana.net\/sr\/teorija\/","url":"https:\/\/tiyana.net\/sr\/teorija\/","name":"Teorija - Profesionalni fotograf Beograd, Srbija","isPartOf":{"@id":"https:\/\/tiyana.net\/sr\/#website"},"datePublished":"2016-12-20T06:11:07+00:00","dateModified":"2017-03-31T12:45:28+00:00","breadcrumb":{"@id":"https:\/\/tiyana.net\/sr\/teorija\/#breadcrumb"},"inLanguage":"sr-RS","potentialAction":[{"@type":"ReadAction","target":["https:\/\/tiyana.net\/sr\/teorija\/"]}]},{"@type":"BreadcrumbList","@id":"https:\/\/tiyana.net\/sr\/teorija\/#breadcrumb","itemListElement":[{"@type":"ListItem","position":1,"name":"Home","item":"https:\/\/tiyana.net\/sr\/"},{"@type":"ListItem","position":2,"name":"Teorija"}]},{"@type":"WebSite","@id":"https:\/\/tiyana.net\/sr\/#website","url":"https:\/\/tiyana.net\/sr\/","name":"Profesionalni fotograf Beograd, Srbija","description":"Profesionalni fotograf specijalizovan za portrete, modnu, reklamnu i produkt fotografiju, foto studio u Beogradu","publisher":{"@id":"https:\/\/tiyana.net\/sr\/#organization"},"potentialAction":[{"@type":"SearchAction","target":{"@type":"EntryPoint","urlTemplate":"https:\/\/tiyana.net\/sr\/?s={search_term_string}"},"query-input":{"@type":"PropertyValueSpecification","valueRequired":true,"valueName":"search_term_string"}}],"inLanguage":"sr-RS"},{"@type":"Organization","@id":"https:\/\/tiyana.net\/sr\/#organization","name":"Profesionalni fotograf Beograd, Srbija","url":"https:\/\/tiyana.net\/sr\/","logo":{"@type":"ImageObject","inLanguage":"sr-RS","@id":"https:\/\/tiyana.net\/sr\/#\/schema\/logo\/image\/","url":"https:\/\/tiyana.net\/wp-content\/uploads\/2022\/07\/catenamedialogo.jpg","contentUrl":"https:\/\/tiyana.net\/wp-content\/uploads\/2022\/07\/catenamedialogo.jpg","width":525,"height":525,"caption":"Profesionalni fotograf Beograd, Srbija"},"image":{"@id":"https:\/\/tiyana.net\/sr\/#\/schema\/logo\/image\/"}}]}},"coauthors":[],"author_meta":{"author_link":"https:\/\/tiyana.net\/sr\/author\/tiyana\/","display_name":"Tiyana"},"relative_dates":{"created":"Posted 9 \u0433\u043e\u0434\u0438\u043d\u0430 ago","modified":"Updated 9 \u0433\u043e\u0434\u0438\u043d\u0430 ago"},"absolute_dates":{"created":"Posted on 20. decembar 2016.","modified":"Updated on 31. mart 2017."},"absolute_dates_time":{"created":"Posted on 20. decembar 2016. 06:11 ","modified":"Updated on 31. mart 2017. 12:45 "},"featured_img_caption":"","featured_img":false,"series_order":"","_links":{"self":[{"href":"https:\/\/tiyana.net\/sr\/wp-json\/wp\/v2\/pages\/278","targetHints":{"allow":["GET"]}}],"collection":[{"href":"https:\/\/tiyana.net\/sr\/wp-json\/wp\/v2\/pages"}],"about":[{"href":"https:\/\/tiyana.net\/sr\/wp-json\/wp\/v2\/types\/page"}],"author":[{"embeddable":true,"href":"https:\/\/tiyana.net\/sr\/wp-json\/wp\/v2\/users\/2"}],"replies":[{"embeddable":true,"href":"https:\/\/tiyana.net\/sr\/wp-json\/wp\/v2\/comments?post=278"}],"version-history":[{"count":0,"href":"https:\/\/tiyana.net\/sr\/wp-json\/wp\/v2\/pages\/278\/revisions"}],"wp:attachment":[{"href":"https:\/\/tiyana.net\/sr\/wp-json\/wp\/v2\/media?parent=278"}],"curies":[{"name":"wp","href":"https:\/\/api.w.org\/{rel}","templated":true}]}}