{"id":2451,"date":"2017-04-27T10:53:03","date_gmt":"2017-04-27T10:53:03","guid":{"rendered":"https:\/\/tiyana.net\/?page_id=2451\/"},"modified":"2024-11-05T06:06:58","modified_gmt":"2024-11-05T05:06:58","slug":"tragovima-fantoma","status":"publish","type":"page","link":"https:\/\/tiyana.net\/sr\/tragovima-fantoma\/","title":{"rendered":"Tragovima fantoma"},"content":{"rendered":"<p><section  class=\"fw-main-row \"  >\n\t<div class=\"fw-container\">\n\t\t<div class=\"fw-row\">\n\t<div class=\"fw-col-xs-12\" style=\"\">\n\t\n<p style=\"text-align: center;\"><em>April 2017<\/em><\/p><p>Mislila sam da je \"medijski mrak\" samo jo\u0161 jedan popularan izraz u poslednje vreme. Ipak, nakon \u0161to sam se vratila sa protesta pre neki dan, nisam isprva videla ni jedan televizijski prilog o tome. Kasnije sam nai\u0161la na internetu na prilog Studija B o protestu i zaklju\u010dila sam da \"medijski mrak\" nije samo fraza.<\/p><p>Naime, u Beogradu se odr\u017eavaju protesti inicijative <em>Ne da(vi)mo Beograd<\/em> koja organizuje okupljanje gra\u0111ana jo\u0161 od aprila 2015. godine. Budu\u0107i da su ovi doga\u0111aji u po\u010detku ignorisani od strane medija, a kasnije povr\u0161no, a katkad i neistinito izve\u0161tavani, osetila sam du\u017enost da zabele\u017eim de\u0161avanja na ulici.<\/p>\n<img decoding=\"async\" src=\"\/\/tiyana.net\/wp-content\/uploads\/2017\/04\/Protest-Belgrade-Waterfront.jpg\" alt=\"Protest in Hercegovacka street\" \/><\/div>\n<\/div>\n\n\t<\/div>\n<\/section>\n<div  class=\"fw-main-row \" style=\"background-color:#ededed;\" >\n\t<div class=\"fw-container-fluid\">\n\t\t<div class=\"fw-row\">\n\t<div class=\"fw-col-xs-12\" style=\"\">\n\t<h4 class='fw-special-title heading-decor tac ' style=''>\n\t<span>Transparenti<\/span>\n\t<\/h4>\n<!-- Reviews slider -->\n<div class=\"reviews-slider reviews-slider-69fb07936a8fb\">\n\t\t<div class=\"item\">\n\t\t\t\t<div class=\"image\"><img decoding=\"async\" src=\"\/\/tiyana.net\/wp-content\/uploads\/2017\/04\/Protest-Nas-Grad-thumbnail.jpg\" alt=\"Na\u0161 grad\"><\/div>\n\t\t\t\t<div class=\"text\">Odnosi se na prisvajanje gradske povr\u0161ine. Odnosi se i na prodaju obale reke za izvr\u0161enje kontraverznog projekta Beograd na vodi. Odgovor je i na hashtag popularan na dru\u0161tvenim mre\u017eama #cijigrad.<\/div>\n\t\t<div class=\"name\">Na\u0161 grad<\/div>\n\t\t<div class=\"post\"><\/div>\n\t<\/div>\n\t\t<div class=\"item\">\n\t\t\t\t<div class=\"image\"><img decoding=\"async\" src=\"\/\/tiyana.net\/wp-content\/uploads\/2017\/04\/Protest-Mali-Idiote-thumbnail.jpg\" alt=\"Mali idiote\"><\/div>\n\t\t\t\t<div class=\"text\">Prozivka za ostavku gradona\u010delnika Sini\u0161e Malog koji do dana dana\u0161enjeg nije dao izjavu za doga\u0111aje u Hercegova\u010dkoj.<\/div>\n\t\t<div class=\"name\">Mali idiote<\/div>\n\t\t<div class=\"post\"><\/div>\n\t<\/div>\n\t\t<div class=\"item\">\n\t\t\t\t<div class=\"image\"><img decoding=\"async\" src=\"\/\/tiyana.net\/wp-content\/uploads\/2017\/04\/Protest-Slinisa-thumbnail.jpg\" alt=\"Slini\u0161a\"><\/div>\n\t\t\t\t<div class=\"text\">Prozivka namenjena gradona\u010delniku.<\/div>\n\t\t<div class=\"name\">Slini\u0161a<\/div>\n\t\t<div class=\"post\"><\/div>\n\t<\/div>\n\t\t<div class=\"item\">\n\t\t\t\t<div class=\"image\"><img decoding=\"async\" src=\"\/\/tiyana.net\/wp-content\/uploads\/2017\/04\/Protest-Yellow-Duck-thumbnail.jpg\" alt=\"Patka\"><\/div>\n\t\t\t\t<div class=\"text\">\u017duta patka inicijative Ne da(vi)mo Beograd predstavlja prevaru - politi\u010dku ili novinarsku.<\/div>\n\t\t<div class=\"name\">Patka<\/div>\n\t\t<div class=\"post\"><\/div>\n\t<\/div>\n\t\t<div class=\"item\">\n\t\t\t\t<div class=\"image\"><img decoding=\"async\" src=\"\/\/tiyana.net\/wp-content\/uploads\/2017\/04\/Protest-National-Assembly-thumbnail.jpg\" alt=\"Zatvorska uniforma\"><\/div>\n\t\t\t\t<div class=\"text\">Predstavlja direktnu poruku da treba procesuirati zakonskim putem odgovorne na vlasti za nedela u Hercegova\u010dkoj i u celom projektu Savamala.<\/div>\n\t\t<div class=\"name\">Zatvorska uniforma<\/div>\n\t\t<div class=\"post\"><\/div>\n\t<\/div>\n\t\t<div class=\"item\">\n\t\t\t\t<div class=\"image\"><img decoding=\"async\" src=\"\/\/tiyana.net\/wp-content\/uploads\/2017\/04\/Protest-Pace-Flag-thumbnail.jpg\" alt=\"Zastava &quot;Pace&quot;\"><\/div>\n\t\t\t\t<div class=\"text\">Me\u0111unarodni simbol mirovnog pokreta.<\/div>\n\t\t<div class=\"name\">Zastava &quot;Pace&quot;<\/div>\n\t\t<div class=\"post\"><\/div>\n\t<\/div>\n\t<\/div>\n<!-- END Reviews slider --><\/div>\n<\/div>\n\n\t<\/div>\n<\/div>\n<section  class=\"fw-main-row \"  >\n\t<div class=\"fw-container\">\n\t\t<div class=\"fw-row\">\n\t<div class=\"fw-col-xs-12\" style=\"\">\n\t<img decoding=\"async\" src=\"\/\/tiyana.net\/wp-content\/uploads\/2017\/04\/Protest-people.jpg\" alt=\"Protesters in crowd\" \/><img decoding=\"async\" src=\"\/\/tiyana.net\/wp-content\/uploads\/2017\/04\/Protest-Slinisa.jpg\" alt=\"Protest in Belgrade\" \/><img decoding=\"async\" src=\"\/\/tiyana.net\/wp-content\/uploads\/2017\/04\/Protest-Hercegovacka.jpg\" alt=\"Protest in Hercegovacka street\" \/><\/div>\n<\/div>\n\n\t<\/div>\n<\/section>\n<div  class=\"fw-main-row \" style=\"background-color:#ededed;\" >\n\t<div class=\"fw-container-fluid\">\n\t\t<div class=\"fw-row\">\n\t<div class=\"fw-col-xs-12\" style=\"\">\n\t<h3 class='fw-special-title heading-decor tac ' style=''>\n\t<span>Kontroverze oko broja u\u010desnika protesta<\/span>\n\t<\/h3><\/div>\n<\/div>\n\n<div class=\"fw-row\">\n\t<div class=\"fw-col-xs-12 fw-col-sm-6\" style=\"\">\n\t<h4 class='fw-special-title heading-decor  ' style=''>\n\t<span>Marka \u017dvaka i brojanje ljudi<\/span>\n\t<\/h4>\n<p>Budu\u0107i da je protest ignorisan od strane medija, prepiranje po dru\u0161tvenim mre\u017eama je eskaliralo.\u00a0To je jedini prostor na kojem je ovo gra\u0111ansko izra\u017eavanje nezadovoljstva moglo da iza\u0111e iz anonimnosti. I\u00a0dalje se vrti pri\u010da oko toga koliki je broj\u00a0u\u010desnika, mediji uporno osporavaju \u010dinjenice i sam protest se dovodi u pitanje. \u010cak je i poznati internet i youtube dvojac <a href=\"http:\/\/markazvaka.net\">Marka \u017dvaka<\/a> objavio video snimak koji se doslovce odnosi na brojanje ljudi. Na internetu se mogu prona\u0107i brojne slike koje su kontradiktorne sa izve\u0161tavanjem takozvanog javnog servisa i ostalih nacionalnih i lokalnih televizija o protestu.<\/p>\n\n<p><iframe loading=\"lazy\" src=\"https:\/\/www.youtube.com\/embed\/FVXDuc3egR0?ecver=1\" width=\"560\" height=\"315\" frameborder=\"0\" allowfullscreen=\"allowfullscreen\"><\/iframe><\/p>\n<\/div>\n<div class=\"fw-col-xs-12 fw-col-sm-6\" style=\"\">\n\t<h4 class='fw-special-title heading-decor  ' style=''>\n\t<span>Tragovima fantoma<\/span>\n\t<\/h4>\n<p>Pogledajte snimak samo jednog od retkih i neistinitih izve\u0161tavanja o protestima. Sramno i maliciozno izve\u0161tavanje Studija B sam izabrala po\u0161to se radi ba\u0161 o protestu koji je na fotografijama na ovoj stranici, odr\u017eanom na godi\u0161njicu ru\u0161enja u Hercegova\u010dkoj. U prilogu se prikazuje fotografija protesta koja nije realna. Nije mi jasno kada je to fotografisano. Navodi se da u protestu ima nekoliko stotina u\u010desnika. Li\u010dno sam bila tamo i sve fotografije koje mo\u017eete videti na ovoj stranici su ba\u0161 sa tog protesta. Procenite sami.<\/p>\n\n<p><iframe loading=\"lazy\" style=\"border: none; overflow: hidden;\" src=\"https:\/\/www.facebook.com\/plugins\/video.php?href=https%3A%2F%2Fwww.facebook.com%2Fnedavimobeograd%2Fvideos%2F812743455569828%2F&amp;show_text=0&amp;width=400\" width=\"400\" height=\"400\" frameborder=\"0\" scrolling=\"no\" allowfullscreen=\"allowfullscreen\"><\/iframe><\/p>\n<\/div>\n<\/div>\n\n\t<\/div>\n<\/div>\n<section  class=\"fw-main-row \"  >\n\t<div class=\"fw-container\">\n\t\t<div class=\"fw-row\">\n\t<div class=\"fw-col-xs-12\" style=\"\">\n\t<img decoding=\"async\" src=\"\/\/tiyana.net\/wp-content\/uploads\/2017\/04\/Protest-walk.jpg\" alt=\"\/\/tiyana.net\/wp-content\/uploads\/2017\/04\/Protest-walk.jpg\" \/><img decoding=\"async\" src=\"\/\/tiyana.net\/wp-content\/uploads\/2017\/04\/Protest-joy-kid.jpg\" alt=\"Protest kid\" \/><img decoding=\"async\" src=\"\/\/tiyana.net\/wp-content\/uploads\/2017\/04\/Protest-Gouvernment-with-toilet-paper.jpg\" alt=\"Toilet paper on government building\" \/><img decoding=\"async\" src=\"\/\/tiyana.net\/wp-content\/uploads\/2017\/04\/Protest-Mali-Idiote.jpg\" alt=\"Protest Banner\" \/><img decoding=\"async\" src=\"\/\/tiyana.net\/wp-content\/uploads\/2017\/04\/Protest-middle-finger-up.jpg\" alt=\"Middle fingers pointing toward National Assembly\" \/><img decoding=\"async\" src=\"\/\/tiyana.net\/wp-content\/uploads\/2017\/04\/Protest-crowd-baby-up.jpg\" alt=\"Baby in crowd\" \/><img decoding=\"async\" src=\"\/\/tiyana.net\/wp-content\/uploads\/2017\/04\/Protest-smoke-with-pace-flag.jpg\" alt=\"\/\/tiyana.net\/wp-content\/uploads\/2017\/04\/Protest-smoke-with-pace-flag.jpg\" \/><img decoding=\"async\" src=\"\/\/tiyana.net\/wp-content\/uploads\/2017\/04\/Protest-Yellow-Duck.jpg\" alt=\"\/\/tiyana.net\/wp-content\/uploads\/2017\/04\/Protest-Yellow-Duck.jpg\" \/><img decoding=\"async\" src=\"\/\/tiyana.net\/wp-content\/uploads\/2017\/04\/Protest-Zbog-Slobode.jpg\" alt=\"\/\/tiyana.net\/wp-content\/uploads\/2017\/04\/Protest-Zbog-Slobode.jpg\" \/><img decoding=\"async\" src=\"\/\/tiyana.net\/wp-content\/uploads\/2017\/04\/Protest-smoke-and-flags.jpg\" alt=\"\/\/tiyana.net\/wp-content\/uploads\/2017\/04\/Protest-smoke-and-flags.jpg\" \/><img decoding=\"async\" src=\"\/\/tiyana.net\/wp-content\/uploads\/2017\/04\/Protest-Pace-Flag.jpg\" alt=\"Protesters with Pace flag\" \/><img decoding=\"async\" src=\"\/\/tiyana.net\/wp-content\/uploads\/2017\/04\/Protest-National-Assembly.jpg\" alt=\"Banner with jail uniform\" \/><img decoding=\"async\" src=\"\/\/tiyana.net\/wp-content\/uploads\/2017\/04\/Protest-crowd.jpg\" alt=\"Baby in protest crowd\" \/><img decoding=\"async\" src=\"\/\/tiyana.net\/wp-content\/uploads\/2017\/04\/Protest-Nas-Grad.jpg\" alt=\"Protest Our City\" \/><\/div>\n<\/div>\n\n\t<\/div>\n<\/section>\n<section  class=\"fw-main-row \"  >\n\t<div class=\"fw-container\">\n\t\t<div class=\"fw-row\">\n\t<div class=\"fw-col-xs-12\" style=\"\">\n\t\n<p>Hvala. Dobrice. Na toj baklji u mraku.<\/p>\n<img decoding=\"async\" src=\"\/\/tiyana.net\/wp-content\/uploads\/2017\/04\/Dobrica-Veselinovic-1.jpg\" alt=\"guy with flambeau on protest\" \/><\/div>\n<\/div>\n\n\t<\/div>\n<\/section>\n<\/p>\n","protected":false},"excerpt":{"rendered":"<p>April 2017Mislila sam da je &#8222;medijski mrak&#8220; samo jo\u0161 jedan popularan izraz u poslednje vreme. Ipak, nakon \u0161to sam se vratila sa protesta pre neki dan, nisam isprva videla ni jedan televizijski prilog o tome. Kasnije sam nai\u0161la na internetu na prilog Studija B o protestu i zaklju\u010dila sam da &#8222;medijski mrak&#8220; nije samo fraza.Naime, [&hellip;]<\/p>\n","protected":false},"author":2,"featured_media":2521,"parent":0,"menu_order":0,"comment_status":"open","ping_status":"closed","template":"","meta":{"_acf_changed":false,"advgb_blocks_editor_width":"","advgb_blocks_columns_visual_guide":"","footnotes":""},"class_list":["post-2451","page","type-page","status-publish","has-post-thumbnail","hentry"],"acf":[],"yoast_head":"<!-- This site is optimized with the Yoast SEO plugin v27.5 - https:\/\/yoast.com\/product\/yoast-seo-wordpress\/ -->\n<title>Tragovima fantoma - Profesionalni fotograf Beograd, Srbija<\/title>\n<meta name=\"description\" content=\"Fotografije protesta \u201eTragovima fantoma\u201c koji je odr\u017ean na godi\u0161njicu ru\u0161enja u Hercegova\u010dkoj u Beogradu, u organizaciji inicijative \u201eNe da(vi)mo Beograd\u201c.\" \/>\n<meta name=\"robots\" content=\"index, follow, max-snippet:-1, max-image-preview:large, max-video-preview:-1\" \/>\n<link rel=\"canonical\" href=\"https:\/\/tiyana.net\/sr\/tragovima-fantoma\/\" \/>\n<meta property=\"og:locale\" content=\"sr_RS\" \/>\n<meta property=\"og:type\" content=\"article\" \/>\n<meta property=\"og:title\" content=\"Tragovima fantoma - Profesionalni fotograf Beograd, Srbija\" \/>\n<meta property=\"og:description\" content=\"Fotografije protesta \u201eTragovima fantoma\u201c koji je odr\u017ean na godi\u0161njicu ru\u0161enja u Hercegova\u010dkoj u Beogradu, u organizaciji inicijative \u201eNe da(vi)mo Beograd\u201c.\" \/>\n<meta property=\"og:url\" content=\"https:\/\/tiyana.net\/sr\/tragovima-fantoma\/\" \/>\n<meta property=\"og:site_name\" content=\"Profesionalni fotograf Beograd, Srbija\" \/>\n<meta property=\"article:modified_time\" content=\"2024-11-05T05:06:58+00:00\" \/>\n<meta property=\"og:image\" content=\"https:\/\/tiyana.net\/wp-content\/uploads\/2017\/04\/Protest-Nas-Grad.jpg\" \/>\n\t<meta property=\"og:image:width\" content=\"1170\" \/>\n\t<meta property=\"og:image:height\" content=\"780\" \/>\n\t<meta property=\"og:image:type\" content=\"image\/jpeg\" \/>\n<meta name=\"twitter:card\" content=\"summary_large_image\" \/>\n<meta name=\"twitter:label1\" content=\"\u041f\u0440\u043e\u0446\u0435\u045a\u0435\u043d\u043e \u0432\u0440\u0435\u043c\u0435 \u0447\u0438\u0442\u0430\u045a\u0430\" \/>\n\t<meta name=\"twitter:data1\" content=\"7 \u043c\u0438\u043d\u0443\u0442\u0430\" \/>\n<script type=\"application\/ld+json\" class=\"yoast-schema-graph\">{\"@context\":\"https:\\\/\\\/schema.org\",\"@graph\":[{\"@type\":\"WebPage\",\"@id\":\"https:\\\/\\\/tiyana.net\\\/sr\\\/tragovima-fantoma\\\/\",\"url\":\"https:\\\/\\\/tiyana.net\\\/sr\\\/tragovima-fantoma\\\/\",\"name\":\"Tragovima fantoma - Profesionalni fotograf Beograd, Srbija\",\"isPartOf\":{\"@id\":\"https:\\\/\\\/tiyana.net\\\/sr\\\/#website\"},\"primaryImageOfPage\":{\"@id\":\"https:\\\/\\\/tiyana.net\\\/sr\\\/tragovima-fantoma\\\/#primaryimage\"},\"image\":{\"@id\":\"https:\\\/\\\/tiyana.net\\\/sr\\\/tragovima-fantoma\\\/#primaryimage\"},\"thumbnailUrl\":\"https:\\\/\\\/tiyana.net\\\/wp-content\\\/uploads\\\/2017\\\/04\\\/Protest-Nas-Grad.jpg\",\"datePublished\":\"2017-04-27T10:53:03+00:00\",\"dateModified\":\"2024-11-05T05:06:58+00:00\",\"description\":\"Fotografije protesta \u201eTragovima fantoma\u201c koji je odr\u017ean na godi\u0161njicu ru\u0161enja u Hercegova\u010dkoj u Beogradu, u organizaciji inicijative \u201eNe da(vi)mo Beograd\u201c.\",\"breadcrumb\":{\"@id\":\"https:\\\/\\\/tiyana.net\\\/sr\\\/tragovima-fantoma\\\/#breadcrumb\"},\"inLanguage\":\"sr-RS\",\"potentialAction\":[{\"@type\":\"ReadAction\",\"target\":[\"https:\\\/\\\/tiyana.net\\\/sr\\\/tragovima-fantoma\\\/\"]}]},{\"@type\":\"ImageObject\",\"inLanguage\":\"sr-RS\",\"@id\":\"https:\\\/\\\/tiyana.net\\\/sr\\\/tragovima-fantoma\\\/#primaryimage\",\"url\":\"https:\\\/\\\/tiyana.net\\\/wp-content\\\/uploads\\\/2017\\\/04\\\/Protest-Nas-Grad.jpg\",\"contentUrl\":\"https:\\\/\\\/tiyana.net\\\/wp-content\\\/uploads\\\/2017\\\/04\\\/Protest-Nas-Grad.jpg\",\"width\":1170,\"height\":780,\"caption\":\"Protest Our City\"},{\"@type\":\"BreadcrumbList\",\"@id\":\"https:\\\/\\\/tiyana.net\\\/sr\\\/tragovima-fantoma\\\/#breadcrumb\",\"itemListElement\":[{\"@type\":\"ListItem\",\"position\":1,\"name\":\"Home\",\"item\":\"https:\\\/\\\/tiyana.net\\\/sr\\\/\"},{\"@type\":\"ListItem\",\"position\":2,\"name\":\"Tragovima fantoma\"}]},{\"@type\":\"WebSite\",\"@id\":\"https:\\\/\\\/tiyana.net\\\/sr\\\/#website\",\"url\":\"https:\\\/\\\/tiyana.net\\\/sr\\\/\",\"name\":\"Profesionalni fotograf Beograd, Srbija\",\"description\":\"Profesionalni fotograf specijalizovan za portrete, modnu, reklamnu i produkt fotografiju, foto studio u Beogradu\",\"publisher\":{\"@id\":\"https:\\\/\\\/tiyana.net\\\/sr\\\/#organization\"},\"potentialAction\":[{\"@type\":\"SearchAction\",\"target\":{\"@type\":\"EntryPoint\",\"urlTemplate\":\"https:\\\/\\\/tiyana.net\\\/sr\\\/?s={search_term_string}\"},\"query-input\":{\"@type\":\"PropertyValueSpecification\",\"valueRequired\":true,\"valueName\":\"search_term_string\"}}],\"inLanguage\":\"sr-RS\"},{\"@type\":\"Organization\",\"@id\":\"https:\\\/\\\/tiyana.net\\\/sr\\\/#organization\",\"name\":\"Profesionalni fotograf Beograd, Srbija\",\"url\":\"https:\\\/\\\/tiyana.net\\\/sr\\\/\",\"logo\":{\"@type\":\"ImageObject\",\"inLanguage\":\"sr-RS\",\"@id\":\"https:\\\/\\\/tiyana.net\\\/sr\\\/#\\\/schema\\\/logo\\\/image\\\/\",\"url\":\"https:\\\/\\\/tiyana.net\\\/wp-content\\\/uploads\\\/2022\\\/07\\\/catenamedialogo.jpg\",\"contentUrl\":\"https:\\\/\\\/tiyana.net\\\/wp-content\\\/uploads\\\/2022\\\/07\\\/catenamedialogo.jpg\",\"width\":525,\"height\":525,\"caption\":\"Profesionalni fotograf Beograd, Srbija\"},\"image\":{\"@id\":\"https:\\\/\\\/tiyana.net\\\/sr\\\/#\\\/schema\\\/logo\\\/image\\\/\"}}]}<\/script>\n<!-- \/ Yoast SEO plugin. -->","yoast_head_json":{"title":"Tragovima fantoma - Profesionalni fotograf Beograd, Srbija","description":"Fotografije protesta \u201eTragovima fantoma\u201c koji je odr\u017ean na godi\u0161njicu ru\u0161enja u Hercegova\u010dkoj u Beogradu, u organizaciji inicijative \u201eNe da(vi)mo Beograd\u201c.","robots":{"index":"index","follow":"follow","max-snippet":"max-snippet:-1","max-image-preview":"max-image-preview:large","max-video-preview":"max-video-preview:-1"},"canonical":"https:\/\/tiyana.net\/sr\/tragovima-fantoma\/","og_locale":"sr_RS","og_type":"article","og_title":"Tragovima fantoma - Profesionalni fotograf Beograd, Srbija","og_description":"Fotografije protesta \u201eTragovima fantoma\u201c koji je odr\u017ean na godi\u0161njicu ru\u0161enja u Hercegova\u010dkoj u Beogradu, u organizaciji inicijative \u201eNe da(vi)mo Beograd\u201c.","og_url":"https:\/\/tiyana.net\/sr\/tragovima-fantoma\/","og_site_name":"Profesionalni fotograf Beograd, Srbija","article_modified_time":"2024-11-05T05:06:58+00:00","og_image":[{"width":1170,"height":780,"url":"https:\/\/tiyana.net\/wp-content\/uploads\/2017\/04\/Protest-Nas-Grad.jpg","type":"image\/jpeg"}],"twitter_card":"summary_large_image","twitter_misc":{"\u041f\u0440\u043e\u0446\u0435\u045a\u0435\u043d\u043e \u0432\u0440\u0435\u043c\u0435 \u0447\u0438\u0442\u0430\u045a\u0430":"7 \u043c\u0438\u043d\u0443\u0442\u0430"},"schema":{"@context":"https:\/\/schema.org","@graph":[{"@type":"WebPage","@id":"https:\/\/tiyana.net\/sr\/tragovima-fantoma\/","url":"https:\/\/tiyana.net\/sr\/tragovima-fantoma\/","name":"Tragovima fantoma - Profesionalni fotograf Beograd, Srbija","isPartOf":{"@id":"https:\/\/tiyana.net\/sr\/#website"},"primaryImageOfPage":{"@id":"https:\/\/tiyana.net\/sr\/tragovima-fantoma\/#primaryimage"},"image":{"@id":"https:\/\/tiyana.net\/sr\/tragovima-fantoma\/#primaryimage"},"thumbnailUrl":"https:\/\/tiyana.net\/wp-content\/uploads\/2017\/04\/Protest-Nas-Grad.jpg","datePublished":"2017-04-27T10:53:03+00:00","dateModified":"2024-11-05T05:06:58+00:00","description":"Fotografije protesta \u201eTragovima fantoma\u201c koji je odr\u017ean na godi\u0161njicu ru\u0161enja u Hercegova\u010dkoj u Beogradu, u organizaciji inicijative \u201eNe da(vi)mo Beograd\u201c.","breadcrumb":{"@id":"https:\/\/tiyana.net\/sr\/tragovima-fantoma\/#breadcrumb"},"inLanguage":"sr-RS","potentialAction":[{"@type":"ReadAction","target":["https:\/\/tiyana.net\/sr\/tragovima-fantoma\/"]}]},{"@type":"ImageObject","inLanguage":"sr-RS","@id":"https:\/\/tiyana.net\/sr\/tragovima-fantoma\/#primaryimage","url":"https:\/\/tiyana.net\/wp-content\/uploads\/2017\/04\/Protest-Nas-Grad.jpg","contentUrl":"https:\/\/tiyana.net\/wp-content\/uploads\/2017\/04\/Protest-Nas-Grad.jpg","width":1170,"height":780,"caption":"Protest Our City"},{"@type":"BreadcrumbList","@id":"https:\/\/tiyana.net\/sr\/tragovima-fantoma\/#breadcrumb","itemListElement":[{"@type":"ListItem","position":1,"name":"Home","item":"https:\/\/tiyana.net\/sr\/"},{"@type":"ListItem","position":2,"name":"Tragovima fantoma"}]},{"@type":"WebSite","@id":"https:\/\/tiyana.net\/sr\/#website","url":"https:\/\/tiyana.net\/sr\/","name":"Profesionalni fotograf Beograd, Srbija","description":"Profesionalni fotograf specijalizovan za portrete, modnu, reklamnu i produkt fotografiju, foto studio u Beogradu","publisher":{"@id":"https:\/\/tiyana.net\/sr\/#organization"},"potentialAction":[{"@type":"SearchAction","target":{"@type":"EntryPoint","urlTemplate":"https:\/\/tiyana.net\/sr\/?s={search_term_string}"},"query-input":{"@type":"PropertyValueSpecification","valueRequired":true,"valueName":"search_term_string"}}],"inLanguage":"sr-RS"},{"@type":"Organization","@id":"https:\/\/tiyana.net\/sr\/#organization","name":"Profesionalni fotograf Beograd, Srbija","url":"https:\/\/tiyana.net\/sr\/","logo":{"@type":"ImageObject","inLanguage":"sr-RS","@id":"https:\/\/tiyana.net\/sr\/#\/schema\/logo\/image\/","url":"https:\/\/tiyana.net\/wp-content\/uploads\/2022\/07\/catenamedialogo.jpg","contentUrl":"https:\/\/tiyana.net\/wp-content\/uploads\/2022\/07\/catenamedialogo.jpg","width":525,"height":525,"caption":"Profesionalni fotograf Beograd, Srbija"},"image":{"@id":"https:\/\/tiyana.net\/sr\/#\/schema\/logo\/image\/"}}]}},"coauthors":[],"author_meta":{"author_link":"https:\/\/tiyana.net\/sr\/author\/tiyana\/","display_name":"Tiyana"},"relative_dates":{"created":"Posted 9 \u0433\u043e\u0434\u0438\u043d\u0430 ago","modified":"Updated 1 \u0433\u043e\u0434\u0438\u043d\u0430 ago"},"absolute_dates":{"created":"Posted on 27. april 2017.","modified":"Updated on 5. novembar 2024."},"absolute_dates_time":{"created":"Posted on 27. april 2017. 10:53 ","modified":"Updated on 5. novembar 2024. 06:06 "},"featured_img_caption":"","featured_img":"https:\/\/tiyana.net\/wp-content\/uploads\/2017\/04\/Protest-Nas-Grad.jpg","series_order":"","_links":{"self":[{"href":"https:\/\/tiyana.net\/sr\/wp-json\/wp\/v2\/pages\/2451","targetHints":{"allow":["GET"]}}],"collection":[{"href":"https:\/\/tiyana.net\/sr\/wp-json\/wp\/v2\/pages"}],"about":[{"href":"https:\/\/tiyana.net\/sr\/wp-json\/wp\/v2\/types\/page"}],"author":[{"embeddable":true,"href":"https:\/\/tiyana.net\/sr\/wp-json\/wp\/v2\/users\/2"}],"replies":[{"embeddable":true,"href":"https:\/\/tiyana.net\/sr\/wp-json\/wp\/v2\/comments?post=2451"}],"version-history":[{"count":0,"href":"https:\/\/tiyana.net\/sr\/wp-json\/wp\/v2\/pages\/2451\/revisions"}],"wp:featuredmedia":[{"embeddable":true,"href":"https:\/\/tiyana.net\/sr\/wp-json\/wp\/v2\/media\/2521"}],"wp:attachment":[{"href":"https:\/\/tiyana.net\/sr\/wp-json\/wp\/v2\/media?parent=2451"}],"curies":[{"name":"wp","href":"https:\/\/api.w.org\/{rel}","templated":true}]}}