{"id":216,"date":"2016-12-20T05:54:24","date_gmt":"2016-12-20T05:54:24","guid":{"rendered":"https:\/\/tiyana.net\/?page_id=216\/"},"modified":"2024-11-04T16:52:58","modified_gmt":"2024-11-04T15:52:58","slug":"vatrogasci","status":"publish","type":"page","link":"https:\/\/tiyana.net\/sr\/vatrogasci\/","title":{"rendered":"Vatrogasci"},"content":{"rendered":"\n<p><strong>Dokumentarna pri\u010da o vatrogascima <\/strong>&#8211; hrabrim ljudima koji su zaista savremeni heroji, koji se bore sa svakodnevnim te\u0161ko\u0107ama koje \u017eivot donosi. Ovo je serija fotografija koju sam radila u prvoj smeni tri meseca sa vatrogascima u poku\u0161aju da upotpunim pri\u010du za diplomski rad iz fotografije na Fakultetu primenjenih umetnosti 2010. godine na temu: <strong>Savremeni heroji<\/strong>. Tada sam imala fotoaparat Canon 30D. Iako sam i\u0161\u010dekivala da se desi neka nesre\u0107a (Bo\u017ee oprosti?!), vatrogasci su se \u010desto zafrkavali da sam njihova &#8222;talija&#8220; jer su druge smene imale mnogo posla, a od kako sam se ja pojavila, oni se nisu mnogo namu\u010dili. Kad stignem u smenu, de\u0161avalo se da se \u0161ale &#8211; &#8222;\u0160teta, propustila si po\u017ear pre sat vremena u prethodnoj smeni!&#8220; Spavala sam i budila se i uskakala u njihov kamion u pola no\u0107i, ali na ne\u010diju sre\u0107u, nije bilo velikih nezgoda&#8230; osim jedne nesre\u0107e koja se desila na magistrali poslednjih dana mog rada sa njima. Imala sam tek ne\u0161to malo materijala za diplomski rad nakon tri meseca, ali smo u me\u0111uvremenu postali prijatelji za uvek.<\/p>\n\n\n\n<div style=\"height:20px\" aria-hidden=\"true\" class=\"wp-block-spacer\"><\/div>\n\n\n\n<figure class=\"wp-block-gallery has-nested-images columns-default is-cropped wp-block-gallery-1 is-layout-flex wp-block-gallery-is-layout-flex\">\n<figure class=\"wp-block-image size-large\"><a href=\"https:\/\/tiyana.net\/wp-content\/uploads\/2016\/12\/002-Firefighters.jpg\"><img loading=\"lazy\" decoding=\"async\" width=\"736\" height=\"490\" data-id=\"3323\" src=\"https:\/\/tiyana.net\/wp-content\/uploads\/2016\/12\/002-Firefighters.jpg\" alt=\"\" class=\"wp-image-3323\" srcset=\"https:\/\/tiyana.net\/wp-content\/uploads\/2016\/12\/002-Firefighters.jpg 736w, https:\/\/tiyana.net\/wp-content\/uploads\/2016\/12\/002-Firefighters-600x399.jpg 600w\" sizes=\"auto, (max-width: 736px) 100vw, 736px\" \/><\/a><\/figure>\n\n\n\n<figure class=\"wp-block-image size-large\"><a href=\"https:\/\/tiyana.net\/wp-content\/uploads\/2016\/12\/001-Firefighters.jpg\"><img loading=\"lazy\" decoding=\"async\" width=\"736\" height=\"490\" data-id=\"3321\" src=\"https:\/\/tiyana.net\/wp-content\/uploads\/2016\/12\/001-Firefighters.jpg\" alt=\"\" class=\"wp-image-3321\" srcset=\"https:\/\/tiyana.net\/wp-content\/uploads\/2016\/12\/001-Firefighters.jpg 736w, https:\/\/tiyana.net\/wp-content\/uploads\/2016\/12\/001-Firefighters-600x399.jpg 600w\" sizes=\"auto, (max-width: 736px) 100vw, 736px\" \/><\/a><\/figure>\n\n\n\n<figure class=\"wp-block-image size-large\"><a href=\"https:\/\/tiyana.net\/wp-content\/uploads\/2016\/12\/003-Firefighters.jpg\"><img loading=\"lazy\" decoding=\"async\" width=\"736\" height=\"491\" data-id=\"3325\" src=\"https:\/\/tiyana.net\/wp-content\/uploads\/2016\/12\/003-Firefighters.jpg\" alt=\"\" class=\"wp-image-3325\" srcset=\"https:\/\/tiyana.net\/wp-content\/uploads\/2016\/12\/003-Firefighters.jpg 736w, https:\/\/tiyana.net\/wp-content\/uploads\/2016\/12\/003-Firefighters-600x400.jpg 600w\" sizes=\"auto, (max-width: 736px) 100vw, 736px\" \/><\/a><\/figure>\n\n\n\n<figure class=\"wp-block-image size-large\"><a href=\"https:\/\/tiyana.net\/wp-content\/uploads\/2016\/12\/004-Firefighters.jpg\"><img loading=\"lazy\" decoding=\"async\" width=\"736\" height=\"491\" data-id=\"3327\" src=\"https:\/\/tiyana.net\/wp-content\/uploads\/2016\/12\/004-Firefighters.jpg\" alt=\"\" class=\"wp-image-3327\" srcset=\"https:\/\/tiyana.net\/wp-content\/uploads\/2016\/12\/004-Firefighters.jpg 736w, https:\/\/tiyana.net\/wp-content\/uploads\/2016\/12\/004-Firefighters-600x400.jpg 600w\" sizes=\"auto, (max-width: 736px) 100vw, 736px\" \/><\/a><\/figure>\n\n\n\n<figure class=\"wp-block-image size-large\"><a href=\"https:\/\/tiyana.net\/wp-content\/uploads\/2016\/12\/008-Firefighters.jpg\"><img loading=\"lazy\" decoding=\"async\" width=\"736\" height=\"490\" data-id=\"3331\" src=\"https:\/\/tiyana.net\/wp-content\/uploads\/2016\/12\/008-Firefighters.jpg\" alt=\"\" class=\"wp-image-3331\" srcset=\"https:\/\/tiyana.net\/wp-content\/uploads\/2016\/12\/008-Firefighters.jpg 736w, https:\/\/tiyana.net\/wp-content\/uploads\/2016\/12\/008-Firefighters-600x399.jpg 600w\" sizes=\"auto, (max-width: 736px) 100vw, 736px\" \/><\/a><\/figure>\n\n\n\n<figure class=\"wp-block-image size-large\"><a href=\"https:\/\/tiyana.net\/wp-content\/uploads\/2016\/12\/005-Firefighters.jpg\"><img loading=\"lazy\" decoding=\"async\" width=\"736\" height=\"491\" data-id=\"3329\" src=\"https:\/\/tiyana.net\/wp-content\/uploads\/2016\/12\/005-Firefighters.jpg\" alt=\"\" class=\"wp-image-3329\" srcset=\"https:\/\/tiyana.net\/wp-content\/uploads\/2016\/12\/005-Firefighters.jpg 736w, https:\/\/tiyana.net\/wp-content\/uploads\/2016\/12\/005-Firefighters-600x400.jpg 600w\" sizes=\"auto, (max-width: 736px) 100vw, 736px\" \/><\/a><\/figure>\n\n\n\n<figure class=\"wp-block-image size-large\"><a href=\"https:\/\/tiyana.net\/wp-content\/uploads\/2016\/12\/009-Firefighters.jpg\"><img loading=\"lazy\" decoding=\"async\" width=\"736\" height=\"490\" data-id=\"3333\" src=\"https:\/\/tiyana.net\/wp-content\/uploads\/2016\/12\/009-Firefighters.jpg\" alt=\"\" class=\"wp-image-3333\" srcset=\"https:\/\/tiyana.net\/wp-content\/uploads\/2016\/12\/009-Firefighters.jpg 736w, https:\/\/tiyana.net\/wp-content\/uploads\/2016\/12\/009-Firefighters-600x399.jpg 600w\" sizes=\"auto, (max-width: 736px) 100vw, 736px\" \/><\/a><\/figure>\n\n\n\n<figure class=\"wp-block-image size-large\"><a href=\"https:\/\/tiyana.net\/wp-content\/uploads\/2016\/12\/031-Firefighters.jpg\"><img loading=\"lazy\" decoding=\"async\" width=\"736\" height=\"490\" data-id=\"3353\" src=\"https:\/\/tiyana.net\/wp-content\/uploads\/2016\/12\/031-Firefighters.jpg\" alt=\"\" class=\"wp-image-3353\" srcset=\"https:\/\/tiyana.net\/wp-content\/uploads\/2016\/12\/031-Firefighters.jpg 736w, https:\/\/tiyana.net\/wp-content\/uploads\/2016\/12\/031-Firefighters-600x399.jpg 600w\" sizes=\"auto, (max-width: 736px) 100vw, 736px\" \/><\/a><\/figure>\n\n\n\n<figure class=\"wp-block-image size-large\"><a href=\"https:\/\/tiyana.net\/wp-content\/uploads\/2016\/12\/033-Firefighters.jpg\"><img loading=\"lazy\" decoding=\"async\" width=\"736\" height=\"491\" data-id=\"3355\" src=\"https:\/\/tiyana.net\/wp-content\/uploads\/2016\/12\/033-Firefighters.jpg\" alt=\"\" class=\"wp-image-3355\" srcset=\"https:\/\/tiyana.net\/wp-content\/uploads\/2016\/12\/033-Firefighters.jpg 736w, https:\/\/tiyana.net\/wp-content\/uploads\/2016\/12\/033-Firefighters-600x400.jpg 600w\" sizes=\"auto, (max-width: 736px) 100vw, 736px\" \/><\/a><\/figure>\n\n\n\n<figure class=\"wp-block-image size-large\"><a href=\"https:\/\/tiyana.net\/wp-content\/uploads\/2016\/12\/023-Firefighters.jpg\"><img loading=\"lazy\" decoding=\"async\" width=\"736\" height=\"490\" data-id=\"3347\" src=\"https:\/\/tiyana.net\/wp-content\/uploads\/2016\/12\/023-Firefighters.jpg\" alt=\"\" class=\"wp-image-3347\" srcset=\"https:\/\/tiyana.net\/wp-content\/uploads\/2016\/12\/023-Firefighters.jpg 736w, https:\/\/tiyana.net\/wp-content\/uploads\/2016\/12\/023-Firefighters-600x399.jpg 600w\" sizes=\"auto, (max-width: 736px) 100vw, 736px\" \/><\/a><\/figure>\n\n\n\n<figure class=\"wp-block-image size-large\"><a href=\"https:\/\/tiyana.net\/wp-content\/uploads\/2016\/12\/029-Firefighters.jpg\"><img loading=\"lazy\" decoding=\"async\" width=\"736\" height=\"490\" data-id=\"3351\" src=\"https:\/\/tiyana.net\/wp-content\/uploads\/2016\/12\/029-Firefighters.jpg\" alt=\"\" class=\"wp-image-3351\" srcset=\"https:\/\/tiyana.net\/wp-content\/uploads\/2016\/12\/029-Firefighters.jpg 736w, https:\/\/tiyana.net\/wp-content\/uploads\/2016\/12\/029-Firefighters-600x399.jpg 600w\" sizes=\"auto, (max-width: 736px) 100vw, 736px\" \/><\/a><\/figure>\n\n\n\n<figure class=\"wp-block-image size-large\"><a href=\"https:\/\/tiyana.net\/wp-content\/uploads\/2016\/12\/018-Firefighters.jpg\"><img loading=\"lazy\" decoding=\"async\" width=\"736\" height=\"490\" data-id=\"3343\" src=\"https:\/\/tiyana.net\/wp-content\/uploads\/2016\/12\/018-Firefighters.jpg\" alt=\"\" class=\"wp-image-3343\" srcset=\"https:\/\/tiyana.net\/wp-content\/uploads\/2016\/12\/018-Firefighters.jpg 736w, https:\/\/tiyana.net\/wp-content\/uploads\/2016\/12\/018-Firefighters-600x399.jpg 600w\" sizes=\"auto, (max-width: 736px) 100vw, 736px\" \/><\/a><\/figure>\n\n\n\n<figure class=\"wp-block-image size-large\"><a href=\"https:\/\/tiyana.net\/wp-content\/uploads\/2016\/12\/028-Firefighters.jpg\"><img loading=\"lazy\" decoding=\"async\" width=\"736\" height=\"490\" data-id=\"3349\" src=\"https:\/\/tiyana.net\/wp-content\/uploads\/2016\/12\/028-Firefighters.jpg\" alt=\"\" class=\"wp-image-3349\" srcset=\"https:\/\/tiyana.net\/wp-content\/uploads\/2016\/12\/028-Firefighters.jpg 736w, https:\/\/tiyana.net\/wp-content\/uploads\/2016\/12\/028-Firefighters-600x399.jpg 600w\" sizes=\"auto, (max-width: 736px) 100vw, 736px\" \/><\/a><\/figure>\n\n\n\n<figure class=\"wp-block-image size-large\"><a href=\"https:\/\/tiyana.net\/wp-content\/uploads\/2016\/12\/020-Firefighters.jpg\"><img loading=\"lazy\" decoding=\"async\" width=\"736\" height=\"490\" data-id=\"3345\" src=\"https:\/\/tiyana.net\/wp-content\/uploads\/2016\/12\/020-Firefighters.jpg\" alt=\"\" class=\"wp-image-3345\" srcset=\"https:\/\/tiyana.net\/wp-content\/uploads\/2016\/12\/020-Firefighters.jpg 736w, https:\/\/tiyana.net\/wp-content\/uploads\/2016\/12\/020-Firefighters-600x399.jpg 600w\" sizes=\"auto, (max-width: 736px) 100vw, 736px\" \/><\/a><\/figure>\n\n\n\n<figure class=\"wp-block-image size-large\"><a href=\"https:\/\/tiyana.net\/wp-content\/uploads\/2016\/12\/017-Firefighters.jpg\"><img loading=\"lazy\" decoding=\"async\" width=\"736\" height=\"490\" data-id=\"3341\" src=\"https:\/\/tiyana.net\/wp-content\/uploads\/2016\/12\/017-Firefighters.jpg\" alt=\"\" class=\"wp-image-3341\" srcset=\"https:\/\/tiyana.net\/wp-content\/uploads\/2016\/12\/017-Firefighters.jpg 736w, https:\/\/tiyana.net\/wp-content\/uploads\/2016\/12\/017-Firefighters-600x399.jpg 600w\" sizes=\"auto, (max-width: 736px) 100vw, 736px\" \/><\/a><\/figure>\n\n\n\n<figure class=\"wp-block-image size-large\"><a href=\"https:\/\/tiyana.net\/wp-content\/uploads\/2016\/12\/014-Firefighters.jpg\"><img loading=\"lazy\" decoding=\"async\" width=\"736\" height=\"491\" data-id=\"3337\" src=\"https:\/\/tiyana.net\/wp-content\/uploads\/2016\/12\/014-Firefighters.jpg\" alt=\"\" class=\"wp-image-3337\" srcset=\"https:\/\/tiyana.net\/wp-content\/uploads\/2016\/12\/014-Firefighters.jpg 736w, https:\/\/tiyana.net\/wp-content\/uploads\/2016\/12\/014-Firefighters-600x400.jpg 600w\" sizes=\"auto, (max-width: 736px) 100vw, 736px\" \/><\/a><\/figure>\n\n\n\n<figure class=\"wp-block-image size-large\"><a href=\"https:\/\/tiyana.net\/wp-content\/uploads\/2016\/12\/016-Firefighters.jpg\"><img loading=\"lazy\" decoding=\"async\" width=\"736\" height=\"491\" data-id=\"3339\" src=\"https:\/\/tiyana.net\/wp-content\/uploads\/2016\/12\/016-Firefighters.jpg\" alt=\"\" class=\"wp-image-3339\" srcset=\"https:\/\/tiyana.net\/wp-content\/uploads\/2016\/12\/016-Firefighters.jpg 736w, https:\/\/tiyana.net\/wp-content\/uploads\/2016\/12\/016-Firefighters-600x400.jpg 600w\" sizes=\"auto, (max-width: 736px) 100vw, 736px\" \/><\/a><\/figure>\n\n\n\n<figure class=\"wp-block-image size-large\"><a href=\"https:\/\/tiyana.net\/wp-content\/uploads\/2016\/12\/013-Firefighters.jpg\"><img loading=\"lazy\" decoding=\"async\" width=\"736\" height=\"491\" data-id=\"3335\" src=\"https:\/\/tiyana.net\/wp-content\/uploads\/2016\/12\/013-Firefighters.jpg\" alt=\"\" class=\"wp-image-3335\" srcset=\"https:\/\/tiyana.net\/wp-content\/uploads\/2016\/12\/013-Firefighters.jpg 736w, https:\/\/tiyana.net\/wp-content\/uploads\/2016\/12\/013-Firefighters-600x400.jpg 600w\" sizes=\"auto, (max-width: 736px) 100vw, 736px\" \/><\/a><\/figure>\n\n\n\n<figure class=\"wp-block-image size-large\"><a href=\"https:\/\/tiyana.net\/wp-content\/uploads\/2016\/12\/041-Firefighters.jpg\"><img loading=\"lazy\" decoding=\"async\" width=\"736\" height=\"490\" data-id=\"3359\" src=\"https:\/\/tiyana.net\/wp-content\/uploads\/2016\/12\/041-Firefighters.jpg\" alt=\"\" class=\"wp-image-3359\" srcset=\"https:\/\/tiyana.net\/wp-content\/uploads\/2016\/12\/041-Firefighters.jpg 736w, https:\/\/tiyana.net\/wp-content\/uploads\/2016\/12\/041-Firefighters-600x399.jpg 600w\" sizes=\"auto, (max-width: 736px) 100vw, 736px\" \/><\/a><\/figure>\n\n\n\n<figure class=\"wp-block-image size-large\"><a href=\"https:\/\/tiyana.net\/wp-content\/uploads\/2016\/12\/043-Firefighters.jpg\"><img loading=\"lazy\" decoding=\"async\" width=\"736\" height=\"490\" data-id=\"3361\" src=\"https:\/\/tiyana.net\/wp-content\/uploads\/2016\/12\/043-Firefighters.jpg\" alt=\"\" class=\"wp-image-3361\" srcset=\"https:\/\/tiyana.net\/wp-content\/uploads\/2016\/12\/043-Firefighters.jpg 736w, https:\/\/tiyana.net\/wp-content\/uploads\/2016\/12\/043-Firefighters-600x399.jpg 600w\" sizes=\"auto, (max-width: 736px) 100vw, 736px\" \/><\/a><\/figure>\n\n\n\n<figure class=\"wp-block-image size-large\"><a href=\"https:\/\/tiyana.net\/wp-content\/uploads\/2016\/12\/040-Firefighters.jpg\"><img loading=\"lazy\" decoding=\"async\" width=\"736\" height=\"490\" data-id=\"3357\" src=\"https:\/\/tiyana.net\/wp-content\/uploads\/2016\/12\/040-Firefighters.jpg\" alt=\"\" class=\"wp-image-3357\" srcset=\"https:\/\/tiyana.net\/wp-content\/uploads\/2016\/12\/040-Firefighters.jpg 736w, https:\/\/tiyana.net\/wp-content\/uploads\/2016\/12\/040-Firefighters-600x399.jpg 600w\" sizes=\"auto, (max-width: 736px) 100vw, 736px\" \/><\/a><\/figure>\n<\/figure>\n\n\n\n<div style=\"height:20px\" aria-hidden=\"true\" class=\"wp-block-spacer\"><\/div>\n\n\n\n<p>U Beogradu, vatrogasci naporno rade u dvanaesto\u010dasovnim smenama, re\u0161avaju nepredvidive probleme, nailaze na naj\u010dudnije \u017eivotne pri\u010de, suo\u010davaju se sa smr\u0107u i opasnosti, ali ipak nisu adekvatno pla\u0107eni. &nbsp;Pratila sam ih \u010detiri meseca u toku radnog vremena, \u010dekala akciju i intervencije. \u017delela sam da znam \u0161ta to tera \u010doveka da, uprkos neadekvatnom priznanju, svako jutro ode na posao. Otkrila sam da je u ovoj situaciji prijateljstvo izme\u0111u njih, osnova poverenja u stresnim situacijama i opasnostima i ta veza \u010dini da svi deluju kao jedan, kao tim. \u017delela bih da izrazim svoju zahvalnost prvoj \u010deti vatrogasne brigade Beograd, a njihovom komandiru Zoranu Stoj\u010di\u0107u. Ovi ljudi imaju hrabrost i veru i treba da daju primer svima nama.<\/p>\n","protected":false},"excerpt":{"rendered":"<p>Dokumentarna pri\u010da o vatrogascima &#8211; hrabrim ljudima koji su zaista savremeni heroji, koji se bore sa svakodnevnim te\u0161ko\u0107ama koje \u017eivot donosi. Ovo je serija fotografija koju sam radila u prvoj smeni tri meseca sa vatrogascima u poku\u0161aju da upotpunim pri\u010du za diplomski rad iz fotografije na Fakultetu primenjenih umetnosti 2010. godine na temu: Savremeni heroji. [&hellip;]<\/p>\n","protected":false},"author":2,"featured_media":763,"parent":0,"menu_order":0,"comment_status":"open","ping_status":"closed","template":"","meta":{"_acf_changed":false,"advgb_blocks_editor_width":"","advgb_blocks_columns_visual_guide":"","footnotes":""},"class_list":["post-216","page","type-page","status-publish","has-post-thumbnail","hentry"],"acf":[],"yoast_head":"<!-- This site is optimized with the Yoast SEO plugin v26.9 - https:\/\/yoast.com\/product\/yoast-seo-wordpress\/ -->\n<title>Vatrogasci - Profesionalni fotograf Beograd, Srbija<\/title>\n<meta name=\"robots\" content=\"index, follow, max-snippet:-1, max-image-preview:large, max-video-preview:-1\" \/>\n<link rel=\"canonical\" href=\"https:\/\/tiyana.net\/sr\/vatrogasci\/\" \/>\n<meta property=\"og:locale\" content=\"sr_RS\" \/>\n<meta property=\"og:type\" content=\"article\" \/>\n<meta property=\"og:title\" content=\"Vatrogasci - Profesionalni fotograf Beograd, Srbija\" \/>\n<meta property=\"og:description\" content=\"Dokumentarna pri\u010da o vatrogascima &#8211; hrabrim ljudima koji su zaista savremeni heroji, koji se bore sa svakodnevnim te\u0161ko\u0107ama koje \u017eivot donosi. Ovo je serija fotografija koju sam radila u prvoj smeni tri meseca sa vatrogascima u poku\u0161aju da upotpunim pri\u010du za diplomski rad iz fotografije na Fakultetu primenjenih umetnosti 2010. godine na temu: Savremeni heroji. [&hellip;]\" \/>\n<meta property=\"og:url\" content=\"https:\/\/tiyana.net\/sr\/vatrogasci\/\" \/>\n<meta property=\"og:site_name\" content=\"Profesionalni fotograf Beograd, Srbija\" \/>\n<meta property=\"article:modified_time\" content=\"2024-11-04T15:52:58+00:00\" \/>\n<meta property=\"og:image\" content=\"https:\/\/tiyana.net\/wp-content\/uploads\/2016\/12\/002-Firefighters.jpg\" \/>\n\t<meta property=\"og:image:width\" content=\"736\" \/>\n\t<meta property=\"og:image:height\" content=\"490\" \/>\n\t<meta property=\"og:image:type\" content=\"image\/jpeg\" \/>\n<meta name=\"twitter:card\" content=\"summary_large_image\" \/>\n<meta name=\"twitter:label1\" content=\"\u041f\u0440\u043e\u0446\u0435\u045a\u0435\u043d\u043e \u0432\u0440\u0435\u043c\u0435 \u0447\u0438\u0442\u0430\u045a\u0430\" \/>\n\t<meta name=\"twitter:data1\" content=\"6 \u043c\u0438\u043d\u0443\u0442\u0430\" \/>\n<script type=\"application\/ld+json\" class=\"yoast-schema-graph\">{\"@context\":\"https:\/\/schema.org\",\"@graph\":[{\"@type\":\"WebPage\",\"@id\":\"https:\/\/tiyana.net\/sr\/vatrogasci\/\",\"url\":\"https:\/\/tiyana.net\/sr\/vatrogasci\/\",\"name\":\"Vatrogasci - Profesionalni fotograf Beograd, Srbija\",\"isPartOf\":{\"@id\":\"https:\/\/tiyana.net\/sr\/#website\"},\"primaryImageOfPage\":{\"@id\":\"https:\/\/tiyana.net\/sr\/vatrogasci\/#primaryimage\"},\"image\":{\"@id\":\"https:\/\/tiyana.net\/sr\/vatrogasci\/#primaryimage\"},\"thumbnailUrl\":\"https:\/\/tiyana.net\/wp-content\/uploads\/2016\/12\/002-Firefighters.jpg\",\"datePublished\":\"2016-12-20T05:54:24+00:00\",\"dateModified\":\"2024-11-04T15:52:58+00:00\",\"breadcrumb\":{\"@id\":\"https:\/\/tiyana.net\/sr\/vatrogasci\/#breadcrumb\"},\"inLanguage\":\"sr-RS\",\"potentialAction\":[{\"@type\":\"ReadAction\",\"target\":[\"https:\/\/tiyana.net\/sr\/vatrogasci\/\"]}]},{\"@type\":\"ImageObject\",\"inLanguage\":\"sr-RS\",\"@id\":\"https:\/\/tiyana.net\/sr\/vatrogasci\/#primaryimage\",\"url\":\"https:\/\/tiyana.net\/wp-content\/uploads\/2016\/12\/002-Firefighters.jpg\",\"contentUrl\":\"https:\/\/tiyana.net\/wp-content\/uploads\/2016\/12\/002-Firefighters.jpg\",\"width\":736,\"height\":490,\"caption\":\"Firefighters\"},{\"@type\":\"BreadcrumbList\",\"@id\":\"https:\/\/tiyana.net\/sr\/vatrogasci\/#breadcrumb\",\"itemListElement\":[{\"@type\":\"ListItem\",\"position\":1,\"name\":\"Home\",\"item\":\"https:\/\/tiyana.net\/sr\/\"},{\"@type\":\"ListItem\",\"position\":2,\"name\":\"Vatrogasci\"}]},{\"@type\":\"WebSite\",\"@id\":\"https:\/\/tiyana.net\/sr\/#website\",\"url\":\"https:\/\/tiyana.net\/sr\/\",\"name\":\"Profesionalni fotograf Beograd, Srbija\",\"description\":\"Profesionalni fotograf specijalizovan za portrete, modnu, reklamnu i produkt fotografiju, foto studio u Beogradu\",\"publisher\":{\"@id\":\"https:\/\/tiyana.net\/sr\/#organization\"},\"potentialAction\":[{\"@type\":\"SearchAction\",\"target\":{\"@type\":\"EntryPoint\",\"urlTemplate\":\"https:\/\/tiyana.net\/sr\/?s={search_term_string}\"},\"query-input\":{\"@type\":\"PropertyValueSpecification\",\"valueRequired\":true,\"valueName\":\"search_term_string\"}}],\"inLanguage\":\"sr-RS\"},{\"@type\":\"Organization\",\"@id\":\"https:\/\/tiyana.net\/sr\/#organization\",\"name\":\"Profesionalni fotograf Beograd, Srbija\",\"url\":\"https:\/\/tiyana.net\/sr\/\",\"logo\":{\"@type\":\"ImageObject\",\"inLanguage\":\"sr-RS\",\"@id\":\"https:\/\/tiyana.net\/sr\/#\/schema\/logo\/image\/\",\"url\":\"https:\/\/tiyana.net\/wp-content\/uploads\/2022\/07\/catenamedialogo.jpg\",\"contentUrl\":\"https:\/\/tiyana.net\/wp-content\/uploads\/2022\/07\/catenamedialogo.jpg\",\"width\":525,\"height\":525,\"caption\":\"Profesionalni fotograf Beograd, Srbija\"},\"image\":{\"@id\":\"https:\/\/tiyana.net\/sr\/#\/schema\/logo\/image\/\"}}]}<\/script>\n<!-- \/ Yoast SEO plugin. -->","yoast_head_json":{"title":"Vatrogasci - Profesionalni fotograf Beograd, Srbija","robots":{"index":"index","follow":"follow","max-snippet":"max-snippet:-1","max-image-preview":"max-image-preview:large","max-video-preview":"max-video-preview:-1"},"canonical":"https:\/\/tiyana.net\/sr\/vatrogasci\/","og_locale":"sr_RS","og_type":"article","og_title":"Vatrogasci - Profesionalni fotograf Beograd, Srbija","og_description":"Dokumentarna pri\u010da o vatrogascima &#8211; hrabrim ljudima koji su zaista savremeni heroji, koji se bore sa svakodnevnim te\u0161ko\u0107ama koje \u017eivot donosi. Ovo je serija fotografija koju sam radila u prvoj smeni tri meseca sa vatrogascima u poku\u0161aju da upotpunim pri\u010du za diplomski rad iz fotografije na Fakultetu primenjenih umetnosti 2010. godine na temu: Savremeni heroji. [&hellip;]","og_url":"https:\/\/tiyana.net\/sr\/vatrogasci\/","og_site_name":"Profesionalni fotograf Beograd, Srbija","article_modified_time":"2024-11-04T15:52:58+00:00","og_image":[{"width":736,"height":490,"url":"https:\/\/tiyana.net\/wp-content\/uploads\/2016\/12\/002-Firefighters.jpg","type":"image\/jpeg"}],"twitter_card":"summary_large_image","twitter_misc":{"\u041f\u0440\u043e\u0446\u0435\u045a\u0435\u043d\u043e \u0432\u0440\u0435\u043c\u0435 \u0447\u0438\u0442\u0430\u045a\u0430":"6 \u043c\u0438\u043d\u0443\u0442\u0430"},"schema":{"@context":"https:\/\/schema.org","@graph":[{"@type":"WebPage","@id":"https:\/\/tiyana.net\/sr\/vatrogasci\/","url":"https:\/\/tiyana.net\/sr\/vatrogasci\/","name":"Vatrogasci - Profesionalni fotograf Beograd, Srbija","isPartOf":{"@id":"https:\/\/tiyana.net\/sr\/#website"},"primaryImageOfPage":{"@id":"https:\/\/tiyana.net\/sr\/vatrogasci\/#primaryimage"},"image":{"@id":"https:\/\/tiyana.net\/sr\/vatrogasci\/#primaryimage"},"thumbnailUrl":"https:\/\/tiyana.net\/wp-content\/uploads\/2016\/12\/002-Firefighters.jpg","datePublished":"2016-12-20T05:54:24+00:00","dateModified":"2024-11-04T15:52:58+00:00","breadcrumb":{"@id":"https:\/\/tiyana.net\/sr\/vatrogasci\/#breadcrumb"},"inLanguage":"sr-RS","potentialAction":[{"@type":"ReadAction","target":["https:\/\/tiyana.net\/sr\/vatrogasci\/"]}]},{"@type":"ImageObject","inLanguage":"sr-RS","@id":"https:\/\/tiyana.net\/sr\/vatrogasci\/#primaryimage","url":"https:\/\/tiyana.net\/wp-content\/uploads\/2016\/12\/002-Firefighters.jpg","contentUrl":"https:\/\/tiyana.net\/wp-content\/uploads\/2016\/12\/002-Firefighters.jpg","width":736,"height":490,"caption":"Firefighters"},{"@type":"BreadcrumbList","@id":"https:\/\/tiyana.net\/sr\/vatrogasci\/#breadcrumb","itemListElement":[{"@type":"ListItem","position":1,"name":"Home","item":"https:\/\/tiyana.net\/sr\/"},{"@type":"ListItem","position":2,"name":"Vatrogasci"}]},{"@type":"WebSite","@id":"https:\/\/tiyana.net\/sr\/#website","url":"https:\/\/tiyana.net\/sr\/","name":"Profesionalni fotograf Beograd, Srbija","description":"Profesionalni fotograf specijalizovan za portrete, modnu, reklamnu i produkt fotografiju, foto studio u Beogradu","publisher":{"@id":"https:\/\/tiyana.net\/sr\/#organization"},"potentialAction":[{"@type":"SearchAction","target":{"@type":"EntryPoint","urlTemplate":"https:\/\/tiyana.net\/sr\/?s={search_term_string}"},"query-input":{"@type":"PropertyValueSpecification","valueRequired":true,"valueName":"search_term_string"}}],"inLanguage":"sr-RS"},{"@type":"Organization","@id":"https:\/\/tiyana.net\/sr\/#organization","name":"Profesionalni fotograf Beograd, Srbija","url":"https:\/\/tiyana.net\/sr\/","logo":{"@type":"ImageObject","inLanguage":"sr-RS","@id":"https:\/\/tiyana.net\/sr\/#\/schema\/logo\/image\/","url":"https:\/\/tiyana.net\/wp-content\/uploads\/2022\/07\/catenamedialogo.jpg","contentUrl":"https:\/\/tiyana.net\/wp-content\/uploads\/2022\/07\/catenamedialogo.jpg","width":525,"height":525,"caption":"Profesionalni fotograf Beograd, Srbija"},"image":{"@id":"https:\/\/tiyana.net\/sr\/#\/schema\/logo\/image\/"}}]}},"coauthors":[],"author_meta":{"author_link":"https:\/\/tiyana.net\/sr\/author\/tiyana\/","display_name":"Tiyana"},"relative_dates":{"created":"Posted 9 \u0433\u043e\u0434\u0438\u043d\u0430 ago","modified":"Updated 1 \u0433\u043e\u0434\u0438\u043d\u0430 ago"},"absolute_dates":{"created":"Posted on 20\/12\/2016","modified":"Updated on 04\/11\/2024"},"absolute_dates_time":{"created":"Posted on 20\/12\/2016 05:54","modified":"Updated on 04\/11\/2024 16:52"},"featured_img_caption":"Firefighters","featured_img":"https:\/\/tiyana.net\/wp-content\/uploads\/2016\/12\/002-Firefighters.jpg","series_order":"","_links":{"self":[{"href":"https:\/\/tiyana.net\/sr\/wp-json\/wp\/v2\/pages\/216","targetHints":{"allow":["GET"]}}],"collection":[{"href":"https:\/\/tiyana.net\/sr\/wp-json\/wp\/v2\/pages"}],"about":[{"href":"https:\/\/tiyana.net\/sr\/wp-json\/wp\/v2\/types\/page"}],"author":[{"embeddable":true,"href":"https:\/\/tiyana.net\/sr\/wp-json\/wp\/v2\/users\/2"}],"replies":[{"embeddable":true,"href":"https:\/\/tiyana.net\/sr\/wp-json\/wp\/v2\/comments?post=216"}],"version-history":[{"count":0,"href":"https:\/\/tiyana.net\/sr\/wp-json\/wp\/v2\/pages\/216\/revisions"}],"wp:featuredmedia":[{"embeddable":true,"href":"https:\/\/tiyana.net\/sr\/wp-json\/wp\/v2\/media\/763"}],"wp:attachment":[{"href":"https:\/\/tiyana.net\/sr\/wp-json\/wp\/v2\/media?parent=216"}],"curies":[{"name":"wp","href":"https:\/\/api.w.org\/{rel}","templated":true}]}}