{"id":208,"date":"2016-12-19T12:28:38","date_gmt":"2016-12-19T12:28:38","guid":{"rendered":"https:\/\/tiyana.net\/?page_id=208\/"},"modified":"2018-08-31T04:15:55","modified_gmt":"2018-08-31T04:15:55","slug":"tonalitet","status":"publish","type":"page","link":"https:\/\/tiyana.net\/sr\/elementi\/tonalitet\/","title":{"rendered":"Tonalitet"},"content":{"rendered":"<p><section  class=\"fw-main-row \"  >\n\t<div class=\"fw-container\">\n\t\t<div class=\"fw-row\">\n\t<div class=\"fw-col-xs-12\" style=\"\">\n\t\n<h4>Tonalitet je op\u0161ti ukupni izgled slike u pogledu opsega i raspore\u0111enosti tonova i nivoa gradacije izme\u0111u njih. Tonalitet je prvi utisak i atmosfera fotografije i stoga ima va\u017enu ulogu u fotografiji.<\/h4>\n<\/div>\n<\/div>\n\n\t<\/div>\n<\/section>\n<div  class=\"fw-main-row \" style=\"background-color:#ededed;padding-left:15px;padding-right:15px;\" >\n\t<div class=\"fw-container-fluid no-padding\">\n\t\t<div class=\"fw-row\">\n\t\t\n\t<div class=\"fw-col-xs-12 fw-col-sm-6 is-col\" style=\"padding-left:15px;padding-right:15px;padding-top:15px;padding-bottom:15px;\">\n\t\t\t\t\t<div class=\"is-text\">\n\t\t\t\n<p><span style=\"font-weight: 400;\">Pominjali smo da boja nastaje razlaganjem svetlosnih talasa, a da najni\u017ea frekvencija (u\u010destalost oscilacija zraka svetlosti) stvara crvenu svetlost, a najvi\u0161a stvara ljubi\u010dastu. Bela svetlost predstavlja jednaku distribuciju svih vidljivih frekvencija. Duge i prizme rasipaju svetlo na boje sprektra. Ono \u0161to nazivamo crnom bojom predstavlja u stvari, odsustvo svetla.<\/span><\/p><p><span style=\"font-weight: 400;\">Tonalitet se najbolje mo\u017ee razumeti trodimenzionalnim prikazom. U stvari,\u00a0<\/span><a href=\"https:\/\/tiyana.net\/sr\/teorija\/boja\/\"><span style=\"font-weight: 400;\">krug\u00a0boja<\/span><\/a><span style=\"font-weight: 400;\">\u00a0<\/span><span style=\"font-weight: 400;\">je samo horizontalni presek ovog prikaza iste svetline i zasi\u0107enosti.<\/span><\/p><p><b>Manselov sistem je trodimenzionalni prostor \u010dija vertikalna osa nosi:<\/b><\/p><ul><li style=\"font-weight: 400;\"><b>ton<\/b><span style=\"font-weight: 400;\">, odnosno ime boje, merenu stepenom oko horizontalnih krugova (0 do 360 \u00b0)<\/span><\/li><li style=\"font-weight: 400;\"><b>zasi\u0107enost (\u010disto\u0107a, intenzitet boje)<\/b><span style=\"font-weight: 400;\">, merenu radijalno ka spolja od neutralne (sive) vertikalne ose<\/span><\/li><li style=\"font-weight: 400;\"><b>svetlinu<\/b><span style=\"font-weight: 400;\">\u00a0(valer) meren vertikalno od 0 (crna) do 10 (bela)<\/span><\/li><\/ul><p><b><img loading=\"lazy\" decoding=\"async\" class=\"alignnone wp-image-902 size-full\" src=\"https:\/\/tiyana.net\/wp-content\/uploads\/2016\/12\/Munsell-system.jpg\" alt=\"\" width=\"600\" height=\"521\" srcset=\"https:\/\/tiyana.net\/wp-content\/uploads\/2016\/12\/Munsell-system.jpg 600w, https:\/\/tiyana.net\/wp-content\/uploads\/2016\/12\/Munsell-system-300x261.jpg 300w\" sizes=\"auto, (max-width: 600px) 100vw, 600px\" \/><\/b><\/p><h6>Valer mo\u017ee sadr\u017eati nijanse od bele, preko sive do crne ili mo\u017ee biti izrazito kontrastan sa malo ili bez sivih tonova \u2013 to je uobi\u010dajeno srestvo pomo\u0107u kojeg se nagla\u0161ava tre\u0107a dimenzija crno-beloj dvodimenzionalnoj slici. Interakcija svetlina nasuprot tamnih senki na vi\u0161e na\u010dina poma\u017ee u stvaranju atmosfere kompozicije. Fotografija na kojoj preovla\u0111uju tamni tonovi odi\u0161e misterijom, intrigom ili tugom. Kada su tonovi uglavnom svetli i vazdu\u0161asti, slika odi\u0161e optimizmom, lako\u0107om, sre\u0107om.<\/h6>\n\t\t\t<\/div>\n\t\t\t<\/div>\n<div class=\"fw-col-xs-12 fw-col-sm-6\" style=\"\">\n\t\n<h3>Ton<\/h3><p><span style=\"font-weight: 400;\">Ton predstavlja konkretnu boju \u2013 npr. \u017euta, zelena, crvena\u2026 Meri se stepenom ugla oko ose koji po\u010dinje i zavr\u0161ava se crvenom, u smeru suprotnom od kazaljke na satu u kome je crvena i 0 i 360 stepeni (\u017euta je 60, zelena 120 stepeni itd..) Svaki horizontalni krug Mansel je podelio na 5 glavnih boja: crvena, \u017euta, zelena, plava i ljubi\u010dasta sa 5 nijansi izme\u0111u susednih osnovnih nijansi.\u00a0Svaka od ovih deset nijansi je dalje podeljena na deset nivoa, tako da 100 nijansi imaju celobrojne vrednosti. Dve boje jednake svetline i zasi\u0107enosti na suprotnim stranama kruga nijansi su komplementarne boje.<\/span><\/p><h3>Svetlina<i><span style=\"font-weight: 400;\"><br \/><\/span><\/i><\/h3><p><span style=\"font-weight: 400;\">Svetlina (valer) je svojstvo boje ili veli\u010dina boje u prostoru, koja je definisana da opi\u0161e \u010dovekovu subjektivnu percepciju svetline boje du\u017e ose. Svetlina se meri procentima od crne (0) do bele (100). Na procentu vrednosti 0 nijansa i zasi\u0107enost nemaju smisla. Svetlina ili valer varira vertikalno du\u017e iste \u010distine boje od crne (na dnu) do bele (na vrhu). Neutralna siva se nalazi na vertikalnoj osi izme\u0111u crne i bele<\/span><span style=\"font-weight: 400;\">.\u00a0<\/span><span style=\"font-weight: 400;\">Svetlina boje tako\u0111e odgovara amplitudi talasne du\u017eine svetlosti.\u00a0Valer predstavlja relativnu svetlinu ili tamno\u0107u boje. Ovo je va\u017ean alat za fotografe i defini\u0161e formu. Kontrast valera izdvaja objekte u prostoru, dok gradacija tonova i kontura sugeri\u0161e na masu susedne povr\u0161ine.<\/span><\/p><h3>Zasi\u0107enost \/ \u010cisto\u0107a \/ Intezitet<\/h3><p><span style=\"font-weight: 400;\">Zasi\u0107enost, merena radijalno od centra ose ka spolja, predstavlja \u201c\u010disto\u0107u\u201d boje, pri \u010demu je manja zasi\u0107enost boja sa manje \u010disto\u0107e (\u010dini se ble\u0111om, kao da je pastelna). Na nultom procentu \u010disto\u0107e, zasi\u0107enost nema smisla. Intenzitet je svojstvo boje ili veli\u010dina u prostoru boje koja je definisana da izrazi subjektivnu percepciju ljudskog oka.<\/span><\/p><hr \/><p><span style=\"font-weight: 400;\">Evo primera komplementarnih boja, odnosno boja sa kontrasnim tonovima. One se nalaze na suprotnim stranama kruga boja \u2013 dve boje jednakog valera i zasi\u0107enosti. Dakle, svetlina i zasi\u0107enost\u00a0boje su jednakih vrednosti. Ovo zna\u010di da je zelena istog nivoa zasi\u0107enosti kao i crvena, i da su obe istog intenziteta<\/span><\/p><p><img loading=\"lazy\" decoding=\"async\" class=\"alignleft wp-image-906 size-full\" src=\"https:\/\/tiyana.net\/wp-content\/uploads\/2016\/12\/Lightness.jpg\" width=\"736\" height=\"258\" srcset=\"https:\/\/tiyana.net\/wp-content\/uploads\/2016\/12\/Lightness.jpg 736w, https:\/\/tiyana.net\/wp-content\/uploads\/2016\/12\/Lightness-600x210.jpg 600w, https:\/\/tiyana.net\/wp-content\/uploads\/2016\/12\/Lightness-300x105.jpg 300w\" sizes=\"auto, (max-width: 736px) 100vw, 736px\" \/><\/p>\n<\/div>\n<\/div>\n\n<div class=\"fw-row\">\n\t<div class=\"fw-col-xs-12 fw-col-sm-6\" style=\"\">\n\t\n<p><span style=\"font-weight: 400;\">Kada tonovi u slici imaju sli\u010dnu svetlinu, prostor gubi na dubini jer je kontrast slab. Mo\u017eemo videti nekoliko primera na slici dole. Slika sasvim levo je crnobela verzija slike pored, na kojoj je model u crvenoj haljini. Na prvoj slici&nbsp;fokus je stavljen na lice modela, jer je ono svojom svetlinom izdvojeno od kontrasne tamne pozadine. Ruke i lice modela se izvajaju jasno od zadnjeg plana koji je jednako o\u0161tar, a haljina se skoro vizuelno stapa sa pozadinom. Naredna slika prikazuje druga\u010diju situaciju iako je to ista fotografija sa istim valerima kojima su dodata jo\u0161 dva svojstva- boja i zasi\u0107enost. Na ovoj slici crvena haljina dominira, lice je u tonu sli\u010dnom pozadini, a komplementarna zelena boja skoro pa parira intenzitetom crvenoj&nbsp;haljini.<\/span><\/p><p><img loading=\"lazy\" decoding=\"async\" class=\"alignleft wp-image-905 size-full\" src=\"https:\/\/tiyana.net\/wp-content\/uploads\/2016\/12\/Colors-Expreriment-1.jpg\" width=\"825\" height=\"400\" srcset=\"https:\/\/tiyana.net\/wp-content\/uploads\/2016\/12\/Colors-Expreriment-1.jpg 825w, https:\/\/tiyana.net\/wp-content\/uploads\/2016\/12\/Colors-Expreriment-1-600x291.jpg 600w, https:\/\/tiyana.net\/wp-content\/uploads\/2016\/12\/Colors-Expreriment-1-300x145.jpg 300w\" sizes=\"auto, (max-width: 825px) 100vw, 825px\" \/><\/p><p><span style=\"font-weight: 400;\">Na poslednjoj fotografiji me\u0111utim, lice i telo modela se skoro stapaju sa haljinom, koja je sli\u010dne nijanse sa pozadinom i u prvi plan dolazi iz pozadine puzavica sa br\u0161ljenom. Da zaklju\u010dimo: poznavanje ove tri vrednosti boje- ton, nijansa i valer mogu biti od velike koristi u fotografiji, naro\u010dito ako \u017eelimo da istaknemo konkretni objekat i nepravilno baratanje njima mo\u017ee biti zbunjuju\u0107e za posmatra\u010da i dovesti do potpuno pogre\u0161ne poente slike.<\/span><\/p>\n\n<p><img loading=\"lazy\" decoding=\"async\" class=\"alignright wp-image-1561 size-medium\" src=\"https:\/\/tiyana.net\/wp-content\/uploads\/2017\/03\/orange-and-chocolate-300x200.jpg\" alt=\"\" width=\"300\" height=\"200\" srcset=\"https:\/\/tiyana.net\/wp-content\/uploads\/2017\/03\/orange-and-chocolate-300x200.jpg 300w, https:\/\/tiyana.net\/wp-content\/uploads\/2017\/03\/orange-and-chocolate-600x400.jpg 600w, https:\/\/tiyana.net\/wp-content\/uploads\/2017\/03\/orange-and-chocolate-1024x683.jpg 1024w, https:\/\/tiyana.net\/wp-content\/uploads\/2017\/03\/orange-and-chocolate.jpg 1440w\" sizes=\"auto, (max-width: 300px) 100vw, 300px\" \/><\/p><p><span style=\"font-weight: 400;\">Osim toga, postoji jo\u0161 jedno svojstvo boje u fotografiji koje sam primetila da je razli\u010dito od recimo, boje naslikane na platnu.\u00a0Kada su tonovi tamni na platnu,\u00a0boje su intenzivnije, zasi\u0107enije, a kada je slika generalno svetla, kada se upotrebljava dosta belog pigmenta, boje izgledaju isprane, manje intenzivne. Sasvim je suprotno u fotografiji. Konkretno u fotografijama za komercijalnu upotrebu, kao \u0161to je na primer fotografija\u00a0<\/span><a href=\"https:\/\/tiyana.net\/sr\/hrana\/\"><span style=\"font-weight: 400;\">hrane<\/span><\/a><span style=\"font-weight: 400;\">,\u00a0boje namirnica treba da su intenzivne, zasi\u0107ene, prosto treba na prvi pogled da budu \u201cukusne\u201d. Da bi se taj intenzitet postigao, pri fotografisanju je potrebno blago preeksponirati fotografiju, da bi svetlo \u201cpro\u0161lo\u201d kroz hranu. Svetlo u fotografiji deluje u korist boja, za razliku od slikanja, jer ubacivanjem vi\u0161e svetlina nego \u0161to svetlomer pokazuje, boje dobiju prozra\u010dnost, intenzitet i deluju zavodljivo.<\/span><\/p><p><span style=\"font-weight: 400;\">\u00a0<\/span><\/p>\n<\/div>\n<div class=\"fw-col-xs-12 fw-col-sm-6\" style=\"\">\n\t\n<p><span style=\"font-weight: 400;\">Na crno-beloj fotografiji senke i svetline imaju veliku va\u017enost u kreiranju raspolo\u017eenja. Slika sa tamnim tonovima strvara tmurnu i turobnu scenu, dok svetla izgleda vedro\u00a0i optimisti\u010dno.<\/span><span style=\"font-weight: 400;\"><br \/><\/span><span style=\"font-weight: 400;\">U praksi tamne fotografije sa puno senki zahtevaju puno svetla i dugu ekspoziciju, mada i kratka ekspozicija nije lo\u0161a za postizanje kontrasta. Recimo, pejza\u017ena fotografija ujutro ili kasno popodne, pod sun\u010danim nebom kreira dramati\u010dne senke, a za svetlije fotografije su potrebni oblaci koji difuzuju, umek\u0161avaju svetlo\u00a0\u0161to umanjuje senke. Magla i ki\u0161a su dobri uslovi za fotografije sa svetlim tonovima upravo zbog nedostatka senki.\u00a0\u0160to se ti\u010de kontrasta na slici, on usmerava pogled posmatra\u010da, nalazi se tamo gde nema postepenog prelaza sivih nijansi iz senki u svetline. Karakteristika pozadina je da nemaju sna\u017ene kontraste, bilo zbog vazdu\u0161ne perspektive, bilo zbog o\u0161trine ili prosto je re\u017eirana manje kontrasna pozadina. Stoga, portreti, o\u010di, ili bore na licu, imaju najve\u0107i me\u0111usobni kontrast i skre\u0107u na\u0161u pa\u017enju. Kontrasti treba da se koriste pa\u017eljivo, i to samo onda kada nam ukazuju na centar interesovanja. U suprotnom, kada ima kontrasta na pretek, mi ne mo\u017eemo da se fokusiramo na jedan ili nekoliko objekata i da odredimo centar interesovanja i prikaz i tuma\u010denje mo\u017ee da bude vrlo zbunjuju\u0107.<\/span><\/p><p><img loading=\"lazy\" decoding=\"async\" class=\"wp-image-841 size-full alignnone\" src=\"https:\/\/tiyana.net\/wp-content\/uploads\/2016\/12\/Negative-space.jpg\" width=\"500\" height=\"300\" srcset=\"https:\/\/tiyana.net\/wp-content\/uploads\/2016\/12\/Negative-space.jpg 500w, https:\/\/tiyana.net\/wp-content\/uploads\/2016\/12\/Negative-space-300x180.jpg 300w\" sizes=\"auto, (max-width: 500px) 100vw, 500px\" \/><\/p>\n\n<p><span style=\"font-weight: 400;\">Tamne boje fotografiji donose kontemplativno ili\u00a0tu\u017eno i depresivno ose\u0107anje, tako da kori\u0161\u0107enje tamnih tonova mo\u017ee biti sredstvo za postizanje ovih tipova scena i koncepta.\u00a0Svetla fotografija mo\u017ee prenositi bezbri\u017ena ose\u0107anja zadovoljstva i sre\u0107e. Budu\u0107i da fotografija nije samo jednostavni prikaz realnosti, ona mo\u017ee da prenese nevidljive elemente kao \u0161to su emocije. U tome nam boje i tonovi vrlo poma\u017eu. Po\u0161to tamne boje i tonovi odi\u0161u pesimizmom, usamljeno\u0161\u0107u i tugom, a svetli optimizmom, sre\u0107om, zadovoljstvom, i nije iznena\u0111uju\u0107e \u0161to se ve\u0107ina reklamnih fotografija koristi izrazito svetlim tonovima. To su podsvesni trikovi koji podsti\u010du gledaoca da po\u017eeli proizvod.<br \/><\/span><\/p><p><img loading=\"lazy\" decoding=\"async\" class=\"alignleft wp-image-1990 size-full\" src=\"https:\/\/tiyana.net\/wp-content\/uploads\/2016\/12\/Mykonos-Baywatch.jpg\" alt=\"\" width=\"1359\" height=\"660\" srcset=\"https:\/\/tiyana.net\/wp-content\/uploads\/2016\/12\/Mykonos-Baywatch.jpg 1359w, https:\/\/tiyana.net\/wp-content\/uploads\/2016\/12\/Mykonos-Baywatch-600x291.jpg 600w, https:\/\/tiyana.net\/wp-content\/uploads\/2016\/12\/Mykonos-Baywatch-300x146.jpg 300w, https:\/\/tiyana.net\/wp-content\/uploads\/2016\/12\/Mykonos-Baywatch-1024x497.jpg 1024w\" sizes=\"auto, (max-width: 1359px) 100vw, 1359px\" \/><\/p>\n<\/div>\n<\/div>\n\n\t<\/div>\n<\/div>\n<div  class=\"fw-main-row \" style=\"padding-left:15px;padding-right:15px;\" >\n\t<div class=\"fw-container-fluid no-padding\">\n\t\t<div class=\"fw-row\">\n\t<div class=\"fw-col-xs-12\" style=\"\">\n\t\n<hr \/><p style=\"text-align: right;\"><span style=\"font-size: 10pt;\"><span style=\"color: #808080;\">*<\/span><span style=\"color: #808080;\"><span style=\"font-weight: 400;\">Sve\u00a0fotografije koje koristim kao primere su iz moje\u00a0li\u010dne arhive i imam autorska prava za njih. Ove lekcije su nastale kada sam radila u Francuskoj \u0161koli u Beogradu.\u00a0Pisala sam ovaj tekst verovatno pod uticajem\u00a0drugih sajtova ili knjiga o fotografiji i\u00a0reference mogu se na\u0107i ispod svakog predavanja.\u00a0<\/span><\/span><\/span><\/p><p style=\"text-align: right;\"><span style=\"font-size: 10pt;\"><span style=\"color: #808080;\"><span style=\"font-weight: 400;\">Reference:<\/span><\/span><\/span><\/p><p style=\"text-align: right;\"><span style=\"color: #808080; font-size: 10pt;\"><a style=\"color: #808080;\" href=\"http:\/\/www.shotaddict.com\/wordpress\/2006\/11\/16\/1773.html\"><span style=\"font-weight: 400;\">http:\/\/www.shotaddict.com\/wordpress\/2006\/11\/16\/1773.html<\/span><span style=\"font-weight: 400;\"><br \/><\/span><\/a><a style=\"color: #808080;\" href=\"http:\/\/photoinf.com\/General\/Robert_Berdan\/Composition_and_the_Elements_of_Visual_Design.htm\"><span style=\"font-weight: 400;\">http:\/\/photoinf.com\/General\/Robert_Berdan\/Composition_and_the_Elements_of_Visual_Design.htm<\/span><span style=\"font-weight: 400;\"><br \/><\/span><\/a><span style=\"font-weight: 400;\"><a style=\"color: #808080;\" href=\"http:\/\/fr.wikipedia.org\/wiki\/Composition_picturale\">http:\/\/fr.wikipedia.org\/wiki\/Composition_picturale<\/a><\/span><\/span><\/p>\n<\/div>\n<\/div>\n\n\t<\/div>\n<\/div>\n<\/p>\n","protected":false},"excerpt":{"rendered":"<p>Tonalitet je op\u0161ti ukupni izgled slike u pogledu opsega i raspore\u0111enosti tonova i nivoa gradacije izme\u0111u njih. Tonalitet je prvi utisak i atmosfera fotografije i stoga ima va\u017enu ulogu u fotografiji. Pominjali smo da boja nastaje razlaganjem svetlosnih talasa, a da najni\u017ea frekvencija (u\u010destalost oscilacija zraka svetlosti) stvara crvenu svetlost, a najvi\u0161a stvara ljubi\u010dastu. Bela [&hellip;]<\/p>\n","protected":false},"author":2,"featured_media":0,"parent":187,"menu_order":0,"comment_status":"open","ping_status":"closed","template":"","meta":{"_acf_changed":false,"advgb_blocks_editor_width":"","advgb_blocks_columns_visual_guide":"","footnotes":""},"class_list":["post-208","page","type-page","status-publish","hentry"],"acf":[],"yoast_head":"<!-- This site is optimized with the Yoast SEO plugin v26.8 - https:\/\/yoast.com\/product\/yoast-seo-wordpress\/ -->\n<title>Tonalitet - Profesionalni fotograf Beograd, Srbija<\/title>\n<meta name=\"robots\" content=\"index, follow, max-snippet:-1, max-image-preview:large, max-video-preview:-1\" \/>\n<link rel=\"canonical\" href=\"https:\/\/tiyana.net\/sr\/elementi\/tonalitet\/\" \/>\n<meta property=\"og:locale\" content=\"sr_RS\" \/>\n<meta property=\"og:type\" content=\"article\" \/>\n<meta property=\"og:title\" content=\"Tonalitet - Profesionalni fotograf Beograd, Srbija\" \/>\n<meta property=\"og:description\" content=\"Tonalitet je op\u0161ti ukupni izgled slike u pogledu opsega i raspore\u0111enosti tonova i nivoa gradacije izme\u0111u njih. Tonalitet je prvi utisak i atmosfera fotografije i stoga ima va\u017enu ulogu u fotografiji. Pominjali smo da boja nastaje razlaganjem svetlosnih talasa, a da najni\u017ea frekvencija (u\u010destalost oscilacija zraka svetlosti) stvara crvenu svetlost, a najvi\u0161a stvara ljubi\u010dastu. Bela [&hellip;]\" \/>\n<meta property=\"og:url\" content=\"https:\/\/tiyana.net\/sr\/elementi\/tonalitet\/\" \/>\n<meta property=\"og:site_name\" content=\"Profesionalni fotograf Beograd, Srbija\" \/>\n<meta property=\"article:modified_time\" content=\"2018-08-31T04:15:55+00:00\" \/>\n<meta property=\"og:image\" content=\"https:\/\/tiyana.net\/wp-content\/uploads\/2016\/12\/Munsell-system.jpg\" \/>\n<meta name=\"twitter:card\" content=\"summary_large_image\" \/>\n<meta name=\"twitter:label1\" content=\"\u041f\u0440\u043e\u0446\u0435\u045a\u0435\u043d\u043e \u0432\u0440\u0435\u043c\u0435 \u0447\u0438\u0442\u0430\u045a\u0430\" \/>\n\t<meta name=\"twitter:data1\" content=\"7 \u043c\u0438\u043d\u0443\u0442\u0430\" \/>\n<script type=\"application\/ld+json\" class=\"yoast-schema-graph\">{\"@context\":\"https:\/\/schema.org\",\"@graph\":[{\"@type\":\"WebPage\",\"@id\":\"https:\/\/tiyana.net\/sr\/elementi\/tonalitet\/\",\"url\":\"https:\/\/tiyana.net\/sr\/elementi\/tonalitet\/\",\"name\":\"Tonalitet - Profesionalni fotograf Beograd, Srbija\",\"isPartOf\":{\"@id\":\"https:\/\/tiyana.net\/sr\/#website\"},\"primaryImageOfPage\":{\"@id\":\"https:\/\/tiyana.net\/sr\/elementi\/tonalitet\/#primaryimage\"},\"image\":{\"@id\":\"https:\/\/tiyana.net\/sr\/elementi\/tonalitet\/#primaryimage\"},\"thumbnailUrl\":\"https:\/\/tiyana.net\/wp-content\/uploads\/2016\/12\/Munsell-system.jpg\",\"datePublished\":\"2016-12-19T12:28:38+00:00\",\"dateModified\":\"2018-08-31T04:15:55+00:00\",\"breadcrumb\":{\"@id\":\"https:\/\/tiyana.net\/sr\/elementi\/tonalitet\/#breadcrumb\"},\"inLanguage\":\"sr-RS\",\"potentialAction\":[{\"@type\":\"ReadAction\",\"target\":[\"https:\/\/tiyana.net\/sr\/elementi\/tonalitet\/\"]}]},{\"@type\":\"ImageObject\",\"inLanguage\":\"sr-RS\",\"@id\":\"https:\/\/tiyana.net\/sr\/elementi\/tonalitet\/#primaryimage\",\"url\":\"https:\/\/tiyana.net\/wp-content\/uploads\/2016\/12\/Munsell-system.jpg\",\"contentUrl\":\"https:\/\/tiyana.net\/wp-content\/uploads\/2016\/12\/Munsell-system.jpg\"},{\"@type\":\"BreadcrumbList\",\"@id\":\"https:\/\/tiyana.net\/sr\/elementi\/tonalitet\/#breadcrumb\",\"itemListElement\":[{\"@type\":\"ListItem\",\"position\":1,\"name\":\"Home\",\"item\":\"https:\/\/tiyana.net\/sr\/\"},{\"@type\":\"ListItem\",\"position\":2,\"name\":\"Elementi\",\"item\":\"https:\/\/tiyana.net\/sr\/elementi\/\"},{\"@type\":\"ListItem\",\"position\":3,\"name\":\"Tonalitet\"}]},{\"@type\":\"WebSite\",\"@id\":\"https:\/\/tiyana.net\/sr\/#website\",\"url\":\"https:\/\/tiyana.net\/sr\/\",\"name\":\"Profesionalni fotograf Beograd, Srbija\",\"description\":\"Profesionalni fotograf specijalizovan za portrete, modnu, reklamnu i produkt fotografiju, foto studio u Beogradu\",\"publisher\":{\"@id\":\"https:\/\/tiyana.net\/sr\/#organization\"},\"potentialAction\":[{\"@type\":\"SearchAction\",\"target\":{\"@type\":\"EntryPoint\",\"urlTemplate\":\"https:\/\/tiyana.net\/sr\/?s={search_term_string}\"},\"query-input\":{\"@type\":\"PropertyValueSpecification\",\"valueRequired\":true,\"valueName\":\"search_term_string\"}}],\"inLanguage\":\"sr-RS\"},{\"@type\":\"Organization\",\"@id\":\"https:\/\/tiyana.net\/sr\/#organization\",\"name\":\"Profesionalni fotograf Beograd, Srbija\",\"url\":\"https:\/\/tiyana.net\/sr\/\",\"logo\":{\"@type\":\"ImageObject\",\"inLanguage\":\"sr-RS\",\"@id\":\"https:\/\/tiyana.net\/sr\/#\/schema\/logo\/image\/\",\"url\":\"https:\/\/tiyana.net\/wp-content\/uploads\/2022\/07\/catenamedialogo.jpg\",\"contentUrl\":\"https:\/\/tiyana.net\/wp-content\/uploads\/2022\/07\/catenamedialogo.jpg\",\"width\":525,\"height\":525,\"caption\":\"Profesionalni fotograf Beograd, Srbija\"},\"image\":{\"@id\":\"https:\/\/tiyana.net\/sr\/#\/schema\/logo\/image\/\"}}]}<\/script>\n<!-- \/ Yoast SEO plugin. -->","yoast_head_json":{"title":"Tonalitet - Profesionalni fotograf Beograd, Srbija","robots":{"index":"index","follow":"follow","max-snippet":"max-snippet:-1","max-image-preview":"max-image-preview:large","max-video-preview":"max-video-preview:-1"},"canonical":"https:\/\/tiyana.net\/sr\/elementi\/tonalitet\/","og_locale":"sr_RS","og_type":"article","og_title":"Tonalitet - Profesionalni fotograf Beograd, Srbija","og_description":"Tonalitet je op\u0161ti ukupni izgled slike u pogledu opsega i raspore\u0111enosti tonova i nivoa gradacije izme\u0111u njih. Tonalitet je prvi utisak i atmosfera fotografije i stoga ima va\u017enu ulogu u fotografiji. Pominjali smo da boja nastaje razlaganjem svetlosnih talasa, a da najni\u017ea frekvencija (u\u010destalost oscilacija zraka svetlosti) stvara crvenu svetlost, a najvi\u0161a stvara ljubi\u010dastu. Bela [&hellip;]","og_url":"https:\/\/tiyana.net\/sr\/elementi\/tonalitet\/","og_site_name":"Profesionalni fotograf Beograd, Srbija","article_modified_time":"2018-08-31T04:15:55+00:00","og_image":[{"url":"https:\/\/tiyana.net\/wp-content\/uploads\/2016\/12\/Munsell-system.jpg","type":"","width":"","height":""}],"twitter_card":"summary_large_image","twitter_misc":{"\u041f\u0440\u043e\u0446\u0435\u045a\u0435\u043d\u043e \u0432\u0440\u0435\u043c\u0435 \u0447\u0438\u0442\u0430\u045a\u0430":"7 \u043c\u0438\u043d\u0443\u0442\u0430"},"schema":{"@context":"https:\/\/schema.org","@graph":[{"@type":"WebPage","@id":"https:\/\/tiyana.net\/sr\/elementi\/tonalitet\/","url":"https:\/\/tiyana.net\/sr\/elementi\/tonalitet\/","name":"Tonalitet - Profesionalni fotograf Beograd, Srbija","isPartOf":{"@id":"https:\/\/tiyana.net\/sr\/#website"},"primaryImageOfPage":{"@id":"https:\/\/tiyana.net\/sr\/elementi\/tonalitet\/#primaryimage"},"image":{"@id":"https:\/\/tiyana.net\/sr\/elementi\/tonalitet\/#primaryimage"},"thumbnailUrl":"https:\/\/tiyana.net\/wp-content\/uploads\/2016\/12\/Munsell-system.jpg","datePublished":"2016-12-19T12:28:38+00:00","dateModified":"2018-08-31T04:15:55+00:00","breadcrumb":{"@id":"https:\/\/tiyana.net\/sr\/elementi\/tonalitet\/#breadcrumb"},"inLanguage":"sr-RS","potentialAction":[{"@type":"ReadAction","target":["https:\/\/tiyana.net\/sr\/elementi\/tonalitet\/"]}]},{"@type":"ImageObject","inLanguage":"sr-RS","@id":"https:\/\/tiyana.net\/sr\/elementi\/tonalitet\/#primaryimage","url":"https:\/\/tiyana.net\/wp-content\/uploads\/2016\/12\/Munsell-system.jpg","contentUrl":"https:\/\/tiyana.net\/wp-content\/uploads\/2016\/12\/Munsell-system.jpg"},{"@type":"BreadcrumbList","@id":"https:\/\/tiyana.net\/sr\/elementi\/tonalitet\/#breadcrumb","itemListElement":[{"@type":"ListItem","position":1,"name":"Home","item":"https:\/\/tiyana.net\/sr\/"},{"@type":"ListItem","position":2,"name":"Elementi","item":"https:\/\/tiyana.net\/sr\/elementi\/"},{"@type":"ListItem","position":3,"name":"Tonalitet"}]},{"@type":"WebSite","@id":"https:\/\/tiyana.net\/sr\/#website","url":"https:\/\/tiyana.net\/sr\/","name":"Profesionalni fotograf Beograd, Srbija","description":"Profesionalni fotograf specijalizovan za portrete, modnu, reklamnu i produkt fotografiju, foto studio u Beogradu","publisher":{"@id":"https:\/\/tiyana.net\/sr\/#organization"},"potentialAction":[{"@type":"SearchAction","target":{"@type":"EntryPoint","urlTemplate":"https:\/\/tiyana.net\/sr\/?s={search_term_string}"},"query-input":{"@type":"PropertyValueSpecification","valueRequired":true,"valueName":"search_term_string"}}],"inLanguage":"sr-RS"},{"@type":"Organization","@id":"https:\/\/tiyana.net\/sr\/#organization","name":"Profesionalni fotograf Beograd, Srbija","url":"https:\/\/tiyana.net\/sr\/","logo":{"@type":"ImageObject","inLanguage":"sr-RS","@id":"https:\/\/tiyana.net\/sr\/#\/schema\/logo\/image\/","url":"https:\/\/tiyana.net\/wp-content\/uploads\/2022\/07\/catenamedialogo.jpg","contentUrl":"https:\/\/tiyana.net\/wp-content\/uploads\/2022\/07\/catenamedialogo.jpg","width":525,"height":525,"caption":"Profesionalni fotograf Beograd, Srbija"},"image":{"@id":"https:\/\/tiyana.net\/sr\/#\/schema\/logo\/image\/"}}]}},"coauthors":[],"author_meta":{"author_link":"https:\/\/tiyana.net\/sr\/author\/tiyana\/","display_name":"Tiyana"},"relative_dates":{"created":"Posted 9 \u0433\u043e\u0434\u0438\u043d\u0430 ago","modified":"Updated 7 \u0433\u043e\u0434\u0438\u043d\u0430 ago"},"absolute_dates":{"created":"Posted on 19\/12\/2016","modified":"Updated on 31\/08\/2018"},"absolute_dates_time":{"created":"Posted on 19\/12\/2016 12:28","modified":"Updated on 31\/08\/2018 04:15"},"featured_img_caption":"","featured_img":false,"series_order":"","_links":{"self":[{"href":"https:\/\/tiyana.net\/sr\/wp-json\/wp\/v2\/pages\/208","targetHints":{"allow":["GET"]}}],"collection":[{"href":"https:\/\/tiyana.net\/sr\/wp-json\/wp\/v2\/pages"}],"about":[{"href":"https:\/\/tiyana.net\/sr\/wp-json\/wp\/v2\/types\/page"}],"author":[{"embeddable":true,"href":"https:\/\/tiyana.net\/sr\/wp-json\/wp\/v2\/users\/2"}],"replies":[{"embeddable":true,"href":"https:\/\/tiyana.net\/sr\/wp-json\/wp\/v2\/comments?post=208"}],"version-history":[{"count":0,"href":"https:\/\/tiyana.net\/sr\/wp-json\/wp\/v2\/pages\/208\/revisions"}],"up":[{"embeddable":true,"href":"https:\/\/tiyana.net\/sr\/wp-json\/wp\/v2\/pages\/187"}],"wp:attachment":[{"href":"https:\/\/tiyana.net\/sr\/wp-json\/wp\/v2\/media?parent=208"}],"curies":[{"name":"wp","href":"https:\/\/api.w.org\/{rel}","templated":true}]}}