{"id":199,"date":"2016-12-19T12:17:23","date_gmt":"2016-12-19T12:17:23","guid":{"rendered":"https:\/\/tiyana.net\/?page_id=199\/"},"modified":"2020-02-23T10:17:18","modified_gmt":"2020-02-23T10:17:18","slug":"linija-i-pravac","status":"publish","type":"page","link":"https:\/\/tiyana.net\/sr\/elementi\/linija-i-pravac\/","title":{"rendered":"Linija i pravac"},"content":{"rendered":"<p><section  class=\"fw-main-row \"  >\n\t<div class=\"fw-container\">\n\t\t<div class=\"fw-row\">\n\t<div class=\"fw-col-xs-12\" style=\"\">\n\t\n<h5><span style=\"font-weight: 400;\">Linija i njen pravac u kompoziciji imaju sna\u017ean uticaj na celokupan utisak o fotografiji.<\/span><\/h5><p><span style=\"font-weight: 400;\">Postoje najmanje dva razloga za to. Prvo, linija predstavlja putanju koja pokre\u0107e i preme\u0161ta pogled na slici. Prakti\u010dno, ona vodi oko posmatra\u010da po formatu i diktira njegovu pa\u017enju. Sa druge strane, ona uti\u010de na raspolo\u017eenje i emocionalni do\u017eivljaj. Ona ima tu mo\u0107 da deli, ujedinjuje illi nagla\u0161ava odre\u0111ene delove kompozicije. Postoji nekoliko tipova linija i svaka ima razli\u010dit uticaj u fotografiji i stvara odre\u0111enu atmosferu.<\/span><\/p>\n<\/div>\n<\/div>\n\n\t<\/div>\n<\/section>\n<div  class=\"fw-main-row \" style=\"background-color:#ededed;padding-left:15px;padding-right:15px;\" >\n\t<div class=\"fw-container-fluid no-padding\">\n\t\t<div class=\"fw-row\">\n\t<div class=\"fw-col-xs-12 fw-col-sm-4\" style=\"\">\n\t\n<h5><i><span style=\"font-weight: 400;\">Vode\u0107a linija<\/span><\/i><\/h5><p><span style=\"font-weight: 400;\">treba da uka\u017ee na zanimljivi detalj. Ona vodi pogled sa jednog dela slike na drugi deo, preme\u0161ta fokus sa prvog plana na pozadinu, sa manje va\u017enog predmeta na centar interesovanja. Ne bi trebalo da linija \u201cvodi\u201d pogled na mesto u kadru koje nema subjekat ili van slike, ve\u0107 bi trebalo odmah da ukazuje na glavnu poruku\/temu. Linije vodilje su najefektnije kada postoji direktna povezanost izme\u0111u subjekta i same linije, kao \u0161to je na primeru slike desno prikazana veza izme\u0111u posmatra\u010da- nas i modela.<\/span><\/p>\n<img loading=\"lazy\" decoding=\"async\" src=\"https:\/\/tiyana.net\/wp-content\/uploads\/2016\/12\/034-Fashion-300x200.jpg\" alt=\"https:\/\/tiyana.net\/wp-content\/uploads\/2016\/12\/034-Fashion-300x200.jpg\" width=\"300\" height=\"200\" \/><\/div>\n<div class=\"fw-col-xs-12 fw-col-sm-4\" style=\"\">\n\t\n<h5><span style=\"font-weight: 400;\">Dijagonalne linije<\/span><\/h5><p><span style=\"font-weight: 400;\">\u010desto se smatraju najmo\u0107nijim glavnim linijama, jer doprinose ose\u0107aju dubine slike. One donose slici akciju i snagu, posebno kada vode u razli\u010ditim pravcima ili se seku jedna sa drugom. Kada su u kadru vertikalne i horizontalne linije, vo\u0111stvo preuzima uvek dijagonalna linija \u010dak i kada je stavljena u zadnji plan. Njihova mo\u0107 po\u010diva u sposobnosti da prosto \u201c\u0161\u010depaju\u201d fokus posmatra\u010da i da pogled \u0161etaju napred i nazad po dijagonali.<\/span><\/p>\n<img decoding=\"async\" src=\"\/\/tiyana.net\/wp-content\/uploads\/2016\/12\/Vesna_4.jpg\" alt=\"Fashion Model by the sea with balloons\" \/><\/div>\n<div class=\"fw-col-xs-12 fw-col-sm-4\" style=\"\">\n\t\n<h5><span style=\"font-weight: 400;\">Vertikalne linije<\/span><\/h5><p><span style=\"font-weight: 400;\">mogu se uspe\u0161no koristiti kada se fotografi\u0161e arhitektura i urbane sredine, drve\u0107e, ograde, ljudi koji stoje i planine. One\u00a0prenose ose\u0107aj\u00a0mo\u0107i, veli\u010dine i visine i pobu\u0111uju pse\u0107aj stabilnosti i spokoja \u010dime se mogu porediti sa uticajem horizontalnih linija. Na neki na\u010din, njih opa\u017eamo kao rigidne jer one ograni\u010davaju i doprinose ose\u0107aju dvodimenzionalnosti- \u0161to je suprotno dijagonalnim linijama.<\/span><\/p>\n<img loading=\"lazy\" decoding=\"async\" src=\"https:\/\/tiyana.net\/wp-content\/uploads\/2016\/12\/Wall-street-helicopter-300x200.jpg\" alt=\"Skyscrapers with helicopter in Manhattan\" width=\"300\" height=\"200\" \/><\/div>\n<\/div>\n\n\t<\/div>\n<\/div>\n<div  class=\"fw-main-row \" style=\"background-color:#ededed;padding-left:15px;padding-right:15px;\" >\n\t<div class=\"fw-container-fluid no-padding\">\n\t\t<div class=\"fw-row\">\n\t<div class=\"fw-col-xs-12 fw-col-sm-4\" style=\"\">\n\t\n<h5><span style=\"font-weight: 400;\">Horizontalne linije<\/span><\/h5><p><span style=\"font-weight: 400;\">sugeri\u0161u na stabilnost i mir. Pejza\u017ei, horizonti, okeani, pustinje, ljudi koji spavaju \u2013 sve to su dobri primeri fotografije sa horizontalnim linijama. One se koriste kada fotograf \u017eeli da evocira ose\u0107aj bezvremenosti, zamrznutost trenutka u vremenu \u2013 \u0161to je i su\u0161tinski kvalitet fotografije. Ove linije obezbe\u017euju kontrast sa prvim planom, jer donose stati\u010dnu atmosferu.<\/span><\/p>\n<img loading=\"lazy\" decoding=\"async\" src=\"https:\/\/tiyana.net\/wp-content\/uploads\/2017\/02\/Sremska-Mitrovica-3-300x200.jpg\" alt=\"https:\/\/tiyana.net\/wp-content\/uploads\/2017\/02\/Sremska-Mitrovica-3-300x200.jpg\" width=\"300\" height=\"200\" \/><\/div>\n<div class=\"fw-col-xs-12 fw-col-sm-4\" style=\"\">\n\t\n<h5><i><\/i><span style=\"font-weight: 400;\">Zaobljene linije\u00a0<\/span><\/h5><p><span style=\"font-weight: 400;\">ili krive nose oko kroz kadar efikasno kao pravolinijske strele. Imaju savr\u0161enu lako\u0107u i savr\u0161enu ravnote\u017eu, one su elasti\u010dne i graciozne i izra\u017eavaju mirna, spokojna i senzualna ose\u0107anja. Prosto iznena\u0111uje koliko ovaj tip linije dominira nad svim ostalim tipovima linija. Ta dominacija nije napadna (kao recimo, dijagonala) ve\u0107 je efektivna i prijatna i isto doprinosi ose\u0107aju dubine slike.<\/span><\/p>\n<img loading=\"lazy\" decoding=\"async\" src=\"https:\/\/tiyana.net\/wp-content\/uploads\/2016\/12\/070-Portugal-300x200.jpg\" alt=\"https:\/\/tiyana.net\/wp-content\/uploads\/2016\/12\/070-Portugal-300x200.jpg\" width=\"300\" height=\"200\" \/><\/div>\n<div class=\"fw-col-xs-12 fw-col-sm-4\" style=\"\">\n\t\n<h5><span style=\"font-weight: 400;\">Konvergentne linije<\/span><\/h5><p><span style=\"font-weight: 400;\">(seku se u jednoj ta\u010dki) prenose dubinu, razmeru i razdaljinu. Su\u0161tina fotografije je u dvodimenzionalnom prenosu trodimenzionalne realnosti. Konvergentne linije sugeri\u0161u distancu. Na\u0161a svest razume da su recimo, kao na slici, dimenzije zgrade jednake i na vrhu i na dnu zgrade, pa prema tome, zna da iako deluju kao da se su\u017eava na vrhu, da \u00a0je to zbog udaljenosti. Kada\u00a0linije konvergiraju ka interesantnom subjektu, one prakti\u010dno direktno ukazuju na njega, povezuju nas sa centrom interesovanja\u00a0slike i postaju vode\u0107e linije.<\/span><\/p>\n<img loading=\"lazy\" decoding=\"async\" src=\"https:\/\/tiyana.net\/wp-content\/uploads\/2016\/12\/Convergent-lines-300x200.jpg\" alt=\"Convergent lines\" width=\"300\" height=\"200\" \/><\/div>\n<\/div>\n\n\t<\/div>\n<\/div>\n<div  class=\"fw-main-row \" style=\"padding-left:15px;padding-right:15px;\" >\n\t<div class=\"fw-container-fluid no-padding\">\n\t\t<div class=\"fw-row\">\n\t<div class=\"fw-col-xs-12\" style=\"\">\n\t\n<hr \/><p style=\"text-align: right;\"><span style=\"font-size: 10pt;\"><span style=\"color: #808080;\">*<\/span><span style=\"color: #808080;\"><span style=\"font-weight: 400;\">Sve\u00a0fotografije koje koristim kao primere su iz moje\u00a0li\u010dne arhive i imam autorska prava za njih. Ove lekcije su nastale kada sam radila u Francuskoj \u0161koli u Beogradu.\u00a0Pisala sam ovaj tekst verovatno pod uticajem\u00a0drugih sajtova ili knjiga o fotografiji i\u00a0reference mogu se na\u0107i ispod svakog predavanja.\u00a0<\/span><\/span><\/span><\/p><p style=\"text-align: right;\"><span style=\"font-size: 10pt;\"><span style=\"color: #808080;\"><span style=\"font-weight: 400;\">Reference:<\/span><\/span><\/span><\/p><p style=\"text-align: right;\"><span style=\"color: #808080; font-size: 10pt;\"><a style=\"color: #808080;\" href=\"http:\/\/www.shotaddict.com\/wordpress\/2006\/11\/16\/1773.html\"><span style=\"font-weight: 400;\">http:\/\/www.shotaddict.com\/wordpress\/2006\/11\/16\/1773.html<\/span><span style=\"font-weight: 400;\"><br \/><\/span><\/a><a style=\"color: #808080;\" href=\"http:\/\/photoinf.com\/General\/Robert_Berdan\/Composition_and_the_Elements_of_Visual_Design.htm\"><span style=\"font-weight: 400;\">http:\/\/photoinf.com\/General\/Robert_Berdan\/Composition_and_the_Elements_of_Visual_Design.htm<\/span><span style=\"font-weight: 400;\"><br \/><\/span><\/a><span style=\"font-weight: 400;\"><a style=\"color: #808080;\" href=\"http:\/\/fr.wikipedia.org\/wiki\/Composition_picturale\">http:\/\/fr.wikipedia.org\/wiki\/Composition_picturale<\/a><\/span><\/span><\/p>\n<\/div>\n<\/div>\n\n\t<\/div>\n<\/div>\n<\/p>\n","protected":false},"excerpt":{"rendered":"<p>Linija i njen pravac u kompoziciji imaju sna\u017ean uticaj na celokupan utisak o fotografiji.Postoje najmanje dva razloga za to. Prvo, linija predstavlja putanju koja pokre\u0107e i preme\u0161ta pogled na slici. Prakti\u010dno, ona vodi oko posmatra\u010da po formatu i diktira njegovu pa\u017enju. Sa druge strane, ona uti\u010de na raspolo\u017eenje i emocionalni do\u017eivljaj. Ona ima tu mo\u0107 [&hellip;]<\/p>\n","protected":false},"author":2,"featured_media":0,"parent":187,"menu_order":0,"comment_status":"open","ping_status":"closed","template":"","meta":{"_acf_changed":false,"advgb_blocks_editor_width":"","advgb_blocks_columns_visual_guide":"","footnotes":""},"class_list":["post-199","page","type-page","status-publish","hentry"],"acf":[],"yoast_head":"<!-- This site is optimized with the Yoast SEO plugin v27.1.1 - https:\/\/yoast.com\/product\/yoast-seo-wordpress\/ -->\n<title>Linija i pravac - Profesionalni fotograf Beograd, Srbija<\/title>\n<meta name=\"description\" content=\"Linija i njen pravac u kompoziciji imaju sna\u017ean uticaj na celokupan utisak o fotografiji. Linija predstavlja putanju koja pokre\u0107e i preme\u0161ta pogled na slici\" \/>\n<meta name=\"robots\" content=\"index, follow, max-snippet:-1, max-image-preview:large, max-video-preview:-1\" \/>\n<link rel=\"canonical\" href=\"https:\/\/tiyana.net\/sr\/elementi\/linija-i-pravac\/\" \/>\n<meta property=\"og:locale\" content=\"sr_RS\" \/>\n<meta property=\"og:type\" content=\"article\" \/>\n<meta property=\"og:title\" content=\"Linija i pravac - Profesionalni fotograf Beograd, Srbija\" \/>\n<meta property=\"og:description\" content=\"Linija i njen pravac u kompoziciji imaju sna\u017ean uticaj na celokupan utisak o fotografiji. Linija predstavlja putanju koja pokre\u0107e i preme\u0161ta pogled na slici\" \/>\n<meta property=\"og:url\" content=\"https:\/\/tiyana.net\/sr\/elementi\/linija-i-pravac\/\" \/>\n<meta property=\"og:site_name\" content=\"Profesionalni fotograf Beograd, Srbija\" \/>\n<meta property=\"article:modified_time\" content=\"2020-02-23T10:17:18+00:00\" \/>\n<meta property=\"og:image\" content=\"https:\/\/tiyana.net\/wp-content\/uploads\/2016\/12\/034-Fashion-300x200.jpg\" \/>\n<meta name=\"twitter:card\" content=\"summary_large_image\" \/>\n<meta name=\"twitter:label1\" content=\"\u041f\u0440\u043e\u0446\u0435\u045a\u0435\u043d\u043e \u0432\u0440\u0435\u043c\u0435 \u0447\u0438\u0442\u0430\u045a\u0430\" \/>\n\t<meta name=\"twitter:data1\" content=\"3 \u043c\u0438\u043d\u0443\u0442\u0430\" \/>\n<script type=\"application\/ld+json\" class=\"yoast-schema-graph\">{\"@context\":\"https:\/\/schema.org\",\"@graph\":[{\"@type\":\"WebPage\",\"@id\":\"https:\/\/tiyana.net\/sr\/elementi\/linija-i-pravac\/\",\"url\":\"https:\/\/tiyana.net\/sr\/elementi\/linija-i-pravac\/\",\"name\":\"Linija i pravac - Profesionalni fotograf Beograd, Srbija\",\"isPartOf\":{\"@id\":\"https:\/\/tiyana.net\/sr\/#website\"},\"primaryImageOfPage\":{\"@id\":\"https:\/\/tiyana.net\/sr\/elementi\/linija-i-pravac\/#primaryimage\"},\"image\":{\"@id\":\"https:\/\/tiyana.net\/sr\/elementi\/linija-i-pravac\/#primaryimage\"},\"thumbnailUrl\":\"https:\/\/tiyana.net\/wp-content\/uploads\/2016\/12\/034-Fashion-300x200.jpg\",\"datePublished\":\"2016-12-19T12:17:23+00:00\",\"dateModified\":\"2020-02-23T10:17:18+00:00\",\"description\":\"Linija i njen pravac u kompoziciji imaju sna\u017ean uticaj na celokupan utisak o fotografiji. Linija predstavlja putanju koja pokre\u0107e i preme\u0161ta pogled na slici\",\"breadcrumb\":{\"@id\":\"https:\/\/tiyana.net\/sr\/elementi\/linija-i-pravac\/#breadcrumb\"},\"inLanguage\":\"sr-RS\",\"potentialAction\":[{\"@type\":\"ReadAction\",\"target\":[\"https:\/\/tiyana.net\/sr\/elementi\/linija-i-pravac\/\"]}]},{\"@type\":\"ImageObject\",\"inLanguage\":\"sr-RS\",\"@id\":\"https:\/\/tiyana.net\/sr\/elementi\/linija-i-pravac\/#primaryimage\",\"url\":\"https:\/\/tiyana.net\/wp-content\/uploads\/2016\/12\/034-Fashion-300x200.jpg\",\"contentUrl\":\"https:\/\/tiyana.net\/wp-content\/uploads\/2016\/12\/034-Fashion-300x200.jpg\"},{\"@type\":\"BreadcrumbList\",\"@id\":\"https:\/\/tiyana.net\/sr\/elementi\/linija-i-pravac\/#breadcrumb\",\"itemListElement\":[{\"@type\":\"ListItem\",\"position\":1,\"name\":\"Home\",\"item\":\"https:\/\/tiyana.net\/sr\/\"},{\"@type\":\"ListItem\",\"position\":2,\"name\":\"Elementi\",\"item\":\"https:\/\/tiyana.net\/sr\/elementi\/\"},{\"@type\":\"ListItem\",\"position\":3,\"name\":\"Linija i pravac\"}]},{\"@type\":\"WebSite\",\"@id\":\"https:\/\/tiyana.net\/sr\/#website\",\"url\":\"https:\/\/tiyana.net\/sr\/\",\"name\":\"Profesionalni fotograf Beograd, Srbija\",\"description\":\"Profesionalni fotograf specijalizovan za portrete, modnu, reklamnu i produkt fotografiju, foto studio u Beogradu\",\"publisher\":{\"@id\":\"https:\/\/tiyana.net\/sr\/#organization\"},\"potentialAction\":[{\"@type\":\"SearchAction\",\"target\":{\"@type\":\"EntryPoint\",\"urlTemplate\":\"https:\/\/tiyana.net\/sr\/?s={search_term_string}\"},\"query-input\":{\"@type\":\"PropertyValueSpecification\",\"valueRequired\":true,\"valueName\":\"search_term_string\"}}],\"inLanguage\":\"sr-RS\"},{\"@type\":\"Organization\",\"@id\":\"https:\/\/tiyana.net\/sr\/#organization\",\"name\":\"Profesionalni fotograf Beograd, Srbija\",\"url\":\"https:\/\/tiyana.net\/sr\/\",\"logo\":{\"@type\":\"ImageObject\",\"inLanguage\":\"sr-RS\",\"@id\":\"https:\/\/tiyana.net\/sr\/#\/schema\/logo\/image\/\",\"url\":\"https:\/\/tiyana.net\/wp-content\/uploads\/2022\/07\/catenamedialogo.jpg\",\"contentUrl\":\"https:\/\/tiyana.net\/wp-content\/uploads\/2022\/07\/catenamedialogo.jpg\",\"width\":525,\"height\":525,\"caption\":\"Profesionalni fotograf Beograd, Srbija\"},\"image\":{\"@id\":\"https:\/\/tiyana.net\/sr\/#\/schema\/logo\/image\/\"}}]}<\/script>\n<!-- \/ Yoast SEO plugin. -->","yoast_head_json":{"title":"Linija i pravac - Profesionalni fotograf Beograd, Srbija","description":"Linija i njen pravac u kompoziciji imaju sna\u017ean uticaj na celokupan utisak o fotografiji. Linija predstavlja putanju koja pokre\u0107e i preme\u0161ta pogled na slici","robots":{"index":"index","follow":"follow","max-snippet":"max-snippet:-1","max-image-preview":"max-image-preview:large","max-video-preview":"max-video-preview:-1"},"canonical":"https:\/\/tiyana.net\/sr\/elementi\/linija-i-pravac\/","og_locale":"sr_RS","og_type":"article","og_title":"Linija i pravac - Profesionalni fotograf Beograd, Srbija","og_description":"Linija i njen pravac u kompoziciji imaju sna\u017ean uticaj na celokupan utisak o fotografiji. Linija predstavlja putanju koja pokre\u0107e i preme\u0161ta pogled na slici","og_url":"https:\/\/tiyana.net\/sr\/elementi\/linija-i-pravac\/","og_site_name":"Profesionalni fotograf Beograd, Srbija","article_modified_time":"2020-02-23T10:17:18+00:00","og_image":[{"url":"https:\/\/tiyana.net\/wp-content\/uploads\/2016\/12\/034-Fashion-300x200.jpg","type":"","width":"","height":""}],"twitter_card":"summary_large_image","twitter_misc":{"\u041f\u0440\u043e\u0446\u0435\u045a\u0435\u043d\u043e \u0432\u0440\u0435\u043c\u0435 \u0447\u0438\u0442\u0430\u045a\u0430":"3 \u043c\u0438\u043d\u0443\u0442\u0430"},"schema":{"@context":"https:\/\/schema.org","@graph":[{"@type":"WebPage","@id":"https:\/\/tiyana.net\/sr\/elementi\/linija-i-pravac\/","url":"https:\/\/tiyana.net\/sr\/elementi\/linija-i-pravac\/","name":"Linija i pravac - Profesionalni fotograf Beograd, Srbija","isPartOf":{"@id":"https:\/\/tiyana.net\/sr\/#website"},"primaryImageOfPage":{"@id":"https:\/\/tiyana.net\/sr\/elementi\/linija-i-pravac\/#primaryimage"},"image":{"@id":"https:\/\/tiyana.net\/sr\/elementi\/linija-i-pravac\/#primaryimage"},"thumbnailUrl":"https:\/\/tiyana.net\/wp-content\/uploads\/2016\/12\/034-Fashion-300x200.jpg","datePublished":"2016-12-19T12:17:23+00:00","dateModified":"2020-02-23T10:17:18+00:00","description":"Linija i njen pravac u kompoziciji imaju sna\u017ean uticaj na celokupan utisak o fotografiji. Linija predstavlja putanju koja pokre\u0107e i preme\u0161ta pogled na slici","breadcrumb":{"@id":"https:\/\/tiyana.net\/sr\/elementi\/linija-i-pravac\/#breadcrumb"},"inLanguage":"sr-RS","potentialAction":[{"@type":"ReadAction","target":["https:\/\/tiyana.net\/sr\/elementi\/linija-i-pravac\/"]}]},{"@type":"ImageObject","inLanguage":"sr-RS","@id":"https:\/\/tiyana.net\/sr\/elementi\/linija-i-pravac\/#primaryimage","url":"https:\/\/tiyana.net\/wp-content\/uploads\/2016\/12\/034-Fashion-300x200.jpg","contentUrl":"https:\/\/tiyana.net\/wp-content\/uploads\/2016\/12\/034-Fashion-300x200.jpg"},{"@type":"BreadcrumbList","@id":"https:\/\/tiyana.net\/sr\/elementi\/linija-i-pravac\/#breadcrumb","itemListElement":[{"@type":"ListItem","position":1,"name":"Home","item":"https:\/\/tiyana.net\/sr\/"},{"@type":"ListItem","position":2,"name":"Elementi","item":"https:\/\/tiyana.net\/sr\/elementi\/"},{"@type":"ListItem","position":3,"name":"Linija i pravac"}]},{"@type":"WebSite","@id":"https:\/\/tiyana.net\/sr\/#website","url":"https:\/\/tiyana.net\/sr\/","name":"Profesionalni fotograf Beograd, Srbija","description":"Profesionalni fotograf specijalizovan za portrete, modnu, reklamnu i produkt fotografiju, foto studio u Beogradu","publisher":{"@id":"https:\/\/tiyana.net\/sr\/#organization"},"potentialAction":[{"@type":"SearchAction","target":{"@type":"EntryPoint","urlTemplate":"https:\/\/tiyana.net\/sr\/?s={search_term_string}"},"query-input":{"@type":"PropertyValueSpecification","valueRequired":true,"valueName":"search_term_string"}}],"inLanguage":"sr-RS"},{"@type":"Organization","@id":"https:\/\/tiyana.net\/sr\/#organization","name":"Profesionalni fotograf Beograd, Srbija","url":"https:\/\/tiyana.net\/sr\/","logo":{"@type":"ImageObject","inLanguage":"sr-RS","@id":"https:\/\/tiyana.net\/sr\/#\/schema\/logo\/image\/","url":"https:\/\/tiyana.net\/wp-content\/uploads\/2022\/07\/catenamedialogo.jpg","contentUrl":"https:\/\/tiyana.net\/wp-content\/uploads\/2022\/07\/catenamedialogo.jpg","width":525,"height":525,"caption":"Profesionalni fotograf Beograd, Srbija"},"image":{"@id":"https:\/\/tiyana.net\/sr\/#\/schema\/logo\/image\/"}}]}},"coauthors":[],"author_meta":{"author_link":"https:\/\/tiyana.net\/sr\/author\/tiyana\/","display_name":"Tiyana"},"relative_dates":{"created":"Posted 9 \u0433\u043e\u0434\u0438\u043d\u0430 ago","modified":"Updated 6 \u0433\u043e\u0434\u0438\u043d\u0430 ago"},"absolute_dates":{"created":"Posted on 19\/12\/2016","modified":"Updated on 23\/02\/2020"},"absolute_dates_time":{"created":"Posted on 19\/12\/2016 12:17","modified":"Updated on 23\/02\/2020 10:17"},"featured_img_caption":"","featured_img":false,"series_order":"","_links":{"self":[{"href":"https:\/\/tiyana.net\/sr\/wp-json\/wp\/v2\/pages\/199","targetHints":{"allow":["GET"]}}],"collection":[{"href":"https:\/\/tiyana.net\/sr\/wp-json\/wp\/v2\/pages"}],"about":[{"href":"https:\/\/tiyana.net\/sr\/wp-json\/wp\/v2\/types\/page"}],"author":[{"embeddable":true,"href":"https:\/\/tiyana.net\/sr\/wp-json\/wp\/v2\/users\/2"}],"replies":[{"embeddable":true,"href":"https:\/\/tiyana.net\/sr\/wp-json\/wp\/v2\/comments?post=199"}],"version-history":[{"count":0,"href":"https:\/\/tiyana.net\/sr\/wp-json\/wp\/v2\/pages\/199\/revisions"}],"up":[{"embeddable":true,"href":"https:\/\/tiyana.net\/sr\/wp-json\/wp\/v2\/pages\/187"}],"wp:attachment":[{"href":"https:\/\/tiyana.net\/sr\/wp-json\/wp\/v2\/media?parent=199"}],"curies":[{"name":"wp","href":"https:\/\/api.w.org\/{rel}","templated":true}]}}