{"id":183,"date":"2016-12-20T05:46:31","date_gmt":"2016-12-20T05:46:31","guid":{"rendered":"https:\/\/tiyana.net\/?page_id=183\/"},"modified":"2025-10-29T17:33:15","modified_gmt":"2025-10-29T16:33:15","slug":"kontinuitet","status":"publish","type":"page","link":"https:\/\/tiyana.net\/sr\/kontinuitet\/","title":{"rendered":"Kontinuitet"},"content":{"rendered":"<p><div  class=\"fw-main-row \"  >\n\t<div class=\"fw-container-fluid no-padding\">\n\t\t<div class=\"fw-row\">\n\t<div class=\"fw-col-xs-12\" style=\"\">\n\t<img decoding=\"async\" src=\"\/\/tiyana.net\/wp-content\/uploads\/2016\/12\/Continuity-01.png\" alt=\"Continuous landscapes\" \/><\/div>\n<\/div>\n\n\t<\/div>\n<\/div>\n<section  class=\"fw-main-row \"  >\n\t<div class=\"fw-container\">\n\t\t<div class=\"fw-row\">\n\t<div class=\"fw-col-xs-12\" style=\"\">\n\t\n<p>Pore\u0111ala sam fotografije jednu do druge kako bih stvorila vizuelni kontinuitet.<\/p>\n<\/div>\n<\/div>\n\n\t<\/div>\n<\/section>\n<div  class=\"fw-main-row \"  >\n\t<div class=\"fw-container-fluid no-padding\">\n\t\t<div class=\"fw-row\">\n\t<div class=\"fw-col-xs-12\" style=\"\">\n\t<img decoding=\"async\" src=\"\/\/tiyana.net\/wp-content\/uploads\/2016\/12\/Continuity-02.png\" alt=\"Continuous landscapes\" \/><\/div>\n<\/div>\n\n\t<\/div>\n<\/div>\n<section  class=\"fw-main-row \"  >\n\t<div class=\"fw-container\">\n\t\t<div class=\"fw-row\">\n\t<div class=\"fw-col-xs-12\" style=\"\">\n\t\n<p>Poku\u0161ala sam da integri\u0161em razli\u010dite pejza\u017ee u celinu. Iako oni nisu jedno pored drugog u prirodi, u na\u0161oj memoriji oni se nadovezuju nasumi\u010dno i mo\u017eemo jedno iskustvo povezati sa drugim.<\/p>\n<\/div>\n<\/div>\n\n\t<\/div>\n<\/section>\n<div  class=\"fw-main-row \"  >\n\t<div class=\"fw-container-fluid no-padding\">\n\t\t<div class=\"fw-row\">\n\t<div class=\"fw-col-xs-12\" style=\"\">\n\t<img decoding=\"async\" src=\"\/\/tiyana.net\/wp-content\/uploads\/2016\/12\/Continuity-03.png\" alt=\"Continuous landscapes\" \/><\/div>\n<\/div>\n\n\t<\/div>\n<\/div>\n<section  class=\"fw-main-row \"  >\n\t<div class=\"fw-container\">\n\t\t<div class=\"fw-row\">\n\t<div class=\"fw-col-xs-12\" style=\"\">\n\t\n<p>Na ovaj na\u010din spojila sam razli\u010dite dr\u017eave, regione, kulture koje se nalaze kilometrima daleko jedna od druge.<\/p>\n<\/div>\n<\/div>\n\n\t<\/div>\n<\/section>\n<div  class=\"fw-main-row \"  >\n\t<div class=\"fw-container-fluid no-padding\">\n\t\t<div class=\"fw-row\">\n\t<div class=\"fw-col-xs-12\" style=\"\">\n\t<img decoding=\"async\" src=\"\/\/tiyana.net\/wp-content\/uploads\/2016\/12\/Continuity-04.png\" alt=\"Continuous landscapes\" \/><\/div>\n<\/div>\n\n\t<\/div>\n<\/div>\n<section  class=\"fw-main-row \"  >\n\t<div class=\"fw-container\">\n\t\t<div class=\"fw-row\">\n\t<div class=\"fw-col-xs-12\" style=\"\">\n\t\n<p>To su fotografije sa mojih putovanja i \u017eelela sam da njihovim povezivanjem iniciram de\u017ea-vu momenat.<\/p>\n<\/div>\n<\/div>\n\n\t<\/div>\n<\/section>\n<div  class=\"fw-main-row \"  >\n\t<div class=\"fw-container-fluid no-padding\">\n\t\t<div class=\"fw-row\">\n\t<div class=\"fw-col-xs-12\" style=\"\">\n\t<img decoding=\"async\" src=\"\/\/tiyana.net\/wp-content\/uploads\/2016\/12\/Continuity-05.png\" alt=\"Continuous landscapes\" \/><\/div>\n<\/div>\n\n\t<\/div>\n<\/div>\n<section  class=\"fw-main-row \"  >\n\t<div class=\"fw-container\">\n\t\t<div class=\"fw-row\">\n\t<div class=\"fw-col-xs-12\" style=\"\">\n\t\n<p>Gde god da odemo, nova iskustva se nadovezuju na stara i sa njima formiraju jednu savr\u0161enu celinu.<\/p>\n<\/div>\n<\/div>\n\n\t<\/div>\n<\/section>\n<div  class=\"fw-main-row \"  >\n\t<div class=\"fw-container-fluid no-padding\">\n\t\t<div class=\"fw-row\">\n\t<div class=\"fw-col-xs-12\" style=\"\">\n\t<img decoding=\"async\" src=\"\/\/tiyana.net\/wp-content\/uploads\/2016\/12\/Continuity-06.png\" alt=\"Continuous landscapes\" \/><\/div>\n<\/div>\n\n\t<\/div>\n<\/div>\n<section  class=\"fw-main-row \"  >\n\t<div class=\"fw-container\">\n\t\t<div class=\"fw-row\">\n\t<div class=\"fw-col-xs-12\" style=\"\">\n\t\n<p>Sabiranje\u00a0svih se\u0107anja, jedinstvo najraznovrsnijih iskustva od onih lepih do neprijatnih, \u010dini savr\u0161enu celinu, jedno bi\u0107e.<\/p>\n<\/div>\n<\/div>\n\n\t<\/div>\n<\/section>\n<\/p>\n","protected":false},"excerpt":{"rendered":"<p>Pore\u0111ala sam fotografije jednu do druge kako bih stvorila vizuelni kontinuitet. Poku\u0161ala sam da integri\u0161em razli\u010dite pejza\u017ee u celinu. Iako oni nisu jedno pored drugog u prirodi, u na\u0161oj memoriji oni se nadovezuju nasumi\u010dno i mo\u017eemo jedno iskustvo povezati sa drugim. Na ovaj na\u010din spojila sam razli\u010dite dr\u017eave, regione, kulture koje se nalaze kilometrima daleko [&hellip;]<\/p>\n","protected":false},"author":2,"featured_media":2087,"parent":0,"menu_order":0,"comment_status":"open","ping_status":"closed","template":"","meta":{"_acf_changed":false,"advgb_blocks_editor_width":"","advgb_blocks_columns_visual_guide":"","footnotes":""},"class_list":["post-183","page","type-page","status-publish","has-post-thumbnail","hentry"],"acf":[],"yoast_head":"<!-- This site is optimized with the Yoast SEO plugin v27.5 - https:\/\/yoast.com\/product\/yoast-seo-wordpress\/ -->\n<title>Kontinuitet - Profesionalni fotograf Beograd, Srbija<\/title>\n<meta name=\"robots\" content=\"index, follow, max-snippet:-1, max-image-preview:large, max-video-preview:-1\" \/>\n<link rel=\"canonical\" href=\"https:\/\/tiyana.net\/sr\/kontinuitet\/\" \/>\n<meta property=\"og:locale\" content=\"sr_RS\" \/>\n<meta property=\"og:type\" content=\"article\" \/>\n<meta property=\"og:title\" content=\"Kontinuitet - Profesionalni fotograf Beograd, Srbija\" \/>\n<meta property=\"og:description\" content=\"Pore\u0111ala sam fotografije jednu do druge kako bih stvorila vizuelni kontinuitet. Poku\u0161ala sam da integri\u0161em razli\u010dite pejza\u017ee u celinu. Iako oni nisu jedno pored drugog u prirodi, u na\u0161oj memoriji oni se nadovezuju nasumi\u010dno i mo\u017eemo jedno iskustvo povezati sa drugim. Na ovaj na\u010din spojila sam razli\u010dite dr\u017eave, regione, kulture koje se nalaze kilometrima daleko [&hellip;]\" \/>\n<meta property=\"og:url\" content=\"https:\/\/tiyana.net\/sr\/kontinuitet\/\" \/>\n<meta property=\"og:site_name\" content=\"Profesionalni fotograf Beograd, Srbija\" \/>\n<meta property=\"article:modified_time\" content=\"2025-10-29T16:33:15+00:00\" \/>\n<meta property=\"og:image\" content=\"https:\/\/tiyana.net\/wp-content\/uploads\/2016\/12\/Continuity-02.png\" \/>\n\t<meta property=\"og:image:width\" content=\"1440\" \/>\n\t<meta property=\"og:image:height\" content=\"211\" \/>\n\t<meta property=\"og:image:type\" content=\"image\/png\" \/>\n<meta name=\"twitter:card\" content=\"summary_large_image\" \/>\n<meta name=\"twitter:label1\" content=\"\u041f\u0440\u043e\u0446\u0435\u045a\u0435\u043d\u043e \u0432\u0440\u0435\u043c\u0435 \u0447\u0438\u0442\u0430\u045a\u0430\" \/>\n\t<meta name=\"twitter:data1\" content=\"1 \u043c\u0438\u043d\u0443\u0442\" \/>\n<script type=\"application\/ld+json\" class=\"yoast-schema-graph\">{\"@context\":\"https:\\\/\\\/schema.org\",\"@graph\":[{\"@type\":\"WebPage\",\"@id\":\"https:\\\/\\\/tiyana.net\\\/sr\\\/kontinuitet\\\/\",\"url\":\"https:\\\/\\\/tiyana.net\\\/sr\\\/kontinuitet\\\/\",\"name\":\"Kontinuitet - Profesionalni fotograf Beograd, Srbija\",\"isPartOf\":{\"@id\":\"https:\\\/\\\/tiyana.net\\\/sr\\\/#website\"},\"primaryImageOfPage\":{\"@id\":\"https:\\\/\\\/tiyana.net\\\/sr\\\/kontinuitet\\\/#primaryimage\"},\"image\":{\"@id\":\"https:\\\/\\\/tiyana.net\\\/sr\\\/kontinuitet\\\/#primaryimage\"},\"thumbnailUrl\":\"https:\\\/\\\/tiyana.net\\\/wp-content\\\/uploads\\\/2016\\\/12\\\/Continuity-02.png\",\"datePublished\":\"2016-12-20T05:46:31+00:00\",\"dateModified\":\"2025-10-29T16:33:15+00:00\",\"breadcrumb\":{\"@id\":\"https:\\\/\\\/tiyana.net\\\/sr\\\/kontinuitet\\\/#breadcrumb\"},\"inLanguage\":\"sr-RS\",\"potentialAction\":[{\"@type\":\"ReadAction\",\"target\":[\"https:\\\/\\\/tiyana.net\\\/sr\\\/kontinuitet\\\/\"]}]},{\"@type\":\"ImageObject\",\"inLanguage\":\"sr-RS\",\"@id\":\"https:\\\/\\\/tiyana.net\\\/sr\\\/kontinuitet\\\/#primaryimage\",\"url\":\"https:\\\/\\\/tiyana.net\\\/wp-content\\\/uploads\\\/2016\\\/12\\\/Continuity-02.png\",\"contentUrl\":\"https:\\\/\\\/tiyana.net\\\/wp-content\\\/uploads\\\/2016\\\/12\\\/Continuity-02.png\",\"width\":1440,\"height\":211,\"caption\":\"Continuous landscapes\"},{\"@type\":\"BreadcrumbList\",\"@id\":\"https:\\\/\\\/tiyana.net\\\/sr\\\/kontinuitet\\\/#breadcrumb\",\"itemListElement\":[{\"@type\":\"ListItem\",\"position\":1,\"name\":\"Home\",\"item\":\"https:\\\/\\\/tiyana.net\\\/sr\\\/\"},{\"@type\":\"ListItem\",\"position\":2,\"name\":\"Kontinuitet\"}]},{\"@type\":\"WebSite\",\"@id\":\"https:\\\/\\\/tiyana.net\\\/sr\\\/#website\",\"url\":\"https:\\\/\\\/tiyana.net\\\/sr\\\/\",\"name\":\"Profesionalni fotograf Beograd, Srbija\",\"description\":\"Profesionalni fotograf specijalizovan za portrete, modnu, reklamnu i produkt fotografiju, foto studio u Beogradu\",\"publisher\":{\"@id\":\"https:\\\/\\\/tiyana.net\\\/sr\\\/#organization\"},\"potentialAction\":[{\"@type\":\"SearchAction\",\"target\":{\"@type\":\"EntryPoint\",\"urlTemplate\":\"https:\\\/\\\/tiyana.net\\\/sr\\\/?s={search_term_string}\"},\"query-input\":{\"@type\":\"PropertyValueSpecification\",\"valueRequired\":true,\"valueName\":\"search_term_string\"}}],\"inLanguage\":\"sr-RS\"},{\"@type\":\"Organization\",\"@id\":\"https:\\\/\\\/tiyana.net\\\/sr\\\/#organization\",\"name\":\"Profesionalni fotograf Beograd, Srbija\",\"url\":\"https:\\\/\\\/tiyana.net\\\/sr\\\/\",\"logo\":{\"@type\":\"ImageObject\",\"inLanguage\":\"sr-RS\",\"@id\":\"https:\\\/\\\/tiyana.net\\\/sr\\\/#\\\/schema\\\/logo\\\/image\\\/\",\"url\":\"https:\\\/\\\/tiyana.net\\\/wp-content\\\/uploads\\\/2022\\\/07\\\/catenamedialogo.jpg\",\"contentUrl\":\"https:\\\/\\\/tiyana.net\\\/wp-content\\\/uploads\\\/2022\\\/07\\\/catenamedialogo.jpg\",\"width\":525,\"height\":525,\"caption\":\"Profesionalni fotograf Beograd, Srbija\"},\"image\":{\"@id\":\"https:\\\/\\\/tiyana.net\\\/sr\\\/#\\\/schema\\\/logo\\\/image\\\/\"}}]}<\/script>\n<!-- \/ Yoast SEO plugin. -->","yoast_head_json":{"title":"Kontinuitet - Profesionalni fotograf Beograd, Srbija","robots":{"index":"index","follow":"follow","max-snippet":"max-snippet:-1","max-image-preview":"max-image-preview:large","max-video-preview":"max-video-preview:-1"},"canonical":"https:\/\/tiyana.net\/sr\/kontinuitet\/","og_locale":"sr_RS","og_type":"article","og_title":"Kontinuitet - Profesionalni fotograf Beograd, Srbija","og_description":"Pore\u0111ala sam fotografije jednu do druge kako bih stvorila vizuelni kontinuitet. Poku\u0161ala sam da integri\u0161em razli\u010dite pejza\u017ee u celinu. Iako oni nisu jedno pored drugog u prirodi, u na\u0161oj memoriji oni se nadovezuju nasumi\u010dno i mo\u017eemo jedno iskustvo povezati sa drugim. Na ovaj na\u010din spojila sam razli\u010dite dr\u017eave, regione, kulture koje se nalaze kilometrima daleko [&hellip;]","og_url":"https:\/\/tiyana.net\/sr\/kontinuitet\/","og_site_name":"Profesionalni fotograf Beograd, Srbija","article_modified_time":"2025-10-29T16:33:15+00:00","og_image":[{"width":1440,"height":211,"url":"https:\/\/tiyana.net\/wp-content\/uploads\/2016\/12\/Continuity-02.png","type":"image\/png"}],"twitter_card":"summary_large_image","twitter_misc":{"\u041f\u0440\u043e\u0446\u0435\u045a\u0435\u043d\u043e \u0432\u0440\u0435\u043c\u0435 \u0447\u0438\u0442\u0430\u045a\u0430":"1 \u043c\u0438\u043d\u0443\u0442"},"schema":{"@context":"https:\/\/schema.org","@graph":[{"@type":"WebPage","@id":"https:\/\/tiyana.net\/sr\/kontinuitet\/","url":"https:\/\/tiyana.net\/sr\/kontinuitet\/","name":"Kontinuitet - Profesionalni fotograf Beograd, Srbija","isPartOf":{"@id":"https:\/\/tiyana.net\/sr\/#website"},"primaryImageOfPage":{"@id":"https:\/\/tiyana.net\/sr\/kontinuitet\/#primaryimage"},"image":{"@id":"https:\/\/tiyana.net\/sr\/kontinuitet\/#primaryimage"},"thumbnailUrl":"https:\/\/tiyana.net\/wp-content\/uploads\/2016\/12\/Continuity-02.png","datePublished":"2016-12-20T05:46:31+00:00","dateModified":"2025-10-29T16:33:15+00:00","breadcrumb":{"@id":"https:\/\/tiyana.net\/sr\/kontinuitet\/#breadcrumb"},"inLanguage":"sr-RS","potentialAction":[{"@type":"ReadAction","target":["https:\/\/tiyana.net\/sr\/kontinuitet\/"]}]},{"@type":"ImageObject","inLanguage":"sr-RS","@id":"https:\/\/tiyana.net\/sr\/kontinuitet\/#primaryimage","url":"https:\/\/tiyana.net\/wp-content\/uploads\/2016\/12\/Continuity-02.png","contentUrl":"https:\/\/tiyana.net\/wp-content\/uploads\/2016\/12\/Continuity-02.png","width":1440,"height":211,"caption":"Continuous landscapes"},{"@type":"BreadcrumbList","@id":"https:\/\/tiyana.net\/sr\/kontinuitet\/#breadcrumb","itemListElement":[{"@type":"ListItem","position":1,"name":"Home","item":"https:\/\/tiyana.net\/sr\/"},{"@type":"ListItem","position":2,"name":"Kontinuitet"}]},{"@type":"WebSite","@id":"https:\/\/tiyana.net\/sr\/#website","url":"https:\/\/tiyana.net\/sr\/","name":"Profesionalni fotograf Beograd, Srbija","description":"Profesionalni fotograf specijalizovan za portrete, modnu, reklamnu i produkt fotografiju, foto studio u Beogradu","publisher":{"@id":"https:\/\/tiyana.net\/sr\/#organization"},"potentialAction":[{"@type":"SearchAction","target":{"@type":"EntryPoint","urlTemplate":"https:\/\/tiyana.net\/sr\/?s={search_term_string}"},"query-input":{"@type":"PropertyValueSpecification","valueRequired":true,"valueName":"search_term_string"}}],"inLanguage":"sr-RS"},{"@type":"Organization","@id":"https:\/\/tiyana.net\/sr\/#organization","name":"Profesionalni fotograf Beograd, Srbija","url":"https:\/\/tiyana.net\/sr\/","logo":{"@type":"ImageObject","inLanguage":"sr-RS","@id":"https:\/\/tiyana.net\/sr\/#\/schema\/logo\/image\/","url":"https:\/\/tiyana.net\/wp-content\/uploads\/2022\/07\/catenamedialogo.jpg","contentUrl":"https:\/\/tiyana.net\/wp-content\/uploads\/2022\/07\/catenamedialogo.jpg","width":525,"height":525,"caption":"Profesionalni fotograf Beograd, Srbija"},"image":{"@id":"https:\/\/tiyana.net\/sr\/#\/schema\/logo\/image\/"}}]}},"coauthors":[],"author_meta":{"author_link":"https:\/\/tiyana.net\/sr\/author\/tiyana\/","display_name":"Tiyana"},"relative_dates":{"created":"Posted 9 \u0433\u043e\u0434\u0438\u043d\u0430 ago","modified":"Updated 6 \u043c\u0435\u0441\u0435\u0446\u0438 ago"},"absolute_dates":{"created":"Posted on 20. decembar 2016.","modified":"Updated on 29. oktobar 2025."},"absolute_dates_time":{"created":"Posted on 20. decembar 2016. 05:46 ","modified":"Updated on 29. oktobar 2025. 17:33 "},"featured_img_caption":"","featured_img":"https:\/\/tiyana.net\/wp-content\/uploads\/2016\/12\/Continuity-02.png","series_order":"","_links":{"self":[{"href":"https:\/\/tiyana.net\/sr\/wp-json\/wp\/v2\/pages\/183","targetHints":{"allow":["GET"]}}],"collection":[{"href":"https:\/\/tiyana.net\/sr\/wp-json\/wp\/v2\/pages"}],"about":[{"href":"https:\/\/tiyana.net\/sr\/wp-json\/wp\/v2\/types\/page"}],"author":[{"embeddable":true,"href":"https:\/\/tiyana.net\/sr\/wp-json\/wp\/v2\/users\/2"}],"replies":[{"embeddable":true,"href":"https:\/\/tiyana.net\/sr\/wp-json\/wp\/v2\/comments?post=183"}],"version-history":[{"count":1,"href":"https:\/\/tiyana.net\/sr\/wp-json\/wp\/v2\/pages\/183\/revisions"}],"predecessor-version":[{"id":22257,"href":"https:\/\/tiyana.net\/sr\/wp-json\/wp\/v2\/pages\/183\/revisions\/22257"}],"wp:featuredmedia":[{"embeddable":true,"href":"https:\/\/tiyana.net\/sr\/wp-json\/wp\/v2\/media\/2087"}],"wp:attachment":[{"href":"https:\/\/tiyana.net\/sr\/wp-json\/wp\/v2\/media?parent=183"}],"curies":[{"name":"wp","href":"https:\/\/api.w.org\/{rel}","templated":true}]}}