{"id":1664,"date":"2017-03-06T13:56:26","date_gmt":"2017-03-06T13:56:26","guid":{"rendered":"https:\/\/tiyana.net\/thai-swings\/"},"modified":"2025-10-29T17:33:22","modified_gmt":"2025-10-29T16:33:22","slug":"ljuljaske","status":"publish","type":"page","link":"https:\/\/tiyana.net\/sr\/ljuljaske\/","title":{"rendered":"Ljulja\u0161ke"},"content":{"rendered":"\n<p class=\"has-text-align-center\"><em>Januar 2016<\/em><\/p>\n\n\n\n<p class=\"has-text-align-center\">Ako ikada odete na Tajland, idite da vidite slonove.<br>Posetite budisti\u010dki hram i popri\u010dajte sa monahom iz Mjanmara.<br>Upalite aromati\u010dni \u0161tapi\u0107 ispred Bude i pomolite se za svoje.<br>Pro\u0161etajte obodom&nbsp;guste d\u017eungle.<br>Idite na masa\u017eu pored mora.<br>Jedite Pad Thai &#8211; bez \u0161e\u0107era.<br>Zaboravite mobilni.<br>Zaboravite engleski.<\/p>\n\n\n\n<p class=\"has-text-align-center\">I zaljuljajte se na ljulja\u0161ci na pla\u017ei visoko, visoko iznad horizonta.<\/p>\n\n\n\n<section class=\"fw-main-row \">\n<div class=\"fw-container\">\n<div class=\"fw-row\">\n<div class=\"fw-col-xs-12\">&nbsp;<\/div>\n<\/div>\n<\/div>\n<\/section>\n\n\n\n<div class=\"wp-block-columns is-layout-flex wp-container-core-columns-is-layout-9d6595d7 wp-block-columns-is-layout-flex\">\n<div class=\"wp-block-column is-layout-flow wp-block-column-is-layout-flow\" style=\"flex-basis:15%\"><\/div>\n\n\n\n<div class=\"wp-block-column is-layout-flow wp-block-column-is-layout-flow\" style=\"flex-basis:70%\">\n<div class=\"wp-block-advgb-images-slider advgb-images-slider-block advgb-images-slider-lightbox advg-images-slider-12928f21-2a29-439f-a4ab-3d7ba020b639\"><div class=\"advgb-images-slider\" dir=\"rtl\"><div class=\"advgb-image-slider-item\"><img decoding=\"async\" src=\"https:\/\/tiyana.net\/wp-content\/uploads\/2017\/02\/Girl_swinging_on_the_beach.jpg\" class=\"advgb-image-slider-img\" alt=\"\" style=\"width:100%;height:auto\"\/><div class=\"advgb-image-slider-item-info\" style=\"justify-content:center;align-items:center\"><a class=\"advgb-image-slider-overlay\" target=\"_blank\" rel=\"noopener noreferrer\" href=\"#\"><\/a><\/div><\/div><div class=\"advgb-image-slider-item\"><img decoding=\"async\" src=\"https:\/\/tiyana.net\/wp-content\/uploads\/2017\/02\/Girl_on_swing_on_beach_with_child_running.jpg\" class=\"advgb-image-slider-img\" alt=\"\" style=\"width:100%;height:auto\"\/><div class=\"advgb-image-slider-item-info\" style=\"justify-content:center;align-items:center\"><a class=\"advgb-image-slider-overlay\" target=\"_blank\" rel=\"noopener noreferrer\" href=\"#\"><\/a><\/div><\/div><div class=\"advgb-image-slider-item\"><img decoding=\"async\" src=\"https:\/\/tiyana.net\/wp-content\/uploads\/2017\/02\/Girl_on_swing_on_beach.jpg\" class=\"advgb-image-slider-img\" alt=\"\" style=\"width:100%;height:auto\"\/><div class=\"advgb-image-slider-item-info\" style=\"justify-content:center;align-items:center\"><a class=\"advgb-image-slider-overlay\" target=\"_blank\" rel=\"noopener noreferrer\" href=\"#\"><\/a><\/div><\/div><div class=\"advgb-image-slider-item\"><img decoding=\"async\" src=\"https:\/\/tiyana.net\/wp-content\/uploads\/2017\/02\/Girl_on_swing_in_beach_bar_on_sunset.jpg\" class=\"advgb-image-slider-img\" alt=\"\" style=\"width:100%;height:auto\"\/><div class=\"advgb-image-slider-item-info\" style=\"justify-content:center;align-items:center\"><a class=\"advgb-image-slider-overlay\" target=\"_blank\" rel=\"noopener noreferrer\" href=\"#\"><\/a><\/div><\/div><div class=\"advgb-image-slider-item\"><img decoding=\"async\" src=\"https:\/\/tiyana.net\/wp-content\/uploads\/2017\/02\/Girl_on_swing_in_beach_bar_mellancholic.jpg\" class=\"advgb-image-slider-img\" alt=\"\" style=\"width:100%;height:auto\"\/><div class=\"advgb-image-slider-item-info\" style=\"justify-content:center;align-items:center\"><a class=\"advgb-image-slider-overlay\" target=\"_blank\" rel=\"noopener noreferrer\" href=\"#\"><\/a><\/div><\/div><div class=\"advgb-image-slider-item\"><img decoding=\"async\" src=\"https:\/\/tiyana.net\/wp-content\/uploads\/2017\/02\/Girl_on_swing_in_beach_bar_looking_down.jpg\" class=\"advgb-image-slider-img\" alt=\"\" style=\"width:100%;height:auto\"\/><div class=\"advgb-image-slider-item-info\" style=\"justify-content:center;align-items:center\"><a class=\"advgb-image-slider-overlay\" target=\"_blank\" rel=\"noopener noreferrer\" href=\"#\"><\/a><\/div><\/div><div class=\"advgb-image-slider-item\"><img decoding=\"async\" src=\"https:\/\/tiyana.net\/wp-content\/uploads\/2017\/02\/Girl_on_swing_in_beach_bar_from-back.jpg\" class=\"advgb-image-slider-img\" alt=\"\" style=\"width:100%;height:auto\"\/><div class=\"advgb-image-slider-item-info\" style=\"justify-content:center;align-items:center\"><a class=\"advgb-image-slider-overlay\" target=\"_blank\" rel=\"noopener noreferrer\" href=\"#\"><\/a><\/div><\/div><div class=\"advgb-image-slider-item\"><img decoding=\"async\" src=\"https:\/\/tiyana.net\/wp-content\/uploads\/2017\/02\/Girl_on_swing_in_beach_bar.jpg\" class=\"advgb-image-slider-img\" alt=\"\" style=\"width:100%;height:auto\"\/><div class=\"advgb-image-slider-item-info\" style=\"justify-content:center;align-items:center\"><a class=\"advgb-image-slider-overlay\" target=\"_blank\" rel=\"noopener noreferrer\" href=\"#\"><\/a><\/div><\/div><div class=\"advgb-image-slider-item\"><img decoding=\"async\" src=\"https:\/\/tiyana.net\/wp-content\/uploads\/2017\/02\/Girl_on_sand.jpg\" class=\"advgb-image-slider-img\" alt=\"\" style=\"width:100%;height:auto\"\/><div class=\"advgb-image-slider-item-info\" style=\"justify-content:center;align-items:center\"><a class=\"advgb-image-slider-overlay\" target=\"_blank\" rel=\"noopener noreferrer\" href=\"#\"><\/a><\/div><\/div><div class=\"advgb-image-slider-item\"><img decoding=\"async\" src=\"https:\/\/tiyana.net\/wp-content\/uploads\/2017\/02\/Girl_laying_on_sand.jpg\" class=\"advgb-image-slider-img\" alt=\"\" style=\"width:100%;height:auto\"\/><div class=\"advgb-image-slider-item-info\" style=\"justify-content:center;align-items:center\"><a class=\"advgb-image-slider-overlay\" target=\"_blank\" rel=\"noopener noreferrer\" href=\"#\"><\/a><\/div><\/div><\/div><\/div>\n<\/div>\n\n\n\n<div class=\"wp-block-column is-layout-flow wp-block-column-is-layout-flow\" style=\"flex-basis:15%\"><\/div>\n<\/div>\n\n\n\n<p><\/p>\n\n\n","protected":false},"excerpt":{"rendered":"<p>Januar 2016 Ako ikada odete na Tajland, idite da vidite slonove.Posetite budisti\u010dki hram i popri\u010dajte sa monahom iz Mjanmara.Upalite aromati\u010dni \u0161tapi\u0107 ispred Bude i pomolite se za svoje.Pro\u0161etajte obodom&nbsp;guste d\u017eungle.Idite na masa\u017eu pored mora.Jedite Pad Thai &#8211; bez \u0161e\u0107era.Zaboravite mobilni.Zaboravite engleski. I zaljuljajte se na ljulja\u0161ci na pla\u017ei visoko, visoko iznad horizonta. &nbsp;<\/p>\n","protected":false},"author":2,"featured_media":1212,"parent":0,"menu_order":0,"comment_status":"open","ping_status":"closed","template":"","meta":{"_acf_changed":false,"advgb_blocks_editor_width":"","advgb_blocks_columns_visual_guide":"","footnotes":""},"class_list":["post-1664","page","type-page","status-publish","has-post-thumbnail","hentry"],"acf":[],"yoast_head":"<!-- This site is optimized with the Yoast SEO plugin v27.5 - https:\/\/yoast.com\/product\/yoast-seo-wordpress\/ -->\n<title>Ljulja\u0161ke - Profesionalni fotograf Beograd, Srbija<\/title>\n<meta name=\"robots\" content=\"index, follow, max-snippet:-1, max-image-preview:large, max-video-preview:-1\" \/>\n<link rel=\"canonical\" href=\"https:\/\/tiyana.net\/sr\/ljuljaske\/\" \/>\n<meta property=\"og:locale\" content=\"sr_RS\" \/>\n<meta property=\"og:type\" content=\"article\" \/>\n<meta property=\"og:title\" content=\"Ljulja\u0161ke - Profesionalni fotograf Beograd, Srbija\" \/>\n<meta property=\"og:description\" content=\"Januar 2016 Ako ikada odete na Tajland, idite da vidite slonove.Posetite budisti\u010dki hram i popri\u010dajte sa monahom iz Mjanmara.Upalite aromati\u010dni \u0161tapi\u0107 ispred Bude i pomolite se za svoje.Pro\u0161etajte obodom&nbsp;guste d\u017eungle.Idite na masa\u017eu pored mora.Jedite Pad Thai &#8211; bez \u0161e\u0107era.Zaboravite mobilni.Zaboravite engleski. I zaljuljajte se na ljulja\u0161ci na pla\u017ei visoko, visoko iznad horizonta. &nbsp;\" \/>\n<meta property=\"og:url\" content=\"https:\/\/tiyana.net\/sr\/ljuljaske\/\" \/>\n<meta property=\"og:site_name\" content=\"Profesionalni fotograf Beograd, Srbija\" \/>\n<meta property=\"article:modified_time\" content=\"2025-10-29T16:33:22+00:00\" \/>\n<meta property=\"og:image\" content=\"https:\/\/tiyana.net\/wp-content\/uploads\/2017\/02\/Girl_on_swing_in_beach_bar_mellancholic-e1500671536156.jpg\" \/>\n\t<meta property=\"og:image:width\" content=\"1170\" \/>\n\t<meta property=\"og:image:height\" content=\"731\" \/>\n\t<meta property=\"og:image:type\" content=\"image\/jpeg\" \/>\n<meta name=\"twitter:card\" content=\"summary_large_image\" \/>\n<meta name=\"twitter:label1\" content=\"\u041f\u0440\u043e\u0446\u0435\u045a\u0435\u043d\u043e \u0432\u0440\u0435\u043c\u0435 \u0447\u0438\u0442\u0430\u045a\u0430\" \/>\n\t<meta name=\"twitter:data1\" content=\"3 \u043c\u0438\u043d\u0443\u0442\u0430\" \/>\n<script type=\"application\/ld+json\" class=\"yoast-schema-graph\">{\"@context\":\"https:\\\/\\\/schema.org\",\"@graph\":[{\"@type\":\"WebPage\",\"@id\":\"https:\\\/\\\/tiyana.net\\\/sr\\\/ljuljaske\\\/\",\"url\":\"https:\\\/\\\/tiyana.net\\\/sr\\\/ljuljaske\\\/\",\"name\":\"Ljulja\u0161ke - Profesionalni fotograf Beograd, Srbija\",\"isPartOf\":{\"@id\":\"https:\\\/\\\/tiyana.net\\\/sr\\\/#website\"},\"primaryImageOfPage\":{\"@id\":\"https:\\\/\\\/tiyana.net\\\/sr\\\/ljuljaske\\\/#primaryimage\"},\"image\":{\"@id\":\"https:\\\/\\\/tiyana.net\\\/sr\\\/ljuljaske\\\/#primaryimage\"},\"thumbnailUrl\":\"https:\\\/\\\/tiyana.net\\\/wp-content\\\/uploads\\\/2017\\\/02\\\/Girl_on_swing_in_beach_bar_mellancholic-e1500671536156.jpg\",\"datePublished\":\"2017-03-06T13:56:26+00:00\",\"dateModified\":\"2025-10-29T16:33:22+00:00\",\"breadcrumb\":{\"@id\":\"https:\\\/\\\/tiyana.net\\\/sr\\\/ljuljaske\\\/#breadcrumb\"},\"inLanguage\":\"sr-RS\",\"potentialAction\":[{\"@type\":\"ReadAction\",\"target\":[\"https:\\\/\\\/tiyana.net\\\/sr\\\/ljuljaske\\\/\"]}]},{\"@type\":\"ImageObject\",\"inLanguage\":\"sr-RS\",\"@id\":\"https:\\\/\\\/tiyana.net\\\/sr\\\/ljuljaske\\\/#primaryimage\",\"url\":\"https:\\\/\\\/tiyana.net\\\/wp-content\\\/uploads\\\/2017\\\/02\\\/Girl_on_swing_in_beach_bar_mellancholic-e1500671536156.jpg\",\"contentUrl\":\"https:\\\/\\\/tiyana.net\\\/wp-content\\\/uploads\\\/2017\\\/02\\\/Girl_on_swing_in_beach_bar_mellancholic-e1500671536156.jpg\",\"width\":1170,\"height\":731,\"caption\":\"Girl swinging on the beach\"},{\"@type\":\"BreadcrumbList\",\"@id\":\"https:\\\/\\\/tiyana.net\\\/sr\\\/ljuljaske\\\/#breadcrumb\",\"itemListElement\":[{\"@type\":\"ListItem\",\"position\":1,\"name\":\"Home\",\"item\":\"https:\\\/\\\/tiyana.net\\\/sr\\\/\"},{\"@type\":\"ListItem\",\"position\":2,\"name\":\"Ljulja\u0161ke\"}]},{\"@type\":\"WebSite\",\"@id\":\"https:\\\/\\\/tiyana.net\\\/sr\\\/#website\",\"url\":\"https:\\\/\\\/tiyana.net\\\/sr\\\/\",\"name\":\"Profesionalni fotograf Beograd, Srbija\",\"description\":\"Profesionalni fotograf specijalizovan za portrete, modnu, reklamnu i produkt fotografiju, foto studio u Beogradu\",\"publisher\":{\"@id\":\"https:\\\/\\\/tiyana.net\\\/sr\\\/#organization\"},\"potentialAction\":[{\"@type\":\"SearchAction\",\"target\":{\"@type\":\"EntryPoint\",\"urlTemplate\":\"https:\\\/\\\/tiyana.net\\\/sr\\\/?s={search_term_string}\"},\"query-input\":{\"@type\":\"PropertyValueSpecification\",\"valueRequired\":true,\"valueName\":\"search_term_string\"}}],\"inLanguage\":\"sr-RS\"},{\"@type\":\"Organization\",\"@id\":\"https:\\\/\\\/tiyana.net\\\/sr\\\/#organization\",\"name\":\"Profesionalni fotograf Beograd, Srbija\",\"url\":\"https:\\\/\\\/tiyana.net\\\/sr\\\/\",\"logo\":{\"@type\":\"ImageObject\",\"inLanguage\":\"sr-RS\",\"@id\":\"https:\\\/\\\/tiyana.net\\\/sr\\\/#\\\/schema\\\/logo\\\/image\\\/\",\"url\":\"https:\\\/\\\/tiyana.net\\\/wp-content\\\/uploads\\\/2022\\\/07\\\/catenamedialogo.jpg\",\"contentUrl\":\"https:\\\/\\\/tiyana.net\\\/wp-content\\\/uploads\\\/2022\\\/07\\\/catenamedialogo.jpg\",\"width\":525,\"height\":525,\"caption\":\"Profesionalni fotograf Beograd, Srbija\"},\"image\":{\"@id\":\"https:\\\/\\\/tiyana.net\\\/sr\\\/#\\\/schema\\\/logo\\\/image\\\/\"}}]}<\/script>\n<!-- \/ Yoast SEO plugin. -->","yoast_head_json":{"title":"Ljulja\u0161ke - Profesionalni fotograf Beograd, Srbija","robots":{"index":"index","follow":"follow","max-snippet":"max-snippet:-1","max-image-preview":"max-image-preview:large","max-video-preview":"max-video-preview:-1"},"canonical":"https:\/\/tiyana.net\/sr\/ljuljaske\/","og_locale":"sr_RS","og_type":"article","og_title":"Ljulja\u0161ke - Profesionalni fotograf Beograd, Srbija","og_description":"Januar 2016 Ako ikada odete na Tajland, idite da vidite slonove.Posetite budisti\u010dki hram i popri\u010dajte sa monahom iz Mjanmara.Upalite aromati\u010dni \u0161tapi\u0107 ispred Bude i pomolite se za svoje.Pro\u0161etajte obodom&nbsp;guste d\u017eungle.Idite na masa\u017eu pored mora.Jedite Pad Thai &#8211; bez \u0161e\u0107era.Zaboravite mobilni.Zaboravite engleski. I zaljuljajte se na ljulja\u0161ci na pla\u017ei visoko, visoko iznad horizonta. &nbsp;","og_url":"https:\/\/tiyana.net\/sr\/ljuljaske\/","og_site_name":"Profesionalni fotograf Beograd, Srbija","article_modified_time":"2025-10-29T16:33:22+00:00","og_image":[{"width":1170,"height":731,"url":"https:\/\/tiyana.net\/wp-content\/uploads\/2017\/02\/Girl_on_swing_in_beach_bar_mellancholic-e1500671536156.jpg","type":"image\/jpeg"}],"twitter_card":"summary_large_image","twitter_misc":{"\u041f\u0440\u043e\u0446\u0435\u045a\u0435\u043d\u043e \u0432\u0440\u0435\u043c\u0435 \u0447\u0438\u0442\u0430\u045a\u0430":"3 \u043c\u0438\u043d\u0443\u0442\u0430"},"schema":{"@context":"https:\/\/schema.org","@graph":[{"@type":"WebPage","@id":"https:\/\/tiyana.net\/sr\/ljuljaske\/","url":"https:\/\/tiyana.net\/sr\/ljuljaske\/","name":"Ljulja\u0161ke - Profesionalni fotograf Beograd, Srbija","isPartOf":{"@id":"https:\/\/tiyana.net\/sr\/#website"},"primaryImageOfPage":{"@id":"https:\/\/tiyana.net\/sr\/ljuljaske\/#primaryimage"},"image":{"@id":"https:\/\/tiyana.net\/sr\/ljuljaske\/#primaryimage"},"thumbnailUrl":"https:\/\/tiyana.net\/wp-content\/uploads\/2017\/02\/Girl_on_swing_in_beach_bar_mellancholic-e1500671536156.jpg","datePublished":"2017-03-06T13:56:26+00:00","dateModified":"2025-10-29T16:33:22+00:00","breadcrumb":{"@id":"https:\/\/tiyana.net\/sr\/ljuljaske\/#breadcrumb"},"inLanguage":"sr-RS","potentialAction":[{"@type":"ReadAction","target":["https:\/\/tiyana.net\/sr\/ljuljaske\/"]}]},{"@type":"ImageObject","inLanguage":"sr-RS","@id":"https:\/\/tiyana.net\/sr\/ljuljaske\/#primaryimage","url":"https:\/\/tiyana.net\/wp-content\/uploads\/2017\/02\/Girl_on_swing_in_beach_bar_mellancholic-e1500671536156.jpg","contentUrl":"https:\/\/tiyana.net\/wp-content\/uploads\/2017\/02\/Girl_on_swing_in_beach_bar_mellancholic-e1500671536156.jpg","width":1170,"height":731,"caption":"Girl swinging on the beach"},{"@type":"BreadcrumbList","@id":"https:\/\/tiyana.net\/sr\/ljuljaske\/#breadcrumb","itemListElement":[{"@type":"ListItem","position":1,"name":"Home","item":"https:\/\/tiyana.net\/sr\/"},{"@type":"ListItem","position":2,"name":"Ljulja\u0161ke"}]},{"@type":"WebSite","@id":"https:\/\/tiyana.net\/sr\/#website","url":"https:\/\/tiyana.net\/sr\/","name":"Profesionalni fotograf Beograd, Srbija","description":"Profesionalni fotograf specijalizovan za portrete, modnu, reklamnu i produkt fotografiju, foto studio u Beogradu","publisher":{"@id":"https:\/\/tiyana.net\/sr\/#organization"},"potentialAction":[{"@type":"SearchAction","target":{"@type":"EntryPoint","urlTemplate":"https:\/\/tiyana.net\/sr\/?s={search_term_string}"},"query-input":{"@type":"PropertyValueSpecification","valueRequired":true,"valueName":"search_term_string"}}],"inLanguage":"sr-RS"},{"@type":"Organization","@id":"https:\/\/tiyana.net\/sr\/#organization","name":"Profesionalni fotograf Beograd, Srbija","url":"https:\/\/tiyana.net\/sr\/","logo":{"@type":"ImageObject","inLanguage":"sr-RS","@id":"https:\/\/tiyana.net\/sr\/#\/schema\/logo\/image\/","url":"https:\/\/tiyana.net\/wp-content\/uploads\/2022\/07\/catenamedialogo.jpg","contentUrl":"https:\/\/tiyana.net\/wp-content\/uploads\/2022\/07\/catenamedialogo.jpg","width":525,"height":525,"caption":"Profesionalni fotograf Beograd, Srbija"},"image":{"@id":"https:\/\/tiyana.net\/sr\/#\/schema\/logo\/image\/"}}]}},"coauthors":[],"author_meta":{"author_link":"https:\/\/tiyana.net\/sr\/author\/tiyana\/","display_name":"Tiyana"},"relative_dates":{"created":"Posted 9 \u0433\u043e\u0434\u0438\u043d\u0430 ago","modified":"Updated 6 \u043c\u0435\u0441\u0435\u0446\u0438 ago"},"absolute_dates":{"created":"Posted on 6. mart 2017.","modified":"Updated on 29. oktobar 2025."},"absolute_dates_time":{"created":"Posted on 6. mart 2017. 13:56 ","modified":"Updated on 29. oktobar 2025. 17:33 "},"featured_img_caption":"","featured_img":"https:\/\/tiyana.net\/wp-content\/uploads\/2017\/02\/Girl_on_swing_in_beach_bar_mellancholic-e1500671536156.jpg","series_order":"","_links":{"self":[{"href":"https:\/\/tiyana.net\/sr\/wp-json\/wp\/v2\/pages\/1664","targetHints":{"allow":["GET"]}}],"collection":[{"href":"https:\/\/tiyana.net\/sr\/wp-json\/wp\/v2\/pages"}],"about":[{"href":"https:\/\/tiyana.net\/sr\/wp-json\/wp\/v2\/types\/page"}],"author":[{"embeddable":true,"href":"https:\/\/tiyana.net\/sr\/wp-json\/wp\/v2\/users\/2"}],"replies":[{"embeddable":true,"href":"https:\/\/tiyana.net\/sr\/wp-json\/wp\/v2\/comments?post=1664"}],"version-history":[{"count":1,"href":"https:\/\/tiyana.net\/sr\/wp-json\/wp\/v2\/pages\/1664\/revisions"}],"predecessor-version":[{"id":22258,"href":"https:\/\/tiyana.net\/sr\/wp-json\/wp\/v2\/pages\/1664\/revisions\/22258"}],"wp:featuredmedia":[{"embeddable":true,"href":"https:\/\/tiyana.net\/sr\/wp-json\/wp\/v2\/media\/1212"}],"wp:attachment":[{"href":"https:\/\/tiyana.net\/sr\/wp-json\/wp\/v2\/media?parent=1664"}],"curies":[{"name":"wp","href":"https:\/\/api.w.org\/{rel}","templated":true}]}}