{"id":4340,"date":"2017-10-05T15:12:58","date_gmt":"2017-10-05T15:12:58","guid":{"rendered":"https:\/\/tiyana.net\/?page_id=4340"},"modified":"2024-11-04T16:09:08","modified_gmt":"2024-11-04T15:09:08","slug":"rose-du-desert","status":"publish","type":"page","link":"https:\/\/tiyana.net\/fr\/rose-du-desert\/","title":{"rendered":"Rose du d\u00e9sert"},"content":{"rendered":"\n<p class=\"has-text-align-center\">La rose est le symbole universel de la beaut\u00e9, de l&rsquo;amour, de la passion.<\/p>\n\n\n\n<p class=\"has-text-align-center\"><iframe loading=\"lazy\" src=\"https:\/\/www.youtube.com\/embed\/rhOnYBVmIb4\" width=\"560\" height=\"315\" frameborder=\"0\" allowfullscreen=\"allowfullscreen\"><\/iframe><\/p>\n\n\n\n<div class=\"wp-block-columns is-layout-flex wp-container-core-columns-is-layout-9d6595d7 wp-block-columns-is-layout-flex\">\n<div class=\"wp-block-column is-layout-flow wp-block-column-is-layout-flow\" style=\"flex-basis:25%\"><\/div>\n\n\n\n<div class=\"wp-block-column is-layout-flow wp-block-column-is-layout-flow\" style=\"flex-basis:50%\">\n<p>Quand <span lang=\"fr\">j&rsquo;ai visit\u00e9 <\/span>les \u00c9mirats arabes unis, j&rsquo;ai photographi\u00e9 un ami de Serbie qui vit et travaille l\u00e0-bas. <span lang=\"fr\">Une pens\u00e9e a travers\u00e9 mon esprit: <\/span>elle \u00e9tait une v\u00e9ritable rose serbe ramass\u00e9e d&rsquo;un jardin fertile de Serbie. La fleur a prosp\u00e9r\u00e9 dans le d\u00e9sert, qui s&rsquo;est av\u00e9r\u00e9 \u00eatre une terre plus fertile que notre oasis verte dans les Balkans.<\/p>\n\n\n\n<div style=\"height:20px\" aria-hidden=\"true\" class=\"wp-block-spacer\"><\/div>\n\n\n\n<figure class=\"wp-block-gallery has-nested-images columns-1 is-cropped wp-block-gallery-1 is-layout-flex wp-block-gallery-is-layout-flex\">\n<figure class=\"wp-block-image size-large\"><img loading=\"lazy\" decoding=\"async\" width=\"1170\" height=\"780\" data-id=\"4335\" src=\"https:\/\/tiyana.net\/wp-content\/uploads\/2017\/10\/Smiling-beauty.jpg\" alt=\"\" class=\"wp-image-4335\" srcset=\"https:\/\/tiyana.net\/wp-content\/uploads\/2017\/10\/Smiling-beauty.jpg 1170w, https:\/\/tiyana.net\/wp-content\/uploads\/2017\/10\/Smiling-beauty-600x400.jpg 600w\" sizes=\"auto, (max-width: 1170px) 100vw, 1170px\" \/><\/figure>\n\n\n\n<figure class=\"wp-block-image size-large\"><img loading=\"lazy\" decoding=\"async\" width=\"1170\" height=\"780\" data-id=\"4332\" src=\"https:\/\/tiyana.net\/wp-content\/uploads\/2017\/10\/Girl-walking-on-sandy-desert.jpg\" alt=\"\" class=\"wp-image-4332\" srcset=\"https:\/\/tiyana.net\/wp-content\/uploads\/2017\/10\/Girl-walking-on-sandy-desert.jpg 1170w, https:\/\/tiyana.net\/wp-content\/uploads\/2017\/10\/Girl-walking-on-sandy-desert-600x400.jpg 600w\" sizes=\"auto, (max-width: 1170px) 100vw, 1170px\" \/><\/figure>\n\n\n\n<figure class=\"wp-block-image size-large\"><img loading=\"lazy\" decoding=\"async\" width=\"1170\" height=\"780\" data-id=\"4329\" src=\"https:\/\/tiyana.net\/wp-content\/uploads\/2017\/10\/Girl-walking-in-desert.jpg\" alt=\"\" class=\"wp-image-4329\" srcset=\"https:\/\/tiyana.net\/wp-content\/uploads\/2017\/10\/Girl-walking-in-desert.jpg 1170w, https:\/\/tiyana.net\/wp-content\/uploads\/2017\/10\/Girl-walking-in-desert-600x400.jpg 600w\" sizes=\"auto, (max-width: 1170px) 100vw, 1170px\" \/><\/figure>\n\n\n\n<figure class=\"wp-block-image size-large\"><img loading=\"lazy\" decoding=\"async\" width=\"1170\" height=\"780\" data-id=\"4326\" src=\"https:\/\/tiyana.net\/wp-content\/uploads\/2017\/10\/Girl-portrait.jpg\" alt=\"\" class=\"wp-image-4326\" srcset=\"https:\/\/tiyana.net\/wp-content\/uploads\/2017\/10\/Girl-portrait.jpg 1170w, https:\/\/tiyana.net\/wp-content\/uploads\/2017\/10\/Girl-portrait-600x400.jpg 600w\" sizes=\"auto, (max-width: 1170px) 100vw, 1170px\" \/><\/figure>\n\n\n\n<figure class=\"wp-block-image size-large\"><img loading=\"lazy\" decoding=\"async\" width=\"1170\" height=\"780\" data-id=\"4323\" src=\"https:\/\/tiyana.net\/wp-content\/uploads\/2017\/10\/Girl-Jumping-in-desert.jpg\" alt=\"\" class=\"wp-image-4323\" srcset=\"https:\/\/tiyana.net\/wp-content\/uploads\/2017\/10\/Girl-Jumping-in-desert.jpg 1170w, https:\/\/tiyana.net\/wp-content\/uploads\/2017\/10\/Girl-Jumping-in-desert-600x400.jpg 600w\" sizes=\"auto, (max-width: 1170px) 100vw, 1170px\" \/><\/figure>\n\n\n\n<figure class=\"wp-block-image size-large\"><img loading=\"lazy\" decoding=\"async\" width=\"1170\" height=\"780\" data-id=\"4320\" src=\"https:\/\/tiyana.net\/wp-content\/uploads\/2017\/10\/Flying-fairy.jpg\" alt=\"\" class=\"wp-image-4320\" srcset=\"https:\/\/tiyana.net\/wp-content\/uploads\/2017\/10\/Flying-fairy.jpg 1170w, https:\/\/tiyana.net\/wp-content\/uploads\/2017\/10\/Flying-fairy-600x400.jpg 600w\" sizes=\"auto, (max-width: 1170px) 100vw, 1170px\" \/><\/figure>\n\n\n\n<figure class=\"wp-block-image size-large\"><img loading=\"lazy\" decoding=\"async\" width=\"1170\" height=\"780\" data-id=\"4317\" src=\"https:\/\/tiyana.net\/wp-content\/uploads\/2017\/10\/Desert-Rose.jpg\" alt=\"\" class=\"wp-image-4317\" srcset=\"https:\/\/tiyana.net\/wp-content\/uploads\/2017\/10\/Desert-Rose.jpg 1170w, https:\/\/tiyana.net\/wp-content\/uploads\/2017\/10\/Desert-Rose-600x400.jpg 600w\" sizes=\"auto, (max-width: 1170px) 100vw, 1170px\" \/><\/figure>\n\n\n\n<figure class=\"wp-block-image size-large\"><img loading=\"lazy\" decoding=\"async\" width=\"1170\" height=\"780\" data-id=\"4314\" src=\"https:\/\/tiyana.net\/wp-content\/uploads\/2017\/10\/Beauty-in-desert.jpg\" alt=\"\" class=\"wp-image-4314\" srcset=\"https:\/\/tiyana.net\/wp-content\/uploads\/2017\/10\/Beauty-in-desert.jpg 1170w, https:\/\/tiyana.net\/wp-content\/uploads\/2017\/10\/Beauty-in-desert-600x400.jpg 600w\" sizes=\"auto, (max-width: 1170px) 100vw, 1170px\" \/><\/figure>\n\n\n\n<figure class=\"wp-block-image size-large\"><img loading=\"lazy\" decoding=\"async\" width=\"1170\" height=\"780\" data-id=\"4311\" src=\"https:\/\/tiyana.net\/wp-content\/uploads\/2017\/10\/Young-women-in-desert.jpg\" alt=\"\" class=\"wp-image-4311\" srcset=\"https:\/\/tiyana.net\/wp-content\/uploads\/2017\/10\/Young-women-in-desert.jpg 1170w, https:\/\/tiyana.net\/wp-content\/uploads\/2017\/10\/Young-women-in-desert-600x400.jpg 600w\" sizes=\"auto, (max-width: 1170px) 100vw, 1170px\" \/><\/figure>\n<\/figure>\n<\/div>\n\n\n\n<div class=\"wp-block-column is-layout-flow wp-block-column-is-layout-flow\" style=\"flex-basis:25%\"><\/div>\n<\/div>\n","protected":false},"excerpt":{"rendered":"<p>La rose est le symbole universel de la beaut\u00e9, de l&rsquo;amour, de la passion. Quand j&rsquo;ai visit\u00e9 les \u00c9mirats arabes unis, j&rsquo;ai photographi\u00e9 un ami de Serbie qui vit et travaille l\u00e0-bas. Une pens\u00e9e a travers\u00e9 mon esprit: elle \u00e9tait une v\u00e9ritable rose serbe ramass\u00e9e d&rsquo;un jardin fertile de Serbie. La fleur a prosp\u00e9r\u00e9 dans [&hellip;]<\/p>\n","protected":false},"author":2,"featured_media":4311,"parent":0,"menu_order":0,"comment_status":"open","ping_status":"closed","template":"","meta":{"_acf_changed":false,"advgb_blocks_editor_width":"","advgb_blocks_columns_visual_guide":"","footnotes":""},"class_list":["post-4340","page","type-page","status-publish","has-post-thumbnail","hentry"],"acf":[],"yoast_head":"<!-- This site is optimized with the Yoast SEO plugin v27.5 - https:\/\/yoast.com\/product\/yoast-seo-wordpress\/ -->\n<title>Rose du d\u00e9sert - La photographe professionnel Belgrade, Serbia<\/title>\n<meta name=\"description\" content=\"Rose est le symbole universel de la beaut\u00e9, de l&#039;amour, de la passion.\" \/>\n<meta name=\"robots\" content=\"index, follow, max-snippet:-1, max-image-preview:large, max-video-preview:-1\" \/>\n<link rel=\"canonical\" href=\"https:\/\/tiyana.net\/fr\/rose-du-desert\/\" \/>\n<meta property=\"og:locale\" content=\"fr_FR\" \/>\n<meta property=\"og:type\" content=\"article\" \/>\n<meta property=\"og:title\" content=\"Rose du d\u00e9sert - La photographe professionnel Belgrade, Serbia\" \/>\n<meta property=\"og:description\" content=\"Rose est le symbole universel de la beaut\u00e9, de l&#039;amour, de la passion.\" \/>\n<meta property=\"og:url\" content=\"https:\/\/tiyana.net\/fr\/rose-du-desert\/\" \/>\n<meta property=\"og:site_name\" content=\"La photographe professionnel Belgrade, Serbia\" \/>\n<meta property=\"article:modified_time\" content=\"2024-11-04T15:09:08+00:00\" \/>\n<meta property=\"og:image\" content=\"https:\/\/tiyana.net\/wp-content\/uploads\/2017\/10\/Young-women-in-desert.jpg\" \/>\n\t<meta property=\"og:image:width\" content=\"1170\" \/>\n\t<meta property=\"og:image:height\" content=\"780\" \/>\n\t<meta property=\"og:image:type\" content=\"image\/jpeg\" \/>\n<meta name=\"twitter:card\" content=\"summary_large_image\" \/>\n<meta name=\"twitter:label1\" content=\"Dur\u00e9e de lecture estim\u00e9e\" \/>\n\t<meta name=\"twitter:data1\" content=\"3 minutes\" \/>\n<script type=\"application\/ld+json\" class=\"yoast-schema-graph\">{\"@context\":\"https:\\\/\\\/schema.org\",\"@graph\":[{\"@type\":\"WebPage\",\"@id\":\"https:\\\/\\\/tiyana.net\\\/fr\\\/rose-du-desert\\\/\",\"url\":\"https:\\\/\\\/tiyana.net\\\/fr\\\/rose-du-desert\\\/\",\"name\":\"Rose du d\u00e9sert - La photographe professionnel Belgrade, Serbia\",\"isPartOf\":{\"@id\":\"https:\\\/\\\/tiyana.net\\\/fr\\\/#website\"},\"primaryImageOfPage\":{\"@id\":\"https:\\\/\\\/tiyana.net\\\/fr\\\/rose-du-desert\\\/#primaryimage\"},\"image\":{\"@id\":\"https:\\\/\\\/tiyana.net\\\/fr\\\/rose-du-desert\\\/#primaryimage\"},\"thumbnailUrl\":\"https:\\\/\\\/tiyana.net\\\/wp-content\\\/uploads\\\/2017\\\/10\\\/Young-women-in-desert.jpg\",\"datePublished\":\"2017-10-05T15:12:58+00:00\",\"dateModified\":\"2024-11-04T15:09:08+00:00\",\"description\":\"Rose est le symbole universel de la beaut\u00e9, de l'amour, de la passion.\",\"breadcrumb\":{\"@id\":\"https:\\\/\\\/tiyana.net\\\/fr\\\/rose-du-desert\\\/#breadcrumb\"},\"inLanguage\":\"fr-FR\",\"potentialAction\":[{\"@type\":\"ReadAction\",\"target\":[\"https:\\\/\\\/tiyana.net\\\/fr\\\/rose-du-desert\\\/\"]}]},{\"@type\":\"ImageObject\",\"inLanguage\":\"fr-FR\",\"@id\":\"https:\\\/\\\/tiyana.net\\\/fr\\\/rose-du-desert\\\/#primaryimage\",\"url\":\"https:\\\/\\\/tiyana.net\\\/wp-content\\\/uploads\\\/2017\\\/10\\\/Young-women-in-desert.jpg\",\"contentUrl\":\"https:\\\/\\\/tiyana.net\\\/wp-content\\\/uploads\\\/2017\\\/10\\\/Young-women-in-desert.jpg\",\"width\":1170,\"height\":780},{\"@type\":\"BreadcrumbList\",\"@id\":\"https:\\\/\\\/tiyana.net\\\/fr\\\/rose-du-desert\\\/#breadcrumb\",\"itemListElement\":[{\"@type\":\"ListItem\",\"position\":1,\"name\":\"Home\",\"item\":\"https:\\\/\\\/tiyana.net\\\/fr\\\/\"},{\"@type\":\"ListItem\",\"position\":2,\"name\":\"Rose du d\u00e9sert\"}]},{\"@type\":\"WebSite\",\"@id\":\"https:\\\/\\\/tiyana.net\\\/fr\\\/#website\",\"url\":\"https:\\\/\\\/tiyana.net\\\/fr\\\/\",\"name\":\"La photographe professionnel Belgrade, Serbia\",\"description\":\"Photographe professionnel sp\u00e9cialis\u00e9 dans les portraits, la mode, la photographie commerciale et de produits avec un studio \u00e0 Belgrade\",\"publisher\":{\"@id\":\"https:\\\/\\\/tiyana.net\\\/fr\\\/#organization\"},\"potentialAction\":[{\"@type\":\"SearchAction\",\"target\":{\"@type\":\"EntryPoint\",\"urlTemplate\":\"https:\\\/\\\/tiyana.net\\\/fr\\\/?s={search_term_string}\"},\"query-input\":{\"@type\":\"PropertyValueSpecification\",\"valueRequired\":true,\"valueName\":\"search_term_string\"}}],\"inLanguage\":\"fr-FR\"},{\"@type\":\"Organization\",\"@id\":\"https:\\\/\\\/tiyana.net\\\/fr\\\/#organization\",\"name\":\"La photographe professionnel Belgrade, Serbia\",\"url\":\"https:\\\/\\\/tiyana.net\\\/fr\\\/\",\"logo\":{\"@type\":\"ImageObject\",\"inLanguage\":\"fr-FR\",\"@id\":\"https:\\\/\\\/tiyana.net\\\/fr\\\/#\\\/schema\\\/logo\\\/image\\\/\",\"url\":\"https:\\\/\\\/tiyana.net\\\/wp-content\\\/uploads\\\/2022\\\/07\\\/catenamedialogo.jpg\",\"contentUrl\":\"https:\\\/\\\/tiyana.net\\\/wp-content\\\/uploads\\\/2022\\\/07\\\/catenamedialogo.jpg\",\"width\":525,\"height\":525,\"caption\":\"La photographe professionnel Belgrade, Serbia\"},\"image\":{\"@id\":\"https:\\\/\\\/tiyana.net\\\/fr\\\/#\\\/schema\\\/logo\\\/image\\\/\"}}]}<\/script>\n<!-- \/ Yoast SEO plugin. -->","yoast_head_json":{"title":"Rose du d\u00e9sert - La photographe professionnel Belgrade, Serbia","description":"Rose est le symbole universel de la beaut\u00e9, de l'amour, de la passion.","robots":{"index":"index","follow":"follow","max-snippet":"max-snippet:-1","max-image-preview":"max-image-preview:large","max-video-preview":"max-video-preview:-1"},"canonical":"https:\/\/tiyana.net\/fr\/rose-du-desert\/","og_locale":"fr_FR","og_type":"article","og_title":"Rose du d\u00e9sert - La photographe professionnel Belgrade, Serbia","og_description":"Rose est le symbole universel de la beaut\u00e9, de l'amour, de la passion.","og_url":"https:\/\/tiyana.net\/fr\/rose-du-desert\/","og_site_name":"La photographe professionnel Belgrade, Serbia","article_modified_time":"2024-11-04T15:09:08+00:00","og_image":[{"width":1170,"height":780,"url":"https:\/\/tiyana.net\/wp-content\/uploads\/2017\/10\/Young-women-in-desert.jpg","type":"image\/jpeg"}],"twitter_card":"summary_large_image","twitter_misc":{"Dur\u00e9e de lecture estim\u00e9e":"3 minutes"},"schema":{"@context":"https:\/\/schema.org","@graph":[{"@type":"WebPage","@id":"https:\/\/tiyana.net\/fr\/rose-du-desert\/","url":"https:\/\/tiyana.net\/fr\/rose-du-desert\/","name":"Rose du d\u00e9sert - La photographe professionnel Belgrade, Serbia","isPartOf":{"@id":"https:\/\/tiyana.net\/fr\/#website"},"primaryImageOfPage":{"@id":"https:\/\/tiyana.net\/fr\/rose-du-desert\/#primaryimage"},"image":{"@id":"https:\/\/tiyana.net\/fr\/rose-du-desert\/#primaryimage"},"thumbnailUrl":"https:\/\/tiyana.net\/wp-content\/uploads\/2017\/10\/Young-women-in-desert.jpg","datePublished":"2017-10-05T15:12:58+00:00","dateModified":"2024-11-04T15:09:08+00:00","description":"Rose est le symbole universel de la beaut\u00e9, de l'amour, de la passion.","breadcrumb":{"@id":"https:\/\/tiyana.net\/fr\/rose-du-desert\/#breadcrumb"},"inLanguage":"fr-FR","potentialAction":[{"@type":"ReadAction","target":["https:\/\/tiyana.net\/fr\/rose-du-desert\/"]}]},{"@type":"ImageObject","inLanguage":"fr-FR","@id":"https:\/\/tiyana.net\/fr\/rose-du-desert\/#primaryimage","url":"https:\/\/tiyana.net\/wp-content\/uploads\/2017\/10\/Young-women-in-desert.jpg","contentUrl":"https:\/\/tiyana.net\/wp-content\/uploads\/2017\/10\/Young-women-in-desert.jpg","width":1170,"height":780},{"@type":"BreadcrumbList","@id":"https:\/\/tiyana.net\/fr\/rose-du-desert\/#breadcrumb","itemListElement":[{"@type":"ListItem","position":1,"name":"Home","item":"https:\/\/tiyana.net\/fr\/"},{"@type":"ListItem","position":2,"name":"Rose du d\u00e9sert"}]},{"@type":"WebSite","@id":"https:\/\/tiyana.net\/fr\/#website","url":"https:\/\/tiyana.net\/fr\/","name":"La photographe professionnel Belgrade, Serbia","description":"Photographe professionnel sp\u00e9cialis\u00e9 dans les portraits, la mode, la photographie commerciale et de produits avec un studio \u00e0 Belgrade","publisher":{"@id":"https:\/\/tiyana.net\/fr\/#organization"},"potentialAction":[{"@type":"SearchAction","target":{"@type":"EntryPoint","urlTemplate":"https:\/\/tiyana.net\/fr\/?s={search_term_string}"},"query-input":{"@type":"PropertyValueSpecification","valueRequired":true,"valueName":"search_term_string"}}],"inLanguage":"fr-FR"},{"@type":"Organization","@id":"https:\/\/tiyana.net\/fr\/#organization","name":"La photographe professionnel Belgrade, Serbia","url":"https:\/\/tiyana.net\/fr\/","logo":{"@type":"ImageObject","inLanguage":"fr-FR","@id":"https:\/\/tiyana.net\/fr\/#\/schema\/logo\/image\/","url":"https:\/\/tiyana.net\/wp-content\/uploads\/2022\/07\/catenamedialogo.jpg","contentUrl":"https:\/\/tiyana.net\/wp-content\/uploads\/2022\/07\/catenamedialogo.jpg","width":525,"height":525,"caption":"La photographe professionnel Belgrade, Serbia"},"image":{"@id":"https:\/\/tiyana.net\/fr\/#\/schema\/logo\/image\/"}}]}},"coauthors":[],"author_meta":{"author_link":"https:\/\/tiyana.net\/fr\/author\/tiyana\/","display_name":"Tiyana"},"relative_dates":{"created":"Publi\u00e9 9 ans il y a","modified":"Mis \u00e0 jour 2 ans il y a"},"absolute_dates":{"created":"Publi\u00e9 le 5 octobre 2017","modified":"Mise \u00e0 jour le 4 novembre 2024"},"absolute_dates_time":{"created":"Publi\u00e9 le 5 octobre 2017 15h12","modified":"Mise \u00e0 jour le 4 novembre 2024 16h09"},"featured_img_caption":"","featured_img":"https:\/\/tiyana.net\/wp-content\/uploads\/2017\/10\/Young-women-in-desert.jpg","series_order":"","_links":{"self":[{"href":"https:\/\/tiyana.net\/fr\/wp-json\/wp\/v2\/pages\/4340","targetHints":{"allow":["GET"]}}],"collection":[{"href":"https:\/\/tiyana.net\/fr\/wp-json\/wp\/v2\/pages"}],"about":[{"href":"https:\/\/tiyana.net\/fr\/wp-json\/wp\/v2\/types\/page"}],"author":[{"embeddable":true,"href":"https:\/\/tiyana.net\/fr\/wp-json\/wp\/v2\/users\/2"}],"replies":[{"embeddable":true,"href":"https:\/\/tiyana.net\/fr\/wp-json\/wp\/v2\/comments?post=4340"}],"version-history":[{"count":0,"href":"https:\/\/tiyana.net\/fr\/wp-json\/wp\/v2\/pages\/4340\/revisions"}],"wp:featuredmedia":[{"embeddable":true,"href":"https:\/\/tiyana.net\/fr\/wp-json\/wp\/v2\/media\/4311"}],"wp:attachment":[{"href":"https:\/\/tiyana.net\/fr\/wp-json\/wp\/v2\/media?parent=4340"}],"curies":[{"name":"wp","href":"https:\/\/api.w.org\/{rel}","templated":true}]}}