{"id":2845,"date":"2017-05-30T15:02:44","date_gmt":"2017-05-30T15:02:44","guid":{"rendered":"https:\/\/tiyana.net\/swing-the-beat\/"},"modified":"2024-11-04T16:19:20","modified_gmt":"2024-11-04T15:19:20","slug":"swing-the-beat","status":"publish","type":"page","link":"https:\/\/tiyana.net\/fr\/swing-the-beat\/","title":{"rendered":"Swing the Beat"},"content":{"rendered":"\n<div class=\"wp-block-columns is-layout-flex wp-container-core-columns-is-layout-9d6595d7 wp-block-columns-is-layout-flex\">\n<div class=\"wp-block-column is-layout-flow wp-block-column-is-layout-flow\" style=\"flex-basis:25%\"><\/div>\n\n\n\n<div class=\"wp-block-column is-layout-flow wp-block-column-is-layout-flow\" style=\"flex-basis:50%\">\n<figure class=\"wp-block-image\"><img decoding=\"async\" src=\"\/\/tiyana.net\/wp-content\/uploads\/2017\/05\/ornament.png\" alt=\"\/\/tiyana.net\/wp-content\/uploads\/2017\/05\/ornament.png\"\/><\/figure>\n\n\n\n<p class=\"has-text-align-center\">Swing the Beat est une \u00e9cole de la danse \u00e0 Belgrade qui r\u00e9unit les passionn\u00e9s et les amateurs de la musique jazz et de la danse swing. Il est assez inhabituel pour la Serbie, mais ils sont vraiment un groupe de personnes cr\u00e9atives incroyable.<\/p>\n\n\n\n<p class=\"has-text-align-center\">Ils pratiquent Lindy Hop, Authentic Solo Jazz et Charleston. Ils organisent des soir\u00e9es de danse dans les clubs locaux de Belgrade et c&rsquo;est certainement quelque chose \u00e0 ne pas manquer!<\/p>\n\n\n\n<figure class=\"wp-block-image\"><img decoding=\"async\" src=\"https:\/\/tiyana.net\/wp-content\/uploads\/2017\/05\/ornament-flip.png\" alt=\"\/\/tiyana.net\/wp-content\/uploads\/2017\/05\/ornament-flip.png\"\/><\/figure>\n<\/div>\n\n\n\n<div class=\"wp-block-column is-layout-flow wp-block-column-is-layout-flow\" style=\"flex-basis:25%\"><\/div>\n<\/div>\n\n\n\n<div class=\"wp-block-columns is-layout-flex wp-container-core-columns-is-layout-9d6595d7 wp-block-columns-is-layout-flex\">\n<div class=\"wp-block-column is-layout-flow wp-block-column-is-layout-flow\">\n<figure class=\"wp-block-image\"><img decoding=\"async\" src=\"\/\/tiyana.net\/wp-content\/uploads\/2017\/05\/SwingTheBeat-6.jpg\" alt=\"\/\/tiyana.net\/wp-content\/uploads\/2017\/05\/SwingTheBeat-6.jpg\"\/><\/figure>\n<\/div>\n\n\n\n<div class=\"wp-block-column is-layout-flow wp-block-column-is-layout-flow\">\n<figure class=\"wp-block-image\"><img decoding=\"async\" src=\"\/\/tiyana.net\/wp-content\/uploads\/2017\/05\/SwingTheBeat-12.jpg\" alt=\"We can do it Girl\"\/><\/figure>\n<\/div>\n<\/div>\n\n\n\n<div class=\"wp-block-columns is-layout-flex wp-container-core-columns-is-layout-9d6595d7 wp-block-columns-is-layout-flex\">\n<div class=\"wp-block-column is-layout-flow wp-block-column-is-layout-flow\">\n<figure class=\"wp-block-image\"><img decoding=\"async\" src=\"\/\/tiyana.net\/wp-content\/uploads\/2017\/05\/SwingTheBeat-13.jpg\" alt=\"30s Couple dancing lindy hop\"\/><\/figure>\n<\/div>\n\n\n\n<div class=\"wp-block-column is-layout-flow wp-block-column-is-layout-flow\">\n<figure class=\"wp-block-image\"><img decoding=\"async\" src=\"\/\/tiyana.net\/wp-content\/uploads\/2017\/05\/SwingTheBeat-3.jpg\" alt=\"\/\/tiyana.net\/wp-content\/uploads\/2017\/05\/SwingTheBeat-3.jpg\"\/><\/figure>\n<\/div>\n<\/div>\n\n\n\n<div class=\"wp-block-columns is-layout-flex wp-container-core-columns-is-layout-9d6595d7 wp-block-columns-is-layout-flex\">\n<div class=\"wp-block-column is-layout-flow wp-block-column-is-layout-flow\" style=\"flex-basis:100%\"><div class=\"wp-block-image\">\n<figure class=\"aligncenter\"><img decoding=\"async\" src=\"\/\/tiyana.net\/wp-content\/uploads\/2017\/05\/SwingTheBeat-7.jpg\" alt=\"Three guys holding girl on hands\"\/><\/figure>\n<\/div><\/div>\n<\/div>\n\n\n\n<div class=\"wp-block-columns is-layout-flex wp-container-core-columns-is-layout-9d6595d7 wp-block-columns-is-layout-flex\">\n<div class=\"wp-block-column is-layout-flow wp-block-column-is-layout-flow\">\n<figure class=\"wp-block-image\"><img decoding=\"async\" src=\"\/\/tiyana.net\/wp-content\/uploads\/2017\/05\/SwingTheBeat-11.jpg\" alt=\"Guy holding ukulele instrument\"\/><\/figure>\n<\/div>\n\n\n\n<div class=\"wp-block-column is-layout-flow wp-block-column-is-layout-flow\">\n<figure class=\"wp-block-image\"><img decoding=\"async\" src=\"\/\/tiyana.net\/wp-content\/uploads\/2017\/05\/SwingTheBeat-8.jpg\" alt=\"30s couple with jealous guy behind\"\/><\/figure>\n<\/div>\n<\/div>\n\n\n\n<div class=\"wp-block-columns is-layout-flex wp-container-core-columns-is-layout-9d6595d7 wp-block-columns-is-layout-flex\">\n<div class=\"wp-block-column is-layout-flow wp-block-column-is-layout-flow\">\n<figure class=\"wp-block-image\"><img decoding=\"async\" src=\"\/\/tiyana.net\/wp-content\/uploads\/2017\/05\/SwingTheBeat-5.jpg\" alt=\"\/\/tiyana.net\/wp-content\/uploads\/2017\/05\/SwingTheBeat-5.jpg\"\/><\/figure>\n<\/div>\n\n\n\n<div class=\"wp-block-column is-layout-flow wp-block-column-is-layout-flow\">\n<figure class=\"wp-block-image\"><img decoding=\"async\" src=\"\/\/tiyana.net\/wp-content\/uploads\/2017\/05\/SwingTheBeat-4.jpg\" alt=\"\/\/tiyana.net\/wp-content\/uploads\/2017\/05\/SwingTheBeat-4.jpg\"\/><\/figure>\n<\/div>\n<\/div>\n\n\n\n<div class=\"wp-block-columns is-layout-flex wp-container-core-columns-is-layout-9d6595d7 wp-block-columns-is-layout-flex\">\n<div class=\"wp-block-column is-layout-flow wp-block-column-is-layout-flow\" style=\"flex-basis:100%\"><div class=\"wp-block-image\">\n<figure class=\"aligncenter size-full\"><img loading=\"lazy\" decoding=\"async\" width=\"1170\" height=\"1170\" src=\"https:\/\/tiyana.net\/wp-content\/uploads\/2017\/05\/SwingTheBeat-14.jpg\" alt=\"\" class=\"wp-image-3932\" srcset=\"https:\/\/tiyana.net\/wp-content\/uploads\/2017\/05\/SwingTheBeat-14.jpg 1170w, https:\/\/tiyana.net\/wp-content\/uploads\/2017\/05\/SwingTheBeat-14-300x300.jpg 300w, https:\/\/tiyana.net\/wp-content\/uploads\/2017\/05\/SwingTheBeat-14-100x100.jpg 100w, https:\/\/tiyana.net\/wp-content\/uploads\/2017\/05\/SwingTheBeat-14-600x600.jpg 600w\" sizes=\"auto, (max-width: 1170px) 100vw, 1170px\" \/><\/figure>\n<\/div><\/div>\n<\/div>\n\n\n\n<div class=\"wp-block-columns is-layout-flex wp-container-core-columns-is-layout-9d6595d7 wp-block-columns-is-layout-flex\">\n<div class=\"wp-block-column is-layout-flow wp-block-column-is-layout-flow\">\n<figure class=\"wp-block-image\"><img decoding=\"async\" src=\"\/\/tiyana.net\/wp-content\/uploads\/2017\/05\/SwingTheBeat-10.jpg\" alt=\"\/\/tiyana.net\/wp-content\/uploads\/2017\/05\/SwingTheBeat-10.jpg\"\/><\/figure>\n<\/div>\n\n\n\n<div class=\"wp-block-column is-layout-flow wp-block-column-is-layout-flow\">\n<figure class=\"wp-block-image\"><img decoding=\"async\" src=\"\/\/tiyana.net\/wp-content\/uploads\/2017\/05\/SwingTheBeat-2.jpg\" alt=\"\/\/tiyana.net\/wp-content\/uploads\/2017\/05\/SwingTheBeat-2.jpg\"\/><\/figure>\n<\/div>\n<\/div>\n\n\n\n<p class=\"has-text-align-center\">Pour plus d&rsquo;informations, visitez <a href=\"https:\/\/www.facebook.com\/swingthebeat\/\" target=\"_blank\" rel=\"noopener noreferrer\">FACEBOOK<\/a> page. Ou soyez patient, de nouvelles photos arrivent bient\u00f4t!<\/p>\n\n\n\n<div class=\"wp-block-columns is-layout-flex wp-container-core-columns-is-layout-9d6595d7 wp-block-columns-is-layout-flex\">\n<div class=\"wp-block-column is-layout-flow wp-block-column-is-layout-flow\">\n<figure class=\"wp-block-image\"><img decoding=\"async\" src=\"\/\/tiyana.net\/wp-content\/uploads\/2017\/05\/Lindy-hop-till-you-drop.jpg\" alt=\"Girl holding sticker Lindy hop till you drop\"\/><\/figure>\n<\/div>\n\n\n\n<div class=\"wp-block-column is-layout-flow wp-block-column-is-layout-flow\">\n<figure class=\"wp-block-image\"><img decoding=\"async\" src=\"\/\/tiyana.net\/wp-content\/uploads\/2017\/05\/Lindy-hop-triple.jpg\" alt=\"30s lindy hop, guy and two girls\"\/><\/figure>\n<\/div>\n<\/div>\n\n\n\n<div class=\"wp-block-columns is-layout-flex wp-container-core-columns-is-layout-9d6595d7 wp-block-columns-is-layout-flex\">\n<div class=\"wp-block-column is-layout-flow wp-block-column-is-layout-flow\">\n<figure class=\"wp-block-image\"><img decoding=\"async\" src=\"\/\/tiyana.net\/wp-content\/uploads\/2017\/05\/Beach-fun-20s-strongman.jpg\" alt=\"20s girlfriend and boyfriend in swimsuits\"\/><\/figure>\n<\/div>\n\n\n\n<div class=\"wp-block-column is-layout-flow wp-block-column-is-layout-flow\">\n<figure class=\"wp-block-image\"><img decoding=\"async\" src=\"\/\/tiyana.net\/wp-content\/uploads\/2017\/05\/Beach-fun-20s-couple.jpg\" alt=\"20s girlfriend and boyfriend in swimsuits\"\/><\/figure>\n<\/div>\n<\/div>\n\n\n\n<div class=\"wp-block-columns are-vertically-aligned-center is-layout-flex wp-container-core-columns-is-layout-9d6595d7 wp-block-columns-is-layout-flex\">\n<div class=\"wp-block-column is-vertically-aligned-center is-layout-flow wp-block-column-is-layout-flow\">\n<figure class=\"wp-block-image\"><img decoding=\"async\" src=\"\/\/tiyana.net\/wp-content\/uploads\/2017\/05\/20s-dance.jpg\" alt=\"20s girlfriends in dancing\"\/><\/figure>\n<\/div>\n\n\n\n<div class=\"wp-block-column is-vertically-aligned-center is-layout-flow wp-block-column-is-layout-flow\">\n<figure class=\"wp-block-image\"><img decoding=\"async\" src=\"\/\/tiyana.net\/wp-content\/uploads\/2017\/05\/20s-dance-beach.jpg\" alt=\"20s girlfriend and boyfriend in swimsuits\"\/><\/figure>\n<\/div>\n<\/div>\n","protected":false},"excerpt":{"rendered":"<p>Swing the Beat est une \u00e9cole de la danse \u00e0 Belgrade qui r\u00e9unit les passionn\u00e9s et les amateurs de la musique jazz et de la danse swing. Il est assez inhabituel pour la Serbie, mais ils sont vraiment un groupe de personnes cr\u00e9atives incroyable. Ils pratiquent Lindy Hop, Authentic Solo Jazz et Charleston. Ils organisent [&hellip;]<\/p>\n","protected":false},"author":2,"featured_media":2821,"parent":0,"menu_order":0,"comment_status":"open","ping_status":"closed","template":"","meta":{"_acf_changed":false,"advgb_blocks_editor_width":"","advgb_blocks_columns_visual_guide":"","footnotes":""},"class_list":["post-2845","page","type-page","status-publish","has-post-thumbnail","hentry"],"acf":[],"yoast_head":"<!-- This site is optimized with the Yoast SEO plugin v27.1.1 - https:\/\/yoast.com\/product\/yoast-seo-wordpress\/ -->\n<title>Swing the Beat - La photographe professionnel Belgrade, Serbia<\/title>\n<meta name=\"description\" content=\"Swing The Beat est une \u00e9cole de danse \u00e0 Belgrade qui r\u00e9unit les passionn\u00e9s de la musique jazz et de la danse Lindy Hop, Authentic solo Jazz et Charleston.\" \/>\n<meta name=\"robots\" content=\"index, follow, max-snippet:-1, max-image-preview:large, max-video-preview:-1\" \/>\n<link rel=\"canonical\" href=\"https:\/\/tiyana.net\/fr\/swing-the-beat\/\" \/>\n<meta property=\"og:locale\" content=\"fr_FR\" \/>\n<meta property=\"og:type\" content=\"article\" \/>\n<meta property=\"og:title\" content=\"Swing the Beat - La photographe professionnel Belgrade, Serbia\" \/>\n<meta property=\"og:description\" content=\"Swing The Beat est une \u00e9cole de danse \u00e0 Belgrade qui r\u00e9unit les passionn\u00e9s de la musique jazz et de la danse Lindy Hop, Authentic solo Jazz et Charleston.\" \/>\n<meta property=\"og:url\" content=\"https:\/\/tiyana.net\/fr\/swing-the-beat\/\" \/>\n<meta property=\"og:site_name\" content=\"La photographe professionnel Belgrade, Serbia\" \/>\n<meta property=\"article:modified_time\" content=\"2024-11-04T15:19:20+00:00\" \/>\n<meta property=\"og:image\" content=\"https:\/\/tiyana.net\/wp-content\/uploads\/2017\/05\/SwingTheBeat-12.jpg\" \/>\n\t<meta property=\"og:image:width\" content=\"1170\" \/>\n\t<meta property=\"og:image:height\" content=\"1170\" \/>\n\t<meta property=\"og:image:type\" content=\"image\/jpeg\" \/>\n<meta name=\"twitter:card\" content=\"summary_large_image\" \/>\n<meta name=\"twitter:label1\" content=\"Dur\u00e9e de lecture estim\u00e9e\" \/>\n\t<meta name=\"twitter:data1\" content=\"5 minutes\" \/>\n<script type=\"application\/ld+json\" class=\"yoast-schema-graph\">{\"@context\":\"https:\/\/schema.org\",\"@graph\":[{\"@type\":\"WebPage\",\"@id\":\"https:\/\/tiyana.net\/fr\/swing-the-beat\/\",\"url\":\"https:\/\/tiyana.net\/fr\/swing-the-beat\/\",\"name\":\"Swing the Beat - La photographe professionnel Belgrade, Serbia\",\"isPartOf\":{\"@id\":\"https:\/\/tiyana.net\/fr\/#website\"},\"primaryImageOfPage\":{\"@id\":\"https:\/\/tiyana.net\/fr\/swing-the-beat\/#primaryimage\"},\"image\":{\"@id\":\"https:\/\/tiyana.net\/fr\/swing-the-beat\/#primaryimage\"},\"thumbnailUrl\":\"https:\/\/tiyana.net\/wp-content\/uploads\/2017\/05\/SwingTheBeat-12.jpg\",\"datePublished\":\"2017-05-30T15:02:44+00:00\",\"dateModified\":\"2024-11-04T15:19:20+00:00\",\"description\":\"Swing The Beat est une \u00e9cole de danse \u00e0 Belgrade qui r\u00e9unit les passionn\u00e9s de la musique jazz et de la danse Lindy Hop, Authentic solo Jazz et Charleston.\",\"breadcrumb\":{\"@id\":\"https:\/\/tiyana.net\/fr\/swing-the-beat\/#breadcrumb\"},\"inLanguage\":\"fr-FR\",\"potentialAction\":[{\"@type\":\"ReadAction\",\"target\":[\"https:\/\/tiyana.net\/fr\/swing-the-beat\/\"]}]},{\"@type\":\"ImageObject\",\"inLanguage\":\"fr-FR\",\"@id\":\"https:\/\/tiyana.net\/fr\/swing-the-beat\/#primaryimage\",\"url\":\"https:\/\/tiyana.net\/wp-content\/uploads\/2017\/05\/SwingTheBeat-12.jpg\",\"contentUrl\":\"https:\/\/tiyana.net\/wp-content\/uploads\/2017\/05\/SwingTheBeat-12.jpg\",\"width\":1170,\"height\":1170,\"caption\":\"We can do it Girl\"},{\"@type\":\"BreadcrumbList\",\"@id\":\"https:\/\/tiyana.net\/fr\/swing-the-beat\/#breadcrumb\",\"itemListElement\":[{\"@type\":\"ListItem\",\"position\":1,\"name\":\"Home\",\"item\":\"https:\/\/tiyana.net\/fr\/\"},{\"@type\":\"ListItem\",\"position\":2,\"name\":\"Swing the Beat\"}]},{\"@type\":\"WebSite\",\"@id\":\"https:\/\/tiyana.net\/fr\/#website\",\"url\":\"https:\/\/tiyana.net\/fr\/\",\"name\":\"La photographe professionnel Belgrade, Serbia\",\"description\":\"Photographe professionnel sp\u00e9cialis\u00e9 dans les portraits, la mode, la photographie commerciale et de produits avec un studio \u00e0 Belgrade\",\"publisher\":{\"@id\":\"https:\/\/tiyana.net\/fr\/#organization\"},\"potentialAction\":[{\"@type\":\"SearchAction\",\"target\":{\"@type\":\"EntryPoint\",\"urlTemplate\":\"https:\/\/tiyana.net\/fr\/?s={search_term_string}\"},\"query-input\":{\"@type\":\"PropertyValueSpecification\",\"valueRequired\":true,\"valueName\":\"search_term_string\"}}],\"inLanguage\":\"fr-FR\"},{\"@type\":\"Organization\",\"@id\":\"https:\/\/tiyana.net\/fr\/#organization\",\"name\":\"La photographe professionnel Belgrade, Serbia\",\"url\":\"https:\/\/tiyana.net\/fr\/\",\"logo\":{\"@type\":\"ImageObject\",\"inLanguage\":\"fr-FR\",\"@id\":\"https:\/\/tiyana.net\/fr\/#\/schema\/logo\/image\/\",\"url\":\"https:\/\/tiyana.net\/wp-content\/uploads\/2022\/07\/catenamedialogo.jpg\",\"contentUrl\":\"https:\/\/tiyana.net\/wp-content\/uploads\/2022\/07\/catenamedialogo.jpg\",\"width\":525,\"height\":525,\"caption\":\"La photographe professionnel Belgrade, Serbia\"},\"image\":{\"@id\":\"https:\/\/tiyana.net\/fr\/#\/schema\/logo\/image\/\"}}]}<\/script>\n<!-- \/ Yoast SEO plugin. -->","yoast_head_json":{"title":"Swing the Beat - La photographe professionnel Belgrade, Serbia","description":"Swing The Beat est une \u00e9cole de danse \u00e0 Belgrade qui r\u00e9unit les passionn\u00e9s de la musique jazz et de la danse Lindy Hop, Authentic solo Jazz et Charleston.","robots":{"index":"index","follow":"follow","max-snippet":"max-snippet:-1","max-image-preview":"max-image-preview:large","max-video-preview":"max-video-preview:-1"},"canonical":"https:\/\/tiyana.net\/fr\/swing-the-beat\/","og_locale":"fr_FR","og_type":"article","og_title":"Swing the Beat - La photographe professionnel Belgrade, Serbia","og_description":"Swing The Beat est une \u00e9cole de danse \u00e0 Belgrade qui r\u00e9unit les passionn\u00e9s de la musique jazz et de la danse Lindy Hop, Authentic solo Jazz et Charleston.","og_url":"https:\/\/tiyana.net\/fr\/swing-the-beat\/","og_site_name":"La photographe professionnel Belgrade, Serbia","article_modified_time":"2024-11-04T15:19:20+00:00","og_image":[{"width":1170,"height":1170,"url":"https:\/\/tiyana.net\/wp-content\/uploads\/2017\/05\/SwingTheBeat-12.jpg","type":"image\/jpeg"}],"twitter_card":"summary_large_image","twitter_misc":{"Dur\u00e9e de lecture estim\u00e9e":"5 minutes"},"schema":{"@context":"https:\/\/schema.org","@graph":[{"@type":"WebPage","@id":"https:\/\/tiyana.net\/fr\/swing-the-beat\/","url":"https:\/\/tiyana.net\/fr\/swing-the-beat\/","name":"Swing the Beat - La photographe professionnel Belgrade, Serbia","isPartOf":{"@id":"https:\/\/tiyana.net\/fr\/#website"},"primaryImageOfPage":{"@id":"https:\/\/tiyana.net\/fr\/swing-the-beat\/#primaryimage"},"image":{"@id":"https:\/\/tiyana.net\/fr\/swing-the-beat\/#primaryimage"},"thumbnailUrl":"https:\/\/tiyana.net\/wp-content\/uploads\/2017\/05\/SwingTheBeat-12.jpg","datePublished":"2017-05-30T15:02:44+00:00","dateModified":"2024-11-04T15:19:20+00:00","description":"Swing The Beat est une \u00e9cole de danse \u00e0 Belgrade qui r\u00e9unit les passionn\u00e9s de la musique jazz et de la danse Lindy Hop, Authentic solo Jazz et Charleston.","breadcrumb":{"@id":"https:\/\/tiyana.net\/fr\/swing-the-beat\/#breadcrumb"},"inLanguage":"fr-FR","potentialAction":[{"@type":"ReadAction","target":["https:\/\/tiyana.net\/fr\/swing-the-beat\/"]}]},{"@type":"ImageObject","inLanguage":"fr-FR","@id":"https:\/\/tiyana.net\/fr\/swing-the-beat\/#primaryimage","url":"https:\/\/tiyana.net\/wp-content\/uploads\/2017\/05\/SwingTheBeat-12.jpg","contentUrl":"https:\/\/tiyana.net\/wp-content\/uploads\/2017\/05\/SwingTheBeat-12.jpg","width":1170,"height":1170,"caption":"We can do it Girl"},{"@type":"BreadcrumbList","@id":"https:\/\/tiyana.net\/fr\/swing-the-beat\/#breadcrumb","itemListElement":[{"@type":"ListItem","position":1,"name":"Home","item":"https:\/\/tiyana.net\/fr\/"},{"@type":"ListItem","position":2,"name":"Swing the Beat"}]},{"@type":"WebSite","@id":"https:\/\/tiyana.net\/fr\/#website","url":"https:\/\/tiyana.net\/fr\/","name":"La photographe professionnel Belgrade, Serbia","description":"Photographe professionnel sp\u00e9cialis\u00e9 dans les portraits, la mode, la photographie commerciale et de produits avec un studio \u00e0 Belgrade","publisher":{"@id":"https:\/\/tiyana.net\/fr\/#organization"},"potentialAction":[{"@type":"SearchAction","target":{"@type":"EntryPoint","urlTemplate":"https:\/\/tiyana.net\/fr\/?s={search_term_string}"},"query-input":{"@type":"PropertyValueSpecification","valueRequired":true,"valueName":"search_term_string"}}],"inLanguage":"fr-FR"},{"@type":"Organization","@id":"https:\/\/tiyana.net\/fr\/#organization","name":"La photographe professionnel Belgrade, Serbia","url":"https:\/\/tiyana.net\/fr\/","logo":{"@type":"ImageObject","inLanguage":"fr-FR","@id":"https:\/\/tiyana.net\/fr\/#\/schema\/logo\/image\/","url":"https:\/\/tiyana.net\/wp-content\/uploads\/2022\/07\/catenamedialogo.jpg","contentUrl":"https:\/\/tiyana.net\/wp-content\/uploads\/2022\/07\/catenamedialogo.jpg","width":525,"height":525,"caption":"La photographe professionnel Belgrade, Serbia"},"image":{"@id":"https:\/\/tiyana.net\/fr\/#\/schema\/logo\/image\/"}}]}},"coauthors":[],"author_meta":{"author_link":"https:\/\/tiyana.net\/fr\/author\/tiyana\/","display_name":"Tiyana"},"relative_dates":{"created":"Publi\u00e9 9 ans il y a","modified":"Mis \u00e0 jour 1 an il y a"},"absolute_dates":{"created":"Publi\u00e9 le 30\/05\/2017","modified":"Mise \u00e0 jour le 04\/11\/2024"},"absolute_dates_time":{"created":"Publi\u00e9 le 30\/05\/2017 15:02","modified":"Mise \u00e0 jour le 04\/11\/2024 16:19"},"featured_img_caption":"","featured_img":"https:\/\/tiyana.net\/wp-content\/uploads\/2017\/05\/SwingTheBeat-12.jpg","series_order":"","_links":{"self":[{"href":"https:\/\/tiyana.net\/fr\/wp-json\/wp\/v2\/pages\/2845","targetHints":{"allow":["GET"]}}],"collection":[{"href":"https:\/\/tiyana.net\/fr\/wp-json\/wp\/v2\/pages"}],"about":[{"href":"https:\/\/tiyana.net\/fr\/wp-json\/wp\/v2\/types\/page"}],"author":[{"embeddable":true,"href":"https:\/\/tiyana.net\/fr\/wp-json\/wp\/v2\/users\/2"}],"replies":[{"embeddable":true,"href":"https:\/\/tiyana.net\/fr\/wp-json\/wp\/v2\/comments?post=2845"}],"version-history":[{"count":0,"href":"https:\/\/tiyana.net\/fr\/wp-json\/wp\/v2\/pages\/2845\/revisions"}],"wp:featuredmedia":[{"embeddable":true,"href":"https:\/\/tiyana.net\/fr\/wp-json\/wp\/v2\/media\/2821"}],"wp:attachment":[{"href":"https:\/\/tiyana.net\/fr\/wp-json\/wp\/v2\/media?parent=2845"}],"curies":[{"name":"wp","href":"https:\/\/api.w.org\/{rel}","templated":true}]}}