{"id":276,"date":"2016-12-20T06:10:50","date_gmt":"2016-12-20T06:10:50","guid":{"rendered":"https:\/\/tiyana.net\/?page_id=276\/"},"modified":"2017-03-02T10:32:22","modified_gmt":"2017-03-02T10:32:22","slug":"la-theorie","status":"publish","type":"page","link":"https:\/\/tiyana.net\/fr\/la-theorie\/","title":{"rendered":"La theorie"},"content":{"rendered":"<p><div  class=\"fw-main-row \" style=\"background-color:#302d2a;padding-left:15px;padding-right:15px;\" >\n\t<div class=\"fw-container-fluid no-padding dark-bg\">\n\t\t<div class=\"fw-row\">\n\t<div class=\"fw-col-xs-12\" style=\"padding-left:15px;padding-right:15px;padding-top:30px;padding-bottom:30px;\">\n\t\n<p><span style=\"font-weight: 400;\">Chaque pratique a besoin d\u2019une th\u00e9orie.<\/span><span style=\"font-weight: 400;\"><br \/> <\/span><span style=\"font-weight: 400;\">Donc, voici les le\u00e7ons que j\u2019ai pr\u00e9par\u00e9 pour mes classes en \u00abEcole Fran\u00e7aise de Belgrade\u00bb (lyc\u00e9e fran\u00e7ais de Belgrade).<\/span><\/p><p><span style=\"font-weight: 400;\">Je voulais arranger la th\u00e9orie de la composition et d\u2019autres sujets photographiques en un seul endroit, parce que quand je pr\u00e9parais les le\u00e7ons, je n\u2019ai pas trouv\u00e9 de site en ligne qui analyse enti\u00e8rement th\u00e9orie compl\u00e8te de la composition de la photographie \u2013 je pense que c\u2019est tr\u00e8s important.<\/span><\/p><p><span style=\"font-weight: 400;\">La plupart des textes, mais pas tous, sont cit\u00e9s ou reformul\u00e9s \u00e0 partir d\u2019autres sites ou des livres sur la photographie et les r\u00e9f\u00e9rences peuvent \u00eatre trouv\u00e9es dans bas de page de chaque poste. Toutes les photos que j\u2019utilise comme exemples dans les textes sont les miens et je poss\u00e8de le droit d\u2019auteur pour eux. Ces textes sont exclusivement pour mon travail dans l\u2019EFB.<\/span><\/p><p><span style=\"font-weight: 400;\">Je m\u2019excuse \u00e0 l\u2019avance si mon fran\u00e7ais n\u2019est pas parfait. Je fais de mon mieux.\u00a0Il y aura plus de textes, mais cela me prend beaucoup du temps de les organiser ici\u2026<\/span><\/p>\n<\/div>\n<\/div>\n\n\t<\/div>\n<\/div>\n<section  class=\"fw-main-row \" style=\"background-color:#ededed;\" >\n\t<div class=\"fw-container-fluid\">\n\t\t<div class=\"fw-row\">\n\t<div class=\"fw-col-xs-12\" style=\"padding-left:15px;padding-right:15px;padding-top:30px;padding-bottom:30px;\">\n\t<h1 class='fw-special-title base tac ' style=''>\n\t<span>LES ELEMENTS DE COMPOSITION<\/span>\n\t<\/h1>\t<div class=\"icon-box-area\">\n\t\t\t\t<div class=\"icon-box-col\">\n\t\t\t<div class=\"icon icon-font icon-next-4\"><\/div>\n\t\t\t<h3>La ligne et la direction<\/h3>\n\t\t\t<p>prendent des chemins verticaux, horizontaux, diagonaux\u2026 Ils influencent l&#039;humeur et la perception \u00e9motionnelle de l&#039;image.<\/p>\n\t\t<\/div>\n\t\t\t\t<div class=\"icon-box-col\">\n\t\t\t<div class=\"icon icon-font icon-bell\"><\/div>\n\t\t\t<h3>La forme<\/h3>\n\t\t\t<p>Un espace g\u00e9om\u00e9trique ou organique. Il existe en deux dimensions et repr\u00e9sente le premier moyen par lequel un spectateur peut identifier un objet, bien que l&#039;\u00e9clairage puisse d\u00e9former et d\u00e9truire la forme de l&#039;objet.<\/p>\n\t\t<\/div>\n\t\t\t\t<div class=\"icon-box-col\">\n\t\t\t<div class=\"icon icon-font icon-brightness\"><\/div>\n\t\t\t<h3>La couleur<\/h3>\n\t\t\t<p>avec ses diverses valeurs et intensit\u00e9s. Sa temp\u00e9rature est oppos\u00e9e \u00e0 la physique - dans l&#039;image bleu est consid\u00e9r\u00e9 comme froid, et rouge comme chaud, bien que dans l&#039;espace plus chaud objet \u00e9mettent la lumi\u00e8re bleue.<\/p>\n\t\t<\/div>\n\t\t\t\t<div class=\"icon-box-col\">\n\t\t\t<div class=\"icon icon-font icon-wifi-1\"><\/div>\n\t\t\t<h3>La tonalit\u00e9<\/h3>\n\t\t\t<p>La teinte, valeur\/l\u00e9g\u00e8ret\u00e9, puret\u00e9\/saturation..<\/p>\n\t\t<\/div>\n\t\t\t\t<div class=\"icon-box-col\">\n\t\t\t<div class=\"icon icon-font icon-stop\"><\/div>\n\t\t\t<h3>La taille<\/h3>\n\t\t\t<p>les dimensions et les proportions des images ou des formes les unes avec les autres<\/p>\n\t\t<\/div>\n\t\t\t\t<div class=\"icon-box-col\">\n\t\t\t<div class=\"icon icon-font icon-full\"><\/div>\n\t\t\t<h3>La perspective<\/h3>\n\t\t\t<p>l\u2019expression de la profondeur. Qu&#039;elle soit r\u00e9elle ou apparente, la perspective se r\u00e9f\u00e8re \u00e0 la relation entre les objets d&#039;une photographie\r\n<\/p>\n\t\t<\/div>\n\t\t\t<\/div>\n<\/div>\n<\/div>\n\n\t<\/div>\n<\/section>\n<section  class=\"fw-main-row \" style=\"background-color:#ededed;\" >\n\t<div class=\"fw-container-fluid\">\n\t\t<div class=\"fw-row\">\n\t<div class=\"fw-col-xs-12\" style=\"padding-left:15px;padding-right:15px;padding-top:30px;padding-bottom:30px;\">\n\t<h1 class='fw-special-title base tac ' style=''>\n\t<span>PRINCIPES D\u2019ORGANISATION DES ELEMENTS DANS LE COMPOSITION<\/span>\n\t<\/h1>\t\t\t<div class=\"icon-box2 fw-col-xs-12 fw-col-sm-6 fw-col-md-3 fw-col-lg-3  tac\">\n\t\t<div class=\"icon\"><i class=\"icon-font icon-cancel\"><\/i><\/div>\n\t\t<h3>Le centre d\u2019int\u00e9r\u00eat<\/h3>\n\t\t<p>ou le focus - il d\u00e9termine ce que le centre d&#039;attention de l&#039;\u0153uvre sera.<\/p>\n\t<\/div>\n\t\t<div class=\"icon-box2 fw-col-xs-12 fw-col-sm-6 fw-col-md-3 fw-col-lg-3  tac\">\n\t\t<div class=\"icon\"><i class=\"icon-font icon-photo-camera-1\"><\/i><\/div>\n\t\t<h3>Point de vue<\/h3>\n\t\t<p>La position \u00e0 partir de laquelle la cam\u00e9ra voit la sc\u00e8ne.<\/p>\n\t<\/div>\n\t\t<div class=\"icon-box2 fw-col-xs-12 fw-col-sm-6 fw-col-md-3 fw-col-lg-3  tac\">\n\t\t<div class=\"icon\"><i class=\"icon-font icon-musical-note\"><\/i><\/div>\n\t\t<h3>Le rythme<\/h3>\n\t\t<p>ou le tempo est la perception g\u00e9om\u00e9trique bidimensionnelle de battement r\u00e9p\u00e9t\u00e9. Il est cr\u00e9\u00e9 par la r\u00e9p\u00e9tition des formes positives s\u00e9par\u00e9s par des espaces n\u00e9gatifs.<\/p>\n\t<\/div>\n\t\t<div class=\"icon-box2 fw-col-xs-12 fw-col-sm-6 fw-col-md-3 fw-col-lg-3  tac\">\n\t\t<div class=\"icon\"><i class=\"icon-font icon-record-1\"><\/i><\/div>\n\t\t<h3>Le nombre d\u2019or<\/h3>\n\t\t<p>est une relation sp\u00e9cifique entre deux tailles. C&#039;est une formule math\u00e9matique classique pour une distribution \u00e9quilibr\u00e9e des \u201cpoids\u201d dans l\u2019image.<\/p>\n\t<\/div>\n\t<\/div>\n<\/div>\n\n\t<\/div>\n<\/section>\n<\/p>\n","protected":false},"excerpt":{"rendered":"<p>Chaque pratique a besoin d\u2019une th\u00e9orie. Donc, voici les le\u00e7ons que j\u2019ai pr\u00e9par\u00e9 pour mes classes en \u00abEcole Fran\u00e7aise de Belgrade\u00bb (lyc\u00e9e fran\u00e7ais de Belgrade).Je voulais arranger la th\u00e9orie de la composition et d\u2019autres sujets photographiques en un seul endroit, parce que quand je pr\u00e9parais les le\u00e7ons, je n\u2019ai pas trouv\u00e9 de site en ligne [&hellip;]<\/p>\n","protected":false},"author":2,"featured_media":0,"parent":0,"menu_order":0,"comment_status":"closed","ping_status":"closed","template":"","meta":{"_acf_changed":false,"advgb_blocks_editor_width":"","advgb_blocks_columns_visual_guide":"","footnotes":""},"class_list":["post-276","page","type-page","status-publish","hentry"],"acf":[],"yoast_head":"<!-- This site is optimized with the Yoast SEO plugin v27.3 - https:\/\/yoast.com\/product\/yoast-seo-wordpress\/ -->\n<title>La theorie - La photographe professionnel Belgrade, Serbia<\/title>\n<meta name=\"robots\" content=\"index, follow, max-snippet:-1, max-image-preview:large, max-video-preview:-1\" \/>\n<link rel=\"canonical\" href=\"https:\/\/tiyana.net\/fr\/la-theorie\/\" \/>\n<meta property=\"og:locale\" content=\"fr_FR\" \/>\n<meta property=\"og:type\" content=\"article\" \/>\n<meta property=\"og:title\" content=\"La theorie - La photographe professionnel Belgrade, Serbia\" \/>\n<meta property=\"og:description\" content=\"Chaque pratique a besoin d\u2019une th\u00e9orie. Donc, voici les le\u00e7ons que j\u2019ai pr\u00e9par\u00e9 pour mes classes en \u00abEcole Fran\u00e7aise de Belgrade\u00bb (lyc\u00e9e fran\u00e7ais de Belgrade).Je voulais arranger la th\u00e9orie de la composition et d\u2019autres sujets photographiques en un seul endroit, parce que quand je pr\u00e9parais les le\u00e7ons, je n\u2019ai pas trouv\u00e9 de site en ligne [&hellip;]\" \/>\n<meta property=\"og:url\" content=\"https:\/\/tiyana.net\/fr\/la-theorie\/\" \/>\n<meta property=\"og:site_name\" content=\"La photographe professionnel Belgrade, Serbia\" \/>\n<meta property=\"article:modified_time\" content=\"2017-03-02T10:32:22+00:00\" \/>\n<meta name=\"twitter:card\" content=\"summary_large_image\" \/>\n<meta name=\"twitter:label1\" content=\"Dur\u00e9e de lecture estim\u00e9e\" \/>\n\t<meta name=\"twitter:data1\" content=\"2 minutes\" \/>\n<script type=\"application\/ld+json\" class=\"yoast-schema-graph\">{\"@context\":\"https:\\\/\\\/schema.org\",\"@graph\":[{\"@type\":\"WebPage\",\"@id\":\"https:\\\/\\\/tiyana.net\\\/fr\\\/la-theorie\\\/\",\"url\":\"https:\\\/\\\/tiyana.net\\\/fr\\\/la-theorie\\\/\",\"name\":\"La theorie - La photographe professionnel Belgrade, Serbia\",\"isPartOf\":{\"@id\":\"https:\\\/\\\/tiyana.net\\\/fr\\\/#website\"},\"datePublished\":\"2016-12-20T06:10:50+00:00\",\"dateModified\":\"2017-03-02T10:32:22+00:00\",\"breadcrumb\":{\"@id\":\"https:\\\/\\\/tiyana.net\\\/fr\\\/la-theorie\\\/#breadcrumb\"},\"inLanguage\":\"fr-FR\",\"potentialAction\":[{\"@type\":\"ReadAction\",\"target\":[\"https:\\\/\\\/tiyana.net\\\/fr\\\/la-theorie\\\/\"]}]},{\"@type\":\"BreadcrumbList\",\"@id\":\"https:\\\/\\\/tiyana.net\\\/fr\\\/la-theorie\\\/#breadcrumb\",\"itemListElement\":[{\"@type\":\"ListItem\",\"position\":1,\"name\":\"Home\",\"item\":\"https:\\\/\\\/tiyana.net\\\/fr\\\/\"},{\"@type\":\"ListItem\",\"position\":2,\"name\":\"La theorie\"}]},{\"@type\":\"WebSite\",\"@id\":\"https:\\\/\\\/tiyana.net\\\/fr\\\/#website\",\"url\":\"https:\\\/\\\/tiyana.net\\\/fr\\\/\",\"name\":\"La photographe professionnel Belgrade, Serbia\",\"description\":\"Photographe professionnel sp\u00e9cialis\u00e9 dans les portraits, la mode, la photographie commerciale et de produits avec un studio \u00e0 Belgrade\",\"publisher\":{\"@id\":\"https:\\\/\\\/tiyana.net\\\/fr\\\/#organization\"},\"potentialAction\":[{\"@type\":\"SearchAction\",\"target\":{\"@type\":\"EntryPoint\",\"urlTemplate\":\"https:\\\/\\\/tiyana.net\\\/fr\\\/?s={search_term_string}\"},\"query-input\":{\"@type\":\"PropertyValueSpecification\",\"valueRequired\":true,\"valueName\":\"search_term_string\"}}],\"inLanguage\":\"fr-FR\"},{\"@type\":\"Organization\",\"@id\":\"https:\\\/\\\/tiyana.net\\\/fr\\\/#organization\",\"name\":\"La photographe professionnel Belgrade, Serbia\",\"url\":\"https:\\\/\\\/tiyana.net\\\/fr\\\/\",\"logo\":{\"@type\":\"ImageObject\",\"inLanguage\":\"fr-FR\",\"@id\":\"https:\\\/\\\/tiyana.net\\\/fr\\\/#\\\/schema\\\/logo\\\/image\\\/\",\"url\":\"https:\\\/\\\/tiyana.net\\\/wp-content\\\/uploads\\\/2022\\\/07\\\/catenamedialogo.jpg\",\"contentUrl\":\"https:\\\/\\\/tiyana.net\\\/wp-content\\\/uploads\\\/2022\\\/07\\\/catenamedialogo.jpg\",\"width\":525,\"height\":525,\"caption\":\"La photographe professionnel Belgrade, Serbia\"},\"image\":{\"@id\":\"https:\\\/\\\/tiyana.net\\\/fr\\\/#\\\/schema\\\/logo\\\/image\\\/\"}}]}<\/script>\n<!-- \/ Yoast SEO plugin. -->","yoast_head_json":{"title":"La theorie - La photographe professionnel Belgrade, Serbia","robots":{"index":"index","follow":"follow","max-snippet":"max-snippet:-1","max-image-preview":"max-image-preview:large","max-video-preview":"max-video-preview:-1"},"canonical":"https:\/\/tiyana.net\/fr\/la-theorie\/","og_locale":"fr_FR","og_type":"article","og_title":"La theorie - La photographe professionnel Belgrade, Serbia","og_description":"Chaque pratique a besoin d\u2019une th\u00e9orie. Donc, voici les le\u00e7ons que j\u2019ai pr\u00e9par\u00e9 pour mes classes en \u00abEcole Fran\u00e7aise de Belgrade\u00bb (lyc\u00e9e fran\u00e7ais de Belgrade).Je voulais arranger la th\u00e9orie de la composition et d\u2019autres sujets photographiques en un seul endroit, parce que quand je pr\u00e9parais les le\u00e7ons, je n\u2019ai pas trouv\u00e9 de site en ligne [&hellip;]","og_url":"https:\/\/tiyana.net\/fr\/la-theorie\/","og_site_name":"La photographe professionnel Belgrade, Serbia","article_modified_time":"2017-03-02T10:32:22+00:00","twitter_card":"summary_large_image","twitter_misc":{"Dur\u00e9e de lecture estim\u00e9e":"2 minutes"},"schema":{"@context":"https:\/\/schema.org","@graph":[{"@type":"WebPage","@id":"https:\/\/tiyana.net\/fr\/la-theorie\/","url":"https:\/\/tiyana.net\/fr\/la-theorie\/","name":"La theorie - La photographe professionnel Belgrade, Serbia","isPartOf":{"@id":"https:\/\/tiyana.net\/fr\/#website"},"datePublished":"2016-12-20T06:10:50+00:00","dateModified":"2017-03-02T10:32:22+00:00","breadcrumb":{"@id":"https:\/\/tiyana.net\/fr\/la-theorie\/#breadcrumb"},"inLanguage":"fr-FR","potentialAction":[{"@type":"ReadAction","target":["https:\/\/tiyana.net\/fr\/la-theorie\/"]}]},{"@type":"BreadcrumbList","@id":"https:\/\/tiyana.net\/fr\/la-theorie\/#breadcrumb","itemListElement":[{"@type":"ListItem","position":1,"name":"Home","item":"https:\/\/tiyana.net\/fr\/"},{"@type":"ListItem","position":2,"name":"La theorie"}]},{"@type":"WebSite","@id":"https:\/\/tiyana.net\/fr\/#website","url":"https:\/\/tiyana.net\/fr\/","name":"La photographe professionnel Belgrade, Serbia","description":"Photographe professionnel sp\u00e9cialis\u00e9 dans les portraits, la mode, la photographie commerciale et de produits avec un studio \u00e0 Belgrade","publisher":{"@id":"https:\/\/tiyana.net\/fr\/#organization"},"potentialAction":[{"@type":"SearchAction","target":{"@type":"EntryPoint","urlTemplate":"https:\/\/tiyana.net\/fr\/?s={search_term_string}"},"query-input":{"@type":"PropertyValueSpecification","valueRequired":true,"valueName":"search_term_string"}}],"inLanguage":"fr-FR"},{"@type":"Organization","@id":"https:\/\/tiyana.net\/fr\/#organization","name":"La photographe professionnel Belgrade, Serbia","url":"https:\/\/tiyana.net\/fr\/","logo":{"@type":"ImageObject","inLanguage":"fr-FR","@id":"https:\/\/tiyana.net\/fr\/#\/schema\/logo\/image\/","url":"https:\/\/tiyana.net\/wp-content\/uploads\/2022\/07\/catenamedialogo.jpg","contentUrl":"https:\/\/tiyana.net\/wp-content\/uploads\/2022\/07\/catenamedialogo.jpg","width":525,"height":525,"caption":"La photographe professionnel Belgrade, Serbia"},"image":{"@id":"https:\/\/tiyana.net\/fr\/#\/schema\/logo\/image\/"}}]}},"coauthors":[],"author_meta":{"author_link":"https:\/\/tiyana.net\/fr\/author\/tiyana\/","display_name":"Tiyana"},"relative_dates":{"created":"Publi\u00e9 9 ans il y a","modified":"Mis \u00e0 jour 9 ans il y a"},"absolute_dates":{"created":"Publi\u00e9 le 20 d\u00e9cembre 2016","modified":"Mise \u00e0 jour le 2 mars 2017"},"absolute_dates_time":{"created":"Publi\u00e9 le 20 d\u00e9cembre 2016 6h10","modified":"Mise \u00e0 jour le 2 mars 2017 10h32"},"featured_img_caption":"","featured_img":false,"series_order":"","_links":{"self":[{"href":"https:\/\/tiyana.net\/fr\/wp-json\/wp\/v2\/pages\/276","targetHints":{"allow":["GET"]}}],"collection":[{"href":"https:\/\/tiyana.net\/fr\/wp-json\/wp\/v2\/pages"}],"about":[{"href":"https:\/\/tiyana.net\/fr\/wp-json\/wp\/v2\/types\/page"}],"author":[{"embeddable":true,"href":"https:\/\/tiyana.net\/fr\/wp-json\/wp\/v2\/users\/2"}],"replies":[{"embeddable":true,"href":"https:\/\/tiyana.net\/fr\/wp-json\/wp\/v2\/comments?post=276"}],"version-history":[{"count":0,"href":"https:\/\/tiyana.net\/fr\/wp-json\/wp\/v2\/pages\/276\/revisions"}],"wp:attachment":[{"href":"https:\/\/tiyana.net\/fr\/wp-json\/wp\/v2\/media?parent=276"}],"curies":[{"name":"wp","href":"https:\/\/api.w.org\/{rel}","templated":true}]}}