{"id":2259,"date":"2017-03-28T14:46:18","date_gmt":"2017-03-28T14:46:18","guid":{"rendered":"https:\/\/tiyana.net\/photos-histoires\/nyc-moments\/"},"modified":"2022-04-18T09:06:19","modified_gmt":"2022-04-18T09:06:19","slug":"moments-a-new-york","status":"publish","type":"page","link":"https:\/\/tiyana.net\/fr\/moments-a-new-york\/","title":{"rendered":"Moments \u00e0 New York"},"content":{"rendered":"<p><div  class=\"fw-main-row \" style=\"background-color:#ededed;\" >\n\t<div class=\"fw-container-fluid no-padding\">\n\t\t<div class=\"fw-row\">\n\t<div class=\"fw-col-xs-12\" style=\"\">\n\t<section class=\"banner-block animated fw-main-row full-screen parallax\" style=\"background-image: url(\/\/tiyana.net\/wp-content\/uploads\/2016\/12\/IMG_6828.jpg);\">\r\n\t<div class=\"fw-container centered-container tac\">\r\n\t\t\t\t<h2 class=\"h1 heading-decor \">Carnet de voyage<\/h2>\r\n\t\t\t\t<p><i>Impressions de voyage en juillet 2016 (lorsque l&#039;article a \u00e9t\u00e9 \u00e9crit)<\/i><\/p>\r\n\t\t\t<\/div>\r\n<\/section><\/div>\n<\/div>\n\n\t<\/div>\n<\/div>\n<section  class=\"fw-main-row \" style=\"background-color:#ededed;padding-left:25px;padding-right:25px;padding-top:25px;padding-bottom:25px;\" >\n\t<div class=\"fw-container-fluid\">\n\t\t<div class=\"fw-row\">\n\t\t\n\t<div class=\"fw-col-xs-12 fw-col-sm-6 is-col\" style=\"padding-left:1px;\">\n\t\t\t\t\t<div class=\"is-text\">\n\t\t\t<h3 class='fw-special-title base tac ' style=''>\n\t<span>Des moments qui reviennent de temps en temps dans mon esprit<\/span>\n\t<\/h3>\n<p style=\"text-align: left;\">Coney Island est l'endroit qui est rest\u00e9 dans mon esprit longtemps apr\u00e8s mon retour chez moi. Peut-\u00eatre c'est\u00a0\u00e0 cause de ces couleurs vives, ou le sentiment que je suis seulement un oc\u00e9an loin de la maison.<\/p>\n<img decoding=\"async\" src=\"\/\/tiyana.net\/wp-content\/uploads\/2016\/12\/Coney-Island-Tiyana.gif\" alt=\"Luna park with people walking in Coney Island\" \/>\t\t\t<\/div>\n\t\t\t<\/div>\n\t\n\t<div class=\"fw-col-xs-12 fw-col-sm-6 is-col\" style=\"\">\n\t\t\t\t\t<div class=\"is-text\">\n\t\t\t<h3 class='fw-special-title heading-decor tac normal' style=''>\n\t<span> Pens\u00e9es al\u00e9atoires<\/span>\n\t<\/h3>\n\n\n<div class=\"tabs-area tac\">\n\t<ul class=\"tabs-head\">\n\t\t\t\t<li class=\"active-tab\">New York Vertical<\/li>\n\t\t\t\t<li >Hello Dillie!<\/li>\n\t\t\t\t<li > \u00cele du Gouverneur<\/li>\n\t\t\t\t<li >Endroit magique<\/li>\n\t\t\t<\/ul>\n\t\t<div class=\"tab-content visible\">\n\t\t<h2 class=\"h1 heading-decor\">New York Vertical<\/h2>\n\t\t<p>C&#039;est un livre du photographe Horst Hamann vraiment \u00e9tonnant, que j&#039;ai vu pour la premi\u00e8re fois au Mus\u00e9e Guggenheim. Au moment o\u00f9 je l&#039;ai eu dans mes mains, je savais que je vais voir quelque chose d&#039;extraordinaire. Et c&#039;\u00e9tais vraiment comme \u00e7a. Il se compose de citations de New-Yorkais reconnus, avec des paysages verticaux. J&#039;ai \u00e9t\u00e9 surpris la premi\u00e8re fois que je l&#039;ai vu et maintenant, il occupe une place sp\u00e9ciale dans ma biblioth\u00e8que. Il a fait aussi le livre Paris Vertical.<\/p>\n\t\t\t\t<a href=\"http:\/\/www.horsthamann.com\" class=\"button-style1\" style=\"margin-top: 45px;margin-bottom: 65px;\"><span>horsthamann.com<\/span><\/a>\n\t\t\t<\/div>\n\t\t<div class=\"tab-content \">\n\t\t<h2 class=\"h1 heading-decor\">Hello Dillie!<\/h2>\n\t\t<p>Un spectacle \u00e9tonnant, monologue stand-up qui m&#039;a fait pleurer, m&#039;a fait sourire aussi, et m&#039;a fait me souvenir de lui pour longtemps.\r\nJ&#039;aime comment petit et priv\u00e9 ce th\u00e9\u00e2tre est. Le spectacle est dirig\u00e9 par Michael Fitzgerald (Royaume-Uni) et Simon Green (US), avec actrice Dillie Keane et Michael Roulston au piano.<\/p>\n\t\t\t\t<a href=\"http:\/\/www.59e59.org\/moreinfo.php?showid=246\" class=\"button-style1\" style=\"margin-top: 45px;margin-bottom: 65px;\"><span>59e59 th\u00e9\u00e2tre <\/span><\/a>\n\t\t\t<\/div>\n\t\t<div class=\"tab-content \">\n\t\t<h2 class=\"h1 heading-decor\"> \u00cele du Gouverneur<\/h2>\n\t\t<p>Historiquement, c&#039;est un endroit o\u00f9 \u00e9tait une sorte de poste de l&#039;arm\u00e9e. Pour moi, c&#039;est le parc parfait \u00e0 proximit\u00e9 du Lower Manhattan. Il a une sorte d&#039;atmosph\u00e8re fantomatique.\r\nComme nous nous promenions autour du parc et comme nous \u00e9tions couch\u00e9s dans des hamacs, nous avons presque rat\u00e9 notre dernier traversier.<\/p>\n\t\t\t\t<a href=\"https:\/\/govisland.com\/\" class=\"button-style1\" style=\"margin-top: 45px;margin-bottom: 65px;\"><span>Plus<\/span><\/a>\n\t\t\t<\/div>\n\t\t<div class=\"tab-content \">\n\t\t<h2 class=\"h1 heading-decor\">Endroit magique<\/h2>\n\t\t<p>Anable Basin Sailing Bar &amp; Grill est l&#039;une de mes plus grandes impressions de New York. Je ne sais pas si c&#039;est parce que la famille-et-les amis atmosph\u00e8re juste \u00e0 c\u00f4t\u00e9 de l&#039;immense jungle urbaine, ou la musique house que Miro joue. Cet place semble plus humaine comparant \u00e0 l&#039;atmosph\u00e8re de Manhattan. Par cons\u00e9quent, j&#039;ai d\u00fb faire un .gif de celui-ci.<\/p>\n\t\t\t\t<a href=\"http:\/\/www.anablebasin.com\/\" class=\"button-style1\" style=\"margin-top: 45px;margin-bottom: 65px;\"><span>Anable Basin Sailing Bar &amp; Grill<\/span><\/a>\n\t\t\t<\/div>\n\t<\/div>\t\t\t<\/div>\n\t\t\t<\/div>\n<\/div>\n\n\t<\/div>\n<\/section>\n<div  class=\"fw-main-row \" style=\"background-color:#ededed;\" >\n\t<div class=\"fw-container-fluid no-padding\">\n\t\t<div class=\"fw-row\">\n\t<div class=\"fw-col-xs-12\" style=\"\">\n\t<section class=\"banner-block animated fw-main-row full-screen parallax\" style=\"background-image: url(\/\/tiyana.net\/wp-content\/uploads\/2017\/03\/Coney-Island.jpg);\">\r\n\t<div class=\"fw-container centered-container tac\">\r\n\t\t\t<\/div>\r\n<\/section><\/div>\n<\/div>\n\n\t<\/div>\n<\/div>\n<div  class=\"fw-main-row \" style=\"background-color:#ededed;\" >\n\t<div class=\"fw-container no-padding\">\n\t\t<div class=\"fw-row\">\n\t<div class=\"fw-col-xs-12\" style=\"\">\n\t<h1 class='fw-special-title heading-decor tac normal' style=''>\n\t<span>La f\u00eate du 4 juillet<\/span>\n\t<\/h1><\/div>\n<\/div>\n\n<div class=\"fw-row\">\n\t<div class=\"fw-col-xs-12 fw-col-sm-2\" style=\"padding-left:15px;padding-right:15px;padding-top:30px;padding-bottom:30px;\">\n\t<\/div>\n<div class=\"fw-col-xs-12 fw-col-sm-8\" style=\"padding-left:15px;padding-right:15px;padding-top:30px;padding-bottom:30px;\">\n\t\n<p><em>Anable Basin Sailing Bar and Grill\u00a0<\/em>organise chaque ann\u00e9e la f\u00eate du 4 juillet et les gens s'amusent. Sauf la vue sur les feux d'artifice, la musique et les aliments &amp; boissons chauffent l'atmosph\u00e8re.<\/p>\n<img decoding=\"async\" src=\"\/\/tiyana.net\/wp-content\/uploads\/2016\/12\/Anables-baisin.gif\" alt=\"\/\/tiyana.net\/wp-content\/uploads\/2016\/12\/Anables-baisin.gif\" \/><\/div>\n<div class=\"fw-col-xs-12 fw-col-sm-2\" style=\"padding-left:15px;padding-right:15px;padding-top:30px;padding-bottom:30px;\">\n\t<\/div>\n<\/div>\n\n\t<\/div>\n<\/div>\n<section  class=\"fw-main-row \"  >\n\t<div class=\"fw-container\">\n\t\t<div class=\"fw-row\">\n\t<div class=\"fw-col-xs-12\" style=\"\">\n\t\n<p>Ce jour-l\u00e0, en 2016, les nuages mena\u00e7aient depuis le matin et la pluie a finalement commenc\u00e9 dans la soir\u00e9e.<\/p><p><img loading=\"lazy\" decoding=\"async\" class=\"alignleft wp-image-2945 size-full\" src=\"https:\/\/tiyana.net\/wp-content\/uploads\/2017\/06\/Anables-Basin-4th-july-fireworks.jpg\" alt=\"\" width=\"1200\" height=\"525\" srcset=\"https:\/\/tiyana.net\/wp-content\/uploads\/2017\/06\/Anables-Basin-4th-july-fireworks.jpg 1200w, https:\/\/tiyana.net\/wp-content\/uploads\/2017\/06\/Anables-Basin-4th-july-fireworks-600x263.jpg 600w, https:\/\/tiyana.net\/wp-content\/uploads\/2017\/06\/Anables-Basin-4th-july-fireworks-300x131.jpg 300w, https:\/\/tiyana.net\/wp-content\/uploads\/2017\/06\/Anables-Basin-4th-july-fireworks-1024x448.jpg 1024w\" sizes=\"auto, (max-width: 1200px) 100vw, 1200px\" \/><\/p><p>N\u00e9anmoins, les gens se sont r\u00e9unis pour voir le spectacle du ciel.<\/p><p><img loading=\"lazy\" decoding=\"async\" class=\"wp-image-2944 size-full alignnone\" src=\"https:\/\/tiyana.net\/wp-content\/uploads\/2017\/06\/Anables-Basin-fireworks.jpg\" alt=\"\" width=\"1200\" height=\"525\" srcset=\"https:\/\/tiyana.net\/wp-content\/uploads\/2017\/06\/Anables-Basin-fireworks.jpg 1200w, https:\/\/tiyana.net\/wp-content\/uploads\/2017\/06\/Anables-Basin-fireworks-600x263.jpg 600w, https:\/\/tiyana.net\/wp-content\/uploads\/2017\/06\/Anables-Basin-fireworks-300x131.jpg 300w, https:\/\/tiyana.net\/wp-content\/uploads\/2017\/06\/Anables-Basin-fireworks-1024x448.jpg 1024w\" sizes=\"auto, (max-width: 1200px) 100vw, 1200px\" \/><\/p><p>Vers minuit, la plupart des gens sont rentr\u00e9s chez eux. Certains d'entre nous sont rest\u00e9s plus longtemps, alors que Miro versait des margaritas.<\/p><p>Nous avons eu une excellente f\u00eate pluvieuse. Nous \u00e9tions jeunes et heureux. Je me souviens quelques d\u00e9tails.<\/p><p><img loading=\"lazy\" decoding=\"async\" class=\"alignnone wp-image-2947 size-full\" src=\"https:\/\/tiyana.net\/wp-content\/uploads\/2017\/06\/Corona-hand.jpg\" alt=\"\" width=\"1200\" height=\"525\" srcset=\"https:\/\/tiyana.net\/wp-content\/uploads\/2017\/06\/Corona-hand.jpg 1200w, https:\/\/tiyana.net\/wp-content\/uploads\/2017\/06\/Corona-hand-600x263.jpg 600w, https:\/\/tiyana.net\/wp-content\/uploads\/2017\/06\/Corona-hand-300x131.jpg 300w, https:\/\/tiyana.net\/wp-content\/uploads\/2017\/06\/Corona-hand-1024x448.jpg 1024w\" sizes=\"auto, (max-width: 1200px) 100vw, 1200px\" \/><img loading=\"lazy\" decoding=\"async\" class=\"alignnone wp-image-2946 size-full\" src=\"https:\/\/tiyana.net\/wp-content\/uploads\/2017\/06\/Tatoo-hand.jpg\" alt=\"\" width=\"1200\" height=\"525\" srcset=\"https:\/\/tiyana.net\/wp-content\/uploads\/2017\/06\/Tatoo-hand.jpg 1200w, https:\/\/tiyana.net\/wp-content\/uploads\/2017\/06\/Tatoo-hand-600x263.jpg 600w, https:\/\/tiyana.net\/wp-content\/uploads\/2017\/06\/Tatoo-hand-300x131.jpg 300w, https:\/\/tiyana.net\/wp-content\/uploads\/2017\/06\/Tatoo-hand-1024x448.jpg 1024w\" sizes=\"auto, (max-width: 1200px) 100vw, 1200px\" \/><\/p><p>Je me souviens de danser toute la nuit comme si la musique n'existerait plus demain.<\/p><p><img loading=\"lazy\" decoding=\"async\" class=\"alignnone wp-image-2948 size-full\" src=\"https:\/\/tiyana.net\/wp-content\/uploads\/2017\/06\/Blurred-lines.jpg\" alt=\"\" width=\"1200\" height=\"525\" srcset=\"https:\/\/tiyana.net\/wp-content\/uploads\/2017\/06\/Blurred-lines.jpg 1200w, https:\/\/tiyana.net\/wp-content\/uploads\/2017\/06\/Blurred-lines-600x263.jpg 600w, https:\/\/tiyana.net\/wp-content\/uploads\/2017\/06\/Blurred-lines-300x131.jpg 300w, https:\/\/tiyana.net\/wp-content\/uploads\/2017\/06\/Blurred-lines-1024x448.jpg 1024w\" sizes=\"auto, (max-width: 1200px) 100vw, 1200px\" \/><\/p><p>Comme nous (ma amie et moi) nous sommes sortis avec un sourire pour retourner \u00e0 la maison,<\/p><p><img loading=\"lazy\" decoding=\"async\" class=\"alignnone wp-image-3992 size-full\" src=\"https:\/\/tiyana.net\/wp-content\/uploads\/2017\/03\/NY-night-out-morning-smile.jpg\" alt=\"\" width=\"1200\" height=\"525\" srcset=\"https:\/\/tiyana.net\/wp-content\/uploads\/2017\/03\/NY-night-out-morning-smile.jpg 1200w, https:\/\/tiyana.net\/wp-content\/uploads\/2017\/03\/NY-night-out-morning-smile-600x263.jpg 600w\" sizes=\"auto, (max-width: 1200px) 100vw, 1200px\" \/><\/p><p>...la pizza \u00e0 moiti\u00e9 mang\u00e9e nous attendait encore.<\/p><p><img loading=\"lazy\" decoding=\"async\" class=\"alignnone wp-image-3989 size-full\" src=\"https:\/\/tiyana.net\/wp-content\/uploads\/2017\/03\/Morning-blurred.jpg\" alt=\"\" width=\"1200\" height=\"525\" srcset=\"https:\/\/tiyana.net\/wp-content\/uploads\/2017\/03\/Morning-blurred.jpg 1200w, https:\/\/tiyana.net\/wp-content\/uploads\/2017\/03\/Morning-blurred-600x263.jpg 600w\" sizes=\"auto, (max-width: 1200px) 100vw, 1200px\" \/><\/p>\n<\/div>\n<\/div>\n\n\t<\/div>\n<\/section>\n<\/p>\n","protected":false},"excerpt":{"rendered":"<p>Carnet de voyage Impressions de voyage en juillet 2016 (lorsque l&#039;article a \u00e9t\u00e9 \u00e9crit) Des moments qui reviennent de temps en temps dans mon esprit Coney Island est l&rsquo;endroit qui est rest\u00e9 dans mon esprit longtemps apr\u00e8s mon retour chez moi. Peut-\u00eatre c&rsquo;est\u00a0\u00e0 cause de ces couleurs vives, ou le sentiment que je suis seulement [&hellip;]<\/p>\n","protected":false},"author":2,"featured_media":1921,"parent":0,"menu_order":0,"comment_status":"open","ping_status":"closed","template":"page-landing.php","meta":{"_acf_changed":false,"advgb_blocks_editor_width":"","advgb_blocks_columns_visual_guide":"","footnotes":""},"class_list":["post-2259","page","type-page","status-publish","has-post-thumbnail","hentry"],"acf":[],"yoast_head":"<!-- This site is optimized with the Yoast SEO plugin v26.9 - https:\/\/yoast.com\/product\/yoast-seo-wordpress\/ -->\n<title>Moments \u00e0 New York - La photographe professionnel Belgrade, Serbia<\/title>\n<meta name=\"robots\" content=\"index, follow, max-snippet:-1, max-image-preview:large, max-video-preview:-1\" \/>\n<link rel=\"canonical\" href=\"https:\/\/tiyana.net\/fr\/moments-a-new-york\/\" \/>\n<meta property=\"og:locale\" content=\"fr_FR\" \/>\n<meta property=\"og:type\" content=\"article\" \/>\n<meta property=\"og:title\" content=\"Moments \u00e0 New York - La photographe professionnel Belgrade, Serbia\" \/>\n<meta property=\"og:description\" content=\"Carnet de voyage Impressions de voyage en juillet 2016 (lorsque l&#039;article a \u00e9t\u00e9 \u00e9crit) Des moments qui reviennent de temps en temps dans mon esprit Coney Island est l&#039;endroit qui est rest\u00e9 dans mon esprit longtemps apr\u00e8s mon retour chez moi. Peut-\u00eatre c&#039;est\u00a0\u00e0 cause de ces couleurs vives, ou le sentiment que je suis seulement [&hellip;]\" \/>\n<meta property=\"og:url\" content=\"https:\/\/tiyana.net\/fr\/moments-a-new-york\/\" \/>\n<meta property=\"og:site_name\" content=\"La photographe professionnel Belgrade, Serbia\" \/>\n<meta property=\"article:modified_time\" content=\"2022-04-18T09:06:19+00:00\" \/>\n<meta property=\"og:image\" content=\"https:\/\/tiyana.net\/wp-content\/uploads\/2017\/03\/London-like.jpg\" \/>\n\t<meta property=\"og:image:width\" content=\"1440\" \/>\n\t<meta property=\"og:image:height\" content=\"930\" \/>\n\t<meta property=\"og:image:type\" content=\"image\/jpeg\" \/>\n<meta name=\"twitter:card\" content=\"summary_large_image\" \/>\n<meta name=\"twitter:label1\" content=\"Dur\u00e9e de lecture estim\u00e9e\" \/>\n\t<meta name=\"twitter:data1\" content=\"5 minutes\" \/>\n<script type=\"application\/ld+json\" class=\"yoast-schema-graph\">{\"@context\":\"https:\/\/schema.org\",\"@graph\":[{\"@type\":\"WebPage\",\"@id\":\"https:\/\/tiyana.net\/fr\/moments-a-new-york\/\",\"url\":\"https:\/\/tiyana.net\/fr\/moments-a-new-york\/\",\"name\":\"Moments \u00e0 New York - La photographe professionnel Belgrade, Serbia\",\"isPartOf\":{\"@id\":\"https:\/\/tiyana.net\/fr\/#website\"},\"primaryImageOfPage\":{\"@id\":\"https:\/\/tiyana.net\/fr\/moments-a-new-york\/#primaryimage\"},\"image\":{\"@id\":\"https:\/\/tiyana.net\/fr\/moments-a-new-york\/#primaryimage\"},\"thumbnailUrl\":\"https:\/\/tiyana.net\/wp-content\/uploads\/2017\/03\/London-like.jpg\",\"datePublished\":\"2017-03-28T14:46:18+00:00\",\"dateModified\":\"2022-04-18T09:06:19+00:00\",\"breadcrumb\":{\"@id\":\"https:\/\/tiyana.net\/fr\/moments-a-new-york\/#breadcrumb\"},\"inLanguage\":\"fr-FR\",\"potentialAction\":[{\"@type\":\"ReadAction\",\"target\":[\"https:\/\/tiyana.net\/fr\/moments-a-new-york\/\"]}]},{\"@type\":\"ImageObject\",\"inLanguage\":\"fr-FR\",\"@id\":\"https:\/\/tiyana.net\/fr\/moments-a-new-york\/#primaryimage\",\"url\":\"https:\/\/tiyana.net\/wp-content\/uploads\/2017\/03\/London-like.jpg\",\"contentUrl\":\"https:\/\/tiyana.net\/wp-content\/uploads\/2017\/03\/London-like.jpg\",\"width\":1440,\"height\":930,\"caption\":\"View on high towers in foggy Manhattan\"},{\"@type\":\"BreadcrumbList\",\"@id\":\"https:\/\/tiyana.net\/fr\/moments-a-new-york\/#breadcrumb\",\"itemListElement\":[{\"@type\":\"ListItem\",\"position\":1,\"name\":\"Home\",\"item\":\"https:\/\/tiyana.net\/fr\/\"},{\"@type\":\"ListItem\",\"position\":2,\"name\":\"Moments \u00e0 New York\"}]},{\"@type\":\"WebSite\",\"@id\":\"https:\/\/tiyana.net\/fr\/#website\",\"url\":\"https:\/\/tiyana.net\/fr\/\",\"name\":\"La photographe professionnel Belgrade, Serbia\",\"description\":\"Photographe professionnel sp\u00e9cialis\u00e9 dans les portraits, la mode, la photographie commerciale et de produits avec un studio \u00e0 Belgrade\",\"publisher\":{\"@id\":\"https:\/\/tiyana.net\/fr\/#organization\"},\"potentialAction\":[{\"@type\":\"SearchAction\",\"target\":{\"@type\":\"EntryPoint\",\"urlTemplate\":\"https:\/\/tiyana.net\/fr\/?s={search_term_string}\"},\"query-input\":{\"@type\":\"PropertyValueSpecification\",\"valueRequired\":true,\"valueName\":\"search_term_string\"}}],\"inLanguage\":\"fr-FR\"},{\"@type\":\"Organization\",\"@id\":\"https:\/\/tiyana.net\/fr\/#organization\",\"name\":\"La photographe professionnel Belgrade, Serbia\",\"url\":\"https:\/\/tiyana.net\/fr\/\",\"logo\":{\"@type\":\"ImageObject\",\"inLanguage\":\"fr-FR\",\"@id\":\"https:\/\/tiyana.net\/fr\/#\/schema\/logo\/image\/\",\"url\":\"https:\/\/tiyana.net\/wp-content\/uploads\/2022\/07\/catenamedialogo.jpg\",\"contentUrl\":\"https:\/\/tiyana.net\/wp-content\/uploads\/2022\/07\/catenamedialogo.jpg\",\"width\":525,\"height\":525,\"caption\":\"La photographe professionnel Belgrade, Serbia\"},\"image\":{\"@id\":\"https:\/\/tiyana.net\/fr\/#\/schema\/logo\/image\/\"}}]}<\/script>\n<!-- \/ Yoast SEO plugin. -->","yoast_head_json":{"title":"Moments \u00e0 New York - La photographe professionnel Belgrade, Serbia","robots":{"index":"index","follow":"follow","max-snippet":"max-snippet:-1","max-image-preview":"max-image-preview:large","max-video-preview":"max-video-preview:-1"},"canonical":"https:\/\/tiyana.net\/fr\/moments-a-new-york\/","og_locale":"fr_FR","og_type":"article","og_title":"Moments \u00e0 New York - La photographe professionnel Belgrade, Serbia","og_description":"Carnet de voyage Impressions de voyage en juillet 2016 (lorsque l&#039;article a \u00e9t\u00e9 \u00e9crit) Des moments qui reviennent de temps en temps dans mon esprit Coney Island est l'endroit qui est rest\u00e9 dans mon esprit longtemps apr\u00e8s mon retour chez moi. Peut-\u00eatre c'est\u00a0\u00e0 cause de ces couleurs vives, ou le sentiment que je suis seulement [&hellip;]","og_url":"https:\/\/tiyana.net\/fr\/moments-a-new-york\/","og_site_name":"La photographe professionnel Belgrade, Serbia","article_modified_time":"2022-04-18T09:06:19+00:00","og_image":[{"width":1440,"height":930,"url":"https:\/\/tiyana.net\/wp-content\/uploads\/2017\/03\/London-like.jpg","type":"image\/jpeg"}],"twitter_card":"summary_large_image","twitter_misc":{"Dur\u00e9e de lecture estim\u00e9e":"5 minutes"},"schema":{"@context":"https:\/\/schema.org","@graph":[{"@type":"WebPage","@id":"https:\/\/tiyana.net\/fr\/moments-a-new-york\/","url":"https:\/\/tiyana.net\/fr\/moments-a-new-york\/","name":"Moments \u00e0 New York - La photographe professionnel Belgrade, Serbia","isPartOf":{"@id":"https:\/\/tiyana.net\/fr\/#website"},"primaryImageOfPage":{"@id":"https:\/\/tiyana.net\/fr\/moments-a-new-york\/#primaryimage"},"image":{"@id":"https:\/\/tiyana.net\/fr\/moments-a-new-york\/#primaryimage"},"thumbnailUrl":"https:\/\/tiyana.net\/wp-content\/uploads\/2017\/03\/London-like.jpg","datePublished":"2017-03-28T14:46:18+00:00","dateModified":"2022-04-18T09:06:19+00:00","breadcrumb":{"@id":"https:\/\/tiyana.net\/fr\/moments-a-new-york\/#breadcrumb"},"inLanguage":"fr-FR","potentialAction":[{"@type":"ReadAction","target":["https:\/\/tiyana.net\/fr\/moments-a-new-york\/"]}]},{"@type":"ImageObject","inLanguage":"fr-FR","@id":"https:\/\/tiyana.net\/fr\/moments-a-new-york\/#primaryimage","url":"https:\/\/tiyana.net\/wp-content\/uploads\/2017\/03\/London-like.jpg","contentUrl":"https:\/\/tiyana.net\/wp-content\/uploads\/2017\/03\/London-like.jpg","width":1440,"height":930,"caption":"View on high towers in foggy Manhattan"},{"@type":"BreadcrumbList","@id":"https:\/\/tiyana.net\/fr\/moments-a-new-york\/#breadcrumb","itemListElement":[{"@type":"ListItem","position":1,"name":"Home","item":"https:\/\/tiyana.net\/fr\/"},{"@type":"ListItem","position":2,"name":"Moments \u00e0 New York"}]},{"@type":"WebSite","@id":"https:\/\/tiyana.net\/fr\/#website","url":"https:\/\/tiyana.net\/fr\/","name":"La photographe professionnel Belgrade, Serbia","description":"Photographe professionnel sp\u00e9cialis\u00e9 dans les portraits, la mode, la photographie commerciale et de produits avec un studio \u00e0 Belgrade","publisher":{"@id":"https:\/\/tiyana.net\/fr\/#organization"},"potentialAction":[{"@type":"SearchAction","target":{"@type":"EntryPoint","urlTemplate":"https:\/\/tiyana.net\/fr\/?s={search_term_string}"},"query-input":{"@type":"PropertyValueSpecification","valueRequired":true,"valueName":"search_term_string"}}],"inLanguage":"fr-FR"},{"@type":"Organization","@id":"https:\/\/tiyana.net\/fr\/#organization","name":"La photographe professionnel Belgrade, Serbia","url":"https:\/\/tiyana.net\/fr\/","logo":{"@type":"ImageObject","inLanguage":"fr-FR","@id":"https:\/\/tiyana.net\/fr\/#\/schema\/logo\/image\/","url":"https:\/\/tiyana.net\/wp-content\/uploads\/2022\/07\/catenamedialogo.jpg","contentUrl":"https:\/\/tiyana.net\/wp-content\/uploads\/2022\/07\/catenamedialogo.jpg","width":525,"height":525,"caption":"La photographe professionnel Belgrade, Serbia"},"image":{"@id":"https:\/\/tiyana.net\/fr\/#\/schema\/logo\/image\/"}}]}},"coauthors":[],"author_meta":{"author_link":"https:\/\/tiyana.net\/fr\/author\/tiyana\/","display_name":"Tiyana"},"relative_dates":{"created":"Publi\u00e9 9 ans il y a","modified":"Mis \u00e0 jour 4 ans il y a"},"absolute_dates":{"created":"Publi\u00e9 le 28\/03\/2017","modified":"Mise \u00e0 jour le 18\/04\/2022"},"absolute_dates_time":{"created":"Publi\u00e9 le 28\/03\/2017 14:46","modified":"Mise \u00e0 jour le 18\/04\/2022 09:06"},"featured_img_caption":"","featured_img":"https:\/\/tiyana.net\/wp-content\/uploads\/2017\/03\/London-like.jpg","series_order":"","_links":{"self":[{"href":"https:\/\/tiyana.net\/fr\/wp-json\/wp\/v2\/pages\/2259","targetHints":{"allow":["GET"]}}],"collection":[{"href":"https:\/\/tiyana.net\/fr\/wp-json\/wp\/v2\/pages"}],"about":[{"href":"https:\/\/tiyana.net\/fr\/wp-json\/wp\/v2\/types\/page"}],"author":[{"embeddable":true,"href":"https:\/\/tiyana.net\/fr\/wp-json\/wp\/v2\/users\/2"}],"replies":[{"embeddable":true,"href":"https:\/\/tiyana.net\/fr\/wp-json\/wp\/v2\/comments?post=2259"}],"version-history":[{"count":0,"href":"https:\/\/tiyana.net\/fr\/wp-json\/wp\/v2\/pages\/2259\/revisions"}],"wp:featuredmedia":[{"embeddable":true,"href":"https:\/\/tiyana.net\/fr\/wp-json\/wp\/v2\/media\/1921"}],"wp:attachment":[{"href":"https:\/\/tiyana.net\/fr\/wp-json\/wp\/v2\/media?parent=2259"}],"curies":[{"name":"wp","href":"https:\/\/api.w.org\/{rel}","templated":true}]}}