{"id":214,"date":"2016-12-20T05:54:10","date_gmt":"2016-12-20T05:54:10","guid":{"rendered":"https:\/\/tiyana.net\/?page_id=214\/"},"modified":"2024-11-04T14:37:23","modified_gmt":"2024-11-04T13:37:23","slug":"les-pompiers","status":"publish","type":"page","link":"https:\/\/tiyana.net\/fr\/les-pompiers\/","title":{"rendered":"Les pompiers"},"content":{"rendered":"\n<p><strong>Reportage\u00a0documentaire sur les pompiers<\/strong> \u2013 des personnes courageuses qui sont de v\u00e9ritables h\u00e9ros modernes, affrontant les difficult\u00e9s quotidiennes que la vie leur r\u00e9serve. Cette s\u00e9rie de photos a \u00e9t\u00e9 r\u00e9alis\u00e9e avec la m\u00eame \u00e9quipe pendant trois mois. C\u2019\u00e9tait une tentative de compl\u00e9ter le r\u00e9cit pour mon m\u00e9moire de ma\u00eetrise \u00e0 la Facult\u00e9 des Arts Appliqu\u00e9s en 2010. \u00c0 cette \u00e9poque, je disposais d\u2019un Canon 30D. Bien que j\u2019esp\u00e9rais assister \u00e0 un incident quelconque, les pompiers plaisantaient souvent en disant que j&rsquo;\u00e9tais leur \u00ab porte-bonheur \u00bb, car les pompiers des autres \u00e9quipes avaient beaucoup de travail, mais depuis mon arriv\u00e9e, ils ne se stressaient plus autant. Apr\u00e8s trois mois, je n&rsquo;avais que peu de mat\u00e9riel pour mon m\u00e9moire, mais entre-temps, nous \u00e9tions devenus amis pour la vie.<\/p>\n\n\n\n<div style=\"height:20px\" aria-hidden=\"true\" class=\"wp-block-spacer\"><\/div>\n\n\n\n<figure class=\"wp-block-gallery has-nested-images columns-default is-cropped wp-block-gallery-1 is-layout-flex wp-block-gallery-is-layout-flex\">\n<figure class=\"wp-block-image size-large\"><a href=\"https:\/\/tiyana.net\/wp-content\/uploads\/2016\/12\/002-Firefighters.jpg\"><img loading=\"lazy\" decoding=\"async\" width=\"736\" height=\"490\" data-id=\"3323\" src=\"https:\/\/tiyana.net\/wp-content\/uploads\/2016\/12\/002-Firefighters.jpg\" alt=\"\" class=\"wp-image-3323\" srcset=\"https:\/\/tiyana.net\/wp-content\/uploads\/2016\/12\/002-Firefighters.jpg 736w, https:\/\/tiyana.net\/wp-content\/uploads\/2016\/12\/002-Firefighters-600x399.jpg 600w\" sizes=\"auto, (max-width: 736px) 100vw, 736px\" \/><\/a><\/figure>\n\n\n\n<figure class=\"wp-block-image size-large\"><a href=\"https:\/\/tiyana.net\/wp-content\/uploads\/2016\/12\/001-Firefighters.jpg\"><img loading=\"lazy\" decoding=\"async\" width=\"736\" height=\"490\" data-id=\"3321\" src=\"https:\/\/tiyana.net\/wp-content\/uploads\/2016\/12\/001-Firefighters.jpg\" alt=\"\" class=\"wp-image-3321\" srcset=\"https:\/\/tiyana.net\/wp-content\/uploads\/2016\/12\/001-Firefighters.jpg 736w, https:\/\/tiyana.net\/wp-content\/uploads\/2016\/12\/001-Firefighters-600x399.jpg 600w\" sizes=\"auto, (max-width: 736px) 100vw, 736px\" \/><\/a><\/figure>\n\n\n\n<figure class=\"wp-block-image size-large\"><a href=\"https:\/\/tiyana.net\/wp-content\/uploads\/2016\/12\/003-Firefighters.jpg\"><img loading=\"lazy\" decoding=\"async\" width=\"736\" height=\"491\" data-id=\"3325\" src=\"https:\/\/tiyana.net\/wp-content\/uploads\/2016\/12\/003-Firefighters.jpg\" alt=\"\" class=\"wp-image-3325\" srcset=\"https:\/\/tiyana.net\/wp-content\/uploads\/2016\/12\/003-Firefighters.jpg 736w, https:\/\/tiyana.net\/wp-content\/uploads\/2016\/12\/003-Firefighters-600x400.jpg 600w\" sizes=\"auto, (max-width: 736px) 100vw, 736px\" \/><\/a><\/figure>\n\n\n\n<figure class=\"wp-block-image size-large\"><a href=\"https:\/\/tiyana.net\/wp-content\/uploads\/2016\/12\/004-Firefighters.jpg\"><img loading=\"lazy\" decoding=\"async\" width=\"736\" height=\"491\" data-id=\"3327\" src=\"https:\/\/tiyana.net\/wp-content\/uploads\/2016\/12\/004-Firefighters.jpg\" alt=\"\" class=\"wp-image-3327\" srcset=\"https:\/\/tiyana.net\/wp-content\/uploads\/2016\/12\/004-Firefighters.jpg 736w, https:\/\/tiyana.net\/wp-content\/uploads\/2016\/12\/004-Firefighters-600x400.jpg 600w\" sizes=\"auto, (max-width: 736px) 100vw, 736px\" \/><\/a><\/figure>\n\n\n\n<figure class=\"wp-block-image size-large\"><a href=\"https:\/\/tiyana.net\/wp-content\/uploads\/2016\/12\/008-Firefighters.jpg\"><img loading=\"lazy\" decoding=\"async\" width=\"736\" height=\"490\" data-id=\"3331\" src=\"https:\/\/tiyana.net\/wp-content\/uploads\/2016\/12\/008-Firefighters.jpg\" alt=\"\" class=\"wp-image-3331\" srcset=\"https:\/\/tiyana.net\/wp-content\/uploads\/2016\/12\/008-Firefighters.jpg 736w, https:\/\/tiyana.net\/wp-content\/uploads\/2016\/12\/008-Firefighters-600x399.jpg 600w\" sizes=\"auto, (max-width: 736px) 100vw, 736px\" \/><\/a><\/figure>\n\n\n\n<figure class=\"wp-block-image size-large\"><a href=\"https:\/\/tiyana.net\/wp-content\/uploads\/2016\/12\/005-Firefighters.jpg\"><img loading=\"lazy\" decoding=\"async\" width=\"736\" height=\"491\" data-id=\"3329\" src=\"https:\/\/tiyana.net\/wp-content\/uploads\/2016\/12\/005-Firefighters.jpg\" alt=\"\" class=\"wp-image-3329\" srcset=\"https:\/\/tiyana.net\/wp-content\/uploads\/2016\/12\/005-Firefighters.jpg 736w, https:\/\/tiyana.net\/wp-content\/uploads\/2016\/12\/005-Firefighters-600x400.jpg 600w\" sizes=\"auto, (max-width: 736px) 100vw, 736px\" \/><\/a><\/figure>\n\n\n\n<figure class=\"wp-block-image size-large\"><a href=\"https:\/\/tiyana.net\/wp-content\/uploads\/2016\/12\/009-Firefighters.jpg\"><img loading=\"lazy\" decoding=\"async\" width=\"736\" height=\"490\" data-id=\"3333\" src=\"https:\/\/tiyana.net\/wp-content\/uploads\/2016\/12\/009-Firefighters.jpg\" alt=\"\" class=\"wp-image-3333\" srcset=\"https:\/\/tiyana.net\/wp-content\/uploads\/2016\/12\/009-Firefighters.jpg 736w, https:\/\/tiyana.net\/wp-content\/uploads\/2016\/12\/009-Firefighters-600x399.jpg 600w\" sizes=\"auto, (max-width: 736px) 100vw, 736px\" \/><\/a><\/figure>\n\n\n\n<figure class=\"wp-block-image size-large\"><a href=\"https:\/\/tiyana.net\/wp-content\/uploads\/2016\/12\/031-Firefighters.jpg\"><img loading=\"lazy\" decoding=\"async\" width=\"736\" height=\"490\" data-id=\"3353\" src=\"https:\/\/tiyana.net\/wp-content\/uploads\/2016\/12\/031-Firefighters.jpg\" alt=\"\" class=\"wp-image-3353\" srcset=\"https:\/\/tiyana.net\/wp-content\/uploads\/2016\/12\/031-Firefighters.jpg 736w, https:\/\/tiyana.net\/wp-content\/uploads\/2016\/12\/031-Firefighters-600x399.jpg 600w\" sizes=\"auto, (max-width: 736px) 100vw, 736px\" \/><\/a><\/figure>\n\n\n\n<figure class=\"wp-block-image size-large\"><a href=\"https:\/\/tiyana.net\/wp-content\/uploads\/2016\/12\/033-Firefighters.jpg\"><img loading=\"lazy\" decoding=\"async\" width=\"736\" height=\"491\" data-id=\"3355\" src=\"https:\/\/tiyana.net\/wp-content\/uploads\/2016\/12\/033-Firefighters.jpg\" alt=\"\" class=\"wp-image-3355\" srcset=\"https:\/\/tiyana.net\/wp-content\/uploads\/2016\/12\/033-Firefighters.jpg 736w, https:\/\/tiyana.net\/wp-content\/uploads\/2016\/12\/033-Firefighters-600x400.jpg 600w\" sizes=\"auto, (max-width: 736px) 100vw, 736px\" \/><\/a><\/figure>\n\n\n\n<figure class=\"wp-block-image size-large\"><a href=\"https:\/\/tiyana.net\/wp-content\/uploads\/2016\/12\/023-Firefighters.jpg\"><img loading=\"lazy\" decoding=\"async\" width=\"736\" height=\"490\" data-id=\"3347\" src=\"https:\/\/tiyana.net\/wp-content\/uploads\/2016\/12\/023-Firefighters.jpg\" alt=\"\" class=\"wp-image-3347\" srcset=\"https:\/\/tiyana.net\/wp-content\/uploads\/2016\/12\/023-Firefighters.jpg 736w, https:\/\/tiyana.net\/wp-content\/uploads\/2016\/12\/023-Firefighters-600x399.jpg 600w\" sizes=\"auto, (max-width: 736px) 100vw, 736px\" \/><\/a><\/figure>\n\n\n\n<figure class=\"wp-block-image size-large\"><a href=\"https:\/\/tiyana.net\/wp-content\/uploads\/2016\/12\/029-Firefighters.jpg\"><img loading=\"lazy\" decoding=\"async\" width=\"736\" height=\"490\" data-id=\"3351\" src=\"https:\/\/tiyana.net\/wp-content\/uploads\/2016\/12\/029-Firefighters.jpg\" alt=\"\" class=\"wp-image-3351\" srcset=\"https:\/\/tiyana.net\/wp-content\/uploads\/2016\/12\/029-Firefighters.jpg 736w, https:\/\/tiyana.net\/wp-content\/uploads\/2016\/12\/029-Firefighters-600x399.jpg 600w\" sizes=\"auto, (max-width: 736px) 100vw, 736px\" \/><\/a><\/figure>\n\n\n\n<figure class=\"wp-block-image size-large\"><a href=\"https:\/\/tiyana.net\/wp-content\/uploads\/2016\/12\/018-Firefighters.jpg\"><img loading=\"lazy\" decoding=\"async\" width=\"736\" height=\"490\" data-id=\"3343\" src=\"https:\/\/tiyana.net\/wp-content\/uploads\/2016\/12\/018-Firefighters.jpg\" alt=\"\" class=\"wp-image-3343\" srcset=\"https:\/\/tiyana.net\/wp-content\/uploads\/2016\/12\/018-Firefighters.jpg 736w, https:\/\/tiyana.net\/wp-content\/uploads\/2016\/12\/018-Firefighters-600x399.jpg 600w\" sizes=\"auto, (max-width: 736px) 100vw, 736px\" \/><\/a><\/figure>\n\n\n\n<figure class=\"wp-block-image size-large\"><a href=\"https:\/\/tiyana.net\/wp-content\/uploads\/2016\/12\/028-Firefighters.jpg\"><img loading=\"lazy\" decoding=\"async\" width=\"736\" height=\"490\" data-id=\"3349\" src=\"https:\/\/tiyana.net\/wp-content\/uploads\/2016\/12\/028-Firefighters.jpg\" alt=\"\" class=\"wp-image-3349\" srcset=\"https:\/\/tiyana.net\/wp-content\/uploads\/2016\/12\/028-Firefighters.jpg 736w, https:\/\/tiyana.net\/wp-content\/uploads\/2016\/12\/028-Firefighters-600x399.jpg 600w\" sizes=\"auto, (max-width: 736px) 100vw, 736px\" \/><\/a><\/figure>\n\n\n\n<figure class=\"wp-block-image size-large\"><a href=\"https:\/\/tiyana.net\/wp-content\/uploads\/2016\/12\/020-Firefighters.jpg\"><img loading=\"lazy\" decoding=\"async\" width=\"736\" height=\"490\" data-id=\"3345\" src=\"https:\/\/tiyana.net\/wp-content\/uploads\/2016\/12\/020-Firefighters.jpg\" alt=\"\" class=\"wp-image-3345\" srcset=\"https:\/\/tiyana.net\/wp-content\/uploads\/2016\/12\/020-Firefighters.jpg 736w, https:\/\/tiyana.net\/wp-content\/uploads\/2016\/12\/020-Firefighters-600x399.jpg 600w\" sizes=\"auto, (max-width: 736px) 100vw, 736px\" \/><\/a><\/figure>\n\n\n\n<figure class=\"wp-block-image size-large\"><a href=\"https:\/\/tiyana.net\/wp-content\/uploads\/2016\/12\/017-Firefighters.jpg\"><img loading=\"lazy\" decoding=\"async\" width=\"736\" height=\"490\" data-id=\"3341\" src=\"https:\/\/tiyana.net\/wp-content\/uploads\/2016\/12\/017-Firefighters.jpg\" alt=\"\" class=\"wp-image-3341\" srcset=\"https:\/\/tiyana.net\/wp-content\/uploads\/2016\/12\/017-Firefighters.jpg 736w, https:\/\/tiyana.net\/wp-content\/uploads\/2016\/12\/017-Firefighters-600x399.jpg 600w\" sizes=\"auto, (max-width: 736px) 100vw, 736px\" \/><\/a><\/figure>\n\n\n\n<figure class=\"wp-block-image size-large\"><a href=\"https:\/\/tiyana.net\/wp-content\/uploads\/2016\/12\/014-Firefighters.jpg\"><img loading=\"lazy\" decoding=\"async\" width=\"736\" height=\"491\" data-id=\"3337\" src=\"https:\/\/tiyana.net\/wp-content\/uploads\/2016\/12\/014-Firefighters.jpg\" alt=\"\" class=\"wp-image-3337\" srcset=\"https:\/\/tiyana.net\/wp-content\/uploads\/2016\/12\/014-Firefighters.jpg 736w, https:\/\/tiyana.net\/wp-content\/uploads\/2016\/12\/014-Firefighters-600x400.jpg 600w\" sizes=\"auto, (max-width: 736px) 100vw, 736px\" \/><\/a><\/figure>\n\n\n\n<figure class=\"wp-block-image size-large\"><a href=\"https:\/\/tiyana.net\/wp-content\/uploads\/2016\/12\/016-Firefighters.jpg\"><img loading=\"lazy\" decoding=\"async\" width=\"736\" height=\"491\" data-id=\"3339\" src=\"https:\/\/tiyana.net\/wp-content\/uploads\/2016\/12\/016-Firefighters.jpg\" alt=\"\" class=\"wp-image-3339\" srcset=\"https:\/\/tiyana.net\/wp-content\/uploads\/2016\/12\/016-Firefighters.jpg 736w, https:\/\/tiyana.net\/wp-content\/uploads\/2016\/12\/016-Firefighters-600x400.jpg 600w\" sizes=\"auto, (max-width: 736px) 100vw, 736px\" \/><\/a><\/figure>\n\n\n\n<figure class=\"wp-block-image size-large\"><a href=\"https:\/\/tiyana.net\/wp-content\/uploads\/2016\/12\/013-Firefighters.jpg\"><img loading=\"lazy\" decoding=\"async\" width=\"736\" height=\"491\" data-id=\"3335\" src=\"https:\/\/tiyana.net\/wp-content\/uploads\/2016\/12\/013-Firefighters.jpg\" alt=\"\" class=\"wp-image-3335\" srcset=\"https:\/\/tiyana.net\/wp-content\/uploads\/2016\/12\/013-Firefighters.jpg 736w, https:\/\/tiyana.net\/wp-content\/uploads\/2016\/12\/013-Firefighters-600x400.jpg 600w\" sizes=\"auto, (max-width: 736px) 100vw, 736px\" \/><\/a><\/figure>\n\n\n\n<figure class=\"wp-block-image size-large\"><a href=\"https:\/\/tiyana.net\/wp-content\/uploads\/2016\/12\/041-Firefighters.jpg\"><img loading=\"lazy\" decoding=\"async\" width=\"736\" height=\"490\" data-id=\"3359\" src=\"https:\/\/tiyana.net\/wp-content\/uploads\/2016\/12\/041-Firefighters.jpg\" alt=\"\" class=\"wp-image-3359\" srcset=\"https:\/\/tiyana.net\/wp-content\/uploads\/2016\/12\/041-Firefighters.jpg 736w, https:\/\/tiyana.net\/wp-content\/uploads\/2016\/12\/041-Firefighters-600x399.jpg 600w\" sizes=\"auto, (max-width: 736px) 100vw, 736px\" \/><\/a><\/figure>\n\n\n\n<figure class=\"wp-block-image size-large\"><a href=\"https:\/\/tiyana.net\/wp-content\/uploads\/2016\/12\/043-Firefighters.jpg\"><img loading=\"lazy\" decoding=\"async\" width=\"736\" height=\"490\" data-id=\"3361\" src=\"https:\/\/tiyana.net\/wp-content\/uploads\/2016\/12\/043-Firefighters.jpg\" alt=\"\" class=\"wp-image-3361\" srcset=\"https:\/\/tiyana.net\/wp-content\/uploads\/2016\/12\/043-Firefighters.jpg 736w, https:\/\/tiyana.net\/wp-content\/uploads\/2016\/12\/043-Firefighters-600x399.jpg 600w\" sizes=\"auto, (max-width: 736px) 100vw, 736px\" \/><\/a><\/figure>\n\n\n\n<figure class=\"wp-block-image size-large\"><a href=\"https:\/\/tiyana.net\/wp-content\/uploads\/2016\/12\/040-Firefighters.jpg\"><img loading=\"lazy\" decoding=\"async\" width=\"736\" height=\"490\" data-id=\"3357\" src=\"https:\/\/tiyana.net\/wp-content\/uploads\/2016\/12\/040-Firefighters.jpg\" alt=\"\" class=\"wp-image-3357\" srcset=\"https:\/\/tiyana.net\/wp-content\/uploads\/2016\/12\/040-Firefighters.jpg 736w, https:\/\/tiyana.net\/wp-content\/uploads\/2016\/12\/040-Firefighters-600x399.jpg 600w\" sizes=\"auto, (max-width: 736px) 100vw, 736px\" \/><\/a><\/figure>\n<\/figure>\n\n\n\n<div style=\"height:20px\" aria-hidden=\"true\" class=\"wp-block-spacer\"><\/div>\n\n\n\n<p>A Belgrade, les pompiers travaillent dur dans les 12 heures quarts de travail, ils r\u00e9solvent des probl\u00e8mes impr\u00e9visibles, les histoires \u00e9tranges de la vie, ils rencontrent la mort et le danger, mais, ils ont des bas salaires.&nbsp;Je les ai suivis pendant quatre mois dans leurs heures de travail, dans l&rsquo;attente de l&rsquo;action et l&rsquo;intervention elle-m\u00eame.&nbsp;Je voudrai savoir qu\u2019est-ce que c&rsquo;est qui fait un homme, en d\u00e9pit de la reconnaissance inad\u00e9quate, se lever chaque matin pour aller travailler.&nbsp;J&rsquo;ai d\u00e9couvert que dans cette situation, l&rsquo;amiti\u00e9 entre eux, qui est la base de la confiance dans des situations stressantes et dangereuses, c&rsquo;est le lien qui les rend tout acte comme un seul, en \u00e9quipe.&nbsp;Je voudrais exprimer mes remerciements particuliers \u00e0 la premi\u00e8re troupe de corps de pompiers de Belgrade, et leur commandant Zoran Stojcic.&nbsp;Ces gens ont de courage et de la foi, et ils devraient donner l&rsquo;exemple pour nous tous.<\/p>\n","protected":false},"excerpt":{"rendered":"<p>Reportage\u00a0documentaire sur les pompiers \u2013 des personnes courageuses qui sont de v\u00e9ritables h\u00e9ros modernes, affrontant les difficult\u00e9s quotidiennes que la vie leur r\u00e9serve. Cette s\u00e9rie de photos a \u00e9t\u00e9 r\u00e9alis\u00e9e avec la m\u00eame \u00e9quipe pendant trois mois. C\u2019\u00e9tait une tentative de compl\u00e9ter le r\u00e9cit pour mon m\u00e9moire de ma\u00eetrise \u00e0 la Facult\u00e9 des Arts Appliqu\u00e9s [&hellip;]<\/p>\n","protected":false},"author":2,"featured_media":762,"parent":0,"menu_order":0,"comment_status":"open","ping_status":"closed","template":"","meta":{"_acf_changed":false,"advgb_blocks_editor_width":"","advgb_blocks_columns_visual_guide":"","footnotes":""},"class_list":["post-214","page","type-page","status-publish","has-post-thumbnail","hentry"],"acf":[],"yoast_head":"<!-- This site is optimized with the Yoast SEO plugin v27.3 - https:\/\/yoast.com\/product\/yoast-seo-wordpress\/ -->\n<title>Les pompiers - La photographe professionnel Belgrade, Serbia<\/title>\n<meta name=\"robots\" content=\"index, follow, max-snippet:-1, max-image-preview:large, max-video-preview:-1\" \/>\n<link rel=\"canonical\" href=\"https:\/\/tiyana.net\/fr\/les-pompiers\/\" \/>\n<meta property=\"og:locale\" content=\"fr_FR\" \/>\n<meta property=\"og:type\" content=\"article\" \/>\n<meta property=\"og:title\" content=\"Les pompiers - La photographe professionnel Belgrade, Serbia\" \/>\n<meta property=\"og:description\" content=\"Reportage\u00a0documentaire sur les pompiers \u2013 des personnes courageuses qui sont de v\u00e9ritables h\u00e9ros modernes, affrontant les difficult\u00e9s quotidiennes que la vie leur r\u00e9serve. Cette s\u00e9rie de photos a \u00e9t\u00e9 r\u00e9alis\u00e9e avec la m\u00eame \u00e9quipe pendant trois mois. C\u2019\u00e9tait une tentative de compl\u00e9ter le r\u00e9cit pour mon m\u00e9moire de ma\u00eetrise \u00e0 la Facult\u00e9 des Arts Appliqu\u00e9s [&hellip;]\" \/>\n<meta property=\"og:url\" content=\"https:\/\/tiyana.net\/fr\/les-pompiers\/\" \/>\n<meta property=\"og:site_name\" content=\"La photographe professionnel Belgrade, Serbia\" \/>\n<meta property=\"article:modified_time\" content=\"2024-11-04T13:37:23+00:00\" \/>\n<meta property=\"og:image\" content=\"https:\/\/tiyana.net\/wp-content\/uploads\/2016\/12\/001-Firefighters.jpg\" \/>\n\t<meta property=\"og:image:width\" content=\"736\" \/>\n\t<meta property=\"og:image:height\" content=\"490\" \/>\n\t<meta property=\"og:image:type\" content=\"image\/jpeg\" \/>\n<meta name=\"twitter:card\" content=\"summary_large_image\" \/>\n<meta name=\"twitter:label1\" content=\"Dur\u00e9e de lecture estim\u00e9e\" \/>\n\t<meta name=\"twitter:data1\" content=\"6 minutes\" \/>\n<script type=\"application\/ld+json\" class=\"yoast-schema-graph\">{\"@context\":\"https:\\\/\\\/schema.org\",\"@graph\":[{\"@type\":\"WebPage\",\"@id\":\"https:\\\/\\\/tiyana.net\\\/fr\\\/les-pompiers\\\/\",\"url\":\"https:\\\/\\\/tiyana.net\\\/fr\\\/les-pompiers\\\/\",\"name\":\"Les pompiers - La photographe professionnel Belgrade, Serbia\",\"isPartOf\":{\"@id\":\"https:\\\/\\\/tiyana.net\\\/fr\\\/#website\"},\"primaryImageOfPage\":{\"@id\":\"https:\\\/\\\/tiyana.net\\\/fr\\\/les-pompiers\\\/#primaryimage\"},\"image\":{\"@id\":\"https:\\\/\\\/tiyana.net\\\/fr\\\/les-pompiers\\\/#primaryimage\"},\"thumbnailUrl\":\"https:\\\/\\\/tiyana.net\\\/wp-content\\\/uploads\\\/2016\\\/12\\\/001-Firefighters.jpg\",\"datePublished\":\"2016-12-20T05:54:10+00:00\",\"dateModified\":\"2024-11-04T13:37:23+00:00\",\"breadcrumb\":{\"@id\":\"https:\\\/\\\/tiyana.net\\\/fr\\\/les-pompiers\\\/#breadcrumb\"},\"inLanguage\":\"fr-FR\",\"potentialAction\":[{\"@type\":\"ReadAction\",\"target\":[\"https:\\\/\\\/tiyana.net\\\/fr\\\/les-pompiers\\\/\"]}]},{\"@type\":\"ImageObject\",\"inLanguage\":\"fr-FR\",\"@id\":\"https:\\\/\\\/tiyana.net\\\/fr\\\/les-pompiers\\\/#primaryimage\",\"url\":\"https:\\\/\\\/tiyana.net\\\/wp-content\\\/uploads\\\/2016\\\/12\\\/001-Firefighters.jpg\",\"contentUrl\":\"https:\\\/\\\/tiyana.net\\\/wp-content\\\/uploads\\\/2016\\\/12\\\/001-Firefighters.jpg\",\"width\":736,\"height\":490,\"caption\":\"Firefighters\"},{\"@type\":\"BreadcrumbList\",\"@id\":\"https:\\\/\\\/tiyana.net\\\/fr\\\/les-pompiers\\\/#breadcrumb\",\"itemListElement\":[{\"@type\":\"ListItem\",\"position\":1,\"name\":\"Home\",\"item\":\"https:\\\/\\\/tiyana.net\\\/fr\\\/\"},{\"@type\":\"ListItem\",\"position\":2,\"name\":\"Les pompiers\"}]},{\"@type\":\"WebSite\",\"@id\":\"https:\\\/\\\/tiyana.net\\\/fr\\\/#website\",\"url\":\"https:\\\/\\\/tiyana.net\\\/fr\\\/\",\"name\":\"La photographe professionnel Belgrade, Serbia\",\"description\":\"Photographe professionnel sp\u00e9cialis\u00e9 dans les portraits, la mode, la photographie commerciale et de produits avec un studio \u00e0 Belgrade\",\"publisher\":{\"@id\":\"https:\\\/\\\/tiyana.net\\\/fr\\\/#organization\"},\"potentialAction\":[{\"@type\":\"SearchAction\",\"target\":{\"@type\":\"EntryPoint\",\"urlTemplate\":\"https:\\\/\\\/tiyana.net\\\/fr\\\/?s={search_term_string}\"},\"query-input\":{\"@type\":\"PropertyValueSpecification\",\"valueRequired\":true,\"valueName\":\"search_term_string\"}}],\"inLanguage\":\"fr-FR\"},{\"@type\":\"Organization\",\"@id\":\"https:\\\/\\\/tiyana.net\\\/fr\\\/#organization\",\"name\":\"La photographe professionnel Belgrade, Serbia\",\"url\":\"https:\\\/\\\/tiyana.net\\\/fr\\\/\",\"logo\":{\"@type\":\"ImageObject\",\"inLanguage\":\"fr-FR\",\"@id\":\"https:\\\/\\\/tiyana.net\\\/fr\\\/#\\\/schema\\\/logo\\\/image\\\/\",\"url\":\"https:\\\/\\\/tiyana.net\\\/wp-content\\\/uploads\\\/2022\\\/07\\\/catenamedialogo.jpg\",\"contentUrl\":\"https:\\\/\\\/tiyana.net\\\/wp-content\\\/uploads\\\/2022\\\/07\\\/catenamedialogo.jpg\",\"width\":525,\"height\":525,\"caption\":\"La photographe professionnel Belgrade, Serbia\"},\"image\":{\"@id\":\"https:\\\/\\\/tiyana.net\\\/fr\\\/#\\\/schema\\\/logo\\\/image\\\/\"}}]}<\/script>\n<!-- \/ Yoast SEO plugin. -->","yoast_head_json":{"title":"Les pompiers - La photographe professionnel Belgrade, Serbia","robots":{"index":"index","follow":"follow","max-snippet":"max-snippet:-1","max-image-preview":"max-image-preview:large","max-video-preview":"max-video-preview:-1"},"canonical":"https:\/\/tiyana.net\/fr\/les-pompiers\/","og_locale":"fr_FR","og_type":"article","og_title":"Les pompiers - La photographe professionnel Belgrade, Serbia","og_description":"Reportage\u00a0documentaire sur les pompiers \u2013 des personnes courageuses qui sont de v\u00e9ritables h\u00e9ros modernes, affrontant les difficult\u00e9s quotidiennes que la vie leur r\u00e9serve. Cette s\u00e9rie de photos a \u00e9t\u00e9 r\u00e9alis\u00e9e avec la m\u00eame \u00e9quipe pendant trois mois. C\u2019\u00e9tait une tentative de compl\u00e9ter le r\u00e9cit pour mon m\u00e9moire de ma\u00eetrise \u00e0 la Facult\u00e9 des Arts Appliqu\u00e9s [&hellip;]","og_url":"https:\/\/tiyana.net\/fr\/les-pompiers\/","og_site_name":"La photographe professionnel Belgrade, Serbia","article_modified_time":"2024-11-04T13:37:23+00:00","og_image":[{"width":736,"height":490,"url":"https:\/\/tiyana.net\/wp-content\/uploads\/2016\/12\/001-Firefighters.jpg","type":"image\/jpeg"}],"twitter_card":"summary_large_image","twitter_misc":{"Dur\u00e9e de lecture estim\u00e9e":"6 minutes"},"schema":{"@context":"https:\/\/schema.org","@graph":[{"@type":"WebPage","@id":"https:\/\/tiyana.net\/fr\/les-pompiers\/","url":"https:\/\/tiyana.net\/fr\/les-pompiers\/","name":"Les pompiers - La photographe professionnel Belgrade, Serbia","isPartOf":{"@id":"https:\/\/tiyana.net\/fr\/#website"},"primaryImageOfPage":{"@id":"https:\/\/tiyana.net\/fr\/les-pompiers\/#primaryimage"},"image":{"@id":"https:\/\/tiyana.net\/fr\/les-pompiers\/#primaryimage"},"thumbnailUrl":"https:\/\/tiyana.net\/wp-content\/uploads\/2016\/12\/001-Firefighters.jpg","datePublished":"2016-12-20T05:54:10+00:00","dateModified":"2024-11-04T13:37:23+00:00","breadcrumb":{"@id":"https:\/\/tiyana.net\/fr\/les-pompiers\/#breadcrumb"},"inLanguage":"fr-FR","potentialAction":[{"@type":"ReadAction","target":["https:\/\/tiyana.net\/fr\/les-pompiers\/"]}]},{"@type":"ImageObject","inLanguage":"fr-FR","@id":"https:\/\/tiyana.net\/fr\/les-pompiers\/#primaryimage","url":"https:\/\/tiyana.net\/wp-content\/uploads\/2016\/12\/001-Firefighters.jpg","contentUrl":"https:\/\/tiyana.net\/wp-content\/uploads\/2016\/12\/001-Firefighters.jpg","width":736,"height":490,"caption":"Firefighters"},{"@type":"BreadcrumbList","@id":"https:\/\/tiyana.net\/fr\/les-pompiers\/#breadcrumb","itemListElement":[{"@type":"ListItem","position":1,"name":"Home","item":"https:\/\/tiyana.net\/fr\/"},{"@type":"ListItem","position":2,"name":"Les pompiers"}]},{"@type":"WebSite","@id":"https:\/\/tiyana.net\/fr\/#website","url":"https:\/\/tiyana.net\/fr\/","name":"La photographe professionnel Belgrade, Serbia","description":"Photographe professionnel sp\u00e9cialis\u00e9 dans les portraits, la mode, la photographie commerciale et de produits avec un studio \u00e0 Belgrade","publisher":{"@id":"https:\/\/tiyana.net\/fr\/#organization"},"potentialAction":[{"@type":"SearchAction","target":{"@type":"EntryPoint","urlTemplate":"https:\/\/tiyana.net\/fr\/?s={search_term_string}"},"query-input":{"@type":"PropertyValueSpecification","valueRequired":true,"valueName":"search_term_string"}}],"inLanguage":"fr-FR"},{"@type":"Organization","@id":"https:\/\/tiyana.net\/fr\/#organization","name":"La photographe professionnel Belgrade, Serbia","url":"https:\/\/tiyana.net\/fr\/","logo":{"@type":"ImageObject","inLanguage":"fr-FR","@id":"https:\/\/tiyana.net\/fr\/#\/schema\/logo\/image\/","url":"https:\/\/tiyana.net\/wp-content\/uploads\/2022\/07\/catenamedialogo.jpg","contentUrl":"https:\/\/tiyana.net\/wp-content\/uploads\/2022\/07\/catenamedialogo.jpg","width":525,"height":525,"caption":"La photographe professionnel Belgrade, Serbia"},"image":{"@id":"https:\/\/tiyana.net\/fr\/#\/schema\/logo\/image\/"}}]}},"coauthors":[],"author_meta":{"author_link":"https:\/\/tiyana.net\/fr\/author\/tiyana\/","display_name":"Tiyana"},"relative_dates":{"created":"Publi\u00e9 9 ans il y a","modified":"Mis \u00e0 jour 1 an il y a"},"absolute_dates":{"created":"Publi\u00e9 le 20 d\u00e9cembre 2016","modified":"Mise \u00e0 jour le 4 novembre 2024"},"absolute_dates_time":{"created":"Publi\u00e9 le 20 d\u00e9cembre 2016 5h54","modified":"Mise \u00e0 jour le 4 novembre 2024 14h37"},"featured_img_caption":"Firefighters","featured_img":"https:\/\/tiyana.net\/wp-content\/uploads\/2016\/12\/001-Firefighters.jpg","series_order":"","_links":{"self":[{"href":"https:\/\/tiyana.net\/fr\/wp-json\/wp\/v2\/pages\/214","targetHints":{"allow":["GET"]}}],"collection":[{"href":"https:\/\/tiyana.net\/fr\/wp-json\/wp\/v2\/pages"}],"about":[{"href":"https:\/\/tiyana.net\/fr\/wp-json\/wp\/v2\/types\/page"}],"author":[{"embeddable":true,"href":"https:\/\/tiyana.net\/fr\/wp-json\/wp\/v2\/users\/2"}],"replies":[{"embeddable":true,"href":"https:\/\/tiyana.net\/fr\/wp-json\/wp\/v2\/comments?post=214"}],"version-history":[{"count":0,"href":"https:\/\/tiyana.net\/fr\/wp-json\/wp\/v2\/pages\/214\/revisions"}],"wp:featuredmedia":[{"embeddable":true,"href":"https:\/\/tiyana.net\/fr\/wp-json\/wp\/v2\/media\/762"}],"wp:attachment":[{"href":"https:\/\/tiyana.net\/fr\/wp-json\/wp\/v2\/media?parent=214"}],"curies":[{"name":"wp","href":"https:\/\/api.w.org\/{rel}","templated":true}]}}