{"id":197,"date":"2016-12-19T12:17:23","date_gmt":"2016-12-19T12:17:23","guid":{"rendered":"https:\/\/tiyana.net\/?page_id=197\/"},"modified":"2020-02-23T10:21:52","modified_gmt":"2020-02-23T10:21:52","slug":"la-ligne-et-la-direction","status":"publish","type":"page","link":"https:\/\/tiyana.net\/fr\/les-elements\/la-ligne-et-la-direction\/","title":{"rendered":"La ligne et la direction"},"content":{"rendered":"<p><section  class=\"fw-main-row \"  >\n\t<div class=\"fw-container\">\n\t\t<div class=\"fw-row\">\n\t<div class=\"fw-col-xs-12\" style=\"\">\n\t<h5 class='fw-special-title base  ' style=''>\n\t<span>La ligne et sa direction ont un fort impact dans la composition d\u2019une image.<\/span>\n\t<\/h5>\n<p>Il y a au moins deux raisons pour ce fait.\u00a0Tout d\u2019abord, ils repr\u00e9sentent un chemin qui permet \u00e0 l\u2019\u0153il de se d\u00e9placer autour de l\u2019image. Pratiquement, ils conduisent l\u2019\u0153il du spectateur \u00e0 travers le format et gardent son attention \u00e0 l\u2019image. D\u2019autre part, ils influencent l\u2019humeur et la perception \u00e9motionnelle.\u00a0Ils peuvent diviser, unifier, ou accentuer certaines parties d\u2019une composition. Il existe plusieurs types de lignes et chacun a un impact diff\u00e9rent sur une photo et cr\u00e9e une certaine ambiance.<\/p>\n<\/div>\n<\/div>\n\n\t<\/div>\n<\/section>\n<section  class=\"fw-main-row \" style=\"background-color:#ededed;\" >\n\t<div class=\"fw-container-fluid\">\n\t\t<div class=\"fw-row\">\n\t<div class=\"fw-col-xs-12 fw-col-sm-4\" style=\"\">\n\t\n<h5><span style=\"font-weight: 400;\">Les diagonales<\/span><i><span style=\"font-weight: 400;\"><br \/><\/span><\/i><\/h5><p><span style=\"font-weight: 400;\">Lignes diagonales sont souvent consid\u00e9r\u00e9s comme les lignes les plus puissants, car elles ajoutent de la profondeur \u00e0 l\u2019image. Elles donnent le sentiment d\u2019action et la force en particulier quand on dirige dans des directions diff\u00e9rentes et se croisant les uns aux autres.&nbsp;Elles donnent le sens de l\u2019action et de la force surtout quand elles conduisent dans des directions diff\u00e9rentes et intersectant entre elles. Quand il y a des lignes verticales et horizontales dans une image, la ligne diagonale joue le r\u00f4le principal, m\u00eame sinon plac\u00e9 au premier plan.&nbsp;Leur pouvoir r\u00e9side dans leur capacit\u00e9 \u00e0 saisir les yeux du spectateur et la capacit\u00e9 de fl\u00e2ner le regard va et vient le long des diagonales.<\/span><\/p>\n<img decoding=\"async\" src=\"\/\/tiyana.net\/wp-content\/uploads\/2016\/12\/Vesna_4.jpg\" alt=\"Fashion Model by the sea with balloons\" \/><\/div>\n<div class=\"fw-col-xs-12 fw-col-sm-4\" style=\"\">\n\t\n<h5><span style=\"font-weight: 400;\">Les lignes<\/span> <span style=\"font-weight: 400;\">verticales<\/span><\/h5><p><span style=\"font-weight: 400;\">peuvent \u00eatre utilis\u00e9es avec succ\u00e8s lors de la prise d\u2019architecture et de paysages urbains, des arbres, des cl\u00f4tures, des gens debout et les montagnes. Ainsi, ils peuvent transmettre la puissance, la grandeur et la hauteur et \u00e9voquer l\u2019ambiance de la stabilit\u00e9 ou de la paix et alors, ils ont effet similaire \u00e0 lignes horizontales. Dans un sens, ils sont per\u00e7us comme rigide car ils \u00e9tablissent des limites et contribuent \u00e0 la sensation\u00a0bidimensionnelle de l\u2019image-qui est exactement le contraire de l\u2019effet de lignes diagonales.<\/span><\/p>\n<img loading=\"lazy\" decoding=\"async\" src=\"https:\/\/tiyana.net\/wp-content\/uploads\/2016\/12\/Wall-street-helicopter-300x200.jpg\" alt=\"Skyscrapers with helicopter in Manhattan\" width=\"300\" height=\"200\" \/><\/div>\n<div class=\"fw-col-xs-12 fw-col-sm-4\" style=\"\">\n\t\n<h5><span style=\"font-weight: 400;\">Lignes courbes ou courbes S<\/span><\/h5><p><span style=\"font-weight: 400;\">m\u00e8nent l\u2019\u0153il \u00e0 travers une sc\u00e8ne tout aussi efficacement que les fl\u00e8ches. Ils ont la gr\u00e2ce et l\u2019\u00e9quilibre parfait, ils sont \u00e9lastiques, s\u00e9duisant et charmant et ils d\u00e9notent des sentiments paisibles, calmes et sensuelles.\u00a0Il est vraiment\u00a0\u00e9tonnant, comment ce type de ligne se distingue par rapport \u00e0\u00a0toutes les autres lignes dans une image. Sa domination n\u2019est pas intrusive (peut-\u00eatre comme la diagonale) mais efficace et agr\u00e9able, et de plus, elle transmet la profondeur.<\/span><\/p>\n<img loading=\"lazy\" decoding=\"async\" src=\"https:\/\/tiyana.net\/wp-content\/uploads\/2016\/12\/070-Portugal-300x200.jpg\" alt=\"https:\/\/tiyana.net\/wp-content\/uploads\/2016\/12\/070-Portugal-300x200.jpg\" width=\"300\" height=\"200\" \/><\/div>\n<\/div>\n\n\t<\/div>\n<\/section>\n<section  class=\"fw-main-row \" style=\"background-color:#ededed;\" >\n\t<div class=\"fw-container-fluid\">\n\t\t<div class=\"fw-row\">\n\t<div class=\"fw-col-xs-12 fw-col-sm-4\" style=\"\">\n\t\n<h5><span style=\"font-weight: 400;\">Lignes horizontales<\/span><i><span style=\"font-weight: 400;\"><br \/><\/span><\/i><\/h5><p><span style=\"font-weight: 400;\">impliquent la stabilit\u00e9 et la tranquillit\u00e9. Des paysages, des horizons, les oc\u00e9ans, les d\u00e9serts, les personnes qui dorment sont de bons sujets pour les photos avec des lignes horizontales.\u00a0Ils sont utilis\u00e9s pour\u00a0transf\u00e9rer le sentiment d\u2019\u00e9ternit\u00e9, un instant arr\u00eat\u00e9 \u00e0 temps \u2013 qui est l\u2019essence de la photographie.\u00a0Les horizontales offrent un contraste de premier plan, car ils transmettent atmosph\u00e8re statique.<\/span><\/p>\n<img loading=\"lazy\" decoding=\"async\" src=\"https:\/\/tiyana.net\/wp-content\/uploads\/2017\/02\/Sremska-Mitrovica-3-300x200.jpg\" alt=\"https:\/\/tiyana.net\/wp-content\/uploads\/2017\/02\/Sremska-Mitrovica-3-300x200.jpg\" width=\"300\" height=\"200\" \/><\/div>\n<div class=\"fw-col-xs-12 fw-col-sm-4\" style=\"\">\n\t\n<h5><span style=\"font-weight: 400;\">Les lignes directrices<\/span><\/h5><p><span style=\"font-weight: 400;\">Les lignes directrices sont l\u00e0 pour pointer vers un sujet int\u00e9ressant.\u00a0Ils m\u00e8nent le regard d\u2019une partie de l\u2019image \u00e0 l\u2019autre: du premier plan \u00e0 l\u2019arri\u00e8re-plan, du sujet secondaire au sujet principal.Ils ne m\u00e8nent pas \u00e0 des endroits sans sujet ou hors de l\u2019image, mais doivent, au contraire, diriger le regard vers le sujet principal. Les lignes directrices sont \u00a0les plus efficaces quand il y a une relation entre la ligne et le sujet, comme ces chemins de fer sur l\u2019image \u00e0 droite repr\u00e9sentent le lien direct entre le spectateur et le mod\u00e8le.<\/span><\/p>\n<img loading=\"lazy\" decoding=\"async\" src=\"https:\/\/tiyana.net\/wp-content\/uploads\/2016\/12\/034-Fashion-300x200.jpg\" alt=\"https:\/\/tiyana.net\/wp-content\/uploads\/2016\/12\/034-Fashion-300x200.jpg\" width=\"300\" height=\"200\" \/><\/div>\n<div class=\"fw-col-xs-12 fw-col-sm-4\" style=\"\">\n\t\n<h5><span style=\"font-weight: 400;\">Les lignes qui convergent<\/span><\/h5><p><span style=\"font-weight: 400;\">transmettent la profondeur, l\u2019ampleur et la distance.\u00a0Photographie capture un monde tridimensionnelle en deux dimensions. Lignes convergentes sugg\u00e8rent la distance. Notre cerveau suppose que ces b\u00e2timents sur la gauche ont les m\u00eames dimensions vers le haut et en bas; bien qu\u2019ils apparaissent plus proches en haut, nous savons que c\u2019est parce qu\u2019ils sont plus \u00e9loign\u00e9s. Quand ils convergent vers un sujet int\u00e9ressant, ils servent \u00e0 pointer directement vers le centre d\u2019int\u00e9r\u00eat, ils deviennent notre connexion directe \u00e0 l\u2019essence de l\u2019image, ils deviennent des lignes directrices.<br \/><\/span><\/p>\n<img loading=\"lazy\" decoding=\"async\" src=\"https:\/\/tiyana.net\/wp-content\/uploads\/2016\/12\/Convergent-lines-300x200.jpg\" alt=\"Convergent lines\" width=\"300\" height=\"200\" \/><\/div>\n<\/div>\n\n\t<\/div>\n<\/section>\n<section  class=\"fw-main-row \"  >\n\t<div class=\"fw-container\">\n\t\t<div class=\"fw-row\">\n\t<div class=\"fw-col-xs-12\" style=\"\">\n\t\n<hr \/><p style=\"text-align: right;\"><span style=\"color: #808080;\"><i><span style=\"font-weight: 400;\">*Toutes les photos sur cette page sont\u00a0les miens\u00a0et je poss\u00e8de le droit d\u2019auteur. Ces textes ont \u00e9t\u00e9 cr\u00e9\u00e9s originalement pour mon travail dans l\u2019EFB.\u00a0Je m\u2019excuse \u00e0 l\u2019avance si mon fran\u00e7ais n\u2019est pas parfait, je fais de mon mieux :).\u00a0J\u2019\u00e9crivais ce texte probablement sous l\u2019influence de l\u2019Internet, ou des livres de photographie, et des r\u00e9f\u00e9rences peut \u00eatre trouv\u00e9e en dessous de chaque poste. Il y aura plus de textes, mais cela me prend beaucoup du temps de les organiser\u2026<\/span><\/i><\/span><\/p><p style=\"text-align: right;\"><span style=\"color: #808080;\"><i><span style=\"font-weight: 400;\">R\u00e9f\u00e9rences:<\/span><\/i><span style=\"font-weight: 400;\"><br \/><\/span><a style=\"color: #808080;\" href=\"http:\/\/www.shotaddict.com\/wordpress\/2006\/11\/16\/1773.html\"><i><span style=\"font-weight: 400;\">http:\/\/www.shotaddict.com\/wordpress\/2006\/11\/16\/1773.html<\/span><\/i><span style=\"font-weight: 400;\"><br \/><\/span><\/a><a style=\"color: #808080;\" href=\"http:\/\/photoinf.com\/General\/Robert_Berdan\/Composition_and_the_Elements_of_Visual_Design.htm\"><i><span style=\"font-weight: 400;\">http:\/\/photoinf.com\/General\/Robert_Berdan\/Composition_and_the_Elements_of_Visual_Design.htm<\/span><\/i><span style=\"font-weight: 400;\"><br \/><\/span><\/a><a style=\"color: #808080;\" href=\"http:\/\/fr.wikipedia.org\/wiki\/Composition_picturale\"><i><span style=\"font-weight: 400;\">http:\/\/fr.wikipedia.org\/wiki\/Composition_picturale<\/span><\/i><\/a><\/span><\/p>\n<\/div>\n<\/div>\n\n\t<\/div>\n<\/section>\n<\/p>\n","protected":false},"excerpt":{"rendered":"<p>La ligne et sa direction ont un fort impact dans la composition d\u2019une image. Il y a au moins deux raisons pour ce fait.\u00a0Tout d\u2019abord, ils repr\u00e9sentent un chemin qui permet \u00e0 l\u2019\u0153il de se d\u00e9placer autour de l\u2019image. Pratiquement, ils conduisent l\u2019\u0153il du spectateur \u00e0 travers le format et gardent son attention \u00e0 l\u2019image. [&hellip;]<\/p>\n","protected":false},"author":2,"featured_media":0,"parent":185,"menu_order":0,"comment_status":"open","ping_status":"closed","template":"","meta":{"_acf_changed":false,"advgb_blocks_editor_width":"","advgb_blocks_columns_visual_guide":"","footnotes":""},"class_list":["post-197","page","type-page","status-publish","hentry"],"acf":[],"yoast_head":"<!-- This site is optimized with the Yoast SEO plugin v27.3 - https:\/\/yoast.com\/product\/yoast-seo-wordpress\/ -->\n<title>La ligne et la direction - La photographe professionnel Belgrade, Serbia<\/title>\n<meta name=\"description\" content=\"La ligne et sa direction ont un fort impact dans la composition d\u2019une image. Ils repr\u00e9sentent un chemin qui permet \u00e0 l\u2019\u0153il de se d\u00e9placer autour de l\u2019image.\" \/>\n<meta name=\"robots\" content=\"index, follow, max-snippet:-1, max-image-preview:large, max-video-preview:-1\" \/>\n<link rel=\"canonical\" href=\"https:\/\/tiyana.net\/fr\/les-elements\/la-ligne-et-la-direction\/\" \/>\n<meta property=\"og:locale\" content=\"fr_FR\" \/>\n<meta property=\"og:type\" content=\"article\" \/>\n<meta property=\"og:title\" content=\"La ligne et la direction - La photographe professionnel Belgrade, Serbia\" \/>\n<meta property=\"og:description\" content=\"La ligne et sa direction ont un fort impact dans la composition d\u2019une image. Ils repr\u00e9sentent un chemin qui permet \u00e0 l\u2019\u0153il de se d\u00e9placer autour de l\u2019image.\" \/>\n<meta property=\"og:url\" content=\"https:\/\/tiyana.net\/fr\/les-elements\/la-ligne-et-la-direction\/\" \/>\n<meta property=\"og:site_name\" content=\"La photographe professionnel Belgrade, Serbia\" \/>\n<meta property=\"article:modified_time\" content=\"2020-02-23T10:21:52+00:00\" \/>\n<meta property=\"og:image\" content=\"https:\/\/tiyana.net\/wp-content\/uploads\/2016\/12\/Wall-street-helicopter-300x200.jpg\" \/>\n<meta name=\"twitter:card\" content=\"summary_large_image\" \/>\n<meta name=\"twitter:label1\" content=\"Dur\u00e9e de lecture estim\u00e9e\" \/>\n\t<meta name=\"twitter:data1\" content=\"4 minutes\" \/>\n<script type=\"application\/ld+json\" class=\"yoast-schema-graph\">{\"@context\":\"https:\\\/\\\/schema.org\",\"@graph\":[{\"@type\":\"WebPage\",\"@id\":\"https:\\\/\\\/tiyana.net\\\/fr\\\/les-elements\\\/la-ligne-et-la-direction\\\/\",\"url\":\"https:\\\/\\\/tiyana.net\\\/fr\\\/les-elements\\\/la-ligne-et-la-direction\\\/\",\"name\":\"La ligne et la direction - La photographe professionnel Belgrade, Serbia\",\"isPartOf\":{\"@id\":\"https:\\\/\\\/tiyana.net\\\/fr\\\/#website\"},\"primaryImageOfPage\":{\"@id\":\"https:\\\/\\\/tiyana.net\\\/fr\\\/les-elements\\\/la-ligne-et-la-direction\\\/#primaryimage\"},\"image\":{\"@id\":\"https:\\\/\\\/tiyana.net\\\/fr\\\/les-elements\\\/la-ligne-et-la-direction\\\/#primaryimage\"},\"thumbnailUrl\":\"https:\\\/\\\/tiyana.net\\\/wp-content\\\/uploads\\\/2016\\\/12\\\/Wall-street-helicopter-300x200.jpg\",\"datePublished\":\"2016-12-19T12:17:23+00:00\",\"dateModified\":\"2020-02-23T10:21:52+00:00\",\"description\":\"La ligne et sa direction ont un fort impact dans la composition d\u2019une image. Ils repr\u00e9sentent un chemin qui permet \u00e0 l\u2019\u0153il de se d\u00e9placer autour de l\u2019image.\",\"breadcrumb\":{\"@id\":\"https:\\\/\\\/tiyana.net\\\/fr\\\/les-elements\\\/la-ligne-et-la-direction\\\/#breadcrumb\"},\"inLanguage\":\"fr-FR\",\"potentialAction\":[{\"@type\":\"ReadAction\",\"target\":[\"https:\\\/\\\/tiyana.net\\\/fr\\\/les-elements\\\/la-ligne-et-la-direction\\\/\"]}]},{\"@type\":\"ImageObject\",\"inLanguage\":\"fr-FR\",\"@id\":\"https:\\\/\\\/tiyana.net\\\/fr\\\/les-elements\\\/la-ligne-et-la-direction\\\/#primaryimage\",\"url\":\"https:\\\/\\\/tiyana.net\\\/wp-content\\\/uploads\\\/2016\\\/12\\\/Wall-street-helicopter-300x200.jpg\",\"contentUrl\":\"https:\\\/\\\/tiyana.net\\\/wp-content\\\/uploads\\\/2016\\\/12\\\/Wall-street-helicopter-300x200.jpg\"},{\"@type\":\"BreadcrumbList\",\"@id\":\"https:\\\/\\\/tiyana.net\\\/fr\\\/les-elements\\\/la-ligne-et-la-direction\\\/#breadcrumb\",\"itemListElement\":[{\"@type\":\"ListItem\",\"position\":1,\"name\":\"Home\",\"item\":\"https:\\\/\\\/tiyana.net\\\/fr\\\/\"},{\"@type\":\"ListItem\",\"position\":2,\"name\":\"Les Elements\",\"item\":\"https:\\\/\\\/tiyana.net\\\/fr\\\/les-elements\\\/\"},{\"@type\":\"ListItem\",\"position\":3,\"name\":\"La ligne et la direction\"}]},{\"@type\":\"WebSite\",\"@id\":\"https:\\\/\\\/tiyana.net\\\/fr\\\/#website\",\"url\":\"https:\\\/\\\/tiyana.net\\\/fr\\\/\",\"name\":\"La photographe professionnel Belgrade, Serbia\",\"description\":\"Photographe professionnel sp\u00e9cialis\u00e9 dans les portraits, la mode, la photographie commerciale et de produits avec un studio \u00e0 Belgrade\",\"publisher\":{\"@id\":\"https:\\\/\\\/tiyana.net\\\/fr\\\/#organization\"},\"potentialAction\":[{\"@type\":\"SearchAction\",\"target\":{\"@type\":\"EntryPoint\",\"urlTemplate\":\"https:\\\/\\\/tiyana.net\\\/fr\\\/?s={search_term_string}\"},\"query-input\":{\"@type\":\"PropertyValueSpecification\",\"valueRequired\":true,\"valueName\":\"search_term_string\"}}],\"inLanguage\":\"fr-FR\"},{\"@type\":\"Organization\",\"@id\":\"https:\\\/\\\/tiyana.net\\\/fr\\\/#organization\",\"name\":\"La photographe professionnel Belgrade, Serbia\",\"url\":\"https:\\\/\\\/tiyana.net\\\/fr\\\/\",\"logo\":{\"@type\":\"ImageObject\",\"inLanguage\":\"fr-FR\",\"@id\":\"https:\\\/\\\/tiyana.net\\\/fr\\\/#\\\/schema\\\/logo\\\/image\\\/\",\"url\":\"https:\\\/\\\/tiyana.net\\\/wp-content\\\/uploads\\\/2022\\\/07\\\/catenamedialogo.jpg\",\"contentUrl\":\"https:\\\/\\\/tiyana.net\\\/wp-content\\\/uploads\\\/2022\\\/07\\\/catenamedialogo.jpg\",\"width\":525,\"height\":525,\"caption\":\"La photographe professionnel Belgrade, Serbia\"},\"image\":{\"@id\":\"https:\\\/\\\/tiyana.net\\\/fr\\\/#\\\/schema\\\/logo\\\/image\\\/\"}}]}<\/script>\n<!-- \/ Yoast SEO plugin. -->","yoast_head_json":{"title":"La ligne et la direction - La photographe professionnel Belgrade, Serbia","description":"La ligne et sa direction ont un fort impact dans la composition d\u2019une image. Ils repr\u00e9sentent un chemin qui permet \u00e0 l\u2019\u0153il de se d\u00e9placer autour de l\u2019image.","robots":{"index":"index","follow":"follow","max-snippet":"max-snippet:-1","max-image-preview":"max-image-preview:large","max-video-preview":"max-video-preview:-1"},"canonical":"https:\/\/tiyana.net\/fr\/les-elements\/la-ligne-et-la-direction\/","og_locale":"fr_FR","og_type":"article","og_title":"La ligne et la direction - La photographe professionnel Belgrade, Serbia","og_description":"La ligne et sa direction ont un fort impact dans la composition d\u2019une image. Ils repr\u00e9sentent un chemin qui permet \u00e0 l\u2019\u0153il de se d\u00e9placer autour de l\u2019image.","og_url":"https:\/\/tiyana.net\/fr\/les-elements\/la-ligne-et-la-direction\/","og_site_name":"La photographe professionnel Belgrade, Serbia","article_modified_time":"2020-02-23T10:21:52+00:00","og_image":[{"url":"https:\/\/tiyana.net\/wp-content\/uploads\/2016\/12\/Wall-street-helicopter-300x200.jpg","type":"","width":"","height":""}],"twitter_card":"summary_large_image","twitter_misc":{"Dur\u00e9e de lecture estim\u00e9e":"4 minutes"},"schema":{"@context":"https:\/\/schema.org","@graph":[{"@type":"WebPage","@id":"https:\/\/tiyana.net\/fr\/les-elements\/la-ligne-et-la-direction\/","url":"https:\/\/tiyana.net\/fr\/les-elements\/la-ligne-et-la-direction\/","name":"La ligne et la direction - La photographe professionnel Belgrade, Serbia","isPartOf":{"@id":"https:\/\/tiyana.net\/fr\/#website"},"primaryImageOfPage":{"@id":"https:\/\/tiyana.net\/fr\/les-elements\/la-ligne-et-la-direction\/#primaryimage"},"image":{"@id":"https:\/\/tiyana.net\/fr\/les-elements\/la-ligne-et-la-direction\/#primaryimage"},"thumbnailUrl":"https:\/\/tiyana.net\/wp-content\/uploads\/2016\/12\/Wall-street-helicopter-300x200.jpg","datePublished":"2016-12-19T12:17:23+00:00","dateModified":"2020-02-23T10:21:52+00:00","description":"La ligne et sa direction ont un fort impact dans la composition d\u2019une image. Ils repr\u00e9sentent un chemin qui permet \u00e0 l\u2019\u0153il de se d\u00e9placer autour de l\u2019image.","breadcrumb":{"@id":"https:\/\/tiyana.net\/fr\/les-elements\/la-ligne-et-la-direction\/#breadcrumb"},"inLanguage":"fr-FR","potentialAction":[{"@type":"ReadAction","target":["https:\/\/tiyana.net\/fr\/les-elements\/la-ligne-et-la-direction\/"]}]},{"@type":"ImageObject","inLanguage":"fr-FR","@id":"https:\/\/tiyana.net\/fr\/les-elements\/la-ligne-et-la-direction\/#primaryimage","url":"https:\/\/tiyana.net\/wp-content\/uploads\/2016\/12\/Wall-street-helicopter-300x200.jpg","contentUrl":"https:\/\/tiyana.net\/wp-content\/uploads\/2016\/12\/Wall-street-helicopter-300x200.jpg"},{"@type":"BreadcrumbList","@id":"https:\/\/tiyana.net\/fr\/les-elements\/la-ligne-et-la-direction\/#breadcrumb","itemListElement":[{"@type":"ListItem","position":1,"name":"Home","item":"https:\/\/tiyana.net\/fr\/"},{"@type":"ListItem","position":2,"name":"Les Elements","item":"https:\/\/tiyana.net\/fr\/les-elements\/"},{"@type":"ListItem","position":3,"name":"La ligne et la direction"}]},{"@type":"WebSite","@id":"https:\/\/tiyana.net\/fr\/#website","url":"https:\/\/tiyana.net\/fr\/","name":"La photographe professionnel Belgrade, Serbia","description":"Photographe professionnel sp\u00e9cialis\u00e9 dans les portraits, la mode, la photographie commerciale et de produits avec un studio \u00e0 Belgrade","publisher":{"@id":"https:\/\/tiyana.net\/fr\/#organization"},"potentialAction":[{"@type":"SearchAction","target":{"@type":"EntryPoint","urlTemplate":"https:\/\/tiyana.net\/fr\/?s={search_term_string}"},"query-input":{"@type":"PropertyValueSpecification","valueRequired":true,"valueName":"search_term_string"}}],"inLanguage":"fr-FR"},{"@type":"Organization","@id":"https:\/\/tiyana.net\/fr\/#organization","name":"La photographe professionnel Belgrade, Serbia","url":"https:\/\/tiyana.net\/fr\/","logo":{"@type":"ImageObject","inLanguage":"fr-FR","@id":"https:\/\/tiyana.net\/fr\/#\/schema\/logo\/image\/","url":"https:\/\/tiyana.net\/wp-content\/uploads\/2022\/07\/catenamedialogo.jpg","contentUrl":"https:\/\/tiyana.net\/wp-content\/uploads\/2022\/07\/catenamedialogo.jpg","width":525,"height":525,"caption":"La photographe professionnel Belgrade, Serbia"},"image":{"@id":"https:\/\/tiyana.net\/fr\/#\/schema\/logo\/image\/"}}]}},"coauthors":[],"author_meta":{"author_link":"https:\/\/tiyana.net\/fr\/author\/tiyana\/","display_name":"Tiyana"},"relative_dates":{"created":"Publi\u00e9 9 ans il y a","modified":"Mis \u00e0 jour 6 ans il y a"},"absolute_dates":{"created":"Publi\u00e9 le 19 d\u00e9cembre 2016","modified":"Mise \u00e0 jour le 23 f\u00e9vrier 2020"},"absolute_dates_time":{"created":"Publi\u00e9 le 19 d\u00e9cembre 2016 12h17","modified":"Mise \u00e0 jour le 23 f\u00e9vrier 2020 10h21"},"featured_img_caption":"","featured_img":false,"series_order":"","_links":{"self":[{"href":"https:\/\/tiyana.net\/fr\/wp-json\/wp\/v2\/pages\/197","targetHints":{"allow":["GET"]}}],"collection":[{"href":"https:\/\/tiyana.net\/fr\/wp-json\/wp\/v2\/pages"}],"about":[{"href":"https:\/\/tiyana.net\/fr\/wp-json\/wp\/v2\/types\/page"}],"author":[{"embeddable":true,"href":"https:\/\/tiyana.net\/fr\/wp-json\/wp\/v2\/users\/2"}],"replies":[{"embeddable":true,"href":"https:\/\/tiyana.net\/fr\/wp-json\/wp\/v2\/comments?post=197"}],"version-history":[{"count":0,"href":"https:\/\/tiyana.net\/fr\/wp-json\/wp\/v2\/pages\/197\/revisions"}],"up":[{"embeddable":true,"href":"https:\/\/tiyana.net\/fr\/wp-json\/wp\/v2\/pages\/185"}],"wp:attachment":[{"href":"https:\/\/tiyana.net\/fr\/wp-json\/wp\/v2\/media?parent=197"}],"curies":[{"name":"wp","href":"https:\/\/api.w.org\/{rel}","templated":true}]}}