{"id":181,"date":"2016-12-20T05:46:08","date_gmt":"2016-12-20T05:46:08","guid":{"rendered":"https:\/\/tiyana.net\/?page_id=181\/"},"modified":"2017-06-18T20:28:54","modified_gmt":"2017-06-18T20:28:54","slug":"continuite","status":"publish","type":"page","link":"https:\/\/tiyana.net\/fr\/continuite\/","title":{"rendered":"Continuit\u00e9"},"content":{"rendered":"<p><div  class=\"fw-main-row \"  >\n\t<div class=\"fw-container-fluid no-padding\">\n\t\t<div class=\"fw-row\">\n\t<div class=\"fw-col-xs-12\" style=\"\">\n\t<img decoding=\"async\" src=\"\/\/tiyana.net\/wp-content\/uploads\/2016\/12\/Continuity-01.png\" alt=\"Continuous landscapes\" \/><\/div>\n<\/div>\n\n\t<\/div>\n<\/div>\n<section  class=\"fw-main-row \"  >\n\t<div class=\"fw-container\">\n\t\t<div class=\"fw-row\">\n\t<div class=\"fw-col-xs-12\" style=\"\">\n\t\n<p>J\u2019ai plac\u00e9 des photos \u00e0 c\u00f4t\u00e9 de l\u2019autre, afin de cr\u00e9er une continuit\u00e9 visuele.<\/p>\n<\/div>\n<\/div>\n\n\t<\/div>\n<\/section>\n<div  class=\"fw-main-row \"  >\n\t<div class=\"fw-container-fluid no-padding\">\n\t\t<div class=\"fw-row\">\n\t<div class=\"fw-col-xs-12\" style=\"\">\n\t<img decoding=\"async\" src=\"\/\/tiyana.net\/wp-content\/uploads\/2016\/12\/Continuity-02.png\" alt=\"Continuous landscapes\" \/><\/div>\n<\/div>\n\n\t<\/div>\n<\/div>\n<section  class=\"fw-main-row \"  >\n\t<div class=\"fw-container\">\n\t\t<div class=\"fw-row\">\n\t<div class=\"fw-col-xs-12\" style=\"\">\n\t\n<p>J'ai essay\u00e9 d'int\u00e9grer des paysages compl\u00e8tement diff\u00e9rents en unit\u00e9.<\/p>\n<\/div>\n<\/div>\n\n\t<\/div>\n<\/section>\n<div  class=\"fw-main-row \"  >\n\t<div class=\"fw-container-fluid no-padding\">\n\t\t<div class=\"fw-row\">\n\t<div class=\"fw-col-xs-12\" style=\"\">\n\t<img decoding=\"async\" src=\"\/\/tiyana.net\/wp-content\/uploads\/2016\/12\/Continuity-03.png\" alt=\"Continuous landscapes\" \/><\/div>\n<\/div>\n\n\t<\/div>\n<\/div>\n<section  class=\"fw-main-row \"  >\n\t<div class=\"fw-container\">\n\t\t<div class=\"fw-row\">\n\t<div class=\"fw-col-xs-12\" style=\"\">\n\t\n<p>Les diff\u00e9rents pays, paysages et cultures, situ\u00e9s \u00e0 des kilom\u00e8tres l'un de l'autre, deviennent un.<\/p>\n<\/div>\n<\/div>\n\n\t<\/div>\n<\/section>\n<div  class=\"fw-main-row \"  >\n\t<div class=\"fw-container-fluid no-padding\">\n\t\t<div class=\"fw-row\">\n\t<div class=\"fw-col-xs-12\" style=\"\">\n\t<img decoding=\"async\" src=\"\/\/tiyana.net\/wp-content\/uploads\/2016\/12\/Continuity-04.png\" alt=\"Continuous landscapes\" \/><\/div>\n<\/div>\n\n\t<\/div>\n<\/div>\n<section  class=\"fw-main-row \"  >\n\t<div class=\"fw-container\">\n\t\t<div class=\"fw-row\">\n\t<div class=\"fw-col-xs-12\" style=\"\">\n\t\n<p>Ce sont des photos de mes voyages, et je voulais relier toute la m\u00e9moire, pour inspirer \"d\u00e9j\u00e0 vu\" moment.<\/p>\n<\/div>\n<\/div>\n\n\t<\/div>\n<\/section>\n<div  class=\"fw-main-row \"  >\n\t<div class=\"fw-container-fluid no-padding\">\n\t\t<div class=\"fw-row\">\n\t<div class=\"fw-col-xs-12\" style=\"\">\n\t<img decoding=\"async\" src=\"\/\/tiyana.net\/wp-content\/uploads\/2016\/12\/Continuity-05.png\" alt=\"Continuous landscapes\" \/><\/div>\n<\/div>\n\n\t<\/div>\n<\/div>\n<section  class=\"fw-main-row \"  >\n\t<div class=\"fw-container\">\n\t\t<div class=\"fw-row\">\n\t<div class=\"fw-col-xs-12\" style=\"\">\n\t\n<p>Chaque nouvelle exp\u00e9rience se poursuit sur les pr\u00e9c\u00e9dentes.<\/p>\n<\/div>\n<\/div>\n\n\t<\/div>\n<\/section>\n<div  class=\"fw-main-row \"  >\n\t<div class=\"fw-container-fluid no-padding\">\n\t\t<div class=\"fw-row\">\n\t<div class=\"fw-col-xs-12\" style=\"\">\n\t<img decoding=\"async\" src=\"\/\/tiyana.net\/wp-content\/uploads\/2016\/12\/Continuity-06.png\" alt=\"Continuous landscapes\" \/><\/div>\n<\/div>\n\n\t<\/div>\n<\/div>\n<section  class=\"fw-main-row \"  >\n\t<div class=\"fw-container\">\n\t\t<div class=\"fw-row\">\n\t<div class=\"fw-col-xs-12\" style=\"\">\n\t\n<p>Des souvenirs li\u00e9s l'un \u00e0 l'autre, ensemble font un \u00eatre parfait.<\/p>\n<\/div>\n<\/div>\n\n\t<\/div>\n<\/section>\n<\/p>\n","protected":false},"excerpt":{"rendered":"<p>J\u2019ai plac\u00e9 des photos \u00e0 c\u00f4t\u00e9 de l\u2019autre, afin de cr\u00e9er une continuit\u00e9 visuele. J&rsquo;ai essay\u00e9 d&rsquo;int\u00e9grer des paysages compl\u00e8tement diff\u00e9rents en unit\u00e9. Les diff\u00e9rents pays, paysages et cultures, situ\u00e9s \u00e0 des kilom\u00e8tres l&rsquo;un de l&rsquo;autre, deviennent un. Ce sont des photos de mes voyages, et je voulais relier toute la m\u00e9moire, pour inspirer \u00ab\u00a0d\u00e9j\u00e0 [&hellip;]<\/p>\n","protected":false},"author":2,"featured_media":2087,"parent":0,"menu_order":0,"comment_status":"open","ping_status":"closed","template":"","meta":{"_acf_changed":false,"advgb_blocks_editor_width":"","advgb_blocks_columns_visual_guide":"","footnotes":""},"class_list":["post-181","page","type-page","status-publish","has-post-thumbnail","hentry"],"acf":[],"yoast_head":"<!-- This site is optimized with the Yoast SEO plugin v27.3 - https:\/\/yoast.com\/product\/yoast-seo-wordpress\/ -->\n<title>Continuit\u00e9 - La photographe professionnel Belgrade, Serbia<\/title>\n<meta name=\"robots\" content=\"index, follow, max-snippet:-1, max-image-preview:large, max-video-preview:-1\" \/>\n<link rel=\"canonical\" href=\"https:\/\/tiyana.net\/fr\/continuite\/\" \/>\n<meta property=\"og:locale\" content=\"fr_FR\" \/>\n<meta property=\"og:type\" content=\"article\" \/>\n<meta property=\"og:title\" content=\"Continuit\u00e9 - La photographe professionnel Belgrade, Serbia\" \/>\n<meta property=\"og:description\" content=\"J\u2019ai plac\u00e9 des photos \u00e0 c\u00f4t\u00e9 de l\u2019autre, afin de cr\u00e9er une continuit\u00e9 visuele. J&#039;ai essay\u00e9 d&#039;int\u00e9grer des paysages compl\u00e8tement diff\u00e9rents en unit\u00e9. Les diff\u00e9rents pays, paysages et cultures, situ\u00e9s \u00e0 des kilom\u00e8tres l&#039;un de l&#039;autre, deviennent un. Ce sont des photos de mes voyages, et je voulais relier toute la m\u00e9moire, pour inspirer &quot;d\u00e9j\u00e0 [&hellip;]\" \/>\n<meta property=\"og:url\" content=\"https:\/\/tiyana.net\/fr\/continuite\/\" \/>\n<meta property=\"og:site_name\" content=\"La photographe professionnel Belgrade, Serbia\" \/>\n<meta property=\"article:modified_time\" content=\"2017-06-18T20:28:54+00:00\" \/>\n<meta property=\"og:image\" content=\"https:\/\/tiyana.net\/wp-content\/uploads\/2016\/12\/Continuity-02.png\" \/>\n\t<meta property=\"og:image:width\" content=\"1440\" \/>\n\t<meta property=\"og:image:height\" content=\"211\" \/>\n\t<meta property=\"og:image:type\" content=\"image\/png\" \/>\n<meta name=\"twitter:card\" content=\"summary_large_image\" \/>\n<script type=\"application\/ld+json\" class=\"yoast-schema-graph\">{\"@context\":\"https:\\\/\\\/schema.org\",\"@graph\":[{\"@type\":\"WebPage\",\"@id\":\"https:\\\/\\\/tiyana.net\\\/fr\\\/continuite\\\/\",\"url\":\"https:\\\/\\\/tiyana.net\\\/fr\\\/continuite\\\/\",\"name\":\"Continuit\u00e9 - La photographe professionnel Belgrade, Serbia\",\"isPartOf\":{\"@id\":\"https:\\\/\\\/tiyana.net\\\/fr\\\/#website\"},\"primaryImageOfPage\":{\"@id\":\"https:\\\/\\\/tiyana.net\\\/fr\\\/continuite\\\/#primaryimage\"},\"image\":{\"@id\":\"https:\\\/\\\/tiyana.net\\\/fr\\\/continuite\\\/#primaryimage\"},\"thumbnailUrl\":\"https:\\\/\\\/tiyana.net\\\/wp-content\\\/uploads\\\/2016\\\/12\\\/Continuity-02.png\",\"datePublished\":\"2016-12-20T05:46:08+00:00\",\"dateModified\":\"2017-06-18T20:28:54+00:00\",\"breadcrumb\":{\"@id\":\"https:\\\/\\\/tiyana.net\\\/fr\\\/continuite\\\/#breadcrumb\"},\"inLanguage\":\"fr-FR\",\"potentialAction\":[{\"@type\":\"ReadAction\",\"target\":[\"https:\\\/\\\/tiyana.net\\\/fr\\\/continuite\\\/\"]}]},{\"@type\":\"ImageObject\",\"inLanguage\":\"fr-FR\",\"@id\":\"https:\\\/\\\/tiyana.net\\\/fr\\\/continuite\\\/#primaryimage\",\"url\":\"https:\\\/\\\/tiyana.net\\\/wp-content\\\/uploads\\\/2016\\\/12\\\/Continuity-02.png\",\"contentUrl\":\"https:\\\/\\\/tiyana.net\\\/wp-content\\\/uploads\\\/2016\\\/12\\\/Continuity-02.png\",\"width\":1440,\"height\":211,\"caption\":\"Continuous landscapes\"},{\"@type\":\"BreadcrumbList\",\"@id\":\"https:\\\/\\\/tiyana.net\\\/fr\\\/continuite\\\/#breadcrumb\",\"itemListElement\":[{\"@type\":\"ListItem\",\"position\":1,\"name\":\"Home\",\"item\":\"https:\\\/\\\/tiyana.net\\\/fr\\\/\"},{\"@type\":\"ListItem\",\"position\":2,\"name\":\"Continuit\u00e9\"}]},{\"@type\":\"WebSite\",\"@id\":\"https:\\\/\\\/tiyana.net\\\/fr\\\/#website\",\"url\":\"https:\\\/\\\/tiyana.net\\\/fr\\\/\",\"name\":\"La photographe professionnel Belgrade, Serbia\",\"description\":\"Photographe professionnel sp\u00e9cialis\u00e9 dans les portraits, la mode, la photographie commerciale et de produits avec un studio \u00e0 Belgrade\",\"publisher\":{\"@id\":\"https:\\\/\\\/tiyana.net\\\/fr\\\/#organization\"},\"potentialAction\":[{\"@type\":\"SearchAction\",\"target\":{\"@type\":\"EntryPoint\",\"urlTemplate\":\"https:\\\/\\\/tiyana.net\\\/fr\\\/?s={search_term_string}\"},\"query-input\":{\"@type\":\"PropertyValueSpecification\",\"valueRequired\":true,\"valueName\":\"search_term_string\"}}],\"inLanguage\":\"fr-FR\"},{\"@type\":\"Organization\",\"@id\":\"https:\\\/\\\/tiyana.net\\\/fr\\\/#organization\",\"name\":\"La photographe professionnel Belgrade, Serbia\",\"url\":\"https:\\\/\\\/tiyana.net\\\/fr\\\/\",\"logo\":{\"@type\":\"ImageObject\",\"inLanguage\":\"fr-FR\",\"@id\":\"https:\\\/\\\/tiyana.net\\\/fr\\\/#\\\/schema\\\/logo\\\/image\\\/\",\"url\":\"https:\\\/\\\/tiyana.net\\\/wp-content\\\/uploads\\\/2022\\\/07\\\/catenamedialogo.jpg\",\"contentUrl\":\"https:\\\/\\\/tiyana.net\\\/wp-content\\\/uploads\\\/2022\\\/07\\\/catenamedialogo.jpg\",\"width\":525,\"height\":525,\"caption\":\"La photographe professionnel Belgrade, Serbia\"},\"image\":{\"@id\":\"https:\\\/\\\/tiyana.net\\\/fr\\\/#\\\/schema\\\/logo\\\/image\\\/\"}}]}<\/script>\n<!-- \/ Yoast SEO plugin. -->","yoast_head_json":{"title":"Continuit\u00e9 - La photographe professionnel Belgrade, Serbia","robots":{"index":"index","follow":"follow","max-snippet":"max-snippet:-1","max-image-preview":"max-image-preview:large","max-video-preview":"max-video-preview:-1"},"canonical":"https:\/\/tiyana.net\/fr\/continuite\/","og_locale":"fr_FR","og_type":"article","og_title":"Continuit\u00e9 - La photographe professionnel Belgrade, Serbia","og_description":"J\u2019ai plac\u00e9 des photos \u00e0 c\u00f4t\u00e9 de l\u2019autre, afin de cr\u00e9er une continuit\u00e9 visuele. J'ai essay\u00e9 d'int\u00e9grer des paysages compl\u00e8tement diff\u00e9rents en unit\u00e9. Les diff\u00e9rents pays, paysages et cultures, situ\u00e9s \u00e0 des kilom\u00e8tres l'un de l'autre, deviennent un. Ce sont des photos de mes voyages, et je voulais relier toute la m\u00e9moire, pour inspirer \"d\u00e9j\u00e0 [&hellip;]","og_url":"https:\/\/tiyana.net\/fr\/continuite\/","og_site_name":"La photographe professionnel Belgrade, Serbia","article_modified_time":"2017-06-18T20:28:54+00:00","og_image":[{"width":1440,"height":211,"url":"https:\/\/tiyana.net\/wp-content\/uploads\/2016\/12\/Continuity-02.png","type":"image\/png"}],"twitter_card":"summary_large_image","schema":{"@context":"https:\/\/schema.org","@graph":[{"@type":"WebPage","@id":"https:\/\/tiyana.net\/fr\/continuite\/","url":"https:\/\/tiyana.net\/fr\/continuite\/","name":"Continuit\u00e9 - La photographe professionnel Belgrade, Serbia","isPartOf":{"@id":"https:\/\/tiyana.net\/fr\/#website"},"primaryImageOfPage":{"@id":"https:\/\/tiyana.net\/fr\/continuite\/#primaryimage"},"image":{"@id":"https:\/\/tiyana.net\/fr\/continuite\/#primaryimage"},"thumbnailUrl":"https:\/\/tiyana.net\/wp-content\/uploads\/2016\/12\/Continuity-02.png","datePublished":"2016-12-20T05:46:08+00:00","dateModified":"2017-06-18T20:28:54+00:00","breadcrumb":{"@id":"https:\/\/tiyana.net\/fr\/continuite\/#breadcrumb"},"inLanguage":"fr-FR","potentialAction":[{"@type":"ReadAction","target":["https:\/\/tiyana.net\/fr\/continuite\/"]}]},{"@type":"ImageObject","inLanguage":"fr-FR","@id":"https:\/\/tiyana.net\/fr\/continuite\/#primaryimage","url":"https:\/\/tiyana.net\/wp-content\/uploads\/2016\/12\/Continuity-02.png","contentUrl":"https:\/\/tiyana.net\/wp-content\/uploads\/2016\/12\/Continuity-02.png","width":1440,"height":211,"caption":"Continuous landscapes"},{"@type":"BreadcrumbList","@id":"https:\/\/tiyana.net\/fr\/continuite\/#breadcrumb","itemListElement":[{"@type":"ListItem","position":1,"name":"Home","item":"https:\/\/tiyana.net\/fr\/"},{"@type":"ListItem","position":2,"name":"Continuit\u00e9"}]},{"@type":"WebSite","@id":"https:\/\/tiyana.net\/fr\/#website","url":"https:\/\/tiyana.net\/fr\/","name":"La photographe professionnel Belgrade, Serbia","description":"Photographe professionnel sp\u00e9cialis\u00e9 dans les portraits, la mode, la photographie commerciale et de produits avec un studio \u00e0 Belgrade","publisher":{"@id":"https:\/\/tiyana.net\/fr\/#organization"},"potentialAction":[{"@type":"SearchAction","target":{"@type":"EntryPoint","urlTemplate":"https:\/\/tiyana.net\/fr\/?s={search_term_string}"},"query-input":{"@type":"PropertyValueSpecification","valueRequired":true,"valueName":"search_term_string"}}],"inLanguage":"fr-FR"},{"@type":"Organization","@id":"https:\/\/tiyana.net\/fr\/#organization","name":"La photographe professionnel Belgrade, Serbia","url":"https:\/\/tiyana.net\/fr\/","logo":{"@type":"ImageObject","inLanguage":"fr-FR","@id":"https:\/\/tiyana.net\/fr\/#\/schema\/logo\/image\/","url":"https:\/\/tiyana.net\/wp-content\/uploads\/2022\/07\/catenamedialogo.jpg","contentUrl":"https:\/\/tiyana.net\/wp-content\/uploads\/2022\/07\/catenamedialogo.jpg","width":525,"height":525,"caption":"La photographe professionnel Belgrade, Serbia"},"image":{"@id":"https:\/\/tiyana.net\/fr\/#\/schema\/logo\/image\/"}}]}},"coauthors":[],"author_meta":{"author_link":"https:\/\/tiyana.net\/fr\/author\/tiyana\/","display_name":"Tiyana"},"relative_dates":{"created":"Publi\u00e9 9 ans il y a","modified":"Mis \u00e0 jour 9 ans il y a"},"absolute_dates":{"created":"Publi\u00e9 le 20 d\u00e9cembre 2016","modified":"Mise \u00e0 jour le 18 juin 2017"},"absolute_dates_time":{"created":"Publi\u00e9 le 20 d\u00e9cembre 2016 5h46","modified":"Mise \u00e0 jour le 18 juin 2017 20h28"},"featured_img_caption":"","featured_img":"https:\/\/tiyana.net\/wp-content\/uploads\/2016\/12\/Continuity-02.png","series_order":"","_links":{"self":[{"href":"https:\/\/tiyana.net\/fr\/wp-json\/wp\/v2\/pages\/181","targetHints":{"allow":["GET"]}}],"collection":[{"href":"https:\/\/tiyana.net\/fr\/wp-json\/wp\/v2\/pages"}],"about":[{"href":"https:\/\/tiyana.net\/fr\/wp-json\/wp\/v2\/types\/page"}],"author":[{"embeddable":true,"href":"https:\/\/tiyana.net\/fr\/wp-json\/wp\/v2\/users\/2"}],"replies":[{"embeddable":true,"href":"https:\/\/tiyana.net\/fr\/wp-json\/wp\/v2\/comments?post=181"}],"version-history":[{"count":0,"href":"https:\/\/tiyana.net\/fr\/wp-json\/wp\/v2\/pages\/181\/revisions"}],"wp:featuredmedia":[{"embeddable":true,"href":"https:\/\/tiyana.net\/fr\/wp-json\/wp\/v2\/media\/2087"}],"wp:attachment":[{"href":"https:\/\/tiyana.net\/fr\/wp-json\/wp\/v2\/media?parent=181"}],"curies":[{"name":"wp","href":"https:\/\/api.w.org\/{rel}","templated":true}]}}