{"id":1661,"date":"2017-03-06T13:56:26","date_gmt":"2017-03-06T13:56:26","guid":{"rendered":"https:\/\/tiyana.net\/thai-swings\/"},"modified":"2024-11-05T07:26:41","modified_gmt":"2024-11-05T06:26:41","slug":"balancoires-en-thailande","status":"publish","type":"page","link":"https:\/\/tiyana.net\/fr\/balancoires-en-thailande\/","title":{"rendered":"Balan\u00e7oires en Tha\u00eflande"},"content":{"rendered":"\n<section class=\"fw-main-row \">\n<div class=\"fw-container\">\n<div class=\"fw-row\">\n<div class=\"fw-col-xs-12\">&nbsp;<\/div>\n<\/div>\n<\/div>\n<\/section>\n\n\n\n<p class=\"has-text-align-center\"><em>Janvier\u00a02016<\/em><\/p>\n\n\n\n<p class=\"has-text-align-center\">Si une fois vous allez en Tha\u00eflande, allez vous voir un \u00e9l\u00e9phant.<br>Visitez vous les temples bouddhistes et parlez vous au moine de Myanmar.<br>Faites une promenade sur le bord de la jungle \u00e9paisse.<br>Prenez&nbsp;un massage en bord de mer.<br>Mangez &nbsp;Pad Thai.<br>Oubliez&nbsp;votre mobile.<br>Oubliez vous l&rsquo;anglais.<br>Et balancez vous haute au-dessus de l&rsquo;horizon.<\/p>\n\n\n\n<p><\/p>\n\n\n\n<div class=\"wp-block-columns is-layout-flex wp-container-core-columns-is-layout-9d6595d7 wp-block-columns-is-layout-flex\">\n<div class=\"wp-block-column is-layout-flow wp-block-column-is-layout-flow\" style=\"flex-basis:15%\"><\/div>\n\n\n\n<div class=\"wp-block-column is-layout-flow wp-block-column-is-layout-flow\" style=\"flex-basis:70%\">\n<div class=\"wp-block-advgb-images-slider advgb-images-slider-block advgb-images-slider-lightbox advg-images-slider-6d913d05-029d-4175-b708-6be7aeb6be3f\"><div class=\"advgb-images-slider\" dir=\"ltr\"><div class=\"advgb-image-slider-item\"><img decoding=\"async\" src=\"https:\/\/tiyana.net\/wp-content\/uploads\/2017\/02\/Girl_swinging_on_the_beach.jpg\" class=\"advgb-image-slider-img\" alt=\"\" style=\"width:100%;height:auto\"\/><div class=\"advgb-image-slider-item-info\" style=\"justify-content:center;align-items:center\"><a class=\"advgb-image-slider-overlay\" target=\"_blank\" rel=\"noopener noreferrer\" href=\"#\"><\/a><\/div><\/div><div class=\"advgb-image-slider-item\"><img decoding=\"async\" src=\"https:\/\/tiyana.net\/wp-content\/uploads\/2017\/02\/Girl_on_swing_on_beach_with_child_running.jpg\" class=\"advgb-image-slider-img\" alt=\"\" style=\"width:100%;height:auto\"\/><div class=\"advgb-image-slider-item-info\" style=\"justify-content:center;align-items:center\"><a class=\"advgb-image-slider-overlay\" target=\"_blank\" rel=\"noopener noreferrer\" href=\"#\"><\/a><\/div><\/div><div class=\"advgb-image-slider-item\"><img decoding=\"async\" src=\"https:\/\/tiyana.net\/wp-content\/uploads\/2017\/02\/Girl_on_swing_on_beach.jpg\" class=\"advgb-image-slider-img\" alt=\"\" style=\"width:100%;height:auto\"\/><div class=\"advgb-image-slider-item-info\" style=\"justify-content:center;align-items:center\"><a class=\"advgb-image-slider-overlay\" target=\"_blank\" rel=\"noopener noreferrer\" href=\"#\"><\/a><\/div><\/div><div class=\"advgb-image-slider-item\"><img decoding=\"async\" src=\"https:\/\/tiyana.net\/wp-content\/uploads\/2017\/02\/Girl_on_swing_in_beach_bar_on_sunset.jpg\" class=\"advgb-image-slider-img\" alt=\"\" style=\"width:100%;height:auto\"\/><div class=\"advgb-image-slider-item-info\" style=\"justify-content:center;align-items:center\"><a class=\"advgb-image-slider-overlay\" target=\"_blank\" rel=\"noopener noreferrer\" href=\"#\"><\/a><\/div><\/div><div class=\"advgb-image-slider-item\"><img decoding=\"async\" src=\"https:\/\/tiyana.net\/wp-content\/uploads\/2017\/02\/Girl_on_swing_in_beach_bar_mellancholic.jpg\" class=\"advgb-image-slider-img\" alt=\"\" style=\"width:100%;height:auto\"\/><div class=\"advgb-image-slider-item-info\" style=\"justify-content:center;align-items:center\"><a class=\"advgb-image-slider-overlay\" target=\"_blank\" rel=\"noopener noreferrer\" href=\"#\"><\/a><\/div><\/div><div class=\"advgb-image-slider-item\"><img decoding=\"async\" src=\"https:\/\/tiyana.net\/wp-content\/uploads\/2017\/02\/Girl_on_swing_in_beach_bar_looking_down.jpg\" class=\"advgb-image-slider-img\" alt=\"\" style=\"width:100%;height:auto\"\/><div class=\"advgb-image-slider-item-info\" style=\"justify-content:center;align-items:center\"><a class=\"advgb-image-slider-overlay\" target=\"_blank\" rel=\"noopener noreferrer\" href=\"#\"><\/a><\/div><\/div><div class=\"advgb-image-slider-item\"><img decoding=\"async\" src=\"https:\/\/tiyana.net\/wp-content\/uploads\/2017\/02\/Girl_on_swing_in_beach_bar_from-back.jpg\" class=\"advgb-image-slider-img\" alt=\"-back\" style=\"width:100%;height:auto\"\/><div class=\"advgb-image-slider-item-info\" style=\"justify-content:center;align-items:center\"><a class=\"advgb-image-slider-overlay\" target=\"_blank\" rel=\"noopener noreferrer\" href=\"#\"><\/a><h4 class=\"advgb-image-slider-title\">-back<\/h4><\/div><\/div><div class=\"advgb-image-slider-item\"><img decoding=\"async\" src=\"https:\/\/tiyana.net\/wp-content\/uploads\/2017\/02\/Girl_on_swing_in_beach_bar.jpg\" class=\"advgb-image-slider-img\" alt=\"\" style=\"width:100%;height:auto\"\/><div class=\"advgb-image-slider-item-info\" style=\"justify-content:center;align-items:center\"><a class=\"advgb-image-slider-overlay\" target=\"_blank\" rel=\"noopener noreferrer\" href=\"#\"><\/a><\/div><\/div><div class=\"advgb-image-slider-item\"><img decoding=\"async\" src=\"https:\/\/tiyana.net\/wp-content\/uploads\/2017\/02\/Girl_on_sand.jpg\" class=\"advgb-image-slider-img\" alt=\"\" style=\"width:100%;height:auto\"\/><div class=\"advgb-image-slider-item-info\" style=\"justify-content:center;align-items:center\"><a class=\"advgb-image-slider-overlay\" target=\"_blank\" rel=\"noopener noreferrer\" href=\"#\"><\/a><\/div><\/div><div class=\"advgb-image-slider-item\"><img decoding=\"async\" src=\"https:\/\/tiyana.net\/wp-content\/uploads\/2017\/02\/Girl_laying_on_sand.jpg\" class=\"advgb-image-slider-img\" alt=\"\" style=\"width:100%;height:auto\"\/><div class=\"advgb-image-slider-item-info\" style=\"justify-content:center;align-items:center\"><a class=\"advgb-image-slider-overlay\" target=\"_blank\" rel=\"noopener noreferrer\" href=\"#\"><\/a><\/div><\/div><\/div><\/div>\n<\/div>\n\n\n\n<div class=\"wp-block-column is-layout-flow wp-block-column-is-layout-flow\" style=\"flex-basis:15%\"><\/div>\n<\/div>\n","protected":false},"excerpt":{"rendered":"<p>&nbsp; Janvier\u00a02016 Si une fois vous allez en Tha\u00eflande, allez vous voir un \u00e9l\u00e9phant.Visitez vous les temples bouddhistes et parlez vous au moine de Myanmar.Faites une promenade sur le bord de la jungle \u00e9paisse.Prenez&nbsp;un massage en bord de mer.Mangez &nbsp;Pad Thai.Oubliez&nbsp;votre mobile.Oubliez vous l&rsquo;anglais.Et balancez vous haute au-dessus de l&rsquo;horizon. -back<\/p>\n","protected":false},"author":2,"featured_media":1212,"parent":0,"menu_order":0,"comment_status":"open","ping_status":"closed","template":"","meta":{"_acf_changed":false,"advgb_blocks_editor_width":"","advgb_blocks_columns_visual_guide":"","footnotes":""},"class_list":["post-1661","page","type-page","status-publish","has-post-thumbnail","hentry"],"acf":[],"yoast_head":"<!-- This site is optimized with the Yoast SEO plugin v26.9 - https:\/\/yoast.com\/product\/yoast-seo-wordpress\/ -->\n<title>Balan\u00e7oires en Tha\u00eflande - La photographe professionnel Belgrade, Serbia<\/title>\n<meta name=\"robots\" content=\"index, follow, max-snippet:-1, max-image-preview:large, max-video-preview:-1\" \/>\n<link rel=\"canonical\" href=\"https:\/\/tiyana.net\/fr\/balancoires-en-thailande\/\" \/>\n<meta property=\"og:locale\" content=\"fr_FR\" \/>\n<meta property=\"og:type\" content=\"article\" \/>\n<meta property=\"og:title\" content=\"Balan\u00e7oires en Tha\u00eflande - La photographe professionnel Belgrade, Serbia\" \/>\n<meta property=\"og:description\" content=\"&nbsp; Janvier\u00a02016 Si une fois vous allez en Tha\u00eflande, allez vous voir un \u00e9l\u00e9phant.Visitez vous les temples bouddhistes et parlez vous au moine de Myanmar.Faites une promenade sur le bord de la jungle \u00e9paisse.Prenez&nbsp;un massage en bord de mer.Mangez &nbsp;Pad Thai.Oubliez&nbsp;votre mobile.Oubliez vous l&rsquo;anglais.Et balancez vous haute au-dessus de l&rsquo;horizon. -back\" \/>\n<meta property=\"og:url\" content=\"https:\/\/tiyana.net\/fr\/balancoires-en-thailande\/\" \/>\n<meta property=\"og:site_name\" content=\"La photographe professionnel Belgrade, Serbia\" \/>\n<meta property=\"article:modified_time\" content=\"2024-11-05T06:26:41+00:00\" \/>\n<meta property=\"og:image\" content=\"https:\/\/tiyana.net\/wp-content\/uploads\/2017\/02\/Girl_on_swing_in_beach_bar_mellancholic-e1500671536156.jpg\" \/>\n\t<meta property=\"og:image:width\" content=\"1170\" \/>\n\t<meta property=\"og:image:height\" content=\"731\" \/>\n\t<meta property=\"og:image:type\" content=\"image\/jpeg\" \/>\n<meta name=\"twitter:card\" content=\"summary_large_image\" \/>\n<meta name=\"twitter:label1\" content=\"Dur\u00e9e de lecture estim\u00e9e\" \/>\n\t<meta name=\"twitter:data1\" content=\"3 minutes\" \/>\n<script type=\"application\/ld+json\" class=\"yoast-schema-graph\">{\"@context\":\"https:\/\/schema.org\",\"@graph\":[{\"@type\":\"WebPage\",\"@id\":\"https:\/\/tiyana.net\/fr\/balancoires-en-thailande\/\",\"url\":\"https:\/\/tiyana.net\/fr\/balancoires-en-thailande\/\",\"name\":\"Balan\u00e7oires en Tha\u00eflande - La photographe professionnel Belgrade, Serbia\",\"isPartOf\":{\"@id\":\"https:\/\/tiyana.net\/fr\/#website\"},\"primaryImageOfPage\":{\"@id\":\"https:\/\/tiyana.net\/fr\/balancoires-en-thailande\/#primaryimage\"},\"image\":{\"@id\":\"https:\/\/tiyana.net\/fr\/balancoires-en-thailande\/#primaryimage\"},\"thumbnailUrl\":\"https:\/\/tiyana.net\/wp-content\/uploads\/2017\/02\/Girl_on_swing_in_beach_bar_mellancholic-e1500671536156.jpg\",\"datePublished\":\"2017-03-06T13:56:26+00:00\",\"dateModified\":\"2024-11-05T06:26:41+00:00\",\"breadcrumb\":{\"@id\":\"https:\/\/tiyana.net\/fr\/balancoires-en-thailande\/#breadcrumb\"},\"inLanguage\":\"fr-FR\",\"potentialAction\":[{\"@type\":\"ReadAction\",\"target\":[\"https:\/\/tiyana.net\/fr\/balancoires-en-thailande\/\"]}]},{\"@type\":\"ImageObject\",\"inLanguage\":\"fr-FR\",\"@id\":\"https:\/\/tiyana.net\/fr\/balancoires-en-thailande\/#primaryimage\",\"url\":\"https:\/\/tiyana.net\/wp-content\/uploads\/2017\/02\/Girl_on_swing_in_beach_bar_mellancholic-e1500671536156.jpg\",\"contentUrl\":\"https:\/\/tiyana.net\/wp-content\/uploads\/2017\/02\/Girl_on_swing_in_beach_bar_mellancholic-e1500671536156.jpg\",\"width\":1170,\"height\":731,\"caption\":\"Girl swinging on the beach\"},{\"@type\":\"BreadcrumbList\",\"@id\":\"https:\/\/tiyana.net\/fr\/balancoires-en-thailande\/#breadcrumb\",\"itemListElement\":[{\"@type\":\"ListItem\",\"position\":1,\"name\":\"Home\",\"item\":\"https:\/\/tiyana.net\/fr\/\"},{\"@type\":\"ListItem\",\"position\":2,\"name\":\"Balan\u00e7oires en Tha\u00eflande\"}]},{\"@type\":\"WebSite\",\"@id\":\"https:\/\/tiyana.net\/fr\/#website\",\"url\":\"https:\/\/tiyana.net\/fr\/\",\"name\":\"La photographe professionnel Belgrade, Serbia\",\"description\":\"Photographe professionnel sp\u00e9cialis\u00e9 dans les portraits, la mode, la photographie commerciale et de produits avec un studio \u00e0 Belgrade\",\"publisher\":{\"@id\":\"https:\/\/tiyana.net\/fr\/#organization\"},\"potentialAction\":[{\"@type\":\"SearchAction\",\"target\":{\"@type\":\"EntryPoint\",\"urlTemplate\":\"https:\/\/tiyana.net\/fr\/?s={search_term_string}\"},\"query-input\":{\"@type\":\"PropertyValueSpecification\",\"valueRequired\":true,\"valueName\":\"search_term_string\"}}],\"inLanguage\":\"fr-FR\"},{\"@type\":\"Organization\",\"@id\":\"https:\/\/tiyana.net\/fr\/#organization\",\"name\":\"La photographe professionnel Belgrade, Serbia\",\"url\":\"https:\/\/tiyana.net\/fr\/\",\"logo\":{\"@type\":\"ImageObject\",\"inLanguage\":\"fr-FR\",\"@id\":\"https:\/\/tiyana.net\/fr\/#\/schema\/logo\/image\/\",\"url\":\"https:\/\/tiyana.net\/wp-content\/uploads\/2022\/07\/catenamedialogo.jpg\",\"contentUrl\":\"https:\/\/tiyana.net\/wp-content\/uploads\/2022\/07\/catenamedialogo.jpg\",\"width\":525,\"height\":525,\"caption\":\"La photographe professionnel Belgrade, Serbia\"},\"image\":{\"@id\":\"https:\/\/tiyana.net\/fr\/#\/schema\/logo\/image\/\"}}]}<\/script>\n<!-- \/ Yoast SEO plugin. -->","yoast_head_json":{"title":"Balan\u00e7oires en Tha\u00eflande - La photographe professionnel Belgrade, Serbia","robots":{"index":"index","follow":"follow","max-snippet":"max-snippet:-1","max-image-preview":"max-image-preview:large","max-video-preview":"max-video-preview:-1"},"canonical":"https:\/\/tiyana.net\/fr\/balancoires-en-thailande\/","og_locale":"fr_FR","og_type":"article","og_title":"Balan\u00e7oires en Tha\u00eflande - La photographe professionnel Belgrade, Serbia","og_description":"&nbsp; Janvier\u00a02016 Si une fois vous allez en Tha\u00eflande, allez vous voir un \u00e9l\u00e9phant.Visitez vous les temples bouddhistes et parlez vous au moine de Myanmar.Faites une promenade sur le bord de la jungle \u00e9paisse.Prenez&nbsp;un massage en bord de mer.Mangez &nbsp;Pad Thai.Oubliez&nbsp;votre mobile.Oubliez vous l&rsquo;anglais.Et balancez vous haute au-dessus de l&rsquo;horizon. -back","og_url":"https:\/\/tiyana.net\/fr\/balancoires-en-thailande\/","og_site_name":"La photographe professionnel Belgrade, Serbia","article_modified_time":"2024-11-05T06:26:41+00:00","og_image":[{"width":1170,"height":731,"url":"https:\/\/tiyana.net\/wp-content\/uploads\/2017\/02\/Girl_on_swing_in_beach_bar_mellancholic-e1500671536156.jpg","type":"image\/jpeg"}],"twitter_card":"summary_large_image","twitter_misc":{"Dur\u00e9e de lecture estim\u00e9e":"3 minutes"},"schema":{"@context":"https:\/\/schema.org","@graph":[{"@type":"WebPage","@id":"https:\/\/tiyana.net\/fr\/balancoires-en-thailande\/","url":"https:\/\/tiyana.net\/fr\/balancoires-en-thailande\/","name":"Balan\u00e7oires en Tha\u00eflande - La photographe professionnel Belgrade, Serbia","isPartOf":{"@id":"https:\/\/tiyana.net\/fr\/#website"},"primaryImageOfPage":{"@id":"https:\/\/tiyana.net\/fr\/balancoires-en-thailande\/#primaryimage"},"image":{"@id":"https:\/\/tiyana.net\/fr\/balancoires-en-thailande\/#primaryimage"},"thumbnailUrl":"https:\/\/tiyana.net\/wp-content\/uploads\/2017\/02\/Girl_on_swing_in_beach_bar_mellancholic-e1500671536156.jpg","datePublished":"2017-03-06T13:56:26+00:00","dateModified":"2024-11-05T06:26:41+00:00","breadcrumb":{"@id":"https:\/\/tiyana.net\/fr\/balancoires-en-thailande\/#breadcrumb"},"inLanguage":"fr-FR","potentialAction":[{"@type":"ReadAction","target":["https:\/\/tiyana.net\/fr\/balancoires-en-thailande\/"]}]},{"@type":"ImageObject","inLanguage":"fr-FR","@id":"https:\/\/tiyana.net\/fr\/balancoires-en-thailande\/#primaryimage","url":"https:\/\/tiyana.net\/wp-content\/uploads\/2017\/02\/Girl_on_swing_in_beach_bar_mellancholic-e1500671536156.jpg","contentUrl":"https:\/\/tiyana.net\/wp-content\/uploads\/2017\/02\/Girl_on_swing_in_beach_bar_mellancholic-e1500671536156.jpg","width":1170,"height":731,"caption":"Girl swinging on the beach"},{"@type":"BreadcrumbList","@id":"https:\/\/tiyana.net\/fr\/balancoires-en-thailande\/#breadcrumb","itemListElement":[{"@type":"ListItem","position":1,"name":"Home","item":"https:\/\/tiyana.net\/fr\/"},{"@type":"ListItem","position":2,"name":"Balan\u00e7oires en Tha\u00eflande"}]},{"@type":"WebSite","@id":"https:\/\/tiyana.net\/fr\/#website","url":"https:\/\/tiyana.net\/fr\/","name":"La photographe professionnel Belgrade, Serbia","description":"Photographe professionnel sp\u00e9cialis\u00e9 dans les portraits, la mode, la photographie commerciale et de produits avec un studio \u00e0 Belgrade","publisher":{"@id":"https:\/\/tiyana.net\/fr\/#organization"},"potentialAction":[{"@type":"SearchAction","target":{"@type":"EntryPoint","urlTemplate":"https:\/\/tiyana.net\/fr\/?s={search_term_string}"},"query-input":{"@type":"PropertyValueSpecification","valueRequired":true,"valueName":"search_term_string"}}],"inLanguage":"fr-FR"},{"@type":"Organization","@id":"https:\/\/tiyana.net\/fr\/#organization","name":"La photographe professionnel Belgrade, Serbia","url":"https:\/\/tiyana.net\/fr\/","logo":{"@type":"ImageObject","inLanguage":"fr-FR","@id":"https:\/\/tiyana.net\/fr\/#\/schema\/logo\/image\/","url":"https:\/\/tiyana.net\/wp-content\/uploads\/2022\/07\/catenamedialogo.jpg","contentUrl":"https:\/\/tiyana.net\/wp-content\/uploads\/2022\/07\/catenamedialogo.jpg","width":525,"height":525,"caption":"La photographe professionnel Belgrade, Serbia"},"image":{"@id":"https:\/\/tiyana.net\/fr\/#\/schema\/logo\/image\/"}}]}},"coauthors":[],"author_meta":{"author_link":"https:\/\/tiyana.net\/fr\/author\/tiyana\/","display_name":"Tiyana"},"relative_dates":{"created":"Publi\u00e9 9 ans il y a","modified":"Mis \u00e0 jour 1 an il y a"},"absolute_dates":{"created":"Publi\u00e9 le 06\/03\/2017","modified":"Mise \u00e0 jour le 05\/11\/2024"},"absolute_dates_time":{"created":"Publi\u00e9 le 06\/03\/2017 13:56","modified":"Mise \u00e0 jour le 05\/11\/2024 07:26"},"featured_img_caption":"","featured_img":"https:\/\/tiyana.net\/wp-content\/uploads\/2017\/02\/Girl_on_swing_in_beach_bar_mellancholic-e1500671536156.jpg","series_order":"","_links":{"self":[{"href":"https:\/\/tiyana.net\/fr\/wp-json\/wp\/v2\/pages\/1661","targetHints":{"allow":["GET"]}}],"collection":[{"href":"https:\/\/tiyana.net\/fr\/wp-json\/wp\/v2\/pages"}],"about":[{"href":"https:\/\/tiyana.net\/fr\/wp-json\/wp\/v2\/types\/page"}],"author":[{"embeddable":true,"href":"https:\/\/tiyana.net\/fr\/wp-json\/wp\/v2\/users\/2"}],"replies":[{"embeddable":true,"href":"https:\/\/tiyana.net\/fr\/wp-json\/wp\/v2\/comments?post=1661"}],"version-history":[{"count":0,"href":"https:\/\/tiyana.net\/fr\/wp-json\/wp\/v2\/pages\/1661\/revisions"}],"wp:featuredmedia":[{"embeddable":true,"href":"https:\/\/tiyana.net\/fr\/wp-json\/wp\/v2\/media\/1212"}],"wp:attachment":[{"href":"https:\/\/tiyana.net\/fr\/wp-json\/wp\/v2\/media?parent=1661"}],"curies":[{"name":"wp","href":"https:\/\/api.w.org\/{rel}","templated":true}]}}